{"id":1762,"date":"2020-10-25T08:26:54","date_gmt":"2020-10-25T08:26:54","guid":{"rendered":"https:\/\/www.medsconsulting.com\/nl\/?post_type=product&#038;p=1762"},"modified":"2023-05-29T09:21:05","modified_gmt":"2023-05-29T09:21:05","slug":"koop-suboxone-8mg","status":"publish","type":"product","link":"https:\/\/www.medsconsulting.com\/nl\/product\/pijn-en-verlichting\/koop-suboxone-8mg\/","title":{"rendered":"Koop Suboxone 8mg"},"content":{"rendered":"<h1>Koop Suboxone<\/h1>\n<p>Koop Suboxone 8mg online. Suboxone bevat een combinatie van buprenorfine en naloxon. Buprenorfine is een opio\u00efde medicijn, soms ook wel een verdovend middel genoemd.<\/p>\n<p>Naloxon blokkeert de effecten van <a href=\"https:\/\/www.medsconsulting.com\/nl\/\">opio\u00efdenmedicatie<\/a>, waaronder pijnbestrijding of gevoelens van welzijn die kunnen leiden tot misbruik van opio\u00efden. Doseringsvorm: sublinguale tabletten. Suboxone sublinguale film is ge\u00efndiceerd voor de behandeling van opio\u00efdenafhankelijkheid en moet worden gebruikt als onderdeel van een complete behandeling.<\/p>\n<h2>Gebruik van Suboxon:<\/h2>\n<p>Suboxon wordt gebruikt voor de behandeling van afhankelijkheid\/verslaving aan opio\u00efden (verdovende middelen). Koop Buprenorfine online behoort tot een klasse van drugs genaamd gemengde opio\u00efde-agonist-antagonisten.<\/p>\n<p>Het helpt ontwenningsverschijnselen te voorkomen door het stoppen van andere opio\u00efden.<\/p>\n<p>Het wordt gebruikt als onderdeel van een compleet behandelingsprogramma voor drugsmisbruik (zoals compliance monitoring, counseling, gedragscontract, veranderingen in levensstijl). &#8211; aankoop Suboxon<\/p>\n<h3>Hoe gebruik je Suboxone Sublingual: (Koop Suboxone 8mg)<\/h3>\n<p>Lees de medicijngids van uw apotheker voordat u sublinguale Suboxone gaat gebruiken en elke keer dat u een navulling krijgt. Als u vragen heeft, stel ze dan aan uw arts of apotheker.<br \/>\nGebruik deze medicatie zoals voorgeschreven door uw arts, meestal \u00e9\u00e9n keer per dag. Plaats het medicijn 5 tot 10 minuten onder uw tong en laat het volledig oplossen. Als u bovendien meer dan \u00e9\u00e9n tablet per dag voorschrijft, kunt u alle tabletten in \u00e9\u00e9n keer onder uw tong plaatsen of twee tabletten tegelijk onder uw tong plaatsen. Slik of kauw niet op deze medicatie. Het zal niet zo goed werken.<br \/>\nSuboxon alleen wordt meestal de eerste 2 dagen na het stoppen van alle andere opio\u00efden gebruikt. Het wordt gegeven in het kantoor van uw arts. Uw arts schakelt u dan over naar de combinatie buprenorfine\/naloxon medicatie voor een onderhoudsbehandeling.<br \/>\nSuboxon werkt het beste wanneer de eerste dosis begint nadat de tekenen van opio\u00efdenonttrekking zijn begonnen. Deze <a href=\"https:\/\/www.euthanasiagroup.com\/nl\/\" target=\"_blank\" rel=\"noopener\">medicatie<\/a> kan ontwenningsverschijnselen veroorzaken als het te vroeg na uw laatste opio\u00efdengebruik is begonnen. Volg de instructies van uw arts voor uw behandelplan.<\/p>\n<h4>Suboxone online kopen<\/h4>\n<p>De dosering is gebaseerd op uw medische toestand en de reactie op de behandeling. Verhoog uw dosis niet, neem de medicatie niet vaker in, of neem deze niet langer dan voorgeschreven. Stop de medicatie op de juiste wijze wanneer dit wordt voorgeschreven.<br \/>\nGebruik deze medicatie regelmatig om er het meeste voordeel uit te halen. Om u te helpen herinneren, gebruik het elke dag op hetzelfde tijdstip.<br \/>\nSuboxon kan ontwenningsreacties veroorzaken, vooral als het regelmatig voor lange tijd of in hoge doses wordt gebruikt. Onthoudingsverschijnselen (zoals rusteloosheid, tranende ogen, loopneus, misselijkheid, zweten, spierpijn) kunnen bijvoorbeeld optreden als u plotseling stopt met het gebruik van deze medicatie.<\/p>\n<p>&nbsp;<\/p>\n<p>&nbsp;<\/p>\n","protected":false},"excerpt":{"rendered":"<p>Suboxone-sublinguale film (2 mg-0,5 mg -8 mg )<\/p>\n<p>30 film voor 158 dollar<\/p>\n","protected":false},"featured_media":0,"comment_status":"open","ping_status":"closed","template":"","meta":[],"product_cat":[242],"product_tag":[1253,1251,1252,1254,1255],"class_list":{"0":"post-1762","1":"product","2":"type-product","3":"status-publish","5":"product_brand-pain-relief","6":"product_cat-pijn-en-verlichting","7":"product_tag-koop-suboxone","8":"product_tag-koop-suboxone-8mg","9":"product_tag-koop-suboxone-8mg-online","10":"product_tag-koop-suboxone-nederlands","11":"product_tag-suboxone-8mg-kopen","13":"first","14":"instock","15":"featured","16":"shipping-taxable","17":"purchasable","18":"product-type-simple"},"_links":{"self":[{"href":"https:\/\/www.medsconsulting.com\/nl\/wp-json\/wp\/v2\/product\/1762","targetHints":{"allow":["GET"]}}],"collection":[{"href":"https:\/\/www.medsconsulting.com\/nl\/wp-json\/wp\/v2\/product"}],"about":[{"href":"https:\/\/www.medsconsulting.com\/nl\/wp-json\/wp\/v2\/types\/product"}],"replies":[{"embeddable":true,"href":"https:\/\/www.medsconsulting.com\/nl\/wp-json\/wp\/v2\/comments?post=1762"}],"wp:attachment":[{"href":"https:\/\/www.medsconsulting.com\/nl\/wp-json\/wp\/v2\/media?parent=1762"}],"wp:term":[{"taxonomy":"product_cat","embeddable":true,"href":"https:\/\/www.medsconsulting.com\/nl\/wp-json\/wp\/v2\/product_cat?post=1762"},{"taxonomy":"product_tag","embeddable":true,"href":"https:\/\/www.medsconsulting.com\/nl\/wp-json\/wp\/v2\/product_tag?post=1762"}],"curies":[{"name":"wp","href":"https:\/\/api.w.org\/{rel}","templated":true}]}}