{"id":1742,"date":"2020-10-25T07:43:45","date_gmt":"2020-10-25T07:43:45","guid":{"rendered":"https:\/\/www.medsconsulting.com\/nl\/?post_type=product&#038;p=1742"},"modified":"2023-07-01T01:28:50","modified_gmt":"2023-07-01T01:28:50","slug":"koop-ibogaine-hcl","status":"publish","type":"product","link":"https:\/\/www.medsconsulting.com\/nl\/product\/ibogaine\/koop-ibogaine-hcl\/","title":{"rendered":"Koop iboga\u00efne HCL"},"content":{"rendered":"<h2>Koop iboga\u00efne HCL<\/h2>\n<p>Koop Ibogaine Hydrochloride (HCL).<strong><a href=\"https:\/\/www.medsconsulting.com\/nl\/?s=ibogaine\"> Iboga\u00efne<\/a> HCL <\/strong>is een natuurlijk voorkomende psychoactieve stof die wordt aangetroffen in planten van de familie Apocynaceae zoals Tabernanthe iboga, Voacanga africana en Tabernaemontana undulata.\u00a0Het is een psychedelische stof met dissociatieve eigenschappen. Voorlopig onderzoek geeft aan dat het kan helpen bij drugsverslaving.\u00a0Iboga\u00efne te koop. Koop Iboga\u00efne HCL online. Iboga\u00efne HCL poeder. Koop iboga\u00efne <a href=\"https:\/\/www.euthanasiagroup.com\/\" target=\"_blank\" rel=\"noopener\">online<\/a>.\u00a0Koop iboga\u00efne HCL.<\/p>\n<p>&nbsp;<\/p>\n<h2>iboga\u00efne HCL te Koop<\/h2>\n<p>Verder zijn er vanaf 2016 veel verschillende vormen van iboga\u00efne beschikbaar, die het gamma van hele wortelpoeder, dat extreem kleine hoeveelheden iboga\u00efne bevat, beslaan en zeer weinig effect hebben wanneer het gebruikt wordt met de bedoeling opio\u00efde ontwenningsverschijnselen te verminderen; tot hooggezuiverde, 99,7% zuivere Iboga\u00efne HCL, aan de andere kant van het spectrum. Koop Iboga\u00efne HCL online<\/p>\n<h2>Koop iboga\u00efne hcl Nederland<\/h2>\n<p>Ten eerste, bij Meds Consulting iboga\u00efne behandelingscentrum, gebruiken we 99,7% zuivere farmaceutische kwaliteit Iboga\u00efne HCL. We gebruiken geen goedkopere, semi-synthetische iboga\u00efne afgeleid van Voacanga africana; TA (totaal alkalo\u00efde); of PTA (gezuiverd totaal alkalo\u00efde) extracten. Koop iboga\u00efne online.<\/p>\n<p>Onze grondstoffen zijn afkomstig uit Kameroen (niet Gabon), via een boerenco\u00f6peratie die sinds het midden van de jaren negentig Tabernanthe iboga verbouwt voor ons gebruik, waarbij gebruik wordt gemaakt van best practices voor milieuvriendelijke, duurzame landbouw.<\/p>\n<p>&nbsp;<\/p>\n<h3>Psychoactieve eigenschappen van Iboga\u00efne<\/h3>\n<p>Ten eerste leiden de psychoactieve eigenschappen van Iboga\u00efne tot een verhoogde spirituele ervaring. De pati\u00ebnt ervaart een diepgaand inzicht, dat hem duidelijkheid geeft in zijn leven, wat hem motiveert om op psychologisch vlak te veranderen en een drugsvrij leven te leiden. Iboga\u00efne te koop.<\/p>\n<p>Wij bieden &#8217;s werelds veiligste, meest effectieve iboga\u00efne ontgiftingsprogramma aan en voeren de hoogste kwaliteit iboga\u00efnehydrochloride uit die op de planeet Aarde bestaat. Iboga\u00efne HCL poeder.<\/p>\n<p>&nbsp;<\/p>\n<pre>Studies bevestigen dat Iboga\u00efne een aanzienlijk potentieel heeft in de \r\nbehandeling van harddrugsverslaving, zoals hero\u00efne, methadon, coca\u00efne, \r\ncrack en alcohol. Ook zijn er aanwijzingen dat het nuttig is bij de behandeling van \r\ntabaksverslaving. Koop iboga\u00efne online.<\/pre>\n<p>&nbsp;<\/p>\n<p>Iboga\u00efne biedt ook mogelijkheden als psychotherapeut of spiritueel leraar. Ook op het gebied van psychotherapie kan Iboga\u00efne worden gebruikt als behandeling voor de gevolgen van een trauma of een aandoening. Iboga\u00efne te koop. ibogaine hydrochloride<\/p>\n<h3>Therapie Veilig en Effectief?<\/h3>\n<p>Mensen zoeken soms naar iboga\u00efne voor de verkoop in de hoop een iboga-therapie te ondergaan voor de behandeling van een opiaatverslaving. Maar zoals elk behandelingsprogramma biedt iboga\u00efne therapie geen garanties. Beste Iboga\u00efne HCL-poeder<\/p>\n<p>Bovendien kan iboga\u00efne HCL therapie een individu helpen bij het overwinnen van een opiaatverslaving. Koop iboga\u00efne HCL<\/p>\n<h5>Ook helpt iboga\u00efne bij het resetten van chemische niveaus in de hersenen,<br \/>\nmaar het duurt meestal niet lang voordat de hersenen fysiek afhankelijk worden van iboga\u00efne.<br \/>\nAls iemand dus te veel iboga\u00efne in \u00e9\u00e9n keer neemt, kan hij of zij een fatale overdosis<br \/>\nkrijgen. Koop iboga\u00efne online.<\/h5>\n<p>&nbsp;<\/p>\n<p>Alle iboga\u00efne is niet hetzelfde. Verschillende materialen kunnen een significant verschillend effect hebben. De iboga\u00efne die we bij Meds Consulting gebruiken is identiek aan de materialen die gebruikt worden in alle monografie\u00ebn die tot nu toe zijn gepubliceerd in peer-reviewed tijdschriften, waaruit het vermeende vermogen van iboga\u00efne blijkt om ontwenningsverschijnselen van polysubstantaandoeningen te dempen. Koop iboga\u00efne online.<\/p>\n<p>&nbsp;<\/p>\n","protected":false},"excerpt":{"rendered":"<p>Ibogaine HCL (Hydrochloride) is ge\u00efsoleerd van onze Iboga TA Extract en is ~95-99% zuiver Ibogaine HCL.<\/p>\n","protected":false},"featured_media":0,"comment_status":"open","ping_status":"closed","template":"","meta":[],"product_cat":[247],"product_tag":[1444,1446,1440,1260,1261,1447,1256,1258,1257,1259,1443,1445,1442,1441],"class_list":{"0":"post-1742","1":"product","2":"type-product","3":"status-publish","5":"product_cat-ibogaine","6":"product_tag-gram-price-per-ibogaine","7":"product_tag-hcl-gram-price-per","8":"product_tag-ibogaine-hcl-gram-price","9":"product_tag-ibogaine-hcl-kopen","10":"product_tag-ibogaine-hcl-kopen-online","11":"product_tag-ibogaine-hydrochloride","12":"product_tag-koop-ibogaine-hcl","13":"product_tag-koop-ibogaine-hcl-belgium","14":"product_tag-koop-ibogaine-hcl-nederlands","15":"product_tag-koop-ibogaine-hcl-online","16":"product_tag-online-ibogacapsules-te-kopen","17":"product_tag-price-per-gram-ibogaine-hcl","18":"product_tag-te-online-ibogacapsules-kopen","19":"product_tag-waar-te-online-ibogacapsules","21":"first","22":"instock","23":"featured","24":"shipping-taxable","25":"purchasable","26":"product-type-variable","27":"has-default-attributes"},"_links":{"self":[{"href":"https:\/\/www.medsconsulting.com\/nl\/wp-json\/wp\/v2\/product\/1742","targetHints":{"allow":["GET"]}}],"collection":[{"href":"https:\/\/www.medsconsulting.com\/nl\/wp-json\/wp\/v2\/product"}],"about":[{"href":"https:\/\/www.medsconsulting.com\/nl\/wp-json\/wp\/v2\/types\/product"}],"replies":[{"embeddable":true,"href":"https:\/\/www.medsconsulting.com\/nl\/wp-json\/wp\/v2\/comments?post=1742"}],"wp:attachment":[{"href":"https:\/\/www.medsconsulting.com\/nl\/wp-json\/wp\/v2\/media?parent=1742"}],"wp:term":[{"taxonomy":"product_cat","embeddable":true,"href":"https:\/\/www.medsconsulting.com\/nl\/wp-json\/wp\/v2\/product_cat?post=1742"},{"taxonomy":"product_tag","embeddable":true,"href":"https:\/\/www.medsconsulting.com\/nl\/wp-json\/wp\/v2\/product_tag?post=1742"}],"curies":[{"name":"wp","href":"https:\/\/api.w.org\/{rel}","templated":true}]}}