{"id":1703,"date":"2020-10-25T06:47:28","date_gmt":"2020-10-25T06:47:28","guid":{"rendered":"https:\/\/www.medsconsulting.com\/nl\/?post_type=product&#038;p=1703"},"modified":"2021-10-20T03:32:25","modified_gmt":"2021-10-20T03:32:25","slug":"methadone-kopen-online","status":"publish","type":"product","link":"https:\/\/www.medsconsulting.com\/nl\/product\/pijn-en-verlichting\/methadone-kopen-online\/","title":{"rendered":"Methadone kopen online"},"content":{"rendered":"<h1>Methadone kopen online<\/h1>\n<p>Meth<a href=\"https:\/\/www.medsconsulting.com\/?s=ibogaine\">adone<\/a> kopen online, bestel ook methadon 10 mg online zonder recept, en 100% discrete verzending en veiligheid gegarandeerd bij de allerbeste online apotheek.<\/p>\n<p>Bovendien leveren wij dit product discreet en goedkoop online<\/p>\n<p>Methadon is ge\u00efndiceerd voor de onderhoudsbehandeling van opio\u00efdenafhankelijkheid (dwz stoornis in het gebruik van opio\u00efden volgens de vijfde editie van de Diagnostic and Statistical Manual of Mental Disorders (DSM). Ook bleek uit een Cochrane-review uit 2009 dat methadon effectief was om mensen in behandeling te houden en bij de vermindering of stopzetting van hero\u00efnegebruik zoals gemeten door zelfrapportage en urine\/haaranalyse, maar had geen invloed op criminele activiteiten of overlijdensrisico Wilt u pijnstillende medicatie?<\/p>\n<p>Ook zal de behandeling van opio\u00efdafhankelijke personen met methadon een van twee routes volgen. Meth<a href=\"https:\/\/www.euthanasiagroup.com\/de\/product\/nembutal-online-kaufen\/kaufen-seconal-natrium\/\" target=\"_blank\" rel=\"noopener\">ado<\/a>n-onderhoudstherapie (MMT) wordt voorgeschreven aan personen die zich willen onthouden van het gebruik van illegale drugs, maar zich gedurende langere tijd niet van opio\u00efden hebben onthouden.- Koop Methadon 10 mg online<\/p>\n<h2>Methadongebruik en hoe methadon online te kopen<\/h2>\n<p>Bovendien varieert de duur van het onderhoud met methadon van enkele maanden tot levenslang. it-reductieprogramma&#8217;s zijn geschikt voor verslaafden die volledig willen stoppen met het gebruik van drugs.<\/p>\n<p>Verder hangt de lengte van het afbouwprogramma af van de startdosis en de afbouwsnelheid, dit varieert tussen klinieken en van persoon tot persoon. Bovendien kan deelname aan methadononderhoud de overdracht van infectieziekten geassocieerd met opiaatinjectie, zoals hepatitis en HIV, verminderen. Wilt u pijnstillers? Methadon 10 mg koop je hier online.<\/p>\n<p>Meer nog, de belangrijkste doelen van methadononderhoud zijn het verlichten van hunkeren naar opio\u00efden, het onderdrukken van het onthoudingssyndroom en het blokkeren van de euforische effecten die gepaard gaan met opio\u00efden. Misbruik van methadon heeft echter het potentieel voor afhankelijkheid &#8211; koop generieke methadon<\/p>\n<p>Ten slotte is methadon, bij correct gebruik, ook medisch veilig en niet-sederend bevonden en zorgt het voor een langzaam herstel van opio\u00efdenverslaving. Daarom is het ge\u00efndiceerd voor zwangere vrouwen die verslaafd zijn aan opio\u00efden. Wilt u pijnstillers? Methadon kopen zonder recept<\/p>\n<p>&nbsp;<\/p>\n<h3>Bijwerkingen van methadon:<\/h3>\n<p>Sedatie<br \/>\nDiarree of constipatie<br \/>\ndoorspoelen<br \/>\nTranspiratie en zweten<br \/>\nWarmte-intolerantie<br \/>\nDuizeligheid of flauwvallen<br \/>\nZwakheid<br \/>\nChronische vermoeidheid, slaperigheid en uitputting<br \/>\nSlaapproblemen zoals slaperigheid, moeite met vallen<br \/>\nin slaap (slapeloosheid) en moeite met doorslapen<br \/>\nvernauwde pupillen<br \/>\nDroge mond<br \/>\nMisselijkheid en overgeven<br \/>\nLage bloeddruk<br \/>\nMoeite met urineren<br \/>\nStemmingswisselingen, euforie, desori\u00ebntatie<br \/>\nWilt u pijnstillers?<\/p>\n<p>&nbsp;<\/p>\n<h4>Waar methadon kopen?<\/h4>\n<p>Beste plek om methadon online te kopen, koop methadon UK \u2013 Koop generieke legitieme methadon 10 mg. Methadon te koop, Methadon 10 mg kopen zonder recept<br \/>\nU kunt ook veilig en veilig online methadon 10 mg kopen zonder recept. Producten zijn van de beste kwaliteit en ongeveer 98,98% puur en FDA goedgekeurd. De verpakking is veilig en de verzending is 100% discreet en de levering is erg snel. Tot slot verzenden we voorlopig met DHL, FedEx en UPS. Koop methadon online \u2013\u2013 Koop hier methadon 10mg.<\/p>\n<p>Toch kunt u bij ons op uw gemak methadon kopen.<\/p>\n<p>Ondertussen heeft u GEEN recept nodig om bij ons te bestellen. Plaats nu uw bestelling en we verzenden uw pakket discreet naar uw locatie wereldwijd. Neem contact met ons op voor meer informatie.<\/p>\n","protected":false},"excerpt":{"rendered":"<p>De prijs van het product is als: 12 dollar per pil<br \/>\nMinimum bestelhoeveelheid is: 30 pillen<\/p>\n","protected":false},"featured_media":0,"comment_status":"open","ping_status":"closed","template":"","meta":[],"product_cat":[242],"product_tag":[805,812,799,803,804,788,790,822,791,793,789,835,836,834,806,820,818,792,816,817,821,826,827,832,828,831,833,830,829,825,823,824,813,802,772,796,809,797,787,800,785,795,819,770,807,782,768,780,767,808,814,771,811,794,815,781,786,801,769,778,837,777,779,775,776,810,783,773,784,774,798],"class_list":{"0":"post-1703","1":"product","2":"type-product","3":"status-publish","5":"product_brand-pain-relief","6":"product_cat-pijn-en-verlichting","7":"product_tag-hoe-methadon-30-mg-te-kopen","8":"product_tag-hoe-methadon-hcl-online-te-kopen","9":"product_tag-hoe-methadon-hcl-te-kopen","10":"product_tag-koop-methadon-30mg-vk","11":"product_tag-koop-methadon-30mg-vs","12":"product_tag-koop-methadon-australie","13":"product_tag-koop-methadon-canada","14":"product_tag-koop-methadon-denemarken","15":"product_tag-koop-methadon-duitsland","16":"product_tag-koop-methadon-europa","17":"product_tag-koop-methadon-frankrijk","18":"product_tag-koop-methadon-hydrochloride-italie","19":"product_tag-koop-methadon-hydrochloride-nederland","20":"product_tag-koop-methadon-hydrochloridezweden","21":"product_tag-koop-methadon-india","22":"product_tag-koop-methadon-malta","23":"product_tag-koop-methadon-mexico","24":"product_tag-koop-methadon-online-ierland","25":"product_tag-koop-methadon-oostenrijk","26":"product_tag-koop-methadon-spanje","27":"product_tag-koop-methadon-zweden","28":"product_tag-koop-methadonpillen-australie","29":"product_tag-koop-methadonpillen-canada","30":"product_tag-koop-methadonpillen-china","31":"product_tag-koop-methadonpillen-duitsland","32":"product_tag-koop-methadonpillen-hong-kong","33":"product_tag-koop-methadonpillen-japan","34":"product_tag-koop-methadonpillen-korea","35":"product_tag-koop-methadonpillen-oostenrijk","36":"product_tag-koop-methadonpillen-vk","37":"product_tag-koop-methadonpillen-voor-verslaving","38":"product_tag-koop-methadonpillen-vs","39":"product_tag-koop-methadonpoeder","40":"product_tag-koop-methadonvloeistof","41":"product_tag-methadon","42":"product_tag-methadon-100-mg","43":"product_tag-methadon-30mg-te-koop","44":"product_tag-methadon-hcl-houdbaarheid","45":"product_tag-methadon-hcl-kopen","46":"product_tag-methadon-hcl-prijs","47":"product_tag-methadon-hcl-uk-kopen","48":"product_tag-methadon-houdbaarheid","49":"product_tag-methadon-kopen-nederland","50":"product_tag-methadon-kopen-tegen-opioidenverslaving","51":"product_tag-methadon-kopen-vk","52":"product_tag-methadon-online","53":"product_tag-methadon-online-kopen","54":"product_tag-methadon-online-kopen-vk","55":"product_tag-methadon-online-kopen-zonder-recept","56":"product_tag-methadon-online-verkoop","57":"product_tag-methadon-per-post","58":"product_tag-methadon-per-post-kopen","59":"product_tag-methadon-poeder","60":"product_tag-methadon-prijs","61":"product_tag-methadon-tabletten","62":"product_tag-methadon-te-koop","63":"product_tag-methadon-usa-kopen","64":"product_tag-methadon-capsules-kopen","65":"product_tag-methadon-tabletten-kopen","66":"product_tag-methadondosering","67":"product_tag-methadonhydrochloride-online-kopen","68":"product_tag-methadonpoederproductleverancier","69":"product_tag-methadonprijs","70":"product_tag-methadontabletten","71":"product_tag-methadontabletten-te-koop","72":"product_tag-methadontabletten-zonder-recept","73":"product_tag-methadonvloeistof","74":"product_tag-verslaving-bestrijden-met-methadon","75":"product_tag-waar-methadon-hcl-online-kopen","76":"product_tag-waar-methadon-kopen","77":"product_tag-waar-wordt-methadon-voor-gebruikt","79":"first","80":"instock","81":"shipping-taxable","82":"purchasable","83":"product-type-variable","84":"has-default-attributes"},"_links":{"self":[{"href":"https:\/\/www.medsconsulting.com\/nl\/wp-json\/wp\/v2\/product\/1703","targetHints":{"allow":["GET"]}}],"collection":[{"href":"https:\/\/www.medsconsulting.com\/nl\/wp-json\/wp\/v2\/product"}],"about":[{"href":"https:\/\/www.medsconsulting.com\/nl\/wp-json\/wp\/v2\/types\/product"}],"replies":[{"embeddable":true,"href":"https:\/\/www.medsconsulting.com\/nl\/wp-json\/wp\/v2\/comments?post=1703"}],"wp:attachment":[{"href":"https:\/\/www.medsconsulting.com\/nl\/wp-json\/wp\/v2\/media?parent=1703"}],"wp:term":[{"taxonomy":"product_cat","embeddable":true,"href":"https:\/\/www.medsconsulting.com\/nl\/wp-json\/wp\/v2\/product_cat?post=1703"},{"taxonomy":"product_tag","embeddable":true,"href":"https:\/\/www.medsconsulting.com\/nl\/wp-json\/wp\/v2\/product_tag?post=1703"}],"curies":[{"name":"wp","href":"https:\/\/api.w.org\/{rel}","templated":true}]}}