{"id":1634,"date":"2020-10-24T21:53:19","date_gmt":"2020-10-24T21:53:19","guid":{"rendered":"https:\/\/www.medsconsulting.com\/nl\/?post_type=product&#038;p=1634"},"modified":"2022-10-23T05:52:20","modified_gmt":"2022-10-23T05:52:20","slug":"koop-fentanyl-lollipop-online","status":"publish","type":"product","link":"https:\/\/www.medsconsulting.com\/nl\/product\/pijn-en-verlichting\/koop-fentanyl-lollipop-online\/","title":{"rendered":"Koop Fentanyl Lollipop Online"},"content":{"rendered":"<h1>Koop Fentanyl Lollipop Online<\/h1>\n<p>Koop Fenta<a href=\"https:\/\/www.medsconsulting.com\/nl\/?s=fentanyl\">ny<\/a>l Lollipop Online. Fentanyl Lollipop te koop. Koop Fentanyl zonder recept. Actiq (Fentanyl) Lollipop. Fentanyl Lollipop kopen. De Actiq f<a href=\"https:\/\/www.medsconsulting.com\/nl\/product\/ibogaine\/ibogaine-hcl\/\">ent<\/a>anyl lolly wordt geproduceerd door Cephalon en is, net als andere vormen van de fentanyl drug, ongeveer 81 keer sterker dan morfine.<\/p>\n<p>Fentanyl, ook wel gespeld als fentanil, is een opio\u00efde dat gebruikt wordt als pijnmedicatie en samen met andere medicijnen voor anesthesie.\u00a0Fentanyl wordt ook gebruikt als recreatieve drug, vaak gemengd met hero\u00efne of coca\u00efne.<\/p>\n<p>Ook worden Fent<a href=\"https:\/\/www.euthanasiagroup.com\/product\/buy-nembutal-online\/buy-nembutal-tablets\/\" target=\"_blank\" rel=\"noopener\">an<\/a>yl Lollipops, vanwege de potentie en het hoge verslavingspotentieel, door de Food and Drug Administration geclassificeerd als &#8220;Schedule II&#8221;-drugs. Koop Fentanyl Lollipop.<\/p>\n<h2>In de meeste gevallen wordt Fentanyl Lollipop voorgeschreven:<\/h2>\n<ul type=\"disc\">\n<li>Fentanyl Lollipop is voor pati\u00ebnten met tolerantie voor opio\u00efden of andere pijnmedicatie (typische pati\u00ebnten nemen al ten minste 60 mg morfine per dag en\/of 50-g\/h fentanyl).<\/li>\n<li>Gebruikte behandeling doorbraakpijn bij kanker<br \/>\nTen slotte, behandel andere niet-kwaadaardige, ernstige chronische pijn (die in verband kan worden gebracht met botletsels, ernstige migraine, etc.). Koop Fentanyl Online.Fentanyl Lollipop Dosis<\/li>\n<\/ul>\n<p><span style=\"font-size: 16px\">Ten eerste, Actiq fentanyl lolly&#8217;s worden geleverd in zes doses, die elk worden gedifferentieerd door een uniek gekleurde doos en plastic handvat. Koop Fentanyl Lollipop (200-1600mcg) online. Koop Fentanyl Lollipop.<\/span><\/p>\n<h3>Fentanyl lolly dosering omvat:<\/h3>\n<ul>\n<li>200 microgram (mcg) in het grijs<\/li>\n<li>400 mcg in blauw<\/li>\n<li>600 mcg in oranje<\/li>\n<li>800 mcg in paars<\/li>\n<li>1200 mcg in groen<\/li>\n<li>1600 mcg in bordeauxrood<\/li>\n<\/ul>\n<h4>Verder zullen we de juiste fentanyl lolly dosering voorschrijven op basis van:<\/h4>\n<ul>\n<li>Eerst de toestand van een pati\u00ebnt<\/li>\n<li>Ook de ernst van de aandoening<\/li>\n<li>En de medische geschiedenis van een pati\u00ebnt<\/li>\n<li>Ten slotte, zijn bekende tolerantie voor pijnmedicatie<\/li>\n<\/ul>\n<h3>Fentanyl Lollipop-misbruik (Hoe Fentanyl Lollipop online te kopen?)<\/h3>\n<p>Om te beginnen, net als bij andere vormen van deze medicatie, zijn fentanyllollies zeer verslavend en hebben ze naar verluidt soortgelijke effecten als hero\u00efne. Verder, voordat u Fentanyl Lollipop online bestelt is het goed om op te merken dat het misbruik gevaarlijk is, omdat overdoseringen dodelijk kunnen zijn. Koop Fentanyl Lollipop.<\/p>\n<p>Ook symptomen van een overdosis Fentanyl Lollipop zijn een koude, klamme huid, duizeligheid, extreme vermoeidheid, flauwvallen, trage ademhaling, kleine (puntige pupillen).<\/p>\n<p>Nogmaals, iedereen die verslaafd is aan fentanyl, evenals degenen die een overdosis fentanyl krijgen, moeten medische noodhulp zoeken om hun leven te redden. Koop Fentanyl Lollipop. Fentanyl Lollipop te koop.<\/p>\n<h3>Fentanyl Lollipop Bijwerkingen (Koop Fentanyl Lollipop Online)<\/h3>\n<p>Ten eerste, Actiq fentanyl lollies zijn bekend om een reeks van milde tot ernstige bijwerkingen te veroorzaken. Ook milde en vaker voorkomende bijwerkingen zijn onder meer misselijkheid en constipatie, ernstigere, potentieel levensbedreigende fentanyllollie reacties kunnen omvatten:<\/p>\n<ul>\n<li>Om te beginnen, verslaving (Een geschiedenis van drugs- of alcoholverslaving kan ertoe leiden dat mensen proberen high te worden van het fentanyl-pijnplezier, omdat deze medicatie naar verluidt vergelijkbare effecten heeft als hero\u00efne).<\/li>\n<li>leverbeschadiging.<\/li>\n<li>Nogmaals, ademhalingsdepressie (niet voldoende zuurstof inademen).<\/li>\n<li>Verder, ernstige allergische reactie.<\/li>\n<li>Ten slotte, de dood.<\/li>\n<\/ul>\n<p><strong>Ook kunnen de volgende symptomen erop wijzen dat pati\u00ebnten ernstige fentanylnevenwerkingen ontwikkelen:<\/strong><\/p>\n<ul>\n<li>buikpijn<\/li>\n<li>ademhalingsmoeilijkheden<\/li>\n<li>afhankelijkheid van fentanyl<\/li>\n<li>gemakkelijke kneuzingen<\/li>\n<li>gezichts- of linguale (tong)zwelling<\/li>\n<li>vermoeidheid<\/li>\n<li>netelroos en\/of huiduitslag<\/li>\n<li>geelzucht<\/li>\n<li>verlies van eetlust.<\/li>\n<\/ul>\n<p>Daarom moeten pati\u00ebnten medische noodhulp zoeken als ze een van de bovenstaande symptomen van fentanyl-lollie-reacties beginnen te ontwikkelen. Fentanyl Lollipop kopen. Actiq (Fentanyl) Lollipop. Koop Fentanyl zonder recept. Koop Fentanyl Online.<\/p>\n<h3>Fentanyl Rechtszaken<\/h3>\n<p>Ten eerste, moet iedereen die gewond raakt na het gebruik van de fentanyl lolly, evenals families van overleden fentanylpati\u00ebnten, een ontmoeting hebben met een ervaren letselschadeadvocaat om hun claim te evalueren, ook om meer te weten te komen over het proces van het winnen van een fentanyl rechtszaak. Nogmaals, om te beslissen of ze een individuele zaak willen indienen of dat ze zich willen aansluiten bij een klassikale rechtszaak. Fentanyl Lollipop te koop. Koop Fentanyl Online.<\/p>\n<p>Ten slotte, om potenti\u00eble eisers aan te moedigen meer te weten te komen over hun wettelijke rechten, bieden fentanyl-advocaten deze consultaties gratis aan. Actiq (Fentanyl) Lollipop. Koop Fentanyl zonder recept. Fentanyl Lollipop te koop. Koop Fentanyl Online.<\/p>\n","protected":false},"excerpt":{"rendered":"<p>Bekend onder de merknaam Actiq, is de fentanyl lolly een opio\u00efde medicijn dat zowel fentanyl als citraat combineert om krachtige pijnverlichting te geven via de slijmvliezen van de mond.<\/p>\n","protected":false},"featured_media":0,"comment_status":"open","ping_status":"closed","template":"","meta":[],"product_cat":[242],"product_tag":[755,751,697,702,727,698,251,690,726,766,699,759,708,703,715,719,724,752,731,735,705,696,746,744,707,753,728,716,721,706,740,760,704,695,691,756,700,736,701,737,748,738,741,722,743,714,729,747,750,754,758,734,742,717,688,678,686,681,679,689,684,682,685,676,680,687,677,683,709,675,749,711,710,739,761,712,720,764,733,765,732,693,763,762,745,718,713,725,723,692,694,757,730],"class_list":{"0":"post-1634","1":"product","2":"type-product","3":"status-publish","5":"product_brand-actiq","6":"product_brand-pain-relief","7":"product_cat-pijn-en-verlichting","8":"product_tag-beschikbare-doses-fentanylpleister","9":"product_tag-bestel-fentanylpoeder","10":"product_tag-dosering-van-fentanyl","11":"product_tag-dosering-van-fentanyl-pleisters","12":"product_tag-doseringen-van-fentanylpleisters","13":"product_tag-doses-fentanylpleisters","14":"product_tag-fentanyl","15":"product_tag-fentanyl-herstelt-de-straatwaarde","16":"product_tag-fentanyl-herstelt-krachten","17":"product_tag-fentanyl-lollipop-kopen","18":"product_tag-fentanyl-lolly","19":"product_tag-fentanyl-lolly-te-koop","20":"product_tag-fentanyl-medicijnen","21":"product_tag-fentanyl-neusspray","22":"product_tag-fentanyl-online","23":"product_tag-fentanyl-online-te-koop","24":"product_tag-fentanyl-patch-kosten","25":"product_tag-fentanyl-patch-online-apotheek","26":"product_tag-fentanyl-pijnstiller","27":"product_tag-fentanyl-pijnstillers","28":"product_tag-fentanyl-pillen","29":"product_tag-fentanyl-pleister","30":"product_tag-fentanyl-pleister-25-mcg-straatwaarde","31":"product_tag-fentanyl-pleister-50-mcg","32":"product_tag-fentanyl-poeder","33":"product_tag-fentanyl-postorder","34":"product_tag-fentanyl-tabletten","35":"product_tag-fentanyl-te-koop","36":"product_tag-fentanyl-transdermaal-flard","37":"product_tag-fentanyl-transdermaal-systeem","38":"product_tag-fentanyl-ampullen-online-te-koop","39":"product_tag-fentanyl-inhalator","40":"product_tag-fentanyl-injectie","41":"product_tag-fentanyl-pleister-12-mcg","42":"product_tag-fentanyl-pleister-25-mcg","43":"product_tag-fentanyl-pleister-75-mcg","44":"product_tag-fentanyl-pleisters","45":"product_tag-fentanyl-pleisters-online-te-koop","46":"product_tag-fentanylcitraat","47":"product_tag-fentanylcitraat-online-te-koop","48":"product_tag-fentanylcitraatinjectie","49":"product_tag-fentanylpillen-online-te-koop","50":"product_tag-fentanylpoeder-van-hoge-kwaliteit-online-te-koop","51":"product_tag-furanyl-fentanyl","52":"product_tag-goedkope-fentanylpillen-online-te-koop","53":"product_tag-hoe-fentanyl-online-te-kopen","54":"product_tag-hoe-fentanyl-pleisters-aan-te-brengen","55":"product_tag-hoe-sterk-is-fentanyl","56":"product_tag-hoe-u-fentanyl-pleisters-krijgt-koop-fentanyl-lolly-online","57":"product_tag-hoe-werken-fentanyl-pleisters","58":"product_tag-hoog-fentanylflard","59":"product_tag-koop-acetylfentanyl","60":"product_tag-koop-betaalbare-fentanyl","61":"product_tag-koop-fentanyl","62":"product_tag-koop-fentanyl-lollipop-australie","63":"product_tag-koop-fentanyl-lollipop-canada","64":"product_tag-koop-fentanyl-lollipop-denemarken","65":"product_tag-koop-fentanyl-lollipop-duitsland","66":"product_tag-koop-fentanyl-lollipop-frankrijk","67":"product_tag-koop-fentanyl-lollipop-goedkoop-online","68":"product_tag-koop-fentanyl-lollipop-italie","69":"product_tag-koop-fentanyl-lollipop-nederland","70":"product_tag-koop-fentanyl-lollipop-noorwegen","71":"product_tag-koop-fentanyl-lollipop-online","72":"product_tag-koop-fentanyl-lollipop-spanje","73":"product_tag-koop-fentanyl-lollipop-uk","74":"product_tag-koop-fentanyl-lollipop-vs","75":"product_tag-koop-fentanyl-lollipop-zweden","76":"product_tag-koop-fentanyl-online","77":"product_tag-koop-fentanyl-pijnstillende-patches-online-goedkope-prijs","78":"product_tag-koop-fentanyl-voor-pijnverlichting-online","79":"product_tag-koop-fentanyl-ampullen-online","80":"product_tag-koop-fentanyl-pleisters-online","81":"product_tag-koop-fentanylpleisters-van-hoge-kwaliteit-online","82":"product_tag-koop-fentanylpoeder","83":"product_tag-koop-fentanylpoeder-online","84":"product_tag-koop-goedkope-fentanylpillen-online","85":"product_tag-merken-van-fentanylpleisters","86":"product_tag-orale-fentanyl","87":"product_tag-pijnpleisters-fentanyl-dosering","88":"product_tag-pijnstiller-fentanyl","89":"product_tag-plaatsing-van-fentanylpleisters","90":"product_tag-sandoz-fentanyl","91":"product_tag-verschillende-soorten-fentanylpleisters","92":"product_tag-vloeibare-fentanyl","93":"product_tag-waar-fentanyl-kopen","94":"product_tag-waar-fentanyl-online-te-kopen","95":"product_tag-waar-fentanylpleister-aan-te-brengen","96":"product_tag-waar-kan-ik-het-beste-een-fentanylpleister-aanbrengen","97":"product_tag-waar-wordt-fentanyl-voor-gebruikt","98":"product_tag-wat-is-een-fentanylpleister","99":"product_tag-wat-is-fentanyl","100":"product_tag-wat-zijn-fentanyl-pleisters","102":"first","103":"instock","104":"sale","105":"featured","106":"shipping-taxable","107":"purchasable","108":"product-type-variable","109":"has-default-attributes"},"_links":{"self":[{"href":"https:\/\/www.medsconsulting.com\/nl\/wp-json\/wp\/v2\/product\/1634","targetHints":{"allow":["GET"]}}],"collection":[{"href":"https:\/\/www.medsconsulting.com\/nl\/wp-json\/wp\/v2\/product"}],"about":[{"href":"https:\/\/www.medsconsulting.com\/nl\/wp-json\/wp\/v2\/types\/product"}],"replies":[{"embeddable":true,"href":"https:\/\/www.medsconsulting.com\/nl\/wp-json\/wp\/v2\/comments?post=1634"}],"wp:attachment":[{"href":"https:\/\/www.medsconsulting.com\/nl\/wp-json\/wp\/v2\/media?parent=1634"}],"wp:term":[{"taxonomy":"product_cat","embeddable":true,"href":"https:\/\/www.medsconsulting.com\/nl\/wp-json\/wp\/v2\/product_cat?post=1634"},{"taxonomy":"product_tag","embeddable":true,"href":"https:\/\/www.medsconsulting.com\/nl\/wp-json\/wp\/v2\/product_tag?post=1634"}],"curies":[{"name":"wp","href":"https:\/\/api.w.org\/{rel}","templated":true}]}}