{"id":2086,"date":"2020-10-26T04:00:42","date_gmt":"2020-10-26T04:00:42","guid":{"rendered":"https:\/\/www.medsconsulting.com\/it\/?post_type=product&#038;p=2086"},"modified":"2022-04-14T09:25:38","modified_gmt":"2022-04-14T09:25:38","slug":"axert-almotriptan-maleato","status":"publish","type":"product","link":"https:\/\/www.medsconsulting.com\/it\/product\/altri\/axert-almotriptan-maleato\/","title":{"rendered":"Axert (Almotrptan Maleato)"},"content":{"rendered":"<section>\n<h2>Acquista Axert online<\/h2>\n<p>Axert \u00e8 un medicinale per il mal di testa che restringe i vasi sanguigni intorno al cervello. Questo medicinale riduce anche le sostanze nel corpo che possono scatenare mal di testa, nausea, sensibilit\u00e0 alla luce e ai suoni e altri sintomi dell&#8217;emicrania.<\/p>\n<h2>Come funziona Axert<\/h2>\n<p>Acquista Axert online funziona vincolando ai recettori della serotonina nel cervello per causare il restringimento dei vasi sanguigni al fine di impedire a determinati nervi di inviare messaggi di dolore al cervello. Con un flusso sanguigno pi\u00f9 controllato, l&#8217;emicrania si attenuer\u00e0 in modo da poter continuare la giornata.<\/p>\n<p>Almotriptan maleato, il principio attivo di\u00a0Axert, non \u00e8 efficace nel prevenire l&#8217;insorgere dell&#8217;emicrania, ma dovrebbe esserlo preso per fermare uno che \u00e8 gi\u00e0 iniziato. Se soffri di emicrania con aura, allora avrai un&#8217;indicazione che stai per avere un attacco e puoi essere preparato a prendere Axert come raccomandato dal medico. Axert non preverr\u00e0 n\u00e9 tratter\u00e0 il mal di testa a grappolo.<\/p>\n<\/section>\n<section>\n<h3>Cos&#8217;\u00e8 un&#8217;aura?<\/h3>\n<p>Un&#8217;emicrania senza aura \u00e8 il pi\u00f9 comune di questi eventi neurologici, il che significa che c&#8217;\u00e8 poca, se non nessuna, indicazione che uno sta per iniziare. Linee di luce ondulate o zigzaganti, visione offuscata e allucinazioni uditive possono indicare che si verificher\u00e0 un&#8217;emicrania con aura. Assumendo Axert al primo segno di un attacco, puoi limitare la gravit\u00e0 e la resistenza dell&#8217;emicrania.<\/p>\n<\/section>\n<section>\n<h3>Prima di prendere Axert<\/h3>\n<p>Chieda al medico se Axert \u00e8 sicuro da assumere in caso di gravidanza, durante il tentativo di concepimento o durante l&#8217;allattamento. Elenca tutti i farmaci da banco e Rx che stai assumendo, inclusi rimedi erboristici e integratori dietetici o vitaminici per essere certo che Axert sia il farmaco giusto per te. La combinazione di farmaci pu\u00f2 causare un effetto collaterale indesiderato o modificare il modo in cui Axert funzioner\u00e0 per te.<\/p>\n<\/section>\n<section>\n<h3>Precauzioni per Axert<\/h3>\n<p>Axert pu\u00f2 farti venire le vertigini o la sonnolenza. Non dovresti guidare o svolgere attivit\u00e0 che richiedano di essere mentalmente vigile finch\u00e9 non sai in che modo Axert ti influenza. Consulti il \u200b\u200bmedico se ha una storia di malattia coronarica o altri problemi cardiaci, malattie dei vasi sanguigni o pressione alta prima di prendere Axert. Tenere Axert fuori dalla portata dei bambini e non condividere farmaci con altri.<\/p>\n<\/section>\n<section>\n<h3>Possibili effetti collaterali di Axert<\/h3>\n<ul>\n<li>Vertigini<\/li>\n<li>Secchezza delle fauci<\/li>\n<li>Nausea o vomito<\/li>\n<\/ul>\n<\/section>\n<section>\n<h3>Farmaci simili ad Axert<\/h3>\n<ul>\n<li>Imitrex<\/li>\n<li>Amerge<\/li>\n<li>Maxalt<\/li>\n<\/ul>\n<\/section>\n","protected":false},"excerpt":{"rendered":"<p>ASSE DA SOLLIEVO PER IL MAL DI TESTA DELL&#8217;EMIGRANA<\/p>\n<p>Negli USA: da 4 a 24 ore<br \/> Canada: da 1 a 2 giorni<br \/> Consegna internazionale: da 3 a 4 giorni<\/p>\n","protected":false},"featured_media":2091,"comment_status":"open","ping_status":"closed","template":"","meta":[],"product_cat":[15],"product_tag":[],"class_list":{"0":"post-2086","1":"product","2":"type-product","3":"status-publish","4":"has-post-thumbnail","6":"product_cat-altri","8":"first","9":"instock","10":"featured","11":"shipping-taxable","12":"purchasable","13":"product-type-variable","14":"has-default-attributes"},"_links":{"self":[{"href":"https:\/\/www.medsconsulting.com\/it\/wp-json\/wp\/v2\/product\/2086","targetHints":{"allow":["GET"]}}],"collection":[{"href":"https:\/\/www.medsconsulting.com\/it\/wp-json\/wp\/v2\/product"}],"about":[{"href":"https:\/\/www.medsconsulting.com\/it\/wp-json\/wp\/v2\/types\/product"}],"replies":[{"embeddable":true,"href":"https:\/\/www.medsconsulting.com\/it\/wp-json\/wp\/v2\/comments?post=2086"}],"wp:featuredmedia":[{"embeddable":true,"href":"https:\/\/www.medsconsulting.com\/it\/wp-json\/wp\/v2\/media\/2091"}],"wp:attachment":[{"href":"https:\/\/www.medsconsulting.com\/it\/wp-json\/wp\/v2\/media?parent=2086"}],"wp:term":[{"taxonomy":"product_cat","embeddable":true,"href":"https:\/\/www.medsconsulting.com\/it\/wp-json\/wp\/v2\/product_cat?post=2086"},{"taxonomy":"product_tag","embeddable":true,"href":"https:\/\/www.medsconsulting.com\/it\/wp-json\/wp\/v2\/product_tag?post=2086"}],"curies":[{"name":"wp","href":"https:\/\/api.w.org\/{rel}","templated":true}]}}