{"id":2080,"date":"2020-10-26T04:10:06","date_gmt":"2020-10-26T04:10:06","guid":{"rendered":"https:\/\/www.medsconsulting.com\/it\/?post_type=product&#038;p=2080"},"modified":"2022-04-14T09:25:26","modified_gmt":"2022-04-14T09:25:26","slug":"comprare-amoxicillina-online","status":"publish","type":"product","link":"https:\/\/www.medsconsulting.com\/it\/product\/altri\/comprare-amoxicillina-online\/","title":{"rendered":"Acquista amoxicillina online"},"content":{"rendered":"<h1>Acquista amoxicillina online<\/h1>\n<p>Acquista amoxicillina online\u00a0per curare una serie di\u00a0infezioni batteriche.<sup id=\"cite_ref-AHFS2015_3-0\" class=\"reference\"><\/sup>\u00a0Queste includono\u00a0le infezioni dell&#8217;orecchio medio ,\u00a0streptococco,\u00a0polmonite,\u00a0infezioni della pelle e\u00a0infezioni del tratto urinario\u00a0tra gli altri<a href=\"https:\/\/www.euthanasiagroup.com\/product\/buy-nembutal-online\/buy-nembutal-tablets\/\" target=\"_blank\" rel=\"noopener\">e<\/a>rs.<sup id=\"cite_ref-AHFS2015_3-1\" class=\"reference\"><\/sup>\u00a0Si assume\u00a0per via orale o, meno comunemente, per iniezione. Acquista amoxicillina online. Acquista amoxicillina senza prescrizione medica. Amoxicillina in vendita. Acquista Amoxil online.<sup id=\"cite_ref-AHFS2015_3-2\" class=\"reference\"><\/sup><sup id=\"cite_ref-4\" class=\"reference\"><\/sup><\/p>\n<h3>Come acquistare amoxicillina online<\/h3>\n<p>Prendere questo farmaco per bocca con o senza cibo come indicato, di solito ogni 8 o 12 ore. Il dosaggio si basa sulle sue condizioni mediche e sulla risposta al trattamento. Acquista amoxicillina online.<\/p>\n<p>Bevi molti liquidi durante l&#8217;utilizzo di questo farmaco se non diversamente indicato.<\/p>\n<p>Inoltre, per ottenere il miglior effetto, prendi questo antibiotico a intervalli regolari. Per aiutarti a ricordare, prendi questo farmaco ogni giorno alla stessa ora. Acquista amoxicillina online.<\/p>\n<p>Continua a prendere questo farmaco fino al completamento dell&#8217;intera quantit\u00e0 prescritta, anche se i sintomi scompaiono dopo alcuni giorni. L&#8217;interruzione del farmaco troppo presto pu\u00f2 consentire ai batteri di continuare a crescere, il che pu\u00f2 comportare un ritorno dell&#8217;infezione<a href=\"https:\/\/www.medsconsulting.com\/it\/nl\/product\/pijn-en-verlichting\/fentanyl -neusspray\/\">t<\/a>ion. Acquista amoxicillina senza prescrizione medica.<\/p>\n<p>Parla con un medico se la tua condizione persiste o peggiora.<\/p>\n<h3>Possibili effetti collaterali di amoxicillina (acquista amoxicillina online nel Regno Unito)<\/h3>\n<p>Nausea, possono verificarsi vomito o diarrea. Se uno qualsiasi di questi effetti persiste o peggiora, si rivolga immediatamente al medico o al farmacista. Acquista amoxicillina senza prescrizione medica.<\/p>\n<p>L&#8217;uso di questo farmaco per periodi prolungati o ripetuti pu\u00f2 causare mughetto orale o una nuova infezione vaginale da lievito (infezione fungina orale o vaginale). Rivolgiti a un medico se noti chiazze bianche in bocca, un cambiamento nelle perdite vaginali o altri nuovi sintomi. Acquista Amoxicillina Senza Prescrizione.<\/p>\n<p>Parlare immediatamente con un medico se si verifica uno qualsiasi di questi rari ma gravi effetti collaterali: urine scure, nausea o vomito persistenti, dolore allo stomaco\/addominale, occhi o pelle ingialliti, lividi o sanguinamento, mal di gola persistente o febbre.<\/p>\n<p>Inoltre, questo farmaco pu\u00f2 raramente causare una grave condizione intestinale (diarrea associata a Clostridium difficile) a causa di un tipo di batteri resistenti. Questa condizione pu\u00f2 verificarsi durante il trattamento o settimane o mesi dopo l&#8217;interruzione del trattamento. Non utilizzare farmaci anti-diarrea o oppioidi se si hanno i seguenti sintomi perch\u00e9 questi prodotti potrebbero peggiorarli. Informare immediatamente il medico se si sviluppano: diarrea persistente, dolore\/crampi addominale o allo stomaco, sangue\/muco nelle feci. Amoxicillina in vendita.<\/p>\n<p>Una reazione allergica molto grave a questo farmaco \u00e8 rara. Tuttavia, chiedi assistenza medica se nota qualsiasi sintomo di una grave reazione allergica, inclusi eruzione cutanea, prurito\/gonfiore (soprattutto del viso\/lingua\/gola), forti capogiri, difficolt\u00e0 respiratorie. Amoxicillina in vendita.<\/p>\n<p>L&#8217;amoxicillina pu\u00f2 comunemente causare una lieve eruzione cutanea che di solito non \u00e8 grave. Tuttavia, potresti non essere in grado di distinguerlo da una rara eruzione cutanea che potrebbe essere un segno di una grave reazione allergica. Pertanto, chiedi immediatamente assistenza medica se sviluppi un&#8217;eruzione cutanea. Amoxicillina in vendita.<\/p>\n<p>Questo non \u00e8 un elenco completo dei possibili effetti collaterali. Se nota altri effetti non elencati sopra, contatti il \u200b\u200bmedico o il farmacista. Acquista Amoxil online.<\/p>\n<h3>Interazioni farmacologiche<\/h3>\n<p>Gli effetti di alcuni farmaci possono cambiare se assumi contemporaneamente altri farmaci o prodotti a base di erbe. Ci\u00f2 pu\u00f2 aumentare il rischio di gravi effetti collaterali o causare il mancato funzionamento dei farmaci. Queste interazioni farmacologiche sono possibili ma non sempre si verificano. Spesso possiamo prevenire o gestire le interazioni cambiando il modo in cui usi i tuoi farmaci o da stretto monitoraggio. Acquista Amoxil online.<\/p>\n<p>Quindi, per aiutarci a darti la migliore assistenza, assicurati di tutti i prodotti che usi (inclusi farmaci da prescrizione, farmaci senza prescrizione e prodotti a base di erbe) prima di iniziare il trattamento con questo prodotto. Durante l&#8217;utilizzo di questo prodotto, non avviare, interrompere o modificare il dosaggio di qualsiasi altro medicinale in uso senza approvazione. Acquista Amoxil online.<\/p>\n<p>Un prodotto che potrebbe interagire con questo farmaco \u00e8 il metotrexato. Acquista Amoxil online.<\/p>\n<p>L&#8217;amoxicillina pu\u00f2 causare risultati falsi positivi con alcuni prodotti per il test delle urine per diabetici (tipo solfato rameico). Questo farmaco pu\u00f2 anche influenzare i risultati di alcuni test di laboratorio. Assicurati che il personale di laboratorio e i tuoi medici sappiano che usi questo farmaco. Acquista Amoxil Online.<\/p>\n<p>Questo documento non contiene tutte le possibili interazioni farmacologiche. Tieni una lista di tutti i prodotti che usi. Condividi questo elenco con noi per ridurre il rischio di gravi problemi con i farmaci. Amoxicillina in vendita.<\/p>\n<h3>Precauzioni<\/h3>\n<p>In primo luogo, prima di acquistare amoxicillina, dicci se sei allergico ad essa; o agli antibiotici della penicillina o delle cefalosporine; o se hai altre allergie. Questo prodotto pu\u00f2 contenere ingredienti inattivi, che possono causare reazioni allergiche o altri problemi. Amoxicillina in vendita.<\/p>\n<p>Prima di usare questo farmaco, raccontaci la tua storia medica, in particolare di:<\/p>\n<ul>\n<li>Malattie renali<\/li>\n<li>Un certo tipo di infezione virale (mononucleosi infettiva).<\/li>\n<\/ul>\n<p>Inoltre, l&#8217;amoxicillina pu\u00f2 far s\u00ec che i vaccini batterici vivi (come il vaccino contro il tifo) non funzionino altrettanto bene. Non sottoporsi a vaccinazioni\/vaccinazioni durante l&#8217;utilizzo di questo farmaco a meno che non sia stato detto loro.<\/p>\n<p>Ancora una volta, prima di sottoporsi a un intervento chirurgico, informa il medico o il dentista di tutti i prodotti che usi (inclusi farmaci da prescrizione, farmaci senza prescrizione e prodotti a base di erbe ). Inoltre, puoi acquistare l&#8217;amoxicillina online.<\/p>\n<p>Durante la gravidanza, questo farmaco deve essere usato solo quando \u00e8 chiaramente necessario. L&#8217;amoxicillina passa nel latte materno. Consultare il medico prima di allattare.<\/p>\n<h3>Conservazione<\/h3>\n<p>Conservare a temperatura ambiente secondo l&#8217;etichetta del prodotto, al riparo dalla luce e dall&#8217;umidit\u00e0. Diverse marche di questo farmaco hanno esigenze diverse di stoccaggio. Controlla la confezione del prodotto per le istruzioni su come conservare il tuo marchio o chiedi al tuo farmacista. Tenere tutti i farmaci lontano dalla portata di bambini e animali domestici.<\/p>\n<p>Inoltre, non gettare i farmaci nel water o versarli in uno scarico a meno che non venga richiesto di farlo. Eliminare correttamente questo prodotto quando \u00e8 scaduto o non \u00e8 pi\u00f9 necessario. Consultare il farmacista o l&#8217;azienda locale per lo smaltimento dei rifiuti per maggiori dettagli su come eliminare in sicurezza il prodotto. Acquista Amoxicillina Online.<\/p>\n<h3>Dosi dimenticate<\/h3>\n<p>Infine, se dimentichi una dose, la usi non appena se ne ricorda. Se \u00e8 vicino all&#8217;ora della dose successiva, salti la dose dimenticata. Usi la dose successiva all&#8217;orario normale. Non raddoppiare la dose per recuperare.<\/p>\n<p>Note: non condividere questo farmaco con altri.<\/p>\n","protected":false},"excerpt":{"rendered":"<p>L&#8217;amoxicillina \u00e8 usata per trattare un&#8217;ampia variet\u00e0 di infezioni batteriche. Questo farmaco \u00e8 un antibiotico di tipo penicillina. Questo antibiotico tratta solo le infezioni batteriche. Non funzioner\u00e0 per le infezioni virali (come raffreddore, influenza).<\/p>\n","protected":false},"featured_media":2085,"comment_status":"open","ping_status":"closed","template":"","meta":[],"product_cat":[15],"product_tag":[1660,1648,1657,1645,1658,1656,1655,1647,1646,1653,1650,1649,1651,1659,1662,1663,1652,1654,1661],"class_list":{"0":"post-2080","1":"product","2":"type-product","3":"status-publish","4":"has-post-thumbnail","6":"product_cat-altri","7":"product_tag-buy-amoxicillina-california","8":"product_tag-buy-amoxicillina-cvs","9":"product_tag-buy-amoxicillina-germania","10":"product_tag-comprare-amoxicillina-online","11":"product_tag-comprare-amoxicillina-online-italia","12":"product_tag-buy-amoxicillina-online-uk","13":"product_tag-buy-amoxicillina-online-spagna","14":"product_tag-comprare-amoxicillina-per-cani-canada","15":"product_tag-acquistare-amoxicillina-per-cani-online","16":"product_tag-comprare-amoxicillina-per-gatti-online","17":"product_tag-comprare-amoxicillina-per-polli","18":"product_tag-buy-amoxicillina-per-infezione-dellorecchio","19":"product_tag-compra-amoxicillina-per-ratti","20":"product_tag-buy-amoxicillina-usa","21":"product_tag-amoxicillin-500mg","22":"product_tag-amoxicillin-clavulanate","23":"product_tag-amoxicillin-for-sale","24":"product_tag-dove-acquistare-amoxicillina","25":"product_tag-dove-acquistare-amoxicillina-online","27":"first","28":"instock","29":"featured","30":"shipping-taxable","31":"purchasable","32":"product-type-variable","33":"has-default-attributes"},"_links":{"self":[{"href":"https:\/\/www.medsconsulting.com\/it\/wp-json\/wp\/v2\/product\/2080","targetHints":{"allow":["GET"]}}],"collection":[{"href":"https:\/\/www.medsconsulting.com\/it\/wp-json\/wp\/v2\/product"}],"about":[{"href":"https:\/\/www.medsconsulting.com\/it\/wp-json\/wp\/v2\/types\/product"}],"replies":[{"embeddable":true,"href":"https:\/\/www.medsconsulting.com\/it\/wp-json\/wp\/v2\/comments?post=2080"}],"wp:featuredmedia":[{"embeddable":true,"href":"https:\/\/www.medsconsulting.com\/it\/wp-json\/wp\/v2\/media\/2085"}],"wp:attachment":[{"href":"https:\/\/www.medsconsulting.com\/it\/wp-json\/wp\/v2\/media?parent=2080"}],"wp:term":[{"taxonomy":"product_cat","embeddable":true,"href":"https:\/\/www.medsconsulting.com\/it\/wp-json\/wp\/v2\/product_cat?post=2080"},{"taxonomy":"product_tag","embeddable":true,"href":"https:\/\/www.medsconsulting.com\/it\/wp-json\/wp\/v2\/product_tag?post=2080"}],"curies":[{"name":"wp","href":"https:\/\/api.w.org\/{rel}","templated":true}]}}