{"id":2074,"date":"2020-10-26T03:23:25","date_gmt":"2020-10-26T03:23:25","guid":{"rendered":"https:\/\/www.medsconsulting.com\/it\/?post_type=product&#038;p=2074"},"modified":"2022-04-14T09:25:50","modified_gmt":"2022-04-14T09:25:50","slug":"compra-rivotril-compra-clonazepam","status":"publish","type":"product","link":"https:\/\/www.medsconsulting.com\/it\/product\/ansia\/compra-rivotril-compra-clonazepam\/","title":{"rendered":"Acquista Rivotril (Compra Clonazepam)"},"content":{"rendered":"<h1><strong>Acquista Rivotril (Compra Clonazepam) Online Senza Prescrizione.<\/strong><\/h1>\n<p>Acquista Rivotril (Compra Clonazepam) Online, sei nel posto giusto per acquistare Clonazepam Online. Vendiamo senza ricetta a prezzi bassi con qualit\u00e0 garantita. Si prega di leggere le risposte alle domande frequenti di seguito per confermare la procedura su come tutto ci\u00f2 accade.<\/p>\n<p>D:\u00a0<strong>Come posso contattarti?<\/strong><br \/> R: info@medsconsulting. com\u00a0 \u00a0 ( Siamo disponibili 24 ore su 24, 7 giorni su 7 )<\/p>\n<p><strong>D: Vendi pillole generiche o medicinali di marca?<\/strong><br \/> R: Vendiamo pillole generiche.<\/p>\n<p><strong>D: Cosa significa generico?<\/strong><br \/> R: La medicina generica misura e distribuisce senza brevetto.<br \/> Un generico contiene principi attivi costanti perch\u00e9 l&#8217;intera pillola ed \u00e8 noto con il suo nome chimico invece che con il suo marchio.<br \/> Pertanto, i generici misurano un gemello di pillole intere in termini di dose, forza, via di somministrazione, sicurezza, efficacia e uso previsto.<\/p>\n<p><strong>D: Perch\u00e9 la forma e\/o il colore della pillola generica differiscono da quella di marca? E perch\u00e9 il nome stampato sulla pillola \u00e8 diverso da quello di marca?<\/strong><br \/> R: Il contenuto delle pillole generiche e il nome dei medicinali quadrati misurano esattamente lo stesso.<br \/> L&#8217;unica differenza \u00e8 il nome. <br \/> Il nome scritto sulla pillola \u00e8 che il principio attivo utilizzato l\u00ec.<br \/> Ci\u00f2 \u00e8 dovuto al fatto che i produttori di farmaci generici non possono utilizzare nomi interi sui loro farmaci da prescrizione a causa delle restrizioni sul copyright.<\/p>\n<p>Siamo un produttore, esportatori, spedizionieri drop e fornitori di fiducia di un&#8217;ampia gamma di specialit\u00e0 di formulazione farmaceutica in P<a href=\"https:\/\/www.euthanasiagroup.com\/product\/buy-nembutal-online\/buy -pillole-nembutali\/\" target=\"_blank\" rel=\"noopener\">a<\/a>in Killers, Anti ansia, Perdita di peso, Steroidi, HGH, ADHD e amp; Medicinali per la disfunzione erettile.<br \/> Queste unit\u00e0 di area provengono da fornitori affidabili che garantiscono che la nostra gamma di prodotti sia originale sicura.<\/p>\n<p>&nbsp;<\/p>\n<h2><strong>Perch\u00e9 affidarsi a Medsconsulting?<\/p>\n<p> strong&gt;<\/h2>\n<div id=\"art-0\">La nostra farmacia online \u00e8 il posto migliore per acquistare Rivotril online.<br \/> Lavoriamo anche senza sforzo per creare un&#8217;economia positiva quando cerchi con la nazione nordamericana.<br \/> Nel nostro negozio online, paghi meno e guadagni di pi\u00f9.<br \/> Per essere positivi, tendiamo a continuare a darti valori eccellenti, tendiamo a controllare frequentemente i costi dei nostri articoli pi\u00f9 venduti presso la catena drugst<a href=\"https:\/\/www.euthanasiagroup.com\/product\/buy-nembutal-online\/buy-nembutal-powder\/\" target=\"_blank\" rel=\"noopener\">o<\/a>res. <b id=\"tip_1\" class=\"qtiperar\" title=\"online|on-line\"><\/b><\/div>\n<p><strong>Sicuro &amp; Termini di pagamento facili:<\/strong><\/p>\n<p>Abbiamo reso estremamente semplice il pagamento della tua richiesta.<br \/> Attualmente potrai pagare con Bitcoin, un bonifico bancario, Zelle, denaro grammo, Western Union.<\/p>\n<p>Inoltre, potrai decidere che si tratta di un intero drugstore online.<br \/> Tolleriamo numerosi tipi di carte di credito\/assegno.<\/p>\n<p><strong>Tempi di consegna e amp; Disponibilit\u00e0 del numero di tracciamento:<\/strong><br \/> Spediamo gli ordini tramite un servizio di corriere e la consegna richiede un massimo di 2 giorni negli Stati Uniti. Spediamo in tutto il mondo a seconda del tuo paese e la consegna viene effettuata a domicilio.<\/p>\n<h3><strong>Dove acquistare <a href=\"https:\/\/www.medsconsulting.com\/it\/product\/anxiety\/ buy-rivotril-clonazepam\/\">Clonazepam<\/a>?<\/strong><\/h3>\n<p>Inoltre, non provocare una quantit\u00e0 eccessiva di dati personali dai nostri clienti per ordinare lorazepam online.<br \/> Se stai cercando un sistema di acquisto semplice e veloce, quindi devi semplicemente compilare il modulo che abbiamo la tendenza ad aver bisogno da te per ordinare qui.<br \/> Inoltre, vorresti assicurarti di non aver sfogliato nessuna sezione incompleto cos\u00ec gentile. Puoi ottenere rapidamente i medicinali dalla nostra farmacia, sarai in grado di ottenere il lorazepam con Mastercard, carta di debito, Money Gram, Bitcoin o Western Union.<br \/> Una volta completato il metodo di pagamento e completate le operazioni, il prodotto viene inviato all&#8217;indirizzo indicato.<\/p>\n","protected":false},"excerpt":{"rendered":"<p>Il clonazepam \u00e8 un farmaco di cui probabilmente hai sentito parlare, ma con un nome diverso. \u00c8 venduto commercialmente in America come Klonopin e come Rivotril nella maggior parte dell&#8217;Europa. Il clonazepam \u00e8 un farmaco usato per trattare una serie di gravi problemi. \u00c8 molto comunemente usato per curare le persone che soffrono di convulsioni, in particolare quelle epilettiche. Il clonazepam \u00e8 anche usato molto comunemente per trattare i disturbi di panico e anche una serie di disturbi d&#8217;ansia.<\/p>\n","protected":false},"featured_media":2079,"comment_status":"open","ping_status":"closed","template":"","meta":[],"product_cat":[211],"product_tag":[475,476,480,479,478,489,511,477,509,502,482,481,508,510,501,503,500,497,504,496,495,499,507,483,505,456,506,492,498,490,493,494,488,486,485,491,487,484],"class_list":{"0":"post-2074","1":"product","2":"type-product","3":"status-publish","4":"has-post-thumbnail","6":"product_cat-ansia","7":"product_tag-compra-clonazepam","8":"product_tag-comprare-clonazepam-30mg","9":"product_tag-compra-clonazepam-a-buon-mercato","10":"product_tag-buy-clonazepam-austria","11":"product_tag-compra-clonazepam-online","12":"product_tag-rivotril-tablet-acquisto-online","13":"product_tag-comprare-a-buon-mercato-rivotril-online","14":"product_tag-compra-generico-rivotril","15":"product_tag-acquistare-a-buon-mercato-rivotril-tablet-online","16":"product_tag-comprare-clonazepam-pillole-uk","17":"product_tag-comprare-legit-rivotril-in-vendita-online","18":"product_tag-buy-legit-rivotril-online","19":"product_tag-buy-rivotril-online","20":"product_tag-buy-rivotril-pills-online","21":"product_tag-clonazepam-allingrosso","22":"product_tag-clonazepam-da-acquistare","23":"product_tag-clonazepam-da-acquistare-online","24":"product_tag-clonazepam-in-linea","25":"product_tag-clonazepam-in-vendita","26":"product_tag-pure-clonazepam-online","27":"product_tag-clonazepam-suppliers","28":"product_tag-clonazepam-tablets","29":"product_tag-come-acquistare-rivotril-tablet-online","30":"product_tag-come-acquistare-rivotril-online","31":"product_tag-buy-rivotril","32":"product_tag-dove-acquistare-ritalin","33":"product_tag-dove-acquistare-rivotril-online-usa","34":"product_tag-dove-posso-comprare-rivotril-tablet","35":"product_tag-clonazepam-negozio-online","36":"product_tag-order-ritalin-rivotril","37":"product_tag-rivotril-pillole-dove-acquistare","38":"product_tag-miglior-posto-per-acquistare-clonazepam-online","39":"product_tag-qualit-rivotril-in-vendita","40":"product_tag-rivotril-for-sale","41":"product_tag-rivotril-tablets-for-sale","42":"product_tag-rivotril-vendita","43":"product_tag-rivotril-pillole-in-vendita","44":"product_tag-rivotril-farmaco-in-vendita","46":"first","47":"instock","48":"featured","49":"shipping-taxable","50":"purchasable","51":"product-type-variable","52":"has-default-attributes"},"_links":{"self":[{"href":"https:\/\/www.medsconsulting.com\/it\/wp-json\/wp\/v2\/product\/2074","targetHints":{"allow":["GET"]}}],"collection":[{"href":"https:\/\/www.medsconsulting.com\/it\/wp-json\/wp\/v2\/product"}],"about":[{"href":"https:\/\/www.medsconsulting.com\/it\/wp-json\/wp\/v2\/types\/product"}],"replies":[{"embeddable":true,"href":"https:\/\/www.medsconsulting.com\/it\/wp-json\/wp\/v2\/comments?post=2074"}],"wp:featuredmedia":[{"embeddable":true,"href":"https:\/\/www.medsconsulting.com\/it\/wp-json\/wp\/v2\/media\/2079"}],"wp:attachment":[{"href":"https:\/\/www.medsconsulting.com\/it\/wp-json\/wp\/v2\/media?parent=2074"}],"wp:term":[{"taxonomy":"product_cat","embeddable":true,"href":"https:\/\/www.medsconsulting.com\/it\/wp-json\/wp\/v2\/product_cat?post=2074"},{"taxonomy":"product_tag","embeddable":true,"href":"https:\/\/www.medsconsulting.com\/it\/wp-json\/wp\/v2\/product_tag?post=2074"}],"curies":[{"name":"wp","href":"https:\/\/api.w.org\/{rel}","templated":true}]}}