{"id":1953,"date":"2020-10-25T15:25:53","date_gmt":"2020-10-25T15:25:53","guid":{"rendered":"https:\/\/www.medsconsulting.com\/it\/?post_type=product&#038;p=1953"},"modified":"2026-02-10T05:49:21","modified_gmt":"2026-02-10T05:49:21","slug":"acquista-vitaros","status":"publish","type":"product","link":"https:\/\/www.medsconsulting.com\/it\/product\/salute-delluomo\/acquista-vitaros\/","title":{"rendered":"Acquista la crema vitaros (Alprostadil)"},"content":{"rendered":"<h1>Acquista la crema vitaros (Alprostadil)<\/h1>\n<p>Acquista la crema Vitaros per il trattamento della disfunzione erettile che viene somministrata direttamente nel meato uretrale (l&#8217;apertura sulla punta del pene). Vitaros inizia a funzionare tra 5 e 30 minuti dopo l&#8217;applicazione e pu\u00f2 consentire l&#8217;erezione fino a 1 o 2 ore dopo la somministrazione.<\/p>\n<p>La crema viene applicata direttamente sull&#8217;uretra, sulla punta del pene. Quando viene assorbito, aumenta il flusso sanguigno al pene, facilitando l&#8217;erezione. Acquista la crema vitaros<\/p>\n<h2>Cos&#8217;\u00e8 la <a href=\"https:\/\/www.youtube.com\/watch?v=4To7nFvjrWM\" target=\"_blank\" rel=\"noopener\">disfunzione<\/a> erettile?<\/h2>\n<p>\u00c8 del tutto normale che si verifichi la disfunzione erettile di tanto in tanto, sia per stress intermittente che per stanchezza. Ma per alcuni uomini, la disfunzione erettile pu\u00f2 essere frequente e dolorosa. Acquista Vitaros crema.<\/p>\n<p>Da un punto di vista medico, la disfunzione erettile che richiederebbe un trattamento \u00e8 determinata quando un uomo sperimenta difficolt\u00e0 persistenti a mantenere o raggiungere un&#8217;erezione sufficiente per il rapporto sessuale. La condizione pu\u00f2 essere causata da condizioni psicologiche o fisiche, nonch\u00e9 da<a href=\"https:\/\/www.medsconsulting.com\/it\/product\/la-salute-delle-donne\/generico-femmina-viagra\/\"> farmaci<\/a> usati per trattare altre condizioni.<\/p>\n<p>Il processo biologico per raggiungere un&#8217;erezione coinvolge una complessa catena di eventi che coinvolge una serie di percorsi neurologici diversi. Dopo l&#8217;eccitazione sessuale, che pu\u00f2 essere attivata da segnali nervosi inviati dai genitali al contatto fisico, o da segnali nervosi nel cervello dopo aver visto immagini eccitanti. Acquista la crema vitaros.<\/p>\n<h3 id=\"desc -content-1\" class=\"arrow-right-xs arrow-down-xs\"><a id=\"come funziona vitaros\" name=\"come funziona vitaros\"><\/a>Come funziona la crema Vitaros? (Acquista la crema vitaros)<\/h3>\n<p>Il principio attivo di Vitaros cream \u00e8 una prostaglandina chiamata alprostadil.<\/p>\n<p>Le prostaglandine svolgono una serie di ruoli nel corpo umano, in particolare in risposta a lesioni o infezioni, e vengono rilasciate da vari tessuti e organi. Quando viene rilasciata, la sostanza chimica provoca\u00a0la dilatazione dei vasi sanguigni, aumentando la quantit\u00e0 di flusso sanguigno nell&#8217;area in cui si trovano le prostaglandine.<\/p>\n<p>\u00c8 questa azione vasodilatatrice delle prostaglandine che \u00e8 la chiave del suo utilizzo nel trattamento dell&#8217;erezione disfunzione. Quando vengono applicate all&#8217;<a href=\"https:\/\/www.medsconsulting.com\/it\/product\/salute-delluomo\/comprare-vitaros-crema\/\">uretra<\/a>, situata sulla punta del pene, le prostaglandine fanno dilatare i vasi sanguigni del pene, aumentando il flusso sanguigno al pene e provocando un&#8217;erezione. Acquista la crema vitaros.<\/p>\n<pre id=\"desc-content -2\" class=\"arrow-right-xs arrow-down-xs\">Acquista la crema Vitaros (Alprostadil) online<\/pre>\n<p>Pu\u00f2 essere scomodo e imbarazzante ottenere una prescrizione per la crema Vitaros. Con la farmacia online di Prescription Doctor, puoi ottenere una prescrizione privata per Vitaros ovunque ti trovi in \u200b\u200bmodo sicuro e protetto.<\/p>\n<p>Per iniziare, compila semplicemente il nostro modulo medico online. Il nostro medico esaminer\u00e0 il tuo modulo medico per determinare se il trattamento \u00e8 sicuro per te. Acquista la crema vitaros.<\/p>\n<p>&nbsp;<\/p>\n<pre id=\"desc-content-4\" class=\"arrow-right-xs arrow -down-xs\"><a id=\"effetti collaterali e precauzioni\" name=\"effetti collaterali e precauzioni\"><\/a>Effetti collaterali e precauzioni per la crema Vitaros<\/pre>\n<p>Prima di acquistare Vitaros (alprostadil) online da Prescription Doctor, \u00e8 importante parlare con il tuo medico per assicurarti che sia sicuro per te.<\/p>\n<pre>Altri fattori che possono aiutarti a facilitare un'erezione includono:<\/pre>\n<ul>\n<li>Come ottenere un una buona notte di sonno.<\/li>\n<li>Partecipare ai preliminari con il tuo partner prima del rapporto sessuale.<\/li>\n<li>Esercizi per il pavimento pelvico: contrai i muscoli che normalmente utilizzeresti per interrompere la minzione durante il flusso.<\/li>\n<li>Prova posizioni sessuali che aiutano a promuovere il flusso sanguigno al pene, piuttosto che limitarlo.<\/li>\n<li>Evitare situazioni stressanti prima del rapporto sessuale. Parla con il tuo medico se soffri regolarmente di stress.<\/li>\n<li>Evitare il consumo di alcol: l&#8217;alcol pu\u00f2 rendere difficile il raggiungimento dell&#8217;erezione.<\/li>\n<\/ul>\n<p>&nbsp;<\/p>\n<p>&nbsp;<\/p>\n<pre>Effetti collaterali di Vitaros<\/pre>\n<p>Tutti i medicinali comportano il rischio di effetti collaterali, sebbene non tutti li manifestino. Essere consapevoli dei rischi associati \u00e8 importante prima di acquistare la crema Vitaros per l&#8217;erezione disfunzione online.<\/p>\n<p>&nbsp;<\/p>\n<pre>Reazione allergica (Acquista la crema vitaros)<\/pre>\n<p>Non prenda Vitaros se \u00e8 allergico all&#8217;alprostadil oa uno qualsiasi degli altri eccipienti di questo farmaco.<\/p>\n<p>Se manifesta una reazione allergica a Vitaros, interrompi l&#8217;assunzione del medicinale e rivolgiti a un medico di emergenza.<\/p>\n<pre><strong>I segni di una reazione allergica includono:<\/strong><\/pre>\n<ul>\n<li>Dolore addominale, diarrea, nausea o vomito<\/li>\n<li>Difficolt\u00e0 respiratorie<\/li>\n<li>Pelle secca, arrossata, screpolata<\/li>\n<li>Prurito, arrossamento, lacrimazione<\/li>\n<li>Eruzione cutanea arrossata, pruriginosa (orticaria)<\/li>\n<li>Gonfiore del viso, delle labbra, della lingua o della gola<\/li>\n<li>Tasso di costrizione del torace<\/li>\n<\/ul>\n<pre><strong>Gravidanza e allattamento<\/strong><\/pre>\n<p>La crema Vitaros \u00e8\u00a0<strong>non<\/strong>\u00a0adatta alle donne. Acquista la crema vitaros.<\/p>\n<p>Se la tua partner \u00e8 incinta, pensa che potrebbe essere incinta o durante l&#8217;allattamento, dovresti indossare un preservativo mentre usi Vitaros. Vitaros ha dimostrato di funzionare in sicurezza con i preservativi in \u200b\u200blattice, sebbene i preservativi realizzati con altri materiali non siano stati testati.<\/p>\n<p>Alprostadil pu\u00f2 influenzare lo sviluppo di un bambino nell&#8217;utero e pu\u00f2 essere trasmesso attraverso il latte materno.<\/p>\n<p>Vitaros non \u00e8 un contraccettivo. Se non desideri concepire, dovrebbe essere utilizzata una forma affidabile di contraccezione.<\/p>\n<p>&nbsp;<\/p>\n<h2 id=\"desc-content-5\" class=\"arrow-right-xs arrow -gi\u00f9-xs\"><\/h2>\n","protected":false},"excerpt":{"rendered":"<p>Vitaros (alprostadil) \u00e8 un trattamento topico per la disfunzione erettile che viene applicato sulla punta del pene. \u00c8 adatto a coloro che potrebbero non essere in grado di tollerare<\/p>\n<p>Acquista Vitaros online oggi, da Prescription Doctor\u2019s\u00a0<span class=\"tooltip tooltipstered\">farmacia con sede nel Regno Unito<\/span>. Per iniziare il tuo ordine oggi, completa semplicemente il nostro questionario medico online.<\/p>\n","protected":false},"featured_media":1962,"comment_status":"open","ping_status":"closed","template":"","meta":[],"product_cat":[146],"product_tag":[1084,1058,1095,1113,1117,1098,1094,1074,1059,1057,1063,1121,1062,1077,1079,1102,1115,1120,1118,1097,1081,1071,1099,1106,1104,1107,1105,1108,1109,1110,1111,1101,1103,1075,1060,1096,1082,1078,1080,1116,1119,1076,1112,1114,1088,1069,1100,1086,1092,1085,1061,1087,1066,1093,1091,1842,1064,1072,1073,1065,1083,1839,1068,1070,1089,1090,1067,1844,1843,1840,1841],"class_list":{"0":"post-1953","1":"product","2":"type-product","3":"status-publish","4":"has-post-thumbnail","6":"product_brand-mens-health","7":"product_cat-salute-delluomo","8":"product_tag-a-cosa-serve-la-crema-vitaros","9":"product_tag-comprare-alprostadil-online","10":"product_tag-comprare-vitaros-crema-austria","11":"product_tag-comprare-vitaros-crema-emirati-arabi-uniti","12":"product_tag-comprare-vitaros-crema-pakistan","13":"product_tag-comprare-vitaros-crema-spagna","14":"product_tag-comprare-alprostadil-crema-germania","15":"product_tag-buy-alprostadil-cream-the-uk","16":"product_tag-comprare-vitaros-crema","17":"product_tag-acquistare-vitaros-crema-online-senza-prescrizione","18":"product_tag-acquistare-vitaros-crema-per-mail","19":"product_tag-comprare-vitaros-crema-taiwan","20":"product_tag-acquistare-vitaros-crema-online","21":"product_tag-comprare-vitaros-crema-australia","22":"product_tag-comprare-vitaros-crema-canada","23":"product_tag-comprare-vitaros-crema-danimarca","24":"product_tag-comprare-vitaros-crema-dubai","25":"product_tag-comprare-vitaros-crema-filippine","26":"product_tag-comprare-vitaros-crema-isreal","27":"product_tag-comprare-vitaros-crema-messico","28":"product_tag-comprare-vitaros-crema-online-irlanda","29":"product_tag-acquistare-vitaros-crema-online-uk","30":"product_tag-comprare-vitaros-crema-paesi-bassi","31":"product_tag-buy-vitaros-crema-per-disfunzione-erettile-austria","32":"product_tag-buy-vitaros-crema-per-disfunzione-erettile-canada","33":"product_tag-buy-vitaros-crema-per-disfunzione-erettile-corea","34":"product_tag-comprare-vitaros-crema-per-disfunzione-erettile-germania","35":"product_tag-comprare-vitaros-crema-per-disfunzione-erettile-hong-kong","36":"product_tag-buy-vitaros-crema-per-disfunzione-erettile-in-cina","37":"product_tag-comprare-vitaros-crema-per-disfunzione-erettile-in-giappone","38":"product_tag-buy-vitaros-crema-per-disfunzione-erettile-svezia","39":"product_tag-comprare-vitaros-crema-svezia","40":"product_tag-comprare-vitaros-crema-uk","41":"product_tag-comprare-vitaros-crema-usa","42":"product_tag-buy-vitaros-creame-per-disfunzione-erettile","43":"product_tag-buy-vitaros-creame-spagna","44":"product_tag-comprare-vitaros-crema-europa","45":"product_tag-comprare-vitaros-crema-francia","46":"product_tag-comprare-vitaros-crema-germania","47":"product_tag-comprare-vitaros-crema-iran","48":"product_tag-comprare-vitaros-cream-omam","49":"product_tag-comprare-vitaros-crema-per-pene","50":"product_tag-buy-vitaros-crema-per-disfunzione-erettile-italia","51":"product_tag-comprare-vitaros-crema-qatar","52":"product_tag-alprostadil-cream-buy-the-uk","53":"product_tag-applicazione-crema-vitaros","54":"product_tag-buy-vitaros-cream-malta","55":"product_tag-come-acquistare-crema-alprostadil","56":"product_tag-come-acquistare-alprostadil-crema-online","57":"product_tag-come-acquistare-crema-vitaros","58":"product_tag-come-acquistare-vitaros-crema-online","59":"product_tag-comprare-vitaros-crema-india","60":"product_tag-alprostadil-crema","61":"product_tag-alprostadil-crema-via-mail","62":"product_tag-alprostadil-crema-senza-prescrizione","63":"product_tag-crema-para-erecciones-duraderas","64":"product_tag-vitaros-crema","65":"product_tag-vitaros-crema-online","66":"product_tag-dove-acquistare-alprostadil-online","67":"product_tag-dove-acquistare-vitaros-crema","68":"product_tag-vitaros-crema-durata-di-conservazione","69":"product_tag-en-que-farmacia-venden-vitaros","70":"product_tag-vitaros-crema-fornitore-di-prodotti","71":"product_tag-prezzo-crema-vitaros","72":"product_tag-alprostadil-crema-vendita-on-line","73":"product_tag-alprostadil-crema-in-vendita","74":"product_tag-vitaros-crema-in-vendita","75":"product_tag-virirec-cream","76":"product_tag-virirec-crema-donde-comprar","77":"product_tag-vitaros-alprostadil-mg-con-crema","78":"product_tag-vitaros-precio-farmacia-guadalajara","80":"first","81":"instock","82":"featured","83":"shipping-taxable","84":"purchasable","85":"product-type-variable","86":"has-default-attributes"},"_links":{"self":[{"href":"https:\/\/www.medsconsulting.com\/it\/wp-json\/wp\/v2\/product\/1953","targetHints":{"allow":["GET"]}}],"collection":[{"href":"https:\/\/www.medsconsulting.com\/it\/wp-json\/wp\/v2\/product"}],"about":[{"href":"https:\/\/www.medsconsulting.com\/it\/wp-json\/wp\/v2\/types\/product"}],"replies":[{"embeddable":true,"href":"https:\/\/www.medsconsulting.com\/it\/wp-json\/wp\/v2\/comments?post=1953"}],"wp:featuredmedia":[{"embeddable":true,"href":"https:\/\/www.medsconsulting.com\/it\/wp-json\/wp\/v2\/media\/1962"}],"wp:attachment":[{"href":"https:\/\/www.medsconsulting.com\/it\/wp-json\/wp\/v2\/media?parent=1953"}],"wp:term":[{"taxonomy":"product_cat","embeddable":true,"href":"https:\/\/www.medsconsulting.com\/it\/wp-json\/wp\/v2\/product_cat?post=1953"},{"taxonomy":"product_tag","embeddable":true,"href":"https:\/\/www.medsconsulting.com\/it\/wp-json\/wp\/v2\/product_tag?post=1953"}],"curies":[{"name":"wp","href":"https:\/\/api.w.org\/{rel}","templated":true}]}}