{"id":1926,"date":"2020-10-25T15:03:02","date_gmt":"2020-10-25T15:03:02","guid":{"rendered":"https:\/\/www.medsconsulting.com\/it\/?post_type=product&#038;p=1926"},"modified":"2022-04-14T09:27:23","modified_gmt":"2022-04-14T09:27:23","slug":"calcolo","status":"publish","type":"product","link":"https:\/\/www.medsconsulting.com\/it\/product\/salute-delluomo\/calcolo\/","title":{"rendered":"calcolo"},"content":{"rendered":"<p>La disfunzione erettile \u00e8 un termine generico per quando un uomo ha difficolt\u00e0 a raggiungere o mantenere un&#8217;erezione. Sebbene sia comune che gli uomini abbiano occasionalmente lievi problemi di erezione, frequenti problemi di erezione potrebbero indicare una condizione di salute sottostante.<\/p>\n<p>Gli uomini di et\u00e0 superiore ai 40 anni sono pi\u00f9 suscettibili alla disfunzione erettile e si ritiene che il 50% degli uomini di et\u00e0 compresa tra 40 e 70 anni soffre di disfunzione erettile, ma la condizione pu\u00f2 colpire gli uomini in qualsiasi momento della loro vita.<\/p>\n<p>La disfunzione erettile pu\u00f2 essere causata da una condizione fisiologica o psicologica. Anche se la condizione non \u00e8 causata da una condizione psicologica, pu\u00f2 causare disagio mentale all&#8217;uomo.<\/p>\n<p>Le cause comuni di problemi di erezione possono includere:<\/p>\n<ul>\n<li>Stress<\/li>\n<li>Depressione<\/li>\n<li>Peso eccessivo<\/li>\n<li>Effetti collaterali dei medicinali<\/li>\n<li>Fumo<\/li>\n<\/ul>\n<hr \/>\n<h2 id=\"desc -content-1\" class=\"arrow-right-xs arrow-down-xs\"><a id=\"Come funziona\" name=\"Come funziona\"><\/a>Come funziona Spedra?<\/h2>\n<p>Il principio attivo di Spedra, avanafil, \u00e8 un inibitore della fosfodiesterasi di tipo 5 (PDE5).<\/p>\n<p>Durante l&#8217;eccitazione sessuale, i tessuti all&#8217;interno del pene rilasciano una sostanza chimica chiamata guanosina monofosfato ciclico (cGMP) che provoca vasodilatazione ( dilatazione dei vasi sanguigni), aumentando il flusso sanguigno ai corpi cavernosi &#8211; una coppia di camere cilindriche che si riempiono di sangue, producendo un&#8217;erezione.<\/p>\n<p>Gli inibitori della PDE5, come Spedra, impediscono all&#8217;enzima (fosfodiesterasi) di abbattere il cGMP. Ci\u00f2 si traduce in una dilatazione dei vasi sanguigni pi\u00f9 a lungo, con conseguente erezione pi\u00f9 duratura.<\/p>\n<p>Spedra non \u00e8 un afrodisiaco e non aumenta il tuo desiderio sessuale. Affinch\u00e9 Spedra funzioni, devi essere gi\u00e0 eccitato sessualmente.<\/p>\n<p>\u00c8 clinicamente dimostrato che Spedra inizia a funzionare in meno di 20 minuti, il che lo rende un trattamento ad azione pi\u00f9 rapida per la disfunzione erettile rispetto al Viagra o al Levitra. Ci\u00f2 consente una maggiore spontaneit\u00e0 con il tuo partner. Analogamente al Viagra, gli effetti di Spedra possono durare fino a 4 ore.<\/p>\n<hr \/>\n<h2 id=\"desc-content-2\" class=\"arrow-right-xs arrow-down-xs\"> <a id=\"Come prendere\" name=\"Come prendere\"><\/a>Come prendo Spedra?<\/h2>\n<p>\u00c8 meglio prendere Spedra con un bicchiere pieno d&#8217;acqua senza cibo, 30 minuti prima del rapporto. Non assumere pi\u00f9 di UNA compressa in 24 ore.<\/p>\n<p>L&#8217;assunzione con il cibo pu\u00f2 ritardare l&#8217;insorgenza e ridurre l&#8217;efficacia del farmaco.<\/p>\n<hr \/>\n<h2 id=\"desc-content- 3\" class=\"arrow-right-xs arrow-down-xs\"><a id=\"Staying safe\" name=\"Staying safe\"><\/a>Restare al sicuro con Prescription Doctor<\/h2>\n<p>Come con tutti i farmaci, Spedra pu\u00f2 essere dannoso se si hanno determinate condizioni predisponenti o si stanno assumendo determinati farmaci.<\/p>\n<p>Si prega di consultare il medico prima di assumere Spedra se si dispone di:<\/p>\n<ul>\n<li>Cuore, sangue o problemi di circolazione<\/li>\n<li>Pressione sanguigna alta\/bassa<\/li>\n<li>Ha disturbi emorragici<\/li>\n<li>Disfunzione d&#8217;organo<\/li>\n<li>Difetti visivi<\/li>\n<li> Deformazione del pene, come la malattia di Peyronie<\/li>\n<\/ul>\n<p>Non \u00e8 sicuro assumere questo farmaco se sta assumendo quanto segue:<\/p>\n<ul>\n<li>Farmaci per la pressione sanguigna come Diltiazem, Verapamil o alfa-bloccanti<\/li>\n<li>Farmaci a base di nitrati come GTN, prodotti a base di isosorbide.<\/li>\n<li>Nicorandil<\/li>\n<li>Altro er Farmaci per la disfunzione erettile<\/li>\n<\/ul>\n<p>Consulta il tuo medico di famiglia che ti aiuter\u00e0 a trovare il trattamento pi\u00f9 adatto<\/p>\n<hr \/>\n<h2 id=\"desc-content-4\" class=\"arrow-right-xs arrow-down-xs\"><a id=\"Effetti collaterali\" name=\"Effetti collaterali\"><\/a>Effetti collaterali<\/h2>\n<p>Sebbene gli effetti collaterali siano particolarmente rari, potresti sperimentare alcuni effetti negativi dall&#8217;assunzione di Spedra. Questi includono:<\/p>\n<ul>\n<li>Mal di testa<\/li>\n<li>Vampate al viso<\/li>\n<li>Congestione nasale<\/li>\n<li>Vertigini e confusione<\/li>\n<li>Possibile Visione offuscata<\/li>\n<\/ul>\n<p>Evita l&#8217;alcol\u00a0: pi\u00f9 di due unit\u00e0 di alcol possono aumentare il rischio di effetti collaterali e ridurre l&#8217;insorgenza e l&#8217;effetto di Spedra.<\/p>\n<p>Evita di bere succo di pompelmo a 24 ore prima di prendere Spedra.<\/p>\n<p> Spedra pu\u00f2 farti sentire vertigini o alterare la tua vista. Se noti un cambiamento nella tua vigilanza, evita di guidare, andare in bicicletta o utilizzare macchinari.<\/p>\n<p>L&#8217;uso a breve ea lungo termine di avanafil non ha dimostrato di influenzare la qualit\u00e0, la motilit\u00e0, la struttura o il conteggio del tuo sperma.<\/p>\n<p>Si prega di fare riferimento anche all&#8217;opuscolo informativo per il paziente per ulteriori informazioni per assicurarsi di comprendere il farmaco che si sta assumendo.<\/p>\n<hr \/>\n<h2 id=\"desc-content-5\" class=\"arrow -right-xs arrow-down-xs\"><a id=\"FAQ\" name=\"FAQ\"><\/a>Domande frequenti<\/h2>\n<h3>Esiste un trattamento a base di erbe per la disfunzione erettile?<\/h3>\n<p>Potresti imbatterti in un prodotto che afferma di essere un &#8220;Viagra naturale&#8221; o un &#8220;Viagra a base di erbe&#8221;. Il fatto sfortunato \u00e8 che un tale trattamento semplicemente non esiste.<\/p>\n<p>Nessuna formulazione a base di erbe ha mai dimostrato di essere un trattamento efficace per la disfunzione erettile. Inoltre, tali prodotti non sono approvati o regolamentati.<\/p>\n<p>\u00c8 molto probabile che il &#8220;Viagra alle erbe&#8221; sia nel migliore dei casi una pillola di zucchero (placebo) o nel peggiore dei casi una pericolosa miscela di erbe che potrebbe interagire negativamente con altri farmaci. <\/p>\n<h3>Quali sono i trattamenti non medicinali per la disfunzione erettile?<\/h3>\n<p>Esistono numerosi trattamenti per la disfunzione erettile che non richiedono l&#8217;assunzione di compresse. Dovresti parlare con il tuo medico di queste opzioni per determinare se i benefici di un tale trattamento sarebbero superiori ai possibili rischi.<\/p>\n<ul>\n<li>Pompa per vuoto<\/li>\n<li>Trattamenti psicologici<\/li>\n<li>Impianti penieni<\/li>\n<li>Esercizi per i muscoli del pavimento pelvico<\/li>\n<\/ul>\n<h3>\u00c8 sicuro assumere a lungo i farmaci per la disfunzione erettile?<\/h3>\n<p>Il principio attivo di Spedra, avanafil, ha dimostrato di essere sicuro se assunto a lungo termine.<\/p>\n<p>In uno\u00a0studio condotto da VIVUS, avanafil ha dimostrato di essere un trattamento sicuro ed efficace per gli uomini con disfunzione erettile. Gli effetti collaterali sono stati rilevati in meno del 5% in media del numero lordo di partecipanti nel corso di 52 settimane.<\/p>\n<h3>Posso migliorare la mia disfunzione erettile modificando lo stile di vita?<\/h3>\n<p>Avere un uno stile di vita sano ed equilibrato ha dimostrato di avere un effetto positivo sulla disfunzione erettile. Parli con il medico se ritieni che uno dei seguenti cambiamenti possa aiutare con la tua disfunzione erettile:<\/p>\n<ul>\n<li>Perdere peso in eccesso<\/li>\n<li>Mangiare una dieta equilibrata<\/li>\n<li> Ridurre il consumo di alcol<\/li>\n<li>Smettere di fumare<\/li>\n<li>Ridurre i livelli di stress<\/li>\n<li>Esercitarsi regolarmente<\/li>\n<li>Migliorare il ritmo del sonno<\/li>\n<\/ul>\n<p>Prima di apportare cambiamenti drastici al tuo stile di vita, parla sempre con un medico.<\/p>\n<hr \/>\n<h2 id=\"desc-content-6\" class=\"arrow-right-xs arrow-down-xs\"> <a id=\"Buying Spedra\" name=\"Buying Spedra\"><\/a>Acquista Spedra online da Prescription Doctor<\/h2>\n<p>Come con qualsiasi farmaco da Prescription Doctor, tutto ci\u00f2 che devi fare \u00e8 completare una breve visita medica questionario. I nostri prescrittori registrati si assicureranno che la tua scelta di farmaci sia quella giusta per te.<br \/> La nostra farmacia registrata nel Regno Unito distribuir\u00e0 i tuoi farmaci. Se il tuo ordine viene approvato\u00a0prima delle 15:00, garantiamo la consegna dei farmaci tramite corriere il giorno successivo in un pacchetto discreto per garantire la tua totale privacy.<\/p>\n","protected":false},"excerpt":{"rendered":"<p>Spedra \u00e8 un medicinale ad azione rapida per la disfunzione erettile, che inizia a funzionare in 20 minuti.<\/p>\n<p>Acquista Spedra online da Prescription Doctor oggi stesso. I nostri prescrittori sono online per verificare la tua idoneit\u00e0, a seguito di un breve questionario medico.<\/p>\n","protected":false},"featured_media":2000,"comment_status":"open","ping_status":"closed","template":"","meta":[],"product_cat":[146],"product_tag":[],"class_list":{"0":"post-1926","1":"product","2":"type-product","3":"status-publish","4":"has-post-thumbnail","6":"product_brand-mens-health","7":"product_cat-salute-delluomo","9":"first","10":"instock","11":"featured","12":"shipping-taxable","13":"purchasable","14":"product-type-variable"},"_links":{"self":[{"href":"https:\/\/www.medsconsulting.com\/it\/wp-json\/wp\/v2\/product\/1926","targetHints":{"allow":["GET"]}}],"collection":[{"href":"https:\/\/www.medsconsulting.com\/it\/wp-json\/wp\/v2\/product"}],"about":[{"href":"https:\/\/www.medsconsulting.com\/it\/wp-json\/wp\/v2\/types\/product"}],"replies":[{"embeddable":true,"href":"https:\/\/www.medsconsulting.com\/it\/wp-json\/wp\/v2\/comments?post=1926"}],"wp:featuredmedia":[{"embeddable":true,"href":"https:\/\/www.medsconsulting.com\/it\/wp-json\/wp\/v2\/media\/2000"}],"wp:attachment":[{"href":"https:\/\/www.medsconsulting.com\/it\/wp-json\/wp\/v2\/media?parent=1926"}],"wp:term":[{"taxonomy":"product_cat","embeddable":true,"href":"https:\/\/www.medsconsulting.com\/it\/wp-json\/wp\/v2\/product_cat?post=1926"},{"taxonomy":"product_tag","embeddable":true,"href":"https:\/\/www.medsconsulting.com\/it\/wp-json\/wp\/v2\/product_tag?post=1926"}],"curies":[{"name":"wp","href":"https:\/\/api.w.org\/{rel}","templated":true}]}}