{"id":1920,"date":"2020-10-25T15:12:11","date_gmt":"2020-10-25T15:12:11","guid":{"rendered":"https:\/\/www.medsconsulting.com\/it\/?post_type=product&#038;p=1920"},"modified":"2022-04-14T09:27:11","modified_gmt":"2022-04-14T09:27:11","slug":"clindina","status":"publish","type":"product","link":"https:\/\/www.medsconsulting.com\/it\/product\/la-salute-delle-donne\/clindina\/","title":{"rendered":"Clinodina"},"content":{"rendered":"<h2>Cos&#8217;\u00e8 la clonidina?<\/h2>\n<p>La clonidina abbassa la pressione sanguigna diminuendo i livelli di alcune sostanze chimiche nel sangue. Ci\u00f2 consente ai vasi sanguigni di rilassarsi e al cuore di battere pi\u00f9 lentamente e facilmente.<\/p>\n<p>Il marchio Catapres di clonidina \u00e8 usato per curare l&#8217;ipertensione (pressione alta). Il marchio Kapvay \u00e8 usato per trattare il disturbo da deficit di attenzione e iperattivit\u00e0 (ADHD).<\/p>\n<p>La clonidina viene talvolta somministrata con altri farmaci.<\/p>\n<h2>Informazioni importanti<\/h2>\n<p>Prima di prendere la clonidina , informi il medico se ha una malattia cardiaca o una grave malattia coronarica, un disturbo del ritmo cardiaco, battito cardiaco lento, pressione sanguigna bassa, una storia di infarto o ictus, malattie renali o se ha mai avuto una reazione allergica a un Catapres Cerotto cutaneo transdermico TTS.<\/p>\n<h2>Prima di prendere questo medicinale<\/h2>\n<p>Non dovresti assumere questo medicinale se sei allergico alla clonidina.<\/p>\n<p>Per assicurarti che la clonidina sia sicura per lei, informi il medico se ha:<\/p>\n<ul>\n<li>malattia cardiaca o grave malattia coronarica;<\/li>\n<li>disturbo del ritmo cardiaco, battito cardiaco lento;<\/li>\n<li>basso livello di sangue pressione o una storia di svenimenti;<\/li>\n<li>una storia di infarto o ictus;<\/li>\n<li>feocromocitoma (tumore della ghiandola surrenale);<\/li>\n<li>malattia renale; o<\/li>\n<li>se ha mai avuto una reazione allergica a un cerotto cutaneo Catapres TTS.<\/li>\n<\/ul>\n<p>Gli anziani possono essere pi\u00f9 sensibili agli effetti di questo medicinale.<\/p>\n<p>Non \u00e8 noto se questo medicinale possa danneggiare il feto. Informi il medico se \u00e8 incinta o sta pianificando una gravidanza durante l&#8217;assunzione di clonidina.<\/p>\n<p>La clonidina pu\u00f2 passare nel latte materno e pu\u00f2 danneggiare un bambino che allatta. Informi il medico se stai allattando un bambino.<\/p>\n<p><b>Catapres<\/b>\u00a0non \u00e8 approvato per l&#8217;uso da parte di persone di et\u00e0 inferiore ai 18 anni. Non somministrare\u00a0<b>Kapvay<\/b>\u00a0a un bambino di et\u00e0 inferiore ai 6 anni.<\/p>\n<h2 id=\"directions\">Come devo prendere la clonidina?<\/h2>\n<p>Prendere la clonidina esattamente come fa ti \u00e8 stato prescritto Segui tutte le indicazioni sull&#8217;etichetta della prescrizione. Il medico pu\u00f2 occasionalmente modificare la dose per assicurarsi di ottenere i migliori risultati. Non prenda questo medicinale in quantit\u00e0 maggiori o minori o per un periodo pi\u00f9 lungo di quanto raccomandato.<\/p>\n<p>La clonidina viene generalmente assunta al mattino e prima di coricarsi. Se assume dosi diverse di questo medicinale a ogni somministrazione, potrebbe essere meglio assumere la dose pi\u00f9 grande prima di coricarsi.<\/p>\n<p>La clonidina pu\u00f2 essere assunta con o senza cibo.<\/p>\n<p>Non utilizzare due forme di clonidina contemporaneamente. Questo medicinale \u00e8 disponibile anche come cerotto transdermico indossato sulla pelle.<\/p>\n<p>Non frantumare, masticare o rompere una compressa a rilascio prolungato. Ingoiatela intera. Informi il medico se ha difficolt\u00e0 a deglutire la compressa.<\/p>\n<p>Se ha bisogno di un intervento chirurgico, informi il chirurgo in anticipo che sta usando la clonidina. Potrebbe essere necessario interrompere l&#8217;uso del medicinale per un breve periodo.<\/p>\n<p>Non interrompere l&#8217;uso della clonidina all&#8217;improvviso, altrimenti potresti avere spiacevoli sintomi di astinenza. Chieda al medico come interrompere in sicurezza l&#8217;uso di questo medicinale.<\/p>\n<p>Chiamate il medico se siete malati di vomito. Una malattia prolungata pu\u00f2 rendere pi\u00f9 difficile per il tuo corpo assorbire questo medicinale, il che pu\u00f2 portare a sintomi di astinenza. <b>Questo \u00e8 particolarmente importante per un bambino che assume clonidina.<\/b><\/p>\n<p>Se sei in cura per la pressione alta, continua a usare questo farmaco anche se ti senti bene. La pressione alta spesso non ha sintomi. Potrebbe essere necessario utilizzare farmaci per la pressione sanguigna per il resto della tua vita.<\/p>\n<p>Conservare a temperatura ambiente lontano da umidit\u00e0, calore e luce.<\/p>\n<h2 id=\"avoid\">Cosa devo fare evitare durante l&#8217;assunzione di clonidina?<\/h2>\n<p>Evitare di bere alcolici. Pu\u00f2 aumentare alcuni effetti collaterali della clonidina.<\/p>\n<p>La clonidina pu\u00f2 compromettere il pensiero o le reazioni. Eviti di guidare o di usare macchinari finch\u00e9 non sa come questo medicinale avr\u00e0 effetti su di lei. Vertigini o grave sonnolenza possono causare cadute o altri incidenti.<\/p>\n","protected":false},"excerpt":{"rendered":"<p>Cos&#8217;\u00e8 la clonidina? La clonidina abbassa la pressione sanguigna diminuendo i livelli di alcune sostanze chimiche nel sangue. Ci\u00f2 consente ai vasi sanguigni di rilassarsi e al cuore di battere pi\u00f9 lentamente e facilmente. Il marchio Catapres di clonidina \u00e8 &hellip; <a href=\"https:\/\/www.medsconsulting.com\/it\/product\/la-salute-delle-donne\/clindina\/\">Readmore<\/a><\/p>\n","protected":false},"featured_media":1993,"comment_status":"open","ping_status":"closed","template":"","meta":[],"product_cat":[147],"product_tag":[],"class_list":{"0":"post-1920","1":"product","2":"type-product","3":"status-publish","4":"has-post-thumbnail","6":"product_cat-la-salute-delle-donne","8":"first","9":"instock","10":"featured","11":"shipping-taxable","12":"purchasable","13":"product-type-variable","14":"has-default-attributes"},"_links":{"self":[{"href":"https:\/\/www.medsconsulting.com\/it\/wp-json\/wp\/v2\/product\/1920","targetHints":{"allow":["GET"]}}],"collection":[{"href":"https:\/\/www.medsconsulting.com\/it\/wp-json\/wp\/v2\/product"}],"about":[{"href":"https:\/\/www.medsconsulting.com\/it\/wp-json\/wp\/v2\/types\/product"}],"replies":[{"embeddable":true,"href":"https:\/\/www.medsconsulting.com\/it\/wp-json\/wp\/v2\/comments?post=1920"}],"wp:featuredmedia":[{"embeddable":true,"href":"https:\/\/www.medsconsulting.com\/it\/wp-json\/wp\/v2\/media\/1993"}],"wp:attachment":[{"href":"https:\/\/www.medsconsulting.com\/it\/wp-json\/wp\/v2\/media?parent=1920"}],"wp:term":[{"taxonomy":"product_cat","embeddable":true,"href":"https:\/\/www.medsconsulting.com\/it\/wp-json\/wp\/v2\/product_cat?post=1920"},{"taxonomy":"product_tag","embeddable":true,"href":"https:\/\/www.medsconsulting.com\/it\/wp-json\/wp\/v2\/product_tag?post=1920"}],"curies":[{"name":"wp","href":"https:\/\/api.w.org\/{rel}","templated":true}]}}