{"id":1903,"date":"2020-10-25T13:29:33","date_gmt":"2020-10-25T13:29:33","guid":{"rendered":"https:\/\/www.medsconsulting.com\/it\/?post_type=product&#038;p=1903"},"modified":"2022-04-14T09:27:57","modified_gmt":"2022-04-14T09:27:57","slug":"sildenafil","status":"publish","type":"product","link":"https:\/\/www.medsconsulting.com\/it\/product\/salute-delluomo\/sildenafil\/","title":{"rendered":"Sildenafil"},"content":{"rendered":"<h2>Sildenafil Online<\/h2>\n<p>Puoi richiedere di acquistare\u00a0compresse di Sildenafil online nel Regno Unito senza prescrizione medica, presso la nostra farmacia online registrata e\u00a0servizio medico. Poich\u00e9 questo farmaco richiede una prescrizione, dovrai completare una valutazione online. Una volta completato l&#8217;ordine, i nostri medici generici registrati e formati nel Regno Unito esamineranno la tua valutazione. Se approvata, verr\u00e0 emessa una prescrizione che verr\u00e0 trasmessa alla nostra farmacia online registrata nel Regno Unito. Il team della farmacia distribuir\u00e0 il tuo ordine e spedir\u00e0 il farmaco all&#8217;indirizzo di consegna prescelto.<\/p>\n<h2>Cos&#8217;\u00e8 il Sildenafil?<\/h2>\n<p>Il sildenafil \u00e8 un farmaco usato per la disfunzione erettile negli uomini. \u00c8 la forma generica del noto farmaco,\u00a0Viagra. Il brevetto per il Viagra \u00e8 scaduto\u00a0nel 2013, il che ha consentito a produttori diversi da Pfizer di produrre il farmaco. Questo, a sua volta, ha fatto scendere il prezzo della forma generica di Viagra. Il Sildenafil\u00a0\u00e8 una scelta popolare di trattamento per la disfunzione erettile, poich\u00e9 dal punto di vista medico non vi \u00e8 alcuna differenza tra il Sildenafil e la sua alternativa di marca, tuttavia il Sildenafil \u00e8 un&#8217;opzione molto pi\u00f9 conveniente.<\/p>\n<h3>Come ordinare le compresse di Sildenafil<\/h3>\n<p>Per effettuare un ordine per Sildenafil, \u00e8 necessario completare i tre passaggi descritti di seguito.<\/p>\n<ol>\n<li>Seleziona il trattamento<\/li>\n<li>Completa la valutazione<\/li>\n<li>Acquista<\/li>\n<p> li&gt; <\/ol>\n<h3>Informazioni sul Sildenafil<\/h3>\n<table>\n<tbody>\n<tr>\n<td>\n<h5>Come prendere il Sildenafil<\/h5>\n<\/td>\n<td>Prenda una compressa di Sildenafil circa un&#8217;ora prima del rapporto sessuale. Per prestazioni ottimali,\u00a0assumi\u00a0a stomaco vuoto. Gli effetti del Sildenafil\u00a0possono durare tra le 4 e le 6\u00a0ore.<\/p>\n<p>Non assumere mai pi\u00f9 di una compressa da 100 mg entro 24 ore<\/p>\n<p>Il sildenafil non deve essere assunto con pi\u00f9 di una o due unit\u00e0 di alcol , poich\u00e9\u00a0potrebbe non essere efficace.<\/td>\n<\/tr>\n<tr>\n<td>\n<h5>Come funziona il Sildenafil<\/h5>\n<\/td>\n<td>Il sildenafil\u00a0agisce\u00a0aumentando il flusso sanguigno nel tessuto erettile del pene. Il sildenafil non ha un impatto sulla libido, solo la tua capacit\u00e0 di ottenere e mantenere un&#8217;erezione quando sei eccitato sessualmente.<\/td>\n<\/tr>\n<tr>\n<td>\n<h5>Quanto \u00e8 efficace il sildenafil<\/h5>\n<\/td>\n<td>La maggior parte degli\u00a0uomini noter\u00e0 un&#8217;erezione pi\u00f9 solida e pi\u00f9 duratura. Se il trattamento non funziona, chiedi ai nostri medici se sarebbe opportuno aumentare la dose. In alternativa, possono raccomandare un altro trattamento.<\/p>\n<p>Se il Sildenafil non funziona per te la prima volta, potrebbe comunque essere pi\u00f9 efficace la prossima volta. I medici spesso consigliano di provare tutti i farmaci per la disfunzione erettile otto volte prima di rinunciare.<\/td>\n<\/tr>\n<tr>\n<td>\n<h5>Effetti collaterali<\/h5>\n<\/td>\n<td>Sebbene gli effetti collaterali siano rari, possono includere nausea, vomito e diarrea. Il sildenafil\u00a0pu\u00f2 anche causare congestione nasale, mal di testa, rossore al viso, lievi vertigini, battito cardiaco accelerato e visione offuscata.<\/td>\n<\/tr>\n<tr>\n<td>\n<h5>Nitrati e sildenafil<\/h5>\n<\/td>\n<td>Il sildenafil\u00a0non\u00a0pu\u00f2 essere prescritto dal nostro medico se sta assumendo nicorandil o farmaci a base di nitrati, come spray GTN o compresse di isosorbide mononitrato per l&#8217;angina.<\/td>\n<\/tr>\n<tr>\n<td>\n<h5>Alfa -bloccanti e Sildenafil<\/h5>\n<\/td>\n<td>Se sta assumendo medicinali alfa-bloccanti, come tamsulosina o trazodone, si consiglia di lasciare almeno sei ore tra l&#8217;assunzione dell&#8217;alfa-bloccante e il sildenafil.<\/td>\n<\/tr>\n<tr>\n<td>\n<h5>Prezzo<\/h5>\n<\/td>\n<td>Il sildenafil \u00e8 un&#8217;alternativa economica al Viagra, con prezzi a partire da \u00a3 7,95. I costi del Viagra di marca sono significativamente pi\u00f9 alti.<\/td>\n<\/tr>\n<\/tbody>\n<\/table>\n<h3>Alternative al sildenafil<\/h3>\n<p>Sebbene il sildenafil fornisca il trattamento pi\u00f9 conveniente, potrebbe non essere sempre il pi\u00f9 adatto alle tue esigenze. Il Levitra\u00a0(o Vardenafil) \u00e8 il trattamento pi\u00f9 adatto per le persone che soffrono di diabete, mentre il Cialis\u00a0(o\u00a0Tadalafil), fornisce un effetto pi\u00f9 duraturo. Ora esiste anche un&#8217;opzione da banco di Sildenafil sotto forma di\u00a0Viagra Connect. Questo contiene Sildenafil 50 mg.<\/p>\n<p>La crema Vitaros \u00e8 un&#8217;altra alternativa ai farmaci orali nel trattamento della disfunzione erettile.<\/p>\n<p>Puoi anche consultare la consulenza poich\u00e9 alcuni uomini soffrono di disfunzione erettile a causa dei nervi . Se pensi la tua disfunzione erettile \u00e8 psicologica,\u00a0la terapia pu\u00f2 fornire benefici a lungo termine in caso di successo.<\/p>\n<h3>Produttori diversi<\/h3>\n<p>Poich\u00e9 il Sildenafil \u00e8 un farmaco generico, esistono pi\u00f9 produttori dello stesso farmaco. Ci\u00f2 significa che potresti notare differenze nella confezione e persino nel colore della compressa da prescrizione a prescrizione. Tutti i produttori devono soddisfare gli standard MHRA, quindi puoi essere certo che il farmaco che ricevi contenga esattamente la stessa quantit\u00e0 di ingrediente attivo di qualsiasi altro.<\/p>\n<p>In rari casi, alcuni pazienti potrebbero notare che un produttore \u00e8 pi\u00f9 adatto per loro. Ci\u00f2 pu\u00f2 essere dovuto ad altri ingredienti nel farmaco come il colorante, che potrebbero essere anche allergici. Se hai notato che un particolare produttore \u00e8 meglio per te, inviaci un&#8217;e-mail dopo aver effettuato l&#8217;ordine richiedendo quale produttore desideri. Faremo quindi del nostro meglio per soddisfare la tua richiesta o offrire un rimborso se ci\u00f2 non \u00e8 possibile.<\/p>\n<p>I produttori di compresse di Sildenafil nel Regno Unito includono Teva, Mylan, Accord, Actavis, Dr Reddys, Sandoz e Zentiva tra gli altri.<\/p>\n<p>Qualunque trattamento per la DE le venga prescritto, \u00e8 importante che legga attentamente il foglio illustrativo per il paziente e prenda nota degli effetti collaterali che possono verificarsi. Puoi anche leggere di pi\u00f9 su Sildenafil, Sildenafil e altri trattamenti per la disfunzione erettile.<\/p>\n","protected":false},"excerpt":{"rendered":"<h3>Caratteristiche dei farmaci<\/h3>\n<ul>\n<li>Funziona in 30-60 minuti<\/li>\n<li>Versione generica di\u00a0<strong><a href=\"https:\/\/www.simpleonlinepharmacy.co.uk \/online-doctor\/erectile-disfunction\/viagra\/\">Viagra<\/a><\/strong><\/li>\n<li>Trattamento pi\u00f9 economico per la disfunzione erettile<\/li>\n<li>Non pi\u00f9 di UNA compressa in 24 ore<\/li>\n<\/ul>\n","protected":false},"featured_media":1908,"comment_status":"open","ping_status":"closed","template":"","meta":[],"product_cat":[146],"product_tag":[],"class_list":{"0":"post-1903","1":"product","2":"type-product","3":"status-publish","4":"has-post-thumbnail","6":"product_cat-salute-delluomo","8":"first","9":"instock","10":"featured","11":"shipping-taxable","12":"purchasable","13":"product-type-variable","14":"has-default-attributes"},"_links":{"self":[{"href":"https:\/\/www.medsconsulting.com\/it\/wp-json\/wp\/v2\/product\/1903","targetHints":{"allow":["GET"]}}],"collection":[{"href":"https:\/\/www.medsconsulting.com\/it\/wp-json\/wp\/v2\/product"}],"about":[{"href":"https:\/\/www.medsconsulting.com\/it\/wp-json\/wp\/v2\/types\/product"}],"replies":[{"embeddable":true,"href":"https:\/\/www.medsconsulting.com\/it\/wp-json\/wp\/v2\/comments?post=1903"}],"wp:featuredmedia":[{"embeddable":true,"href":"https:\/\/www.medsconsulting.com\/it\/wp-json\/wp\/v2\/media\/1908"}],"wp:attachment":[{"href":"https:\/\/www.medsconsulting.com\/it\/wp-json\/wp\/v2\/media?parent=1903"}],"wp:term":[{"taxonomy":"product_cat","embeddable":true,"href":"https:\/\/www.medsconsulting.com\/it\/wp-json\/wp\/v2\/product_cat?post=1903"},{"taxonomy":"product_tag","embeddable":true,"href":"https:\/\/www.medsconsulting.com\/it\/wp-json\/wp\/v2\/product_tag?post=1903"}],"curies":[{"name":"wp","href":"https:\/\/api.w.org\/{rel}","templated":true}]}}