{"id":1867,"date":"2020-10-25T12:01:00","date_gmt":"2020-10-25T12:01:00","guid":{"rendered":"https:\/\/www.medsconsulting.com\/it\/?post_type=product&#038;p=1867"},"modified":"2022-04-14T09:28:17","modified_gmt":"2022-04-14T09:28:17","slug":"comprare-amobarbital-sodio","status":"publish","type":"product","link":"https:\/\/www.medsconsulting.com\/it\/product\/pillole-suicide\/comprare-amobarbital-sodio\/","title":{"rendered":"Acquista Amobarbital Sodium (Acquista Amytal online)"},"content":{"rendered":"<h1><strong>ACQUISTA <\/strong><strong>SODIO AMOBARBITALE <\/strong><strong>(Acquista Amytal online)<\/strong><\/h1>\n<p>Acquista Sodio Amobarbital per un&#8217;uscita tranquilla e un sonno indolore senza una prescrizione facile presso MEDS CONSULTING. Un farmaco di colore bianco, sotto forma di polvere friabile e granulare, <a href=\"https:\/\/www.euthanasiagroup.com\/product\/buy-nembutal-online\/buy-nembutal-powder\/\" target=\"_blank\" rel=\"noopener\">Amytal<\/a> (Amobarbital Sodium) aiuta a far addormentare i pazienti prima di qualsiasi intervento chirurgico o operazione. Pertanto, \u00e8 usato come anestesia negli esseri umani.<\/p>\n<h3>EFFETTI COLLATERALI DI AMYTAL<\/h3>\n<p>Essendo un farmaco, ha effetti avversi come orticaria, difficolt\u00e0 respiratorie, allucinazioni, distorsioni sensoriali e rigonfiamento. Si consiglia di non abusarne perch\u00e9 tende a creare dipendenza.<\/p>\n<h3>DOVE ACQUISTARE AMYTAL (AMOBARBITAL SODIO)?<\/h3>\n<p>Il posto migliore per acquistare Amytal (Amobarbital Sodio) online e anche senza prescrizione medica \u00e8 All Care Express Online Pharmacy. Qui puoi trovare Amytal (Amobarbital Sodium) in vendita al prezzo pi\u00f9 basso disponibile, anche consegnato a casa tua.<\/p>\n<p>Il sedativo utilizzato per la terapia iniettabile dell&#8217;insonnia a stadio breve \u00e8 Amytal sodium (amobar<a href=\"https:\/\/www.medsconsulting.com\/it\/product\/others\/buy-efedrine-hcl-powder\/\">b<\/a>ital sodio).<\/p>\n<p>Parla con il tuo medico del tuo dose prescritta. Amytal Sodium pu\u00f2 interagire con fenobarbital, corticosteroidi, fenitoina, depressivi del SNC, IMAO ed estradiolo. Discuti di eventuali farmaci che assumi prima dello specialista. Se sei incinta, non prenda Amytal Sodium. Attenzione durante l&#8217;allattamento al seno Amytal Sodium. Amytal Sodium deve essere utilizzato per lo sviluppo delle abitudini solo sotto la supervisione di un medico. Con l&#8217;uso ripetuto, possono verificarsi adattamento e dipendenza fisica e psicologica. Se interrompe improvvisamente l&#8217;uso di questo medicinale, possono verificarsi sintomi di astinenza.<\/p>\n<p>Formazione del bambino <a href=\"https:\/\/www.euthanasiagroup.com\/product\/buy-nembutal-online\/buy-pentobarbital- sodio\/\" target=\"_blank\" rel=\"noopener\">barbiturici<\/a> possono esserlo. Possono verificarsi tolleranza, dipendenza psicologica e dipendenza dall&#8217;organismo, in particolare dopo un uso prolungato di dosi elevate di barbiturici. \u00c8 probabile che la somministrazione regolare di oltre 400 mg di pentobarbital o secobarbital causi dipendenza fisica per circa 90 giorni. Per le convulsioni da astinenza, una dose da 600 a 800 mg \u00e8 sufficiente per almeno 35 giorni. La dose media giornaliera \u00e8 in genere di circa 1,5 g per il tossicodipendente da barbiturici. La somma richiesta per sostenere lo stesso grado di tossicit\u00e0 aumenta con la tolleranza ai barbiturici; tuttavia, l&#8217;esposizione a una dose letale non aumenta pi\u00f9 di due volte. Quando ci\u00f2 accade, la differenza tra avvelenamento e morte \u00e8 inferiore<\/p>\n","protected":false},"excerpt":{"rendered":"<p>ACQUISTA SODIO AMOBARBITALE (Acquista Amytal online) Acquista Sodio Amobarbital per un&#8217;uscita tranquilla e un sonno indolore senza una prescrizione facile presso MEDS CONSULTING. Un farmaco di colore bianco, sotto forma di polvere friabile e granulare, Amytal (Amobarbital Sodium) aiuta a &hellip; <a href=\"https:\/\/www.medsconsulting.com\/it\/product\/pillole-suicide\/comprare-amobarbital-sodio\/\">Readmore<\/a><\/p>\n","protected":false},"featured_media":1872,"comment_status":"open","ping_status":"closed","template":"","meta":[],"product_cat":[258],"product_tag":[1738,1722,1723,1724,1725,1732,1730,1726,1729,1731,1728,1721,1727,1733,1734,1737,1744,1751,1739,1746,1742,1736,1745,1752,1753,1735,1754,1747,1741,1749,1755,1740,1750,1748,1743],"class_list":{"0":"post-1867","1":"product","2":"type-product","3":"status-publish","4":"has-post-thumbnail","6":"product_brand-suicide-pills","7":"product_cat-pillole-suicide","8":"product_tag-buy-amobarbital-india","9":"product_tag-comprare-amobarbital-sodio","10":"product_tag-comprare-amobarbital-sodio-canada","11":"product_tag-compra-amobarbital-sodio-cina","12":"product_tag-comprare-amobarbital-sodio-corea","13":"product_tag-comprare-amobarbital-sodio-francia","14":"product_tag-compra-amobarbital-sodium-germania-acquista-amobarbital-sodium-australia","15":"product_tag-comprare-amobarbital-sodio-giappone","16":"product_tag-compra-amobarbital-sodio-italia","17":"product_tag-buy-amobarbital-sodium-uk","18":"product_tag-comprare-amobarbital-sodio-paesi-bassi","19":"product_tag-comprare-amobarbital-sodio-senza-prescrizione","20":"product_tag-comprare-amobarbital-sodio-spagna","21":"product_tag-comprare-amobarbital-sodio-usa","22":"product_tag-acquista-amobarbital-sodio-spedizione-discreta","23":"product_tag-buy-amytal-uk","24":"product_tag-amobarbital-acquisto-online","25":"product_tag-amobarbital-controlled-substance","26":"product_tag-amobarbital-for-a-peaceful-death","27":"product_tag-amobarbital-for-sale-online","28":"product_tag-amobarbital-sodium-for-suicide","29":"product_tag-amobarbital-sodium-price","30":"product_tag-amobarbital-sodium-usage","31":"product_tag-amobarbitale","32":"product_tag-amytal","33":"product_tag-buy-amytal","34":"product_tag-effetti-collaterali-amytal","35":"product_tag-amobarbital-marchio","36":"product_tag-amobarbital-morte-indolore","37":"product_tag-sovradosaggio-di-amobarbital","38":"product_tag-amytal-sodio","39":"product_tag-amobarbital-suicidio","40":"product_tag-amobarbital-usi","41":"product_tag-uso-di-amobarbital","42":"product_tag-amobarbital-sodio-in-vendita","44":"first","45":"instock","46":"shipping-taxable","47":"purchasable","48":"product-type-variable","49":"has-default-attributes"},"_links":{"self":[{"href":"https:\/\/www.medsconsulting.com\/it\/wp-json\/wp\/v2\/product\/1867","targetHints":{"allow":["GET"]}}],"collection":[{"href":"https:\/\/www.medsconsulting.com\/it\/wp-json\/wp\/v2\/product"}],"about":[{"href":"https:\/\/www.medsconsulting.com\/it\/wp-json\/wp\/v2\/types\/product"}],"replies":[{"embeddable":true,"href":"https:\/\/www.medsconsulting.com\/it\/wp-json\/wp\/v2\/comments?post=1867"}],"wp:featuredmedia":[{"embeddable":true,"href":"https:\/\/www.medsconsulting.com\/it\/wp-json\/wp\/v2\/media\/1872"}],"wp:attachment":[{"href":"https:\/\/www.medsconsulting.com\/it\/wp-json\/wp\/v2\/media?parent=1867"}],"wp:term":[{"taxonomy":"product_cat","embeddable":true,"href":"https:\/\/www.medsconsulting.com\/it\/wp-json\/wp\/v2\/product_cat?post=1867"},{"taxonomy":"product_tag","embeddable":true,"href":"https:\/\/www.medsconsulting.com\/it\/wp-json\/wp\/v2\/product_tag?post=1867"}],"curies":[{"name":"wp","href":"https:\/\/api.w.org\/{rel}","templated":true}]}}