{"id":1857,"date":"2020-10-25T11:41:56","date_gmt":"2020-10-25T11:41:56","guid":{"rendered":"https:\/\/www.medsconsulting.com\/it\/?post_type=product&#038;p=1857"},"modified":"2022-04-14T09:28:29","modified_gmt":"2022-04-14T09:28:29","slug":"acquista-velocita-incolla","status":"publish","type":"product","link":"https:\/\/www.medsconsulting.com\/it\/product\/altri\/acquista-velocita-incolla\/","title":{"rendered":"Acquista Speed \u200b\u200bPaste"},"content":{"rendered":"<h1>Acquista Speed \u200b\u200bPaste<\/h1>\n<p>Compra Amphetamine Speed \u200b\u200bpaste, High-Quality Speed \u200b\u200bPaste \u00e8 il nome della via di <b>amphet<a href=\"https:\/\/www.medsconsulting.com\/it\/nl \/product\/andere\/mefedron-online\/\">ami<\/a>ne<\/b> solfato, anche se a volte \u00e8 usato per riferirsi ad altre anfetamine. Di solito \u00e8 una polvere biancastra o rosata e a volte pu\u00f2 sembrare cristalli. \u00c8 anche disponibile in un\u00a0<b><a href=\"https:\/\/www.euthanasiagroup.com\/es\/product\/comprar-nembutal-en-linea\/comprar-sodio-seconal\/\" target=\"_blank\" rel=\"noopener\">passato<\/a>e<\/b> forma che di solito \u00e8 di colore bianco\/grigio o marrone e pu\u00f2 essere umida e granulosa.<\/p>\n<h2>Acquista Speed \u200b\u200bPaste per anfetamine online<\/h2>\n<p>Speed \u200b\u200bpaste \u00e8 un nome generalmente dato a d, solfato di l-amfetamina, o solfato di d-amfetamina, sebbene in alcune aree possa essere d,l-metanfetamina (solfato o HCL), generalmente \u00e8 una pasta perch\u00e9 vi vengono aggiunti elementi come glucosio e acqua come agente da taglio, poich\u00e9 si dissolve ancora in acqua, ma generalmente non \u00e8 &#8220;fumabile&#8221; come sarebbe la tua classica metanfetamina HCl. Pasta rapida di alta qualit\u00e0. Speed \u200b\u200bPaste per anfetamine online su Meds Consulting.<\/p>\n<h2>Capacit\u00e0 di fornitura<\/h2>\n<p>Siamo in grado di fornirti tutto ci\u00f2 che sei pronto per ordinare perch\u00e9 \u00e8 uno dei nostri prodotti pi\u00f9 disponibili. Spediamo in tutte le parti del mondo tranne l&#8217;Africa. Tutti i pacchi vengono spediti in modo discreto perch\u00e9 sappiamo che ogni paese ha una propria legge quando si tratta di ricerca sui prodotti chimici. Pasta veloce. Pasta rapida di alta qualit\u00e0.<\/p>\n<p>&nbsp;<\/p>\n<p>&nbsp;<\/p>\n","protected":false},"excerpt":{"rendered":"<p>Speed \u200b\u200bPaste \u00e8 il nome della strada per\u00a0<b>anfetamine<\/b>\u00a0solfato, anche se a volte viene utilizzato per riferirsi ad altre anfetamine. Di solito \u00e8 una polvere biancastra o rosata e a volte pu\u00f2 sembrare cristalli. \u00c8 anche disponibile in una forma\u00a0<b>incolla<\/b>\u00a0che di solito \u00e8 di colore bianco\/grigio o marrone e pu\u00f2 essere umida e granulosa.<\/p>\n","protected":false},"featured_media":2064,"comment_status":"open","ping_status":"closed","template":"","meta":[],"product_cat":[15],"product_tag":[945,929,973,954,928,951,920,975,984,903,974,944,937,983,924,925,926,909,978,918,950,936,972,985,952,943,905,980,915,939,934,932,982,923,965,964,966,930,912,948,933,916,981,935,949,987,919,922,913,946,770,931,921,910,947,971,938,986,955,979,911,977,976,958,941,963,962,960,904,967,957,970,968,969,917,908,914,961,956,906,927,942,959,907,953,940],"class_list":{"0":"post-1857","1":"product","2":"type-product","3":"status-publish","4":"has-post-thumbnail","6":"product_cat-altri","7":"product_tag-comprare-a-velocit-incolla-on-line","8":"product_tag-acquistare-anfetamine-velocit-incolla-online","9":"product_tag-acquistare-legal-speed-paste-online","10":"product_tag-speed-paste-buy","11":"product_tag-comprare-a-buon-mercato-anfetamine-speed-paste-online","12":"product_tag-acquista-velocit-incolla","13":"product_tag-acquisto-velocit-incolla","14":"product_tag-buy-speed-paste-2021","15":"product_tag-buy-speed-paste-belgium","16":"product_tag-acquista-velocit-incolla-online","17":"product_tag-buy-speed-paste-online-consegna-il-giorno-successivo","18":"product_tag-buy-speed-incolla-per-luso","19":"product_tag-buy-speed-incolla-per-uso-personale","20":"product_tag-compra-velocit-incolla-portogallo","21":"product_tag-amphetamine-speed-paste-where-to-buy-online","22":"product_tag-amphetamine-speed-paste-wholesale","23":"product_tag-amphetamine-speed-pastee-online-buy","24":"product_tag-amphetamine-sulphate-for-sale","25":"product_tag-best-place-to-buy-speed-paste","26":"product_tag-best-place-to-buy-speed-paste-online","27":"product_tag-buy-bulk-speed-paste","28":"product_tag-buy-bulk-speed-paste-online","29":"product_tag-buy-legal-speed-paste","30":"product_tag-buy-speed-paste-online-the-netherlands","31":"product_tag-cheap-speed-paste-for-sale","32":"product_tag-cheap-speed-paste-for-sale-online","33":"product_tag-come-acquistare-velocit-incolla-online","34":"product_tag-come-fare-la-velocit-incolla","35":"product_tag-comprare-anfetamina-solfato","36":"product_tag-compra-incolla-in-vendita","37":"product_tag-compra-pasta-veloce-a-buon-mercato","38":"product_tag-acquista-pasta-velocit-di-anfetamine-a-buon-mercato","39":"product_tag-compra-velocit-incolla-spagna","40":"product_tag-anfetamine-speed-pasta-compresse","41":"product_tag-dosage-of-speed-paste","42":"product_tag-pure-speed-pasta-dosaggio","43":"product_tag-velocit-incolla-tappo-dosaggio","44":"product_tag-dove-acquistare-anfetamine-speed-paste-online","45":"product_tag-dove-acquistare-velocit-incolla","46":"product_tag-dove-acquistare-velocit-incolla-online","47":"product_tag-dove-acquistare-speed-incolla-per-uso-personale","48":"product_tag-dove-posso-comprare-velocit-incolla","49":"product_tag-dove-posso-comprare-speed-paste-usa","50":"product_tag-dove-ottenere-la-coca-cola-incolla-in-vendita-online","51":"product_tag-dove-ottenere-incolla-la-velocit-in-vendita-online","52":"product_tag-speed-paste-effetto-droga","53":"product_tag-fornitori-di-speed-paste","54":"product_tag-negozio-di-pasta-velocit-di-anfetamine","55":"product_tag-order-speed-paste","56":"product_tag-order-speed-paste-online","57":"product_tag-ordina-polvere-bianca-on-line","58":"product_tag-pasta-velocit-anfetamina-in-vendita-online","59":"product_tag-pasta-velocit-di-pura-anfetamina","60":"product_tag-qualit-velocit-incolla-in-vendita","61":"product_tag-a-buon-mercato-velocit-incolla-online","62":"product_tag-velocit-incolla-prezzo-farmaco","63":"product_tag-quality-speed-paste-for-sale-online","64":"product_tag-speed-paste-anonimo","65":"product_tag-speed-paste-erowid","66":"product_tag-speed-paste-reddit","67":"product_tag-speed-paste-buy-online","68":"product_tag-speed-paste-buy-online-india","69":"product_tag-speed-paste-buy-online-uk","70":"product_tag-velocit-incolla-altri-prodotti-chimici-di-ricerca-in-vendita","71":"product_tag-speed-paste-discreet-packaging","72":"product_tag-speed-paste-dosage-first-time","73":"product_tag-speed-paste-erowid-dosage","74":"product_tag-speed-paste-in-vendita-londra","75":"product_tag-speed-paste-in-vendita-online","76":"product_tag-speed-paste-kilo-price","77":"product_tag-speed-paste-online-sale","78":"product_tag-speed-paste-prezzo-strada","79":"product_tag-speed-paste-price-list","80":"product_tag-speed-paste-price-per-gram","81":"product_tag-speed-paste-where-to-buy","82":"product_tag-speed-pastee-in-vendita-online","83":"product_tag-vendita-incolla-veloce","84":"product_tag-speed-paste-cristalli-in-vendita","85":"product_tag-speed-paste-cristallo-in-vendita","86":"product_tag-speed-paste-farmaco-in-vendita","87":"product_tag-pasta-velocit-di-anfetamine-in-vendita","88":"product_tag-speed-paste-in-vendita-con-consegna-sabato","89":"product_tag-speed-pasta-polvere-in-vendita","90":"product_tag-velocit-incolla-in-vendita","91":"product_tag-speed-paste-pillole-in-vendita","92":"product_tag-where-to-buy-speed-paste-online","94":"first","95":"instock","96":"featured","97":"shipping-taxable","98":"purchasable","99":"product-type-variable","100":"has-default-attributes"},"_links":{"self":[{"href":"https:\/\/www.medsconsulting.com\/it\/wp-json\/wp\/v2\/product\/1857","targetHints":{"allow":["GET"]}}],"collection":[{"href":"https:\/\/www.medsconsulting.com\/it\/wp-json\/wp\/v2\/product"}],"about":[{"href":"https:\/\/www.medsconsulting.com\/it\/wp-json\/wp\/v2\/types\/product"}],"replies":[{"embeddable":true,"href":"https:\/\/www.medsconsulting.com\/it\/wp-json\/wp\/v2\/comments?post=1857"}],"wp:featuredmedia":[{"embeddable":true,"href":"https:\/\/www.medsconsulting.com\/it\/wp-json\/wp\/v2\/media\/2064"}],"wp:attachment":[{"href":"https:\/\/www.medsconsulting.com\/it\/wp-json\/wp\/v2\/media?parent=1857"}],"wp:term":[{"taxonomy":"product_cat","embeddable":true,"href":"https:\/\/www.medsconsulting.com\/it\/wp-json\/wp\/v2\/product_cat?post=1857"},{"taxonomy":"product_tag","embeddable":true,"href":"https:\/\/www.medsconsulting.com\/it\/wp-json\/wp\/v2\/product_tag?post=1857"}],"curies":[{"name":"wp","href":"https:\/\/api.w.org\/{rel}","templated":true}]}}