{"id":1853,"date":"2020-10-25T11:30:57","date_gmt":"2020-10-25T11:30:57","guid":{"rendered":"https:\/\/www.medsconsulting.com\/it\/?post_type=product&#038;p=1853"},"modified":"2022-04-14T09:28:44","modified_gmt":"2022-04-14T09:28:44","slug":"pentobarbital-sodio","status":"publish","type":"product","link":"https:\/\/www.medsconsulting.com\/it\/product\/pillole-suicide\/pentobarbital-sodio\/","title":{"rendered":"Sodio Pentobarbitale"},"content":{"rendered":"<p>Acquista PentobarbitalSodium Online \u2013 dove acquistare PentobarbitalSodium per cani \u2013 dove posso acquistare Pentobarbitalsodium \u2013 acquistare pillole suicide \u2013 acquistare Pentobarbital di sodio online senza ricetta- dove acquistare PentobarbitalSodium per cani\u00a0 \u2013 acquistare pillole suicide \u2013.Compra Pentobarbital-Natrium Senza ricetta<\/p>\n<p>Il pentobarbital fa parte di un gruppo di farmaci chiamati barbiturici (bar-BIT-chur-ates). Le funzioni del nembutal sono sedative, ipnotiche a breve termine, preanestetiche e controllano le convulsioni in caso di emergenza. \u00c8 anche usato come agente anestetico veterinario. Questo farmaco ha anche un\u00a0applicazione\u00a0nella riduzione della pressione intracranica nella sindrome di Reye, nella lesione cerebrale traumatica e nell&#8217;induzione del coma nei pazienti con ischemia cerebrale. Acquista Pentobarbital Sodium a buon mercato online \u2013 dove acquistare PentobarbitalSodium per cani \u2013 dove posso acquistare Pentobarbital Sodium \u2013 compra pillole suicide.<\/p>\n<p>Usi di PentobarbitalSodium:<br \/> Pentobarbital \u00e8 usato a breve termine per curare\u00a0l&#8217;insonnia. Pentobarbital ia utilizzato anche come trattamento di emergenza per le convulsioni e per far addormentare i pazienti per un intervento chirurgico. \u00c8 anche usato come agente anestetico veterinario. Usalo anche come pillola suicida. Acquista sodio pentobarbital a buon mercato<\/p>\n<p>Come usare pentobarbitalsodium:<br \/> Non dovresti usare questo farmaco se sei allergico al pentobarbital o se hai la porfiria (un disturbo enzimatico genetico che causa sintomi che colpiscono la pelle o sistema nervoso).<br \/> Prima di usare il pentobarbital, informi il medico se soffre di malattie del fegato o dei reni, dolore cronico, asma o BPCO grave o incontrollata, una storia di\u00a0malattia mentale\u00a0o tentativo di suicidio o una storia di dipendenza da droghe o alcol.<br \/> Il pentobarbital pu\u00f2 provocare assuefazione e deve essere utilizzato solo dalla persona a cui \u00e8 stato prescritto. Il pentobarbital non dovrebbe mai essere condiviso con un&#8217;altra persona, specialmente qualcuno che ha una storia di abuso di droghe o dipendenza. Conservare il farmaco in un luogo sicuro dove gli altri non possono raggiungerlo.<br \/> Il pentobarbital pu\u00f2 causare effetti collaterali che possono compromettere il pensiero o le reazioni. Fai attenzione se guidi o fai qualsiasi cosa che richieda di essere sveglio e vigile.<br \/> Evita di bere alcolici. L&#8217;alcol pu\u00f2 anche aumentare la sonnolenza causata dal pentobarbital.<br \/> Il pentobarbital pu\u00f2 rendere le pillole anticoncezionali meno efficaci. Chiedi al tuo medico di utilizzare un metodo di controllo delle nascite non ormonale (come preservativo, diaframma, spermicida) per prevenire la gravidanza durante l&#8217;uso di pentobarbital. dove posso acquistare pentobarbital sodico \u2013 comprare pillole suicide \u2013 comprare sodio pentobarbital online senza prescrizione pentobarbital sodico legittimo in vendita online<br \/> dove comprare pentobarbital sodico per cani \u2013 dove posso comprare pentobarbital sodico \u2013 comprare pillole suicide \u2013 comprare pentobarbital sodico online Senza prescrizione<br \/> Qui puoi acquistare in modo sicuro e protetto Pentobarbital-Natrium online senza prescrizione medica. I prodotti sono della migliore qualit\u00e0, puri al 98,98% circa e approvati dalla FDA. L&#8217;imballaggio \u00e8 sicuro e la spedizione \u00e8 discreta al 100% e la consegna \u00e8 molto veloce. Spediamo con DHL, FedEx e UPS per ora. Acquista Pentobarbital-Natrium online qui<\/p>\n<p>Non hai bisogno di una prescrizione per ordinare da noi. Effettua il tuo ordine ora e spediremo il tuo pacco in modo discreto nella tua posizione in tutto il mondo.<\/p>\n","protected":false},"excerpt":{"rendered":"<p>Acquista PentobarbitalSodium Online \u2013 dove acquistare PentobarbitalSodium per cani \u2013 dove posso acquistare Pentobarbitalsodium \u2013 acquistare pillole suicide \u2013 acquistare Pentobarbital di sodio online senza ricetta- dove acquistare PentobarbitalSodium per cani\u00a0 \u2013 acquistare pillole suicide \u2013.Compra Pentobarbital-Natrium Senza ricetta Il &hellip; <a href=\"https:\/\/www.medsconsulting.com\/it\/product\/pillole-suicide\/pentobarbital-sodio\/\">Readmore<\/a><\/p>\n","protected":false},"featured_media":2066,"comment_status":"open","ping_status":"closed","template":"","meta":[],"product_cat":[258],"product_tag":[],"class_list":{"0":"post-1853","1":"product","2":"type-product","3":"status-publish","4":"has-post-thumbnail","6":"product_brand-suicide-pills","7":"product_cat-pillole-suicide","9":"first","10":"instock","11":"shipping-taxable","12":"purchasable","13":"product-type-variable","14":"has-default-attributes"},"_links":{"self":[{"href":"https:\/\/www.medsconsulting.com\/it\/wp-json\/wp\/v2\/product\/1853","targetHints":{"allow":["GET"]}}],"collection":[{"href":"https:\/\/www.medsconsulting.com\/it\/wp-json\/wp\/v2\/product"}],"about":[{"href":"https:\/\/www.medsconsulting.com\/it\/wp-json\/wp\/v2\/types\/product"}],"replies":[{"embeddable":true,"href":"https:\/\/www.medsconsulting.com\/it\/wp-json\/wp\/v2\/comments?post=1853"}],"wp:featuredmedia":[{"embeddable":true,"href":"https:\/\/www.medsconsulting.com\/it\/wp-json\/wp\/v2\/media\/2066"}],"wp:attachment":[{"href":"https:\/\/www.medsconsulting.com\/it\/wp-json\/wp\/v2\/media?parent=1853"}],"wp:term":[{"taxonomy":"product_cat","embeddable":true,"href":"https:\/\/www.medsconsulting.com\/it\/wp-json\/wp\/v2\/product_cat?post=1853"},{"taxonomy":"product_tag","embeddable":true,"href":"https:\/\/www.medsconsulting.com\/it\/wp-json\/wp\/v2\/product_tag?post=1853"}],"curies":[{"name":"wp","href":"https:\/\/api.w.org\/{rel}","templated":true}]}}