{"id":1826,"date":"2020-10-25T11:03:24","date_gmt":"2020-10-25T11:03:24","guid":{"rendered":"https:\/\/www.medsconsulting.com\/it\/?post_type=product&#038;p=1826"},"modified":"2022-04-14T09:29:02","modified_gmt":"2022-04-14T09:29:02","slug":"ritalin","status":"publish","type":"product","link":"https:\/\/www.medsconsulting.com\/it\/product\/sollievo-dal-dolore\/ritalin\/","title":{"rendered":"Ritalin"},"content":{"rendered":"<h1>Acquista Ritalin online<\/h1>\n<p>Siamo una fonte legittima e genuina di\u00a0Ritalin . (<a href=\"https:\/\/en.wikipedia.org\/wiki\/Methylphenidate\" target=\"_blank\" rel=\"noopener\">metilfenidato<\/a>) \u00e8 uno stimolante focale del sistema sensoriale. Influenza le sostanze sintetiche nel cervello e nei nervi che si aggiungono all&#8217;iperattivit\u00e0 e al controllo della guida.<\/p>\n<h2>Usi del Ritalin<\/h2>\n<p>Inoltre, tratta l&#8217;incapacit\u00e0 di concentrare costantemente il disordine (ADD), carenza di considerazione iperattivit\u00e0 (ADHD) e narcolessia.<\/p>\n<p>Non devi usarlo nella remota possibilit\u00e0 che tu abbia glaucoma, tic o disturbo di Tourette o grave nervosismo, pressione o agitazione.<\/p>\n<h3> Acquista Ritalin (Acquista <a href=\"https:\/\/www.medsconsulting.com\/it\/nl\/product\/pijn-en-verlichting\/ritalin\/\">Metilfenidato<\/a> online)<\/h3>\n<p>Prendi compresse da qualche parte da 30 a 45 minuti prima di una cena.<\/p>\n<p>Cerca di non mordere o rompere la compressa di Ritalin SR. ingoiare la compressa. Rompere la compressa \u00e8 sbagliato, quindi ingoia semplicemente la compressa.<\/p>\n<p>Questo prodotto \u00e8 il miglior e pi\u00f9 ampiamente riconosciuto farmaco per la riduzione della pressione sul mercato. le persone usano questo prodotto da molto tempo e ora molte persone lo usano come auto-farmaco per la pressione. L&#8217;uso principale del Ritalin \u00e8 per il trattamento dell&#8217;ADHD che \u00e8 estremamente normale nei bambini. Mentre gli adulti lo usano per calmare le loro menti. Il Ritalin agisce anche all&#8217;interno della mente regolando le caratteristiche sintetiche nel cervello.<\/p>\n<h3>\u00a0Dosaggio<\/h3>\n<p>Gli adulti assumono 3-4 compresse al giorno come dose giornaliera. Si consigliano dosi di 20-30 mg per le persone normali poich\u00e9 il dosaggio differisce da un paziente. Considerando che alcuni pazienti potrebbero anche essere consigliati 40-60 mg\u00a0al giorno. Mentre per i bambini 40 mg al giorno \u00e8 un dosaggio normale e qualsiasi cosa al di sopra di 60 mg non \u00e8 consigliata. Gli effetti collaterali potrebbero verificarsi con dosi pi\u00f9 elevate. Quindi fai attenzione ai dosaggi e calcolali correttamente al momento dell&#8217;acquisto.<\/p>\n<h4>Misure di sicurezza<\/h4>\n<p>Prima di acquistare il Ritalin, dovresti controllare la tua storia medica ed astenersi dall&#8217;assumerlo nel caso in cui hanno sperimentato gravi condizioni riparative. Gli individui con una storia di malattia coronarica devono starne alla larga. Nella remota possibilit\u00e0 che tu abbia il glaucoma, consulta il tuo medico.<\/p>\n<h4>Sintomi<\/h4>\n<p>Infine, ecco vari sintomi, alcune di queste reazioni sono il polso espanso. A parte questo, alcune persone potrebbero avere un tormento al petto e sentirsi un po&#8217; accaldate.<\/p>\n<p>&nbsp;<\/p>\n","protected":false},"excerpt":{"rendered":"<p>Acquista Ritalin online Siamo una fonte legittima e genuina di\u00a0Ritalin . (metilfenidato) \u00e8 uno stimolante focale del sistema sensoriale. Influenza le sostanze sintetiche nel cervello e nei nervi che si aggiungono all&#8217;iperattivit\u00e0 e al controllo della guida. Usi del Ritalin &hellip; <a href=\"https:\/\/www.medsconsulting.com\/it\/product\/sollievo-dal-dolore\/ritalin\/\">Readmore<\/a><\/p>\n","protected":false},"featured_media":2062,"comment_status":"open","ping_status":"closed","template":"","meta":[],"product_cat":[242],"product_tag":[446,445,443,442,473,474,447,448,444,472,449,441,469,455,466,456,471,459,450,462,461,465,457,463,468,470,467,454,464,452,458,460,451,453],"class_list":{"0":"post-1826","1":"product","2":"type-product","3":"status-publish","4":"has-post-thumbnail","6":"product_cat-sollievo-dal-dolore","7":"product_tag-compra-ritalin-a-buon-mercato","8":"product_tag-buy-ritalin-austria","9":"product_tag-compra-generico-ritalin","10":"product_tag-buy-ritalin30mg","11":"product_tag-comprare-ritalin-tablet-on-line-a-buon-mercato","12":"product_tag-comprare-ritalin-pillole-online","13":"product_tag-acquistare-legit-ritalin-online","14":"product_tag-compra-ritalin-legittimo-in-vendita-online","15":"product_tag-buy-ritalin-online","16":"product_tag-come-acquistare-ritalin-tablet-online","17":"product_tag-come-acquistare-ritalin-online","18":"product_tag-buy-ritalin","19":"product_tag-comprare-ritalin-pillole-uk","20":"product_tag-ritalin-tablet-acquisto-online","21":"product_tag-compresse-di-ritalin","22":"product_tag-dove-acquistare-ritalin","23":"product_tag-dove-acquistare-ritalin-online-usa","24":"product_tag-dove-posso-comprare-il-ritalin-tablet","25":"product_tag-ritalin-farmaco-in-vendita","26":"product_tag-ritalin-fornitori","27":"product_tag-miglior-posto-per-comprare-ritalin-online","28":"product_tag-ritalin-online-store","29":"product_tag-ordine-ritalin-ritalin","30":"product_tag-pure-ritalin-online","31":"product_tag-ritalin-allingrosso","32":"product_tag-ritalin-da-acquistare","33":"product_tag-ritalin-da-acquistare-online","34":"product_tag-qualit-c3-a0-ritalin-in-vendita","35":"product_tag-ritalin-in-linea","36":"product_tag-ritalin-in-vendita","37":"product_tag-ritalin-vendita","38":"product_tag-ritalin-pills-where-to-buy","39":"product_tag-ritalin-tablets-for-sale","40":"product_tag-ritalin-pillole-in-vendita","42":"first","43":"instock","44":"featured","45":"shipping-taxable","46":"purchasable","47":"product-type-variable","48":"has-default-attributes"},"_links":{"self":[{"href":"https:\/\/www.medsconsulting.com\/it\/wp-json\/wp\/v2\/product\/1826","targetHints":{"allow":["GET"]}}],"collection":[{"href":"https:\/\/www.medsconsulting.com\/it\/wp-json\/wp\/v2\/product"}],"about":[{"href":"https:\/\/www.medsconsulting.com\/it\/wp-json\/wp\/v2\/types\/product"}],"replies":[{"embeddable":true,"href":"https:\/\/www.medsconsulting.com\/it\/wp-json\/wp\/v2\/comments?post=1826"}],"wp:featuredmedia":[{"embeddable":true,"href":"https:\/\/www.medsconsulting.com\/it\/wp-json\/wp\/v2\/media\/2062"}],"wp:attachment":[{"href":"https:\/\/www.medsconsulting.com\/it\/wp-json\/wp\/v2\/media?parent=1826"}],"wp:term":[{"taxonomy":"product_cat","embeddable":true,"href":"https:\/\/www.medsconsulting.com\/it\/wp-json\/wp\/v2\/product_cat?post=1826"},{"taxonomy":"product_tag","embeddable":true,"href":"https:\/\/www.medsconsulting.com\/it\/wp-json\/wp\/v2\/product_tag?post=1826"}],"curies":[{"name":"wp","href":"https:\/\/api.w.org\/{rel}","templated":true}]}}