{"id":1801,"date":"2020-10-25T09:19:53","date_gmt":"2020-10-25T09:19:53","guid":{"rendered":"https:\/\/www.medsconsulting.com\/it\/?post_type=product&#038;p=1801"},"modified":"2022-04-14T09:29:37","modified_gmt":"2022-04-14T09:29:37","slug":"mirtazapina","status":"publish","type":"product","link":"https:\/\/www.medsconsulting.com\/it\/product\/ansia\/mirtazapina\/","title":{"rendered":"Mirtazapina"},"content":{"rendered":"<p>Mirtazapina 30 mg compresse \u2013 mirtazapina 30 mg in vendita<br \/> Acquista mirtazapina 30 mg compresse: Mirtazapina 30 mg approvata dalla FDA, generico equivalente a\u00a0<a href=\"https:\/\/en.wikipedia.org\/wiki\/Mirtazapine\" target=\"_blank\" rel=\"noopener\">Remeron <\/a><\/p>\n<p>PRESCRIZIONE RICHIESTA<br \/> Vedere le istruzioni di seguito<br \/> IMPORTANTE: COME USARE QUESTE INFORMAZIONI: Questo \u00e8 un riassunto e NON contiene tutte le informazioni possibili su questo prodotto.<\/p>\n<p>Queste informazioni non garantiscono che questo prodotto sia sicuro, efficace o appropriato per te.<\/p>\n<p>Queste informazioni non costituiscono un consiglio medico individuale e non sostituiscono il parere del tuo medico.<\/p>\n<p>Chiedi sempre al tuo medico curante informazioni complete su questo prodotto e sulle tue specifiche esigenze di salute. Acquista mirtazapina compresse da 30 mg<\/p>\n<p>MIRTAZAPINA &#8211; ORALE<\/p>\n<p>(mer-TAZE-uh-peen)<\/p>\n<p>NOME MARCHIO COMUNE: Remeron<\/p>\n<p>AVVERTENZA:<br \/> I farmaci antidepressivi sono usati per trattare una variet\u00e0 di condizioni, tra cui la depressione e altri disturbi mentali\/dell&#8217;umore.<\/p>\n<p>Questi farmaci possono aiutare a prevenire pensieri\/tentativi suicidi e fornire altri importanti benefici. Tuttavia, gli studi hanno dimostrato che un piccolo numero di persone (soprattutto le persone di et\u00e0 inferiore ai 25 anni) che assumono antidepressivi per qualsiasi condizione possono sperimentare un peggioramento della depressione, altri sintomi mentali\/dell&#8217;umore o pensieri\/tentativi suicidi.<\/p>\n<p>Pertanto, \u00e8 molto importante parlare con il medico dei rischi e dei benefici dei farmaci antidepressivi (soprattutto per le persone di et\u00e0 inferiore ai 25 anni), anche se il trattamento non riguarda una condizione mentale\/dell&#8217;umore.<\/p>\n<p>Informare immediatamente il medico se nota un peggioramento della depressione\/altre condizioni psichiatriche, cambiamenti comportamentali insoliti (inclusi possibili pensieri\/tentativi suicidi) o altri cambiamenti mentali\/dell&#8217;umore (inclusi ansia nuova\/in peggioramento, attacchi di panico, disturbi del sonno, irritabilit\u00e0, sentimenti ostili\/di rabbia, azioni impulsive, grave irrequietezza, linguaggio molto rapido).<\/p>\n<p> Prestare particolare attenzione a questi sintomi quando si inizia un nuovo antidepressivo o quando si cambia la dose. Acquista mirtazapina 30 mg compresse- Acquista mirtazapina senza prescrizione medica<\/p>\n<p>USI: La mirtazapina \u00e8 usata per trattare la depressione. Migliora l&#8217;umore e le sensazioni di benessere. La mirtazapina \u00e8 un antidepressivo che agisce ripristinando l&#8217;equilibrio delle sostanze chimiche naturali (neurotrasmettitori) nel cervello.- mirtazapina 30 mg in vendita<\/p>\n<p>COME SI USA:<\/p>\n<p>Leggi la Guida ai farmaci fornita dal tuo farmacista prima di iniziare a usare mirtazapina e ogni volta che riceve una ricarica perch\u00e9 potrebbero essere disponibili nuove informazioni. In caso di domande relative alle informazioni, consultare il medico o il farmacista.<\/p>\n<p>Prenda questo farmaco per bocca, con o senza cibo, di solito una volta al giorno prima di coricarsi o come indicato dal medico.<\/p>\n<p>Il dosaggio si basa sulle tue condizioni mediche e sulla risposta alla terapia, ma non deve superare i 45 milligrammi al giorno. Usa questo farmaco regolarmente per trarne il massimo beneficio.<\/p>\n<p>Ricordati di usarlo ogni giorno alla stessa ora. Potrebbero essere necessarie da 1 a 4 settimane per notare un miglioramento dei sintomi. Pertanto, non aumentare la dose o assumerla pi\u00f9 spesso di quanto prescritto.<\/p>\n<p>\u00c8 importante continuare a prendere questo farmaco anche se ti senti bene. Non interrompere l&#8217;assunzione di questo farmaco senza consultare il medico. Alcune condizioni possono peggiorare quando il farmaco viene interrotto bruscamente.<\/p>\n<p>Potrebbe essere necessario ridurre gradualmente la dose. Informi il medico se la sua condizione persiste o peggiora.<\/p>\n<p>EFFETTI COLLATERALI: Vedi anche la sezione Avvertenze. Possono verificarsi vertigini, sonnolenza, stordimento, aumento dell&#8217;appetito, aumento di peso, secchezza delle fauci o stitichezza. Se uno qualsiasi di questi effetti persiste o peggiora, informi immediatamente il medico o il farmacista.<\/p>\n<p>Per alleviare la secchezza delle fauci, succhiare caramelle dure (senza zucchero) o scaglie di ghiaccio, masticare gomme (senza zucchero), bere acqua o usare un sostituto della saliva.<\/p>\n<p>Ricorda che il tuo medico ha prescritto questo farmaco perch\u00e9 ha ritenuto che il beneficio per te sia maggiore del rischio di effetti collaterali.<\/p>\n<p>Molte persone che usano questo farmaco fare non abbia effetti collaterali gravi, informi immediatamente il medico se manifesta effetti collaterali gravi, inclusi: gonfiore delle mani\/dei piedi, tremore (tremore), confusione, segni di infezione (ad es. febbre, mal di gola persistente).<\/p>\n<p>Questo farmaco pu\u00f2 raramente causare una condizione molto grave chiamata sindrome serotoninergica.<\/p>\n<p>Il rischio aumenta quando questo farmaco viene utilizzato con alcuni altri farmaci (vedere la sezione Interazioni farmacologiche).<\/p>\n<p>Rivolgiti immediatamente a un medico se sviluppa uno qualsiasi dei seguenti sintomi: allucinazioni, irrequietezza insolita, perdita di coordinazione, battito cardiaco accelerato, forti capogiri, febbre inspiegabile, grave nausea\/vomito\/diarrea, contrazioni muscolari\/rigidit\u00e0, perdita di coscienza.<\/p>\n<p>Una reazione allergica molto grave a questo farmaco \u00e8 rara. Tuttavia, chiedi immediatamente assistenza medica se noti sintomi di una grave reazione allergica, inclusi: eruzione cutanea, prurito\/gonfiore (soprattutto del viso\/lingua\/gola), forti capogiri, difficolt\u00e0 respiratorie.<\/p>\n<p>Questo non \u00e8 un elenco completo dei possibili effetti collaterali. Se nota altri effetti non elencati sopra, contatti il \u200b\u200bmedico o il farmacista. Negli Stati Uniti &#8211; Chiama il tuo medico per un consiglio medico sugli effetti collaterali.<\/p>\n<p>Acquista mirtazapina senza prescrizione medica<\/p>\n<p>PRECAUZIONI: prima di assumere questo farmaco, informi il medico o il farmacista se sei allergico ad esso , o se hai altre allergie.<\/p>\n<p>Questo prodotto pu\u00f2 contenere ingredienti inattivi, che possono causare reazioni allergiche o altri problemi. Parli con il farmacista per maggiori dettagli.<\/p>\n<p><a href=\"https:\/\/www.bestonlinepharmacystore.com\/shop\/\" target=\"_blank\" rel=\"noopener\">Prima di usare questo farmaco<\/a>, informi il medico o il farmacista del medico storia, in particolare di: storia o storia familiare di disturbi psichiatrici (ad es. disturbo bipolare\/maniaco-depressivo),<\/p>\n<p>Anamnesi o storia familiare di tentativi di suicidio, malattie del fegato, malattie renali, convulsioni, colesterolo alto o livelli di trigliceridi, malattie cardiache (ad es. infarto recente, angina), ictus, grave perdita di liquidi corporei (disidratazione), pressione sanguigna bassa.<\/p>\n<p>Questo farmaco pu\u00f2 provocare capogiri o sonnolenza. Non guidi, non usi macchinari o non svolga alcuna attivit\u00e0 che richieda attenzione finch\u00e9 non sei sicuro di poter svolgere tali attivit\u00e0 in sicurezza. Limita le bevande alcoliche.<\/p>\n<p>Per ridurre al minimo vertigini e stordimento, alzati lentamente quando ti alzi da una posizione seduta o sdraiata. Si consiglia cautela quando si utilizza questo farmaco agli anziani perch\u00e9 possono essere pi\u00f9 sensibili ai suoi effetti, in particolare alla sonnolenza.<\/p>\n<p>Questo farmaco deve essere usato solo quando \u00e8 chiaramente necessario durante la gravidanza.<\/p>\n<p>OVERDOSE: Se si sospetta un sovradosaggio, contattare immediatamente il centro antiveleni locale o il pronto soccorso.<\/p>\n<p>I residenti negli Stati Uniti possono chiamare il veleno nazionale degli Stati Uniti. I residenti canadesi dovrebbero chiamare direttamente il loro centro antiveleni locale. I sintomi di sovradosaggio possono includere: battito cardiaco molto veloce\/irregolare.<\/p>\n<p> NOTE: Acquista mirtazapina 30 mg compresse Controlli psichiatrici\/medici (ed eventualmente esami di laboratorio) devono essere eseguiti periodicamente per monitorare i tuoi progressi e verificare la presenza di effetti collaterali. Consultare il proprio medico per maggiori dettagli. Non condividere questo farmaco con gli altri.<\/p>\n<p>mirtazapina 30mg in vendita- Acquista mirtazapina senza prescrizione medica<\/p>\n<p>DOSE PERDITA: se dimentichi una dose, usala non appena se ne ricorda. Se \u00e8 vicino all&#8217;ora della dose successiva, salti la dose dimenticata e riprendi il consueto schema posologico. Non raddoppiare la dose per recuperare.<\/p>\n<p>CONSERVAZIONE: conservare a temperatura ambiente (77 gradi F o 25 gradi C) lontano dalla luce e dall&#8217;umidit\u00e0.<\/p>\n<p>Breve conservazione tra 59-86 sono ammessi i gradi F (15-30 gradi C). Non conservare in bagno.<\/p>\n<p>Tenere tutti i medicinali lontano dalla portata di bambini e animali domestici.<\/p>\n<p>Non gettare i medicinali nel water o versarli in uno scarico a meno che non venga richiesto di farlo.<\/p>\n<p><a href=\"https:\/\/www.bestonlinepharmacystore.com\/shop\/\" target=\"_blank\" rel=\"noopener\">Smaltire correttamente questo prodotto quando \u00e8 scaduto o non \u00e8 pi\u00f9 necessario.<\/a><\/p>\n<p>Consultare il farmacista o l&#8217;azienda locale di smaltimento dei rifiuti per maggiori dettagli su come eliminare in sicurezza il prodotto.<\/p>\n<p>mirtazapina 30 mg in vendita- Acquista mirtazapina senza prescrizione medica<\/p>\n<p>Acquista diazepam online\u00a0,\u00a0acquista xanax senza prescrizione medica,\u00a0xanax 2 mg in vendita,\u00a0acquista compresse per l&#8217;ansia online,\u00a0farmaci in vendita online,\u00a0acquista valium online a buon mercato,\u00a0acquista metadone online,\u00a0acquista Oxycontin online ,\u00a0Ordina tramadolo Ultram Online,<\/p>\n","protected":false},"excerpt":{"rendered":"<p>Mirtazapina 30 mg compresse \u2013 mirtazapina 30 mg in vendita Acquista mirtazapina 30 mg compresse: Mirtazapina 30 mg approvata dalla FDA, generico equivalente a\u00a0Remeron PRESCRIZIONE RICHIESTA Vedere le istruzioni di seguito IMPORTANTE: COME USARE QUESTE INFORMAZIONI: Questo \u00e8 un riassunto &hellip; <a href=\"https:\/\/www.medsconsulting.com\/it\/product\/ansia\/mirtazapina\/\">Readmore<\/a><\/p>\n","protected":false},"featured_media":2059,"comment_status":"open","ping_status":"closed","template":"","meta":[],"product_cat":[211],"product_tag":[],"class_list":{"0":"post-1801","1":"product","2":"type-product","3":"status-publish","4":"has-post-thumbnail","6":"product_brand-anxiety","7":"product_cat-ansia","9":"first","10":"instock","11":"featured","12":"shipping-taxable","13":"purchasable","14":"product-type-variable","15":"has-default-attributes"},"_links":{"self":[{"href":"https:\/\/www.medsconsulting.com\/it\/wp-json\/wp\/v2\/product\/1801","targetHints":{"allow":["GET"]}}],"collection":[{"href":"https:\/\/www.medsconsulting.com\/it\/wp-json\/wp\/v2\/product"}],"about":[{"href":"https:\/\/www.medsconsulting.com\/it\/wp-json\/wp\/v2\/types\/product"}],"replies":[{"embeddable":true,"href":"https:\/\/www.medsconsulting.com\/it\/wp-json\/wp\/v2\/comments?post=1801"}],"wp:featuredmedia":[{"embeddable":true,"href":"https:\/\/www.medsconsulting.com\/it\/wp-json\/wp\/v2\/media\/2059"}],"wp:attachment":[{"href":"https:\/\/www.medsconsulting.com\/it\/wp-json\/wp\/v2\/media?parent=1801"}],"wp:term":[{"taxonomy":"product_cat","embeddable":true,"href":"https:\/\/www.medsconsulting.com\/it\/wp-json\/wp\/v2\/product_cat?post=1801"},{"taxonomy":"product_tag","embeddable":true,"href":"https:\/\/www.medsconsulting.com\/it\/wp-json\/wp\/v2\/product_tag?post=1801"}],"curies":[{"name":"wp","href":"https:\/\/api.w.org\/{rel}","templated":true}]}}