{"id":1792,"date":"2020-10-25T08:52:51","date_gmt":"2020-10-25T08:52:51","guid":{"rendered":"https:\/\/www.medsconsulting.com\/it\/?post_type=product&#038;p=1792"},"modified":"2023-04-19T14:23:37","modified_gmt":"2023-04-19T14:23:37","slug":"ibuprofene","status":"publish","type":"product","link":"https:\/\/www.medsconsulting.com\/it\/product\/altri\/ibuprofene\/","title":{"rendered":"Ibuprofene"},"content":{"rendered":"<div id=\"52f90f330937fe066800000e\" class=\"row-container stripe\">\n<div class=\"row\">\n<div class=\"small-12 colonne\">\n<h1>IBUPROFEN<\/h1>\n<p><b>Ibuprofene <\/b>\u00a0\u00e8 un farmaco contenuto nel\u00a0<a title=\"Farmaco antinfiammatorio non steroideo\" href=\"https:\/\/en.wikipedia.org\/wiki\/Nonsteroidal_anti-infiammatori_drug\" target=\"_blank\" rel=\"noopener\">farmaco antinfiammatorio non steroideo<\/a>\u00a0( classe FANS) utilizzata per il trattamento di\u00a0<a title=\"Pain\" href=\"https:\/\/en.wikipedia.org\/wiki\/Pain\" target=\"_blank\" rel=\"noopener\">pain<\/a>,\u00a0<a title=\"Fever\" href=\"https:\/\/en.wikipedia.org\/wiki\/Fever\" target=\"_blank\" rel=\"noopener\">febbre<\/a> e\u00a0<a title=\"Inflammation\" href=\"https:\/\/en.wikipedia.org\/wiki\/Inflammation\" target=\"_blank\" rel=\"noopener\">infiammazione<\/a>.<sup id=\"cite_ref-AHFS2016_7-0\" class=\"reference\"><\/sup>\u00a0Acquista compresse di ibuprofene. Ibuprofene senza ricetta. Ibuprofene in vendita. Che cos&#8217;\u00e8 il dosaggio di ibuprofene.<\/p>\n<p>Ci\u00f2 include\u00a0<a title=\"Dysmenorrhea\" href=\"https:\/\/en.wikipedia.org\/wiki\/Dysmenorrhea\" target=\"_blank\" rel=\"noopener\">periodi mestruali dolorosi<\/a>,\u00a0<a title=\"Emicrania\" href=\"https:\/\/en.wikipedia.org\/wiki\/Migraine\" target=\"_blank\" rel=\"noopener\">emicrania<\/a> e\u00a0<a title=\"Artrite reumatoide\" href=\"https:\/\/en.wikipedia.org\/ wiki\/Rheumatoid_arthritis\" target=\"_blank\" rel=\"noopener\">artrite reumatoide<\/a>.<sup id=\"cite_ref-AHFS2016_7-1\" class=\"reference\"><\/sup>\u00a0Pu\u00f2 anche essere usato per chiudere un\u00a0<a title=\"Patent ductus arteriosus\" href=\"https:\/\/en.wikipedia.org\/wiki\/Patent_ductus_arteriosus\" target=\"_blank\" rel=\"noopener\">brevetto del dotto arterioso<\/a>\u00a0in un\u00a0<a class=\"mw-redirect\" title=\"Premature baby\" href=\"https:\/\/en .wikipedia.org\/wiki\/Premature_baby\" target=\"_blank\" rel=\"noopener\">neonato prematuro<\/a>.<sup id=\"cite_ref-AHFS2016_7-2\" class=\"reference\"><\/sup>\u00a0Inoltre, pu\u00f2 essere usato per via orale o\u00a0<a title=\"Terapia endovenosa\" href=\"https:\/\/en.wikipedia.org\/wiki\/Intravenous_therapy\" target=\"_blank\" rel=\"noopener\">per via endovenosa<\/a>.<sup id=\"cite_ref-AHFS2016_7-3\" class=\"reference\"><\/sup> In genere inizia a funzionare entro un&#8217;ora.<sup id=\"cite_r ef-AHFS2016_7-4\" class=\"reference\"><\/sup><\/p>\n<h2>Come usare l&#8217;ibuprofene<\/h2>\n<p>In primo luogo, se stai prendendo il prodotto da banco, leggi tutto indicazioni sulla confezione del prodotto prima di assumere questo farmaco. Ibuprofene senza prescrizione.<\/p>\n<p>Prendete questo farmaco per bocca, di solito ogni 4-6 ore con un bicchiere d&#8217;acqua pieno (8 once\/240 millilitri), se non diversamente indicato. Non sdraiarsi per almeno 10 minuti dopo l&#8217;assunzione di questo farmaco. Se hai disturbi allo stomaco durante l&#8217;assunzione di questo farmaco, prendilo con cibo, latte o un antiacido. Ibuprofene in vendita.<\/p>\n<p>Il dosaggio si basa sulle tue condizioni mediche e sulla risposta al trattamento. Per ridurre il rischio di sanguinamento dello stomaco e altri effetti collaterali, assumere questo farmaco alla dose efficace pi\u00f9 bassa per il pi\u00f9 breve tempo possibile. Non aumentare la dose o assumere questo farmaco pi\u00f9 spesso di quanto indicato. Per condizioni in corso come l&#8217;artrite, continuare a prendere questo farmaco come indicato. Acquista compresse di ibuprofene.<\/p>\n<h3>Acquista ibuprofene online senza prescrizione<\/h3>\n<p>Quando l&#8217;ibuprofene viene utilizzato dai bambini, la dose si basa sul peso del bambino. Leggi le istruzioni sulla confezione per trovare la dose corretta per il peso del tuo bambino. Contattaci se hai domande o se hai bisogno di aiuto per scegliere un prodotto senza prescrizione. Ibuprofene in vendita.<\/p>\n<p>Per determinate condizioni (come l&#8217;artrite), potrebbero essere necessarie fino a due settimane per l&#8217;assunzione regolare di questo farmaco prima di ottenere il massimo beneficio.<\/p>\n<p>Se sta assumendo questo farmaco &#8220;al bisogno&#8221; (non a un programma regolare), ricorda che i farmaci antidolorifici funzionano meglio se vengono usati quando si manifestano i primi segni di dolore. Nel caso in cui aspetti che il dolore sia peggiorato, il farmaco potrebbe non funzionare altrettanto bene. Ibuprofene in vendita.<\/p>\n<p>In conclusione, se le tue condizioni persistono o peggiorano, chiedi immediatamente assistenza medica. Inoltre, se stai usando il prodotto senza prescrizione per curare te stesso o un bambino per la febbre o il dolore, consulta immediatamente il medico se la febbre peggiora o dura pi\u00f9 di 3 giorni, o se il dolore peggiora o dura pi\u00f9 di 10 giorni. Ibuprofene in vendita.<\/p>\n<\/p><\/div><\/div><\/div>\n<div id=\"52f90f330937fe0668000004\" class=\"row-container stripe\">\n<div class=\"row\">\n<div class=\"small -12 colonne\">\n<h3>Precauzioni<\/h3>\n<p>Prima di acquistare l&#8217;ibuprofene, dicci se sei allergico ad esso; o ad aspirina o altri FANS (come naprossene, celecoxib); o se tu avere altre allergie. Questo prodotto pu\u00f2 contenere ingredienti inattivi, che possono causare reazioni allergiche o altri problemi.<\/p>\n<p>Prima di assumere questo farmaco, assicurati di comunicarci la tua storia medica, in particolare di: asma (inclusa una storia di peggioramento della respirazione dopo prendendo aspirina o altri FANS), disturbi del sangue (come anemia, problemi di sanguinamento\/coagulazione), escrescenze nel naso (polipi nasali), malattie cardiache (come un precedente infarto), ipertensione, malattie del fegato, ictus, gola\/ problemi allo stomaco\/intestinali (come sanguinamento, bruciore di stomaco, ulcere).<\/p>\n<p>Inoltre, a volte possono verificarsi problemi ai reni con l&#8217;uso di farmaci FANS, incluso l&#8217;ibuprofene. \u00c8 pi\u00f9 probabile che si verifichino problemi se sei disidratato, hai insufficienza cardiaca o malattie renali, sei un adulto pi\u00f9 anziano o se assumi determinati farmaci. Bevi molti liquidi come indicato per prevenire la disidratazione.<\/p>\n<p>Inoltre, questo farmaco pu\u00f2 darti vertigini o sonnolenza. Non guidi, non usi macchinari o non faccia nulla che richieda attenzione finch\u00e9 non puoi farlo in sicurezza. Limita le bevande alcoliche. Si rivolga al medico se sta usando marijuana (cannabis).<\/p>\n<h3>Altre precauzioni<\/h3>\n<p>Inoltre, questo medicinale pu\u00f2 causare sanguinamento dello stomaco. L&#8217;uso quotidiano di alcol e tabacco, specialmente se combinato con questo medicinale, pu\u00f2 aumentare il rischio di sanguinamento dello stomaco. Limita l&#8217;alcol e smetti di fumare. Contattare per ulteriori informazioni. Ibuprofene senza prescrizione.<\/p>\n<p>Questo farmaco pu\u00f2 renderti pi\u00f9 sensibile al sole. Limita il tuo tempo al sole. Evitare cabine abbronzanti e lampade solari. Usa la protezione solare e indossa indumenti protettivi quando sei all&#8217;aperto. Informare immediatamente il medico in caso di scottature solari o vesciche\/arrossamenti della pelle.<\/p>\n<p>Inoltre, prima di un intervento chirurgico, informi il medico o il dentista di tutti i prodotti che utilizza (inclusi farmaci da prescrizione, farmaci senza prescrizione e prodotti a base di erbe ).<\/p>\n<p>Gli anziani possono essere maggiormente a rischio di sanguinamento gastrico\/intestinale, problemi renali, infarto e ictus durante l&#8217;uso di questo farmaco.<\/p>\n<p>Inoltre, prima di usare questo farmaco, le donne in et\u00e0 fertile dovrebbe parlare con il proprio medico dei benefici e dei rischi (come aborto spontaneo, difficolt\u00e0 a rimanere incinta). Informi il medico se \u00e8 incinta o se prevede di rimanere incinta. Durante la gravidanza, questo farmaco deve essere usato solo quando \u00e8 chiaramente necessario.<\/p>\n<p>Questo farmaco passa nel latte materno, ma \u00e8 improbabile che danneggi un lattante.<\/p>\n<\/p><\/div><\/div><\/div>\n<div id=\"52f90f330937fe0668000006\" class=\"row-container\">\n<div class=\"row\">\n<div class=\"small-12 columns\">\n<h3>Interazione farmacologica<\/h3>\n<p>Interazione farmacologica pu\u00f2 cambiare il modo in cui funzionano i farmaci o aumentare il rischio di gravi effetti collaterali. Tieni un elenco di tutti i prodotti che usi (inclusi farmaci da prescrizione\/non soggetti a prescrizione e prodotti a base di erbe) e condividilo con il tuo medico e farmacista. Non avviare, interrompere o modificare il dosaggio di alcun medicinale senza approvazione. Dosaggio di ibuprofene.<\/p>\n<p>Alcuni prodotti che possono interagire con questo farmaco includono:<\/p>\n<ul>\n<li>Aliskiren<\/li>\n<li>ACE inibitori (come captopril, lisinopril)<\/li>\n<li>Bloccanti del recettore dell&#8217;angiotensina II (come losartan, valsartan)<\/li>\n<li>Cidofovir<\/li>\n<li>Corticosteroidi (come il prednisone)<\/li>\n<li>Litio, &#8220;pillole d&#8217;acqua&#8221; ( diuretici come la furosemide).<\/li>\n<\/ul>\n<p>Questo farmaco pu\u00f2 aumentare il rischio di sanguinamento se assunto con altri farmaci che possono anche causare sanguinamento. Gli esempi includono farmaci antipiastrinici come clopidogrel, &#8220;fluidificanti del sangue&#8221; come dabigatran\/enoxaparina\/warfarin, tra gli altri. Ibuprofene senza prescrizione.<\/p>\n<p>Controlla attentamente tutte le etichette dei medicinali soggetti a prescrizione e non soggetti a prescrizione poich\u00e9 molti farmaci contengono analgesici\/riduttori della febbre (inclusi aspirina, FANS come celecoxib, ketorolac o\u00a0naprossene). Questi farmaci sono simili all&#8217;ibuprofene e possono aumentare il rischio di effetti collaterali se presi insieme. Dosaggio di ibuprofene.<\/p>\n<p>Tuttavia, se il medico le ha prescritto di assumere aspirina a basse dosi per prevenire l&#8217;infarto o l&#8217;ictus (di solito a dosaggi di 81-325 milligrammi al giorno), lei deve continuare a prendere l&#8217;aspirina a meno che il medico non le dica diversamente. L&#8217;uso quotidiano di ibuprofene pu\u00f2 ridurre la capacit\u00e0 dell&#8217;aspirina di prevenire infarto\/ictus. Parla con il tuo medico dell&#8217;uso di un farmaco diverso (come il paracetamolo) per trattare il dolore\/la febbre. Dosaggio di ibuprofene.<\/p>\n<p>E se \u00e8 necessario assumere ibuprofene, si rivolga al medico circa l&#8217;assunzione di aspirina a rilascio immediato (non con rivestimento enterico\/EC) durante l&#8217;assunzione di ibuprofene. Prendi l&#8217;ibuprofene almeno 8 ore prima o almeno 2 ore dopo la dose di aspirina. Non aumentare la dose giornaliera di aspirina n\u00e9 modificare il modo in cui prendi l&#8217;aspirina\/altri farmaci senza approvazione.<\/p>\n<\/p><\/div><\/div><\/div>\n<div id=\"52f90f330937fe066800000c\" class=\"row-container stripe\">\n<div class=\"row\">\n<div class=\"small-12 columns\">\n<h3>Effetti collaterali dell&#8217;ibuprofene<\/h3>\n<p>Disturbi allo stomaco, nausea, vomito, mal di testa, diarrea, costipazione, vertigini , o pu\u00f2 verificarsi sonnolenza.<\/p>\n<p>Questo farmaco pu\u00f2 aumentare la pressione sanguigna. Controlla regolarmente la pressione sanguigna e informi il medico se i risultati sono elevati.<\/p>\n<p>Inoltre, informi immediatamente il medico se si verificano gravi effetti collaterali, tra cui:<\/p>\n<ul>\n<li> Lividi\/sanguinamenti facili<\/li>\n<li>Cambiamenti dell&#8217;udito (come ronzio nelle orecchie)<\/li>\n<li>Cambiamenti mentali\/dell&#8217;umore<\/li>\n<li>Targello collo inspiegabile<\/li>\n<li>Segni di problemi renali (come il cambiamento nella quantit\u00e0 di urina)<\/li>\n<li>Cambiamenti della vista<\/li>\n<li>Sintomi di insufficienza cardiaca (come caviglie\/piedi gonfi, stanchezza insolita, aumento di peso insolito\/improvviso) .<\/li>\n<\/ul>\n<p>Questo farmaco pu\u00f2 raramente causare malattie epatiche gravi (possibilmente fatali). Rivolgiti immediatamente a un medico se hai sintomi di danno epatico, inclusi: urine scure, nausea\/vomito\/perdita di appetito persistenti, dolore allo stomaco\/addominale, occhi\/pelle ingialliti. Acquista le compresse di ibuprofene.<\/p>\n<p>Una reazione allergica molto grave a questo farmaco \u00e8 rara. Tuttavia, si rivolga immediatamente al medico se nota qualsiasi sintomo di una grave reazione allergica, inclusi: eruzione cutanea, prurito\/gonfiore (soprattutto del viso\/lingua\/gola), forti capogiri, difficolt\u00e0 respiratorie. Ibuprofene in vendita.<\/p>\n<p>Questo non \u00e8 un elenco completo dei possibili effetti collaterali. Se noti altri effetti non elencati sopra, contatta per informazioni. Dosaggio di ibuprofene.<\/p>\n<\/p><\/div><\/div><\/div>\n<div id=\"52f90f330937fe0668000010\" class=\"row-container stripe\">\n<div class=\"row\">\n<div class=\"small- 12 colonne\">\n<h3>Conservazione dell&#8217;ibuprofene<\/h3>\n<p>Conservare a temperatura ambiente al riparo dalla luce e dall&#8217;umidit\u00e0. Non conservare in bagno. Tenere tutti i farmaci lontano da bambini e animali domestici. Acquista le compresse di ibuprofene.<\/p>\n<p>Non gettare i farmaci nel water o versarli in uno scarico a meno che non venga richiesto di farlo. Eliminare correttamente questo prodotto quando \u00e8 scaduto o non \u00e8 pi\u00f9 necessario. Consultare il farmacista o l&#8217;azienda locale per lo smaltimento dei rifiuti.<\/p>\n<h3>Dosi dimenticate:<\/h3>\n<p>Se stai assumendo questo farmaco a intervalli regolari (non solo &#8220;secondo necessit\u00e0&#8221;) e dimentichi una dose, prendilo non appena ti ricordi. Se \u00e8 vicino all&#8217;ora della dose successiva, salti la dose dimenticata. Prenda la dose successiva all&#8217;orario normale. Non raddoppiare la dose per recuperare. Ibuprofene senza prescrizione.<\/p>\n<p>Note: non condividerlo con altri. Acquista compresse di ibuprofene. Che cos&#8217;\u00e8 il dosaggio di ibuprofene.<\/p>\n<\/p><\/div><\/div><\/div>\n","protected":false},"excerpt":{"rendered":"<p>IBUPROFEN \u00e8 un farmaco antinfiammatorio non steroideo (FANS). \u00c8 usato per dolori dentali, febbre, mal di testa o emicrania, artrosi, artrite reumatoide o periodi mensili dolorosi. Pu\u00f2 anche alleviare piccoli dolori e dolori causati da raffreddore, influenza o mal di gola.<\/p>\n","protected":false},"featured_media":2057,"comment_status":"open","ping_status":"closed","template":"","meta":[],"product_cat":[15],"product_tag":[439,438,437,390,414,413,428,425,415,435,421,432,417,430,440,422,426,427,436,424,429,434,418,433,431,423,420,416,419],"class_list":{"0":"post-1792","1":"product","2":"type-product","3":"status-publish","4":"has-post-thumbnail","6":"product_cat-altri","7":"product_tag-comprare-a-buon-mercato-ibuprofene-online-usa","8":"product_tag-buy-ibuprofene-pillole-onlineuk","9":"product_tag-comprare-compresse-di-ibuprofene-on-line","10":"product_tag-compra-efedrina-online","11":"product_tag-acquistare-ibuprofene-legittimo-in-vendita-online","12":"product_tag-acquistare-legit-ibuprofene-online","13":"product_tag-best-place-to-buy-ibuprofen-online","14":"product_tag-buy-ibuprofen-australia","15":"product_tag-come-acquistare-ibuprofene-antidolorifici-online","16":"product_tag-comprare-ibuprofene-pillole","17":"product_tag-ibuprofene-compressa-acquisto-online","18":"product_tag-compresse-di-ibuprofene","19":"product_tag-ibuprofene-compresse-in-vendita","20":"product_tag-pure-ibuprofene-compresse-online","21":"product_tag-dove-comprare-ibuprofene-compresse-online-canada","22":"product_tag-dove-acquistare-ibuprofene","23":"product_tag-dove-posso-comprare-ibuprofene-compressa","24":"product_tag-ibuprofen-pain-relief-pills-where-to-buy","25":"product_tag-ibuprofen-pills-to-buy","26":"product_tag-ibuprofen-sale","27":"product_tag-ibuprofen-suppliers","28":"product_tag-ibuprofene-allingrosso","29":"product_tag-ibuprofene-in-vendita","30":"product_tag-ibuprofento-acquista-online","31":"product_tag-ibuprofene-negozio-online","32":"product_tag-ordine-ibuprofene-online","33":"product_tag-qualit-ibuprofene-in-vendita","34":"product_tag-ibuprofene-farmaco-in-vendita","35":"product_tag-ibuprofene-pillole-antidolorifiche-in-vendita","37":"first","38":"instock","39":"featured","40":"shipping-taxable","41":"purchasable","42":"product-type-variable","43":"has-default-attributes"},"_links":{"self":[{"href":"https:\/\/www.medsconsulting.com\/it\/wp-json\/wp\/v2\/product\/1792","targetHints":{"allow":["GET"]}}],"collection":[{"href":"https:\/\/www.medsconsulting.com\/it\/wp-json\/wp\/v2\/product"}],"about":[{"href":"https:\/\/www.medsconsulting.com\/it\/wp-json\/wp\/v2\/types\/product"}],"replies":[{"embeddable":true,"href":"https:\/\/www.medsconsulting.com\/it\/wp-json\/wp\/v2\/comments?post=1792"}],"wp:featuredmedia":[{"embeddable":true,"href":"https:\/\/www.medsconsulting.com\/it\/wp-json\/wp\/v2\/media\/2057"}],"wp:attachment":[{"href":"https:\/\/www.medsconsulting.com\/it\/wp-json\/wp\/v2\/media?parent=1792"}],"wp:term":[{"taxonomy":"product_cat","embeddable":true,"href":"https:\/\/www.medsconsulting.com\/it\/wp-json\/wp\/v2\/product_cat?post=1792"},{"taxonomy":"product_tag","embeddable":true,"href":"https:\/\/www.medsconsulting.com\/it\/wp-json\/wp\/v2\/product_tag?post=1792"}],"curies":[{"name":"wp","href":"https:\/\/api.w.org\/{rel}","templated":true}]}}