{"id":1781,"date":"2020-10-25T08:38:38","date_gmt":"2020-10-25T08:38:38","guid":{"rendered":"https:\/\/www.medsconsulting.com\/it\/?post_type=product&#038;p=1781"},"modified":"2022-04-14T09:30:25","modified_gmt":"2022-04-14T09:30:25","slug":"comprare-efedrina-hcl-polvere","status":"publish","type":"product","link":"https:\/\/www.medsconsulting.com\/it\/product\/altri\/comprare-efedrina-hcl-polvere\/","title":{"rendered":"Acquista efedrina HCL in polvere"},"content":{"rendered":"<h1><b>Acquista polvere di efedrina HCL<\/b><\/h1>\n<p><b>Acquista polvere di efedrina HCL, acquista polvere di efedrina HCL, ordina efedrina<a href=\"https:\/\/www.medsconsulting.com \/it\/product\/others\/ephedrine-hcl-powder\/\">n<\/a>e Online, efedrina in polvere in vendita, efedrina bruciagrassi<\/b>\u00a0\u00e8 un farmaco e uno stimolante.<sup id=\"cite_ref-AHFS2016_1- 1\" class=\"reference\"><\/sup> In primo luogo, viene spesso utilizzato per prevenire <a title=\"Hypotension\" href=\"https:\/\/en.wikipedia.org\/wiki\/Hypotension\" target=\"_blank\" rel=\"noopener\">bassa pressione sanguigna<\/a>\u00a0durante\u00a0<a class=\"mw-redirect\" title=\"Spinal anesthesia\" href=\"https:\/\/en.wikipedia.org\/wiki\/Spinal_anesthesia\" target=\"_blank\" rel=\"noopener\">anestesia spinale<\/a>.<sup id=\"cite_ref- AHFS2016_1-2\" class=\"reference\"><\/sup> Viene utilizzato anche per <a title=\"Asthma\" href=\"https:\/\/en.wikipedia.org\/wiki\/Asthma\" target=\"_blank\" rel=\"noopener\">asma<\/a>, <a title=\"Narcolepsy\" href=\"https:\/\/en.wikipedia.org\/wiki\/Narcolepsy\" target=\"_blank\" rel=\"noopener\">narcolessia<\/a> e\u00a0<a title=\"Obesity\" href=\"https:\/\/en.wikipedia. org\/wiki\/Obesity\">obesit\u00e0<\/a>\u00a0ma non \u00e8 il trattamento preferito.<sup id=\"cite_ref-AHFS2016_1-3\"><\/sup>\u00a0Non \u00e8 di chiaro beneficio in\u00a0<a title=\"Nasal congestion\" href=\"https:\/\/en.wikipedia.org\/wiki\/Nasal_congestion\" target=\"_blank\" rel=\"noopener\">congestione nasale<\/a>.<sup id=\"cite_ref-AHFS2016_1-4\" class=\"reference\"><\/sup> Che pu\u00f2 essere assunto anche per via orale o <a class=\"mw-redirect\" title=\"Intramuscular\" href=\"https:\/ \/en.wikipedia.org\/wiki\/Intramuscular\">iniezione in un muscolo<\/a>,\u00a0<a class=\"mw-redirect\" title=\"Intravenous\" href=\"https:\/\/en.wikipedia.org\/wiki\/ Per via endovenosa\" target=\"_blank\" rel=\"noopener\">venosa<\/a> o\u00a0<a title=\"Subcutanea injection\" href=\"https:\/\/en.wikipedia.org\/wiki\/Subcutanea_injection\" target=\"_blank\" rel=\"noopener\">appena sotto la pelle<\/a>.<sup id=\" cite_ref-AHFS2016_1-5\" class=\"reference\"><\/sup>\u00a0L&#8217;esordio con l&#8217;uso endovenoso \u00e8 rapido, mentre l&#8217;iniezione in un muscolo pu\u00f2 richiedere 20 minuti e l&#8217;effetto per via orale pu\u00f2 richiedere un&#8217;ora.<sup id=\"cite_ref- AHFS2016_1-6\" class=\"reference\"><\/sup> Se somministrato per iniezione dura circa un&#8217;ora e se assunto per via orale pu\u00f2 durare fino a quattro ore. <sup id=\"cite_ref-AHFS2016_1-7\" class=\"reference\"><\/sup><\/p>\n<h2>Come acquistare efedrina HCL in polvere online con noi?<\/h2>\n<p>Acquista efedrina in polvere. La qualit\u00e0 della polvere di efedrina che spediamo \u00e8 semplicemente imbattibile. La nostra efedrina HCL viene testata e viene determinata la sua massa molecolare. In poche parole, questa \u00e8 la migliore e pi\u00f9 pura Efedrina HCL 99,9% che troverai sul mercato. Inoltre, altri affermano di avere efedrina pura ma questo \u00e8 il VERO AFFARE! Non diremo nulla di negativo sul fatto che altri vendano un prodotto simile, ma questo \u00e8 il miglior prodotto chimicamente pi\u00f9 sano che troverai, ovunque, senza dubbio.<\/p>\n<h3>Dove acquistare l&#8217;efedrina online<\/h3>\n<p> Ordina l&#8217;efedrina online. Questi termini sono usati per riferirsi alla stessa sostanza derivata dalla pianta L&#8217;efedra \u00e8 una pianta arbustiva che si trova nelle regioni desertiche dell&#8217;Asia centrale e in altre parti del mondo. Le verdure essiccate della pianta sono usate in medicina. Ordina l&#8217;efedrina online. <a href=\"https:\/\/www.medsconsulting.com\/it\/product\/others\/ephedrine-hcl-powder\/\">Ephedra<\/a> \u00e8 uno stimolante contenente la forma erboristica dell&#8217;efedrina, un farmaco regolamentato dalla FDA trovato nei farmaci da banco per l&#8217;asma. Questi alcaloidi sono composti simili alle anfetamine utilizzati negli OTC e nei farmaci da prescrizione con effetti stimolanti potenzialmente letali sul sistema nervoso centrale e sul cuore. Polvere di efedrina HCL, ordina l&#8217;efedrina online.<\/p>\n<h4>QUANDO NON USARE LA POLVERE DI EFEDRINA:<\/h4>\n<ul>\n<li>Allergia a questo farmaco.<\/li>\n<li>Non avere una diagnosi di asma <\/li>\n<li>Avere una diagnosi di asma ma usare farmaci per l&#8217;asma su prescrizione<\/li>\n<li>Sei mai stato ricoverato in ospedale per asma<\/li>\n<li>stai assumendo un inibitore della monoamino ossidasi ora o hai assunto qualsiasi inibitore negli ultimi 14 giorni. Se non sai se il tuo farmaco da prescrizione contiene un inibitore, chiedi al tuo medico prima di prendere questo prodotto. Efedrina in polvere in vendita.<\/li>\n<li>Avere pressione alta, malattie cardiache, battito cardiaco irregolare, malattie della tiroide, diabete o difficolt\u00e0 a urinare a causa dell&#8217;ingrossamento della ghiandola prostatica o di altri gravi problemi cardiaci. Polvere di efedrina in vendita.<\/li>\n<\/ul>\n<p>Contatta il tuo medico o fornitore di assistenza sanitaria prima di usare Efedrina in polvere se qualcuno di questi si applica a te. Efedrina in polvere in vendita.<\/p>\n<h5>PRIMA DI USARE L&#8217;EFEDRINA:<\/h5>\n<p>Alcune condizioni mediche possono interagire con l&#8217;efedrina. Pertanto informi il medico se ha qualsiasi condizione medica, in particolare se una qualsiasi delle seguenti la riguarda:<\/p>\n<ul>\n<li>Essere incinta, pianificare una gravidanza o allattare al seno<\/li>\n<li>Assumere medicinali, preparati a base di erbe o integratori alimentari soggetti a prescrizione o non soggetti a prescrizione<\/li>\n<li>Avere allergie a medicinali, alimenti o altre sostanze. Bruciagrassi con efedrina.<\/li>\n<li>Una storia di problemi cardiaci, diabete, glaucoma, ingrossamento della prostata o altri problemi alla prostata, problemi alle ghiandole surrenali, pressione alta, convulsioni, ictus, problemi ai vasi sanguigni, tiroide iperattiva o asma grave. Bruciagrassi con efedrina HCL.<\/li>\n<\/ul>\n<p>Questo potrebbe non essere un elenco completo di tutte le interazioni che possono verificarsi. Chiedi al tuo medico se l&#8217;efedrina pu\u00f2 interagire con altri medicinali che prendi. Verificare con il proprio medico prima di iniziare, interrompere o modificare la dose di qualsiasi medicinale. Bruciagrassi.<\/p>\n<h5>COME USARE EFEDRINA:<\/h5>\n<p>Usare questo farmaco secondo le istruzioni fornite. Controllare l&#8217;etichetta sull&#8217;efedrina per le istruzioni di dosaggio esatte. Controllare l&#8217;etichetta per le istruzioni di dosaggio esatte. Polvere di efedrina HCL.<\/p>\n<ul>\n<li>L&#8217;efedrina pu\u00f2 essere assunta con o senza cibo. Se si verifica un disturbo allo stomaco, assumere con il cibo per ridurre l&#8217;irritazione dello stomaco.<\/li>\n<li>Se si salta una dose di efedrina in polvere e la si assume regolarmente, la prenda il prima possibile. Se \u00e8 quasi l&#8217;ora della dose successiva, salti la dose dimenticata e torna al normale programma di dosaggio. Non assumere 2 dosi alla volta.<\/li>\n<\/ul>\n<h5>IMPORTANTI INFORMAZIONI SULLA SICUREZZA:<\/h5>\n<ul>\n<li>In primo luogo, l&#8217;efedrina pu\u00f2 causare vertigini. Non guidare, utilizzare macchinari o fare qualsiasi altra cosa che potrebbe essere pericolosa finch\u00e9 non sai come reagisci all&#8217;efedrina. L&#8217;uso di efedrina da sola, con alcuni altri medicinali o con l&#8217;alcol pu\u00f2 ridurre la tua capacit\u00e0 di guidare o svolgere altre attivit\u00e0 potenzialmente pericolose.<\/li>\n<li>Inoltre, consulta il tuo medico se i tuoi sintomi non migliorano entro 7 giorni o se sviluppare la febbre alta.<\/li>\n<li>Inoltre, se hai problemi a dormire, chiedi al tuo farmacista o medico il momento migliore per assumere questo farmaco.<\/li>\n<li>Mentre stai assumendo polvere di efedrina, fallo non assumere pi\u00f9 medicinali dietetici o per il controllo dell&#8217;appetito.<\/li>\n<li>Prima di iniziare a prendere qualsiasi nuovo medicinale con o senza prescrizione medica, leggi gli ingredienti per vedere se contiene anche efedrina. In caso affermativo o se non sei sicuro, contatta il tuo farmacista.<\/li>\n<li>Pazienti diabetici: l&#8217;efedrina pu\u00f2 influire sul livello di zucchero nel sangue. Controlla attentamente i livelli di zucchero nel sangue e chiedi al medico prima di aggiustare la dose del tuo medicinale per il diabete.<\/li>\n<li>Inoltre, usi questo farmaco con cautela negli anziani perch\u00e9 potrebbero essere pi\u00f9 sensibili ai suoi effetti.<\/li>\n<li>Usare l&#8217;efedrina con molta cautela nei bambini. La sicurezza e l&#8217;efficacia non sono state confermate.<\/li>\n<li>Infine, gravidanza e allattamento: non \u00e8 noto se questo farmaco possa causare danni al feto. Se rimani incinta durante l&#8217;assunzione di efedrina, discuti con il medico i vantaggi e i rischi dell&#8217;uso di efedrina durante la gravidanza. Il latte materno espelle questo farmaco. Quindi, quando allatti al seno mentre stai usando l&#8217;efedrina, consulta anche il tuo medico o per discutere dei rischi per il tuo bambino. Polvere di efedrina HCL.<\/li>\n<\/ul>\n<h5>POSSIBILI EFFETTI COLLATERALI DELL&#8217;EFEDRINA:<\/h5>\n<p>Ancora una volta, tutti i medicinali possono causare effetti collaterali, ma molte persone non hanno effetti collaterali o sono minori. Verificare con il proprio medico se uno qualsiasi di questi effetti collaterali pi\u00f9 comuni persiste per pi\u00f9 di un&#8217;ora o peggiora:<\/p>\n<ul>\n<li>Vertigini; male alla testa; nausea; nervosismo; tremore; perdita di appetito; irrequietezza; insonnia; irritazione allo stomaco.<\/li>\n<\/ul>\n<p>Rivolgersi immediatamente a un medico se si verifica uno qualsiasi di questi gravi effetti collaterali:<\/p>\n<ul>\n<li>Gravi reazioni allergiche (rash, orticaria, difficolt\u00e0 respiratorie; tenuta nel petto; gonfiore della bocca, del viso, delle labbra o della lingua); difficolt\u00e0 a urinare. Polvere di efedrina HCL.<\/li>\n<\/ul>\n<h4>Conservazione corretta di efedrina:<\/h4>\n<p>Inoltre, conservare questo farmaco a temperatura ambiente. Conservare lontano da fonti di calore, umidit\u00e0 e luce. Non conservare in bagno. Tenere l&#8217;efedrina fuori dalla portata dei bambini e lontano dagli animali domestici.<\/p>\n<h4>INFORMAZIONI GENERALI:<\/h4>\n<p>Infine, se avete domande sull&#8217;efedrina, non esitate a chiedere. Questo prodotto deve essere utilizzato solo dal paziente a cui \u00e8 stato prescritto. Non condividere con altre persone. Se i sintomi non migliorano o peggiorano, consulta il medico. Queste informazioni sono solo un riepilogo. Non contiene tutte le informazioni sulla polvere di efedrina. Se hai domande sul medicinale che stai assumendo o desideri maggiori informazioni, contattaci.<\/p>\n","protected":false},"excerpt":{"rendered":"<p>L&#8217;efedrina promuove una modesta perdita di peso a breve termine, in particolare la perdita di grasso, ma i suoi effetti a lungo termine sono sconosciuti. Nei topi, \u00e8 noto che l&#8217;efedrina stimola la termogenesi nel tessuto adiposo bruno, ma poich\u00e9 gli esseri umani adulti hanno solo piccole quantit\u00e0 di grasso bruno, si presume che la termogenesi avvenga principalmente nel muscolo scheletrico. L&#8217;efedrina riduce anche lo svuotamento gastrico. Le metilxantine come la caffeina e la teofillina hanno un effetto sinergico con l&#8217;efedrina per quanto riguarda la perdita di peso. Ci\u00f2 ha portato alla creazione e alla commercializzazione di prodotti composti.<\/p>\n","protected":false},"featured_media":2056,"comment_status":"open","ping_status":"closed","template":"","meta":[],"product_cat":[15],"product_tag":[399,380,410,405,372,390,396,373,404,387,411,407,406,384,374,403,397,401,398,389,408,402,412,381,385,379,395,400,377,375,392,393,394,388,382,409,378,386,391,383,376],"class_list":{"0":"post-1781","1":"product","2":"type-product","3":"status-publish","4":"has-post-thumbnail","6":"product_cat-altri","7":"product_tag-efedrina-bruciagrassi-troppo-buy","8":"product_tag-efedrina-compressa-acquisto-online","9":"product_tag-efedrina-polvere-acquisto-online","10":"product_tag-comprare-compresse-di-efedrina-a-buon-mercato-online","11":"product_tag-buy-legit-efedrine-hcl-online","12":"product_tag-compra-efedrina-online","13":"product_tag-acquistare-efedrina-perdita-di-peso-online","14":"product_tag-comprare-legit-efedrina-polvere-in-vendita-online","15":"product_tag-comprare-efedrina-polvere-online","16":"product_tag-best-place-to-buy-ephedrine-online","17":"product_tag-buy-cheap-ephedrine-powder-for-factory-use","18":"product_tag-buy-cheap-ephedrine-powder-online","19":"product_tag-buy-ephedrine-pills-online","20":"product_tag-buy-ephedrine-powder","21":"product_tag-come-acquistare-efedrina-bruciagrassi-in-linea","22":"product_tag-come-acquistare-efedrina-compressa-online","23":"product_tag-efedrina-polvere-allingrosso","24":"product_tag-comprare-efedrina-cloridrato","25":"product_tag-comprare-pillole-di-efedrina","26":"product_tag-compresse-di-efedrina-per-la-perdita-di-peso","27":"product_tag-dove-acquistare-compresse-di-efedrina-a-buon-mercato-online","28":"product_tag-dove-acquistare-efedri-online-ne","29":"product_tag-dove-acquistare-efedrina-hcl-per-uso-personale","30":"product_tag-dove-acquistare-efedrina-in-polvere","31":"product_tag-dove-posso-comprare-compressa-di-efedrina","32":"product_tag-qualit-efedrina-in-vendita","33":"product_tag-efedrina-hcl-da-comprare-online","34":"product_tag-polvere-efedrina-in-vendita","35":"product_tag-efedrina-in-vendita","36":"product_tag-ephedrine-drug-for-sale","37":"product_tag-ephedrine-fat-burners-online","38":"product_tag-ephedrine-online-store","39":"product_tag-ephedrine-tablets","40":"product_tag-piante-nutrizione-efedrina-hcl-fornitori","41":"product_tag-ordine-efedrina-cloridrato","42":"product_tag-pillole-di-efedrina-in-vendita-online","43":"product_tag-efedrina-pillole-dimagranti-in-vendita","44":"product_tag-efedrina-pillole-dimagranti-dove-acquistare","45":"product_tag-pura-efedrina-polvere-online","46":"product_tag-efedrina-cloridrato-vendita","47":"product_tag-efedrina-compresse-in-vendita","49":"first","50":"instock","51":"featured","52":"shipping-taxable","53":"purchasable","54":"product-type-variable"},"_links":{"self":[{"href":"https:\/\/www.medsconsulting.com\/it\/wp-json\/wp\/v2\/product\/1781","targetHints":{"allow":["GET"]}}],"collection":[{"href":"https:\/\/www.medsconsulting.com\/it\/wp-json\/wp\/v2\/product"}],"about":[{"href":"https:\/\/www.medsconsulting.com\/it\/wp-json\/wp\/v2\/types\/product"}],"replies":[{"embeddable":true,"href":"https:\/\/www.medsconsulting.com\/it\/wp-json\/wp\/v2\/comments?post=1781"}],"wp:featuredmedia":[{"embeddable":true,"href":"https:\/\/www.medsconsulting.com\/it\/wp-json\/wp\/v2\/media\/2056"}],"wp:attachment":[{"href":"https:\/\/www.medsconsulting.com\/it\/wp-json\/wp\/v2\/media?parent=1781"}],"wp:term":[{"taxonomy":"product_cat","embeddable":true,"href":"https:\/\/www.medsconsulting.com\/it\/wp-json\/wp\/v2\/product_cat?post=1781"},{"taxonomy":"product_tag","embeddable":true,"href":"https:\/\/www.medsconsulting.com\/it\/wp-json\/wp\/v2\/product_tag?post=1781"}],"curies":[{"name":"wp","href":"https:\/\/api.w.org\/{rel}","templated":true}]}}