{"id":1762,"date":"2020-10-25T08:26:54","date_gmt":"2020-10-25T08:26:54","guid":{"rendered":"https:\/\/www.medsconsulting.com\/it\/?post_type=product&#038;p=1762"},"modified":"2022-04-14T09:30:38","modified_gmt":"2022-04-14T09:30:38","slug":"suboxone","status":"publish","type":"product","link":"https:\/\/www.medsconsulting.com\/it\/product\/sollievo-dal-dolore\/suboxone\/","title":{"rendered":"Suboxone"},"content":{"rendered":"<p>Suboxone<\/p>\n<p>Suboxone contiene una combinazione di buprenorfina e naloxone. La buprenorfina \u00e8 un\u00a0<a href=\"https:\/\/en.wikipedia.org\/wiki\/Opioid\" target=\"_blank\" rel=\"noopener\">farmaco oppioide<\/a>, talvolta chiamato\u00a0narcotico.<\/p>\n<p>Il naloxone blocca gli effetti di\u00a0<a href=\"https:\/\/en.wikipedia.org\/wiki\/Opioid\" target=\"_blank\" rel=\"noopener\">farmaci oppioidi<\/a>, inclusi sollievo dal dolore o sensazioni di benessere che possono portare all&#8217;abuso di oppioidi. Forma di dosaggio: compresse sublinguali. Il film sublinguale di Suboxone \u00e8 indicato per il trattamento della dipendenza da oppioidi e deve essere utilizzato come parte di un trattamento completo.<\/p>\n<p>Usi di Suboxone:<br \/> Il suboxone \u00e8 usato per trattare la dipendenza\/dipendenza da oppioidi (narcotici). L&#8217;acquisto di buprenorfina online appartiene a una classe di farmaci chiamati agonisti-antagonisti misti degli oppioidi.<\/p>\n<p>Aiuta a prevenire i sintomi di astinenza causati dall&#8217;interruzione di altri oppioidi.<\/p>\n<p>\u00c8 usato come parte di un trattamento completo programma per l&#8217;abuso di droghe (come monitoraggio della conformit\u00e0, consulenza, contratto comportamentale, cambiamenti nello stile di vita). \u2013 acquistare Suboxone<\/p>\n<h4>Come utilizzare Suboxone Sublingual:<br \/> Leggi la Guida ai farmaci fornita dal farmacista prima di iniziare a utilizzare Suboxone sublinguale e ogni volta che ricevi una ricarica. In caso di domande, si rivolga al medico o al farmacista.<br \/> Utilizzare questo farmaco come indicato dal medico, di solito una volta al giorno. Metti il \u200b\u200bfarmaco sotto la lingua per 5-10 minuti e lascialo dissolvere completamente. Inoltre, se ti viene prescritta pi\u00f9 di una compressa al giorno, puoi mettere tutte le compresse sotto la lingua contemporaneamente o mettere due compresse alla volta. tempo sotto la tua lingua. Non ingerire o masticare questo farmaco. Non funzioner\u00e0 altrettanto bene.<br \/> Suboxone da solo viene solitamente utilizzato per i primi 2 giorni dopo aver interrotto tutti gli altri oppioidi. Viene somministrato nello studio del medico. Il medico passer\u00e0 quindi alla combinazione di farmaci buprenorfina\/naloxone per il trattamento di mantenimento.<br \/> Il suboxone funziona meglio quando la prima dose inizia dopo che sono iniziati i segni di astinenza da oppiacei. Questo farmaco pu\u00f2 causare sintomi di astinenza se iniziato troppo presto dopo l&#8217;ultimo uso di oppioidi. Segui le istruzioni del tuo medico per il tuo piano di trattamento.<br \/> Il dosaggio si basa sulle tue condizioni mediche e sulla risposta al trattamento. Non aumentare la dose, non assumere il farmaco pi\u00f9 frequentemente o prenderlo per un tempo pi\u00f9 lungo di quello prescritto. Interrompere correttamente il farmaco quando cos\u00ec indicato.<br \/> Utilizzare regolarmente questo farmaco per trarne il massimo beneficio. Per aiutarti a ricordare, usalo ogni giorno alla stessa ora.<br \/> Il suboxone pu\u00f2 causare reazioni di astinenza, specialmente se usato regolarmente per lungo tempo o in dosi elevate. Ad esempio, se interrompe improvvisamente l&#8217;uso di questo farmaco, possono verificarsi sintomi di astinenza (come irrequietezza, lacrimazione, naso che cola, nausea, sudorazione, dolori muscolari).<\/h4>\n<p>Per prevenire reazioni da astinenza, il medico pu\u00f2 ridurre il dose gradualmente.<\/p>\n<p>Acquista Suboxone8mg 2mg online- Acquista buprenorfina online &#8211; suboxone8mg in vendita &#8211; acquista naloxone online<\/p>\n<p>Qui puoi in modo sicuro e protetto. I prodotti sono della migliore qualit\u00e0, puri al 98,98% circa e approvati dalla FDA. L&#8217;imballaggio \u00e8 sicuro e la spedizione \u00e8 discreta al 100% e la consegna \u00e8 molto veloce. Spediamo con DHL, FedEx e UPS per ora. Acquista Suboxone 8mg online qui.<\/p>\n<p>NON \u00e8 necessaria una\u00a0<a href=\"https:\/\/www.bestonlinepharmacystore.com\/shop\/\" target=\"_blank\" rel=\"noopener\">prescrizione<\/a>\u00a0per ordinare da noi. Effettua il tuo ordine ora e spediremo il tuo pacco in modo discreto nella tua posizione in tutto il mondo. per maggiori informazioni sul prodotto\u00a0<a href=\"https:\/\/www.bestonlinepharmacystore.com\/returns-refunds\/\" target=\"_blank\" rel=\"noopener\">clicca<\/a><\/p>\n","protected":false},"excerpt":{"rendered":"<p>Film sublinguale Suboxone (2 mg-0,5 mg -8 mg)<\/p>\n<p>30 film a $ 158<\/p>\n","protected":false},"featured_media":2055,"comment_status":"open","ping_status":"closed","template":"","meta":[],"product_cat":[242],"product_tag":[],"class_list":{"0":"post-1762","1":"product","2":"type-product","3":"status-publish","4":"has-post-thumbnail","6":"product_brand-pain-relief","7":"product_cat-sollievo-dal-dolore","9":"first","10":"instock","11":"featured","12":"shipping-taxable","13":"purchasable","14":"product-type-simple"},"_links":{"self":[{"href":"https:\/\/www.medsconsulting.com\/it\/wp-json\/wp\/v2\/product\/1762","targetHints":{"allow":["GET"]}}],"collection":[{"href":"https:\/\/www.medsconsulting.com\/it\/wp-json\/wp\/v2\/product"}],"about":[{"href":"https:\/\/www.medsconsulting.com\/it\/wp-json\/wp\/v2\/types\/product"}],"replies":[{"embeddable":true,"href":"https:\/\/www.medsconsulting.com\/it\/wp-json\/wp\/v2\/comments?post=1762"}],"wp:featuredmedia":[{"embeddable":true,"href":"https:\/\/www.medsconsulting.com\/it\/wp-json\/wp\/v2\/media\/2055"}],"wp:attachment":[{"href":"https:\/\/www.medsconsulting.com\/it\/wp-json\/wp\/v2\/media?parent=1762"}],"wp:term":[{"taxonomy":"product_cat","embeddable":true,"href":"https:\/\/www.medsconsulting.com\/it\/wp-json\/wp\/v2\/product_cat?post=1762"},{"taxonomy":"product_tag","embeddable":true,"href":"https:\/\/www.medsconsulting.com\/it\/wp-json\/wp\/v2\/product_tag?post=1762"}],"curies":[{"name":"wp","href":"https:\/\/api.w.org\/{rel}","templated":true}]}}