{"id":1742,"date":"2020-10-25T07:43:45","date_gmt":"2020-10-25T07:43:45","guid":{"rendered":"https:\/\/www.medsconsulting.com\/it\/?post_type=product&#038;p=1742"},"modified":"2023-08-01T12:10:40","modified_gmt":"2023-08-01T12:10:40","slug":"acquista-ibogaina-hcl","status":"publish","type":"product","link":"https:\/\/www.medsconsulting.com\/it\/product\/ibogaina\/acquista-ibogaina-hcl\/","title":{"rendered":"Acquista Ibogaina HCL"},"content":{"rendered":"<h2>Acquista Ibogaina HCL<\/h2>\n<p>Acquista Ibogaina HCL. Ibogaina\u00a0\u00e8 un psicoattivo\u00a0sostanza presente nelle piante della famiglia\u00a0Apocynaceae come\u00a0<a href=\"https:\/\/www.medsconsulting.com\/it\/product\/ibogaina\/tabernanthe-iboga\/\"><i>Tabernanthe iboga<\/i><\/a>,\u00a0<i><a title=\" Voacanga africana\" href=\"https:\/\/en.wikipedia.org\/wiki\/Voacanga_africana\" target=\"_blank\" rel=\"noopener\">Voacanga africana<\/a><\/i> e\u00a0<i>Tabernaemontana undulata<\/i>.<sup id=\"cite_ref-Koe2015_3-0\" class=\"reference\"><\/sup>\u00a0\u00c8 un\u00a0psichedelica\u00a0con\u00a0propriet\u00e0 dissociative\u00a0. Ricerche preliminari indicano che pu\u00f2 aiutare con\u00a0tossicodipendenza. Ibogaina in vendita. Acquista Ibogaina HCL online. Ibogaina HCL in polvere. Acquista l&#8217;ibogaina online.<sup id=\"cite_ref-Koe2015_3-1\" class=\"reference\"><\/sup><\/p>\n<p>Inoltre, a partire dal 2016 sono disponibili molte forme diverse di ibogaina, che includono la radice polvere, che contiene quantit\u00e0 estremamente minime di ibogaina e ha scarso effetto se usata con l&#8217;intenzione di mitigare i sintomi di astinenza da oppioidi; a ibogaina HCL altamente purificata, pura al 99,7%, all&#8217;altra estremit\u00e0 dello spettro. Acquista Ibogaine HCL online<\/p>\n<h2>Ibogaine HCL in vendita<\/h2>\n<p>In primo luogo, presso Meds Consulting <a href=\"https:\/\/www.medsconsulting.com\/it\/product\/ibogaine\/ibogaine- hcl\/\">centro di trattamento dell&#8217;ibogaina<\/a>, utilizziamo ibogaina HCL di grado farmaceutico pura al 99,7%. Non utilizziamo ibogaina semisintetica economica derivata da Voacanga africana; TA (alcaloide totale); o estratti di PTA (alcaloide totale purificato). Acquista l&#8217;ibogaina online.<\/p>\n<p>Le nostre materie prime sono originarie del Camerun (non del Gabon), tramite una cooperativa di agricoltori che coltiva l&#8217;iboga TA per il nostro uso dalla met\u00e0 degli anni &#8217;90, utilizzando le migliori pratiche per l&#8217;ecologia , agricoltura sostenibile. Non utilizziamo materiali del mercato nero o grigio di origine o purezza sconosciuta. Acquista l&#8217;ibogaina HCL online.<\/p>\n<p>&nbsp;<\/p>\n<h3>Comprare Ibogaina HCL<\/h3>\n<p>La nostra ibogaina cloridrato \u00e8 stata prodotta esclusivamente per il nostro uso in un laboratorio conforme a cGMP che \u00e8 conforme a tutte le linee guida USFDA. L&#8217;Ibogaine HCL utilizzato da Meds Consulting raggiunge i pi\u00f9 alti livelli di purezza possibili quando si utilizza la chimica del prodotto naturale; i nostri materiali sono certificati puri al 99,7% tramite test HPLC.<\/p>\n<h2>Propriet\u00e0 psicoattive dell&#8217;ibogaina<\/h2>\n<p>In primo luogo, le propriet\u00e0 psicoattive dell&#8217;ibogaina inducono un&#8217;esperienza spirituale intensificata. Il paziente sperimenta una profonda intuizione, dando loro chiarezza nelle loro vite, che lo motiva a cambiare a livello psicologico e vivere una vita libera dalla droga. Ibogaina in vendita.<\/p>\n<p>Gli studi confermano che<a href=\"https:\/\/www.medsconsulting.com\/?s=ibogaine+\"> l&#8217;ibogaina<\/a> ha un potenziale considerevole nel trattamento della dipendenza da droghe pesanti, ad esempio eroina, metadone, cocaina, crack e alcol. Inoltre, ci sono indicazioni che sia utile nel trattamento della dipendenza da tabacco. Acquista l&#8217;ibogaina online.<\/p>\n<p>L&#8217;ibogaina offre anche opportunit\u00e0 come psicoterapia o insegnante <a href=\"https:\/\/www.medsconsulting.com\/it\/?s=ibogaine+\">spirituale<\/a>. Inoltre, nel campo della psicoterapia, l&#8217;ibogaina pu\u00f2 essere utilizzata come trattamento per gli effetti di traumi o condizionamenti. Ibogaina in vendita.<\/p>\n<h3>Terapia sicura ed efficace?<\/h3>\n<p>Le persone a volte cercano ibogaina in vendita nella speranza di sottoporsi a terapia con ibogaina per curare una dipendenza da oppiacei. Ma come qualsiasi programma di trattamento, la terapia con <a href=\"https:\/\/www.medsconsulting.com\/it\/product\/ibogaina\/tabernanthe-iboga\/\">ibogaina<\/a> non offre garanzie. La migliore polvere di <a href=\"https:\/\/www.medsconsulting.com\/?s=ibogaine+\">ibogaina HCL<\/a><\/p>\n<p>Inoltre, la terapia con ibogaina<a href=\"https:\/\/www.medsconsulting.com\/it\/?s=ibogaine+\"> HCL<\/a> pu\u00f2 aiutare un individuo a superare una dipendenza da oppiacei. Ibogaina in vendita.<\/p>\n<p>Inoltre, l&#8217;ibogaina aiuta a ripristinare i livelli chimici nel cervello, ma di solito non ci vuole molto prima che il cervello diventi fisicamente dipendente dall&#8217;ibogaina. Pertanto, se una persona assume troppa ibogaina in una volta, potrebbe subire un&#8217;overdose fatale. Acquistare ibogaina online.<\/p>\n<h4>Acquista Ibogaina HCL<\/h4>\n<p>Tutta l&#8217;ibogaina non \u00e8 la stessa. Diversi materiali possono avere effetti notevolmente diversi. L&#8217;ibogaina che usiamo in Meds Consulting \u00e8 identica ai materiali utilizzati in tutte le monografie che sono state pubblicate fino ad oggi su riviste sottoposte a revisione paritaria, dimostrando la presunta capacit\u00e0 dell&#8217;ibogaina di attenuare i sintomi di astinenza dai disturbi da abuso di poli-sostanze. Acquista l&#8217;ibogaina online.<\/p>\n<p>Offriamo il programma di disintossicazione dall&#8217;ibogaina pi\u00f9 sicuro ed efficace al mondo e gestiamo l&#8217;ibogaina cloridrato della pi\u00f9 alta qualit\u00e0 esistente sul pianeta Terra. Ibogaina HCL in polvere.<\/p>\n","protected":false},"excerpt":{"rendered":"<p>L&#8217;ibogaina HCL (idrocloruro) \u00e8 isolata dal nostro estratto di Iboga TA ed \u00e8 circa il 95-99% di ibogaina HCL pura.<\/p>\n","protected":false},"featured_media":1999,"comment_status":"open","ping_status":"closed","template":"","meta":[],"product_cat":[247],"product_tag":[581,619,615,609,610,613,617,616,620,621,614,622,618,623,612,608,611,568,605,582,580,578,577,607,579,569,583,565,603,574,586,598,573,571,601,567,604,602,594,589,599,575,600,588,591,597,596,566,576,564,606,572,587,593,570,585,584,595,592,590],"class_list":{"0":"post-1742","1":"product","2":"type-product","3":"status-publish","4":"has-post-thumbnail","6":"product_cat-ibogaina","7":"product_tag-comprare-iboga-root-online-di-nuovo","8":"product_tag-buy-ibogaine-online-austria","9":"product_tag-comprare-ibogaine-online-brasile","10":"product_tag-comprare-ibogaine-online-francia","11":"product_tag-comprare-ibogaine-online-germania","12":"product_tag-comprare-ibogaine-online-italia","13":"product_tag-comprare-ibogaine-online-polonia","14":"product_tag-comprare-ibogaine-online-portogallo","15":"product_tag-comprare-ibogaine-online-russia","16":"product_tag-buy-ibogaine-online-slovacchia","17":"product_tag-comprare-ibogaine-online-spagna","18":"product_tag-comprare-ibogaine-online-svezia","19":"product_tag-buy-ibogaine-online-svizzera","20":"product_tag-comprare-ibogaine-online-paesi-bassi","21":"product_tag-comprare-ibogaine-online-canada","22":"product_tag-comprare-ibogaine-online-usa","23":"product_tag-comprare-ibogaine-online-uk","24":"product_tag-comprare-ibogaina-per-dipendenza-online","25":"product_tag-comprare-capsule-iboga-on-line-senza-prescrizione-dove-acquistare-iboga-ta-online","26":"product_tag-comprare-iboga-root-back-trucioli-online","27":"product_tag-comprare-capsule-di-ibogaina-online","28":"product_tag-acquistare-ibogaine-hcl-online","29":"product_tag-compra-ibogaina-online","30":"product_tag-comprare-ibogaina-on-line-senza-prescrizione","31":"product_tag-comprare-ibogaine-ta-online","32":"product_tag-comprare-pillole-di-ibogaina-online","33":"product_tag-comprare-semi-iboga-online","34":"product_tag-centro-trattamento-dellibogaina","35":"product_tag-come-ordinare-ibogaina-online","36":"product_tag-come-ottenere-ibogaina-online","37":"product_tag-comprare-ibogaina-per-fumare","38":"product_tag-costi-di-trattamento-dellibogaina","39":"product_tag-dosaggio-di-ibogaina-hcl","40":"product_tag-dove-acquistare-ibogaina-hcl","41":"product_tag-dove-trovare-libogaina-online","42":"product_tag-dove-acquistare-ibogaina-on-line-senza-prescrizione","43":"product_tag-dove-ordinare-ibogaina-hcl-online","44":"product_tag--sicuro-ordinare-libogaina-online","45":"product_tag-ibogaina-farmacia-online","46":"product_tag-iboga-hcl-for-sale","47":"product_tag-iboga-in-vendita","48":"product_tag-iboga-in-vendita-online","49":"product_tag-iboga-per-la-dipendenza","50":"product_tag-iboga-seeds-for-sale","51":"product_tag-iboga-ta-for-sale","52":"product_tag-ibogaina-cloridrato-in-vendita","53":"product_tag-ibogaina-dove-posso-prenderlo","54":"product_tag-ibogaina-hcl-in-vendita-online","55":"product_tag-ibogaina-in-vendita","56":"product_tag-ibogaina-in-vendita-online","57":"product_tag-ibogaine-ta-in-vendita-on-line-senza-prescrizione","58":"product_tag-ibogaine-addiction-treatment","59":"product_tag-ibogaine-root-bark-for-sale-online","60":"product_tag-ibogaine-seeds-for-sale","61":"product_tag-iboga-negozio-online","62":"product_tag-ibogaina-pillole-in-vendita-online","63":"product_tag-ibogaina-polvere-in-vendita-online","64":"product_tag-uso-di-ibogaina","65":"product_tag-iboga-radice-corteccia-in-vendita","66":"product_tag-iboga-pianta-in-vendita","68":"first","69":"instock","70":"featured","71":"shipping-taxable","72":"purchasable","73":"product-type-variable","74":"has-default-attributes"},"_links":{"self":[{"href":"https:\/\/www.medsconsulting.com\/it\/wp-json\/wp\/v2\/product\/1742","targetHints":{"allow":["GET"]}}],"collection":[{"href":"https:\/\/www.medsconsulting.com\/it\/wp-json\/wp\/v2\/product"}],"about":[{"href":"https:\/\/www.medsconsulting.com\/it\/wp-json\/wp\/v2\/types\/product"}],"replies":[{"embeddable":true,"href":"https:\/\/www.medsconsulting.com\/it\/wp-json\/wp\/v2\/comments?post=1742"}],"wp:featuredmedia":[{"embeddable":true,"href":"https:\/\/www.medsconsulting.com\/it\/wp-json\/wp\/v2\/media\/1999"}],"wp:attachment":[{"href":"https:\/\/www.medsconsulting.com\/it\/wp-json\/wp\/v2\/media?parent=1742"}],"wp:term":[{"taxonomy":"product_cat","embeddable":true,"href":"https:\/\/www.medsconsulting.com\/it\/wp-json\/wp\/v2\/product_cat?post=1742"},{"taxonomy":"product_tag","embeddable":true,"href":"https:\/\/www.medsconsulting.com\/it\/wp-json\/wp\/v2\/product_tag?post=1742"}],"curies":[{"name":"wp","href":"https:\/\/api.w.org\/{rel}","templated":true}]}}