{"id":1736,"date":"2020-10-25T07:39:00","date_gmt":"2020-10-25T07:39:00","guid":{"rendered":"https:\/\/www.medsconsulting.com\/it\/?post_type=product&#038;p=1736"},"modified":"2025-03-13T00:27:04","modified_gmt":"2025-03-13T00:27:04","slug":"buy-oxycontin","status":"publish","type":"product","link":"https:\/\/www.medsconsulting.com\/it\/product\/sollievo-dal-dolore\/buy-oxycontin\/","title":{"rendered":"Acquista OxyContin"},"content":{"rendered":"<h2>Acquista Oxycontin Online<\/h2>\n<p>Acquista <a href=\"https:\/\/www.medsconsulting.com\/it\/product\/pain-relief\/oxycontin\/\">OxyContin<\/a> antidolorifici oppioidi. Non dovresti usare OxyContin se soffri di asma grave o problemi respiratori o un blocco nello stomaco o nell&#8217;intestino. Quindi effettua l&#8217;ordine QUI e acquista Oxycontin online a buon mercato con una consegna discreta durante la notte.- Il posto migliore per acquistare online a buon mercato<\/p>\n<h2>USI DI OXYCONTIN<\/h2>\n<p>Acquista OxyContin 10mg online. Oxycontin \u00e8 fondamentalmente utilizzato per la gestione del dolore acuto o cronico da lieve a grave.<\/p>\n<p>In primo luogo, deve migliorare lo stile di vita di coloro che soffrono di molti tipi di dolore. Aiuta anche i pazienti con dolore da cancro da moderato a grave.<\/p>\n<p>Inoltre, la forma a rilascio controllato \u00e8 un&#8217;alternativa alla morfina e il trattamento di prima linea per il dolore da cancro.<\/p>\n<p>Anche l&#8217;ossicontina tende a indurre sensazioni di rilassamento e ridotta ansia in coloro che ne fanno uso occasionale.<\/p>\n<p>Rendendolo quindi una delle droghe pi\u00f9 comunemente abusate negli Stati Uniti d&#8217;America. Sentiti pi\u00f9 sicuro acquistarlo senza prescrizione medica.<\/p>\n<h2>Effetti collaterali di Oxycontin<\/h2>\n<p>Prima di iniziare a prendere questo farmaco, chiedi al tuo medico o al farmacista se devi interrompere o modificare il modo in cui usi l&#8217;altro\u00a0<a href=\"https:\/\/en.wikipedia.org\/wiki\/Opioid\" target=\"_blank\" rel=\"noopener\">farmaci oppioidi<\/a>.<\/p>\n<p>Potrebbero essere prescritti anche altri analgesici (come l&#8217;ibuprofene). Chiedi al tuo medico o al farmacista se usare l&#8217;ossicodone in modo sicuro con altri farmaci.<\/p>\n<p><strong>Causa:<\/strong><\/p>\n<ul>\n<li>Costipazione<\/li>\n<li>Nausea<\/li>\n<li>Vomito<\/li>\n<li>Vertigini<\/li>\n<li>Prurito<\/li>\n<li>Secchezza delle fauci<\/li>\n<\/ul>\n<p><strong>Effetti collaterali meno comuni <\/strong> includono perdita di appetito, nervosismo, dolore addominale, diarrea, ritenzione urinaria, dispnea e singhiozzo.<\/p>\n<p>Il posto migliore per acquistare Oxycontin online a buon mercato &#8211; Vendita di Oxycontin10Mg senza prescrizione<br \/> Farmaci La consulenza \u00e8 semplicemente il posto migliore per acquistare Oxycontin online senza prescrizione in modo sicuro e protetto.<\/p>\n<p>I prodotti sono della migliore qualit\u00e0 da strutture approvate dalla FDA. L&#8217;imballaggio \u00e8 sicuro e la spedizione \u00e8 discreta al 100%.<\/p>\n<p>Offriamo la consegna pi\u00f9 veloce di sempre dagli Stati Uniti a tutte le parti del mondo. Spediamo con vari servizi come DHL, FedEx, UPS e TNT per ora. Sentiti pi\u00f9 sicuro che mai per effettuare l&#8217;ordine qui.<\/p>\n","protected":false},"excerpt":{"rendered":"<p>Dosaggi disponibili: Compresse OC da 20 mg, 40 mg, 60 mg e 80 mg<br \/> Impronte: \u201cOC 20\u201d, \u201cOC 40\u201d, \u201cOC 60\u201d&amp; \u201cOC 80\u201d<br \/> Forma\/Colore: Rotondo Rosa\/Giallo\/Verde\/Grigio\/Bianco Pillole<br \/> Produttore: Purdue Pharma LP.<\/p>\n","protected":false},"featured_media":1749,"comment_status":"open","ping_status":"closed","template":"","meta":[],"product_cat":[242],"product_tag":[658,651,657,629,624,625,628,627,626,670,667,655,671,673,664,669,666,665,674,672,668,662,656,654,631,659,638,653,663,641,632,630,647,249,639,650,652,646,634,661,649,644,637,648,633,640,635,642,660,643,645,636],"class_list":{"0":"post-1736","1":"product","2":"type-product","3":"status-publish","4":"has-post-thumbnail","6":"product_brand-pain-relief","7":"product_cat-sollievo-dal-dolore","8":"product_tag-buy-a-buon-mercato-oxycontin-online-uae","9":"product_tag-buy-oxycontin-pillole-uk","10":"product_tag-buy-oxycontin-pillole-online-spagna","11":"product_tag-buy-legit-oxycontin-online","12":"product_tag-buy-oxycontin","13":"product_tag-buy-oxycontin-30mg","14":"product_tag-compra-oxycontin-economico-online","15":"product_tag-buy-oxycontin-austria","16":"product_tag-compra-oxycontin-online","17":"product_tag-buy-oxycontin-online-californa","18":"product_tag-buy-oxycontin-online-danimarca","19":"product_tag-buy-oxycontin-online-germania","20":"product_tag-buy-oxycontin-online-huwaii","21":"product_tag-buy-oxycontin-online-ceco","22":"product_tag-buy-oxycontin-online-india","23":"product_tag-buy-oxycontin-online-stati-uniti","24":"product_tag-buy-oxycontin-online-norvegia","25":"product_tag-buy-oxycontin-online-paesi-bassi","26":"product_tag-buy-oxycontin-online-polonia","27":"product_tag-buy-oxycontin-online-portogallo","28":"product_tag-buy-oxycontin-online-russia","29":"product_tag-buy-oxycontin-per-uso-in-fabbrica","30":"product_tag-buy-cheap-oxycontin-tablet-online","31":"product_tag-come-acquistare-compresse-di-ossicontin-online","32":"product_tag-come-acquistare-a-buon-mercato-oxycontin-online","33":"product_tag-dove-acquistare-tablet-oxycontin-a-buon-mercato-online-in-francia","34":"product_tag-dove-acquistare-oxycontin","35":"product_tag-dove-acquistare-oxycontin-online-usa","36":"product_tag-dove-acquistare-oxycontin-per-uso-personale-italia","37":"product_tag-dove-posso-comprare-oxycontin-tablet","38":"product_tag-oxycontin-farmaco-in-vendita","39":"product_tag-legit-oxycontin-in-vendita-online","40":"product_tag-oxycontin-online-store","41":"product_tag-opioid","42":"product_tag-ordine-ossicontin","43":"product_tag-oxycontin-allingrosso","44":"product_tag-oxycontin-da-acquistare","45":"product_tag-oxycontin-in-linea","46":"product_tag-oxycontin-in-vendita","47":"product_tag-oxycontin-online-buy-svezia","48":"product_tag-oxycontin-da-acquistare-online","49":"product_tag-oxycontin-suppliers","50":"product_tag-oxycontin-tablet-online-buy","51":"product_tag-oxycontin-tablets","52":"product_tag-oxycontin-tablets-for-sale","53":"product_tag-oxycontin-vendita","54":"product_tag-oxycontin-pillole-in-vendita","55":"product_tag-oxycontin-pillole-dove-acquistare","56":"product_tag-oxycontin-pillole-in-vendita-online-canada","57":"product_tag-miglior-posto-per-acquistare-oxycontin-online","58":"product_tag-pure-oxycontin-online","59":"product_tag-qualit-oxycontin-in-vendita","61":"first","62":"instock","63":"shipping-taxable","64":"purchasable","65":"product-type-variable","66":"has-default-attributes"},"_links":{"self":[{"href":"https:\/\/www.medsconsulting.com\/it\/wp-json\/wp\/v2\/product\/1736","targetHints":{"allow":["GET"]}}],"collection":[{"href":"https:\/\/www.medsconsulting.com\/it\/wp-json\/wp\/v2\/product"}],"about":[{"href":"https:\/\/www.medsconsulting.com\/it\/wp-json\/wp\/v2\/types\/product"}],"replies":[{"embeddable":true,"href":"https:\/\/www.medsconsulting.com\/it\/wp-json\/wp\/v2\/comments?post=1736"}],"wp:featuredmedia":[{"embeddable":true,"href":"https:\/\/www.medsconsulting.com\/it\/wp-json\/wp\/v2\/media\/1749"}],"wp:attachment":[{"href":"https:\/\/www.medsconsulting.com\/it\/wp-json\/wp\/v2\/media?parent=1736"}],"wp:term":[{"taxonomy":"product_cat","embeddable":true,"href":"https:\/\/www.medsconsulting.com\/it\/wp-json\/wp\/v2\/product_cat?post=1736"},{"taxonomy":"product_tag","embeddable":true,"href":"https:\/\/www.medsconsulting.com\/it\/wp-json\/wp\/v2\/product_tag?post=1736"}],"curies":[{"name":"wp","href":"https:\/\/api.w.org\/{rel}","templated":true}]}}