{"id":1725,"date":"2020-10-25T07:28:09","date_gmt":"2020-10-25T07:28:09","guid":{"rendered":"https:\/\/www.medsconsulting.com\/it\/?post_type=product&#038;p=1725"},"modified":"2022-04-14T09:31:52","modified_gmt":"2022-04-14T09:31:52","slug":"iboga-ta","status":"publish","type":"product","link":"https:\/\/www.medsconsulting.com\/it\/product\/ibogaina\/iboga-ta\/","title":{"rendered":"Iboga TA"},"content":{"rendered":"<h2>Acquista Iboga TA online<\/h2>\n<p>Iboga TA, Iboga TA in vendita, Acquista Iboga TA online, Ibogaine Suppliers Online, TA sta per &#8220;total\u00a0<a href=\"https:\/\/en.wikipedia.org \/wiki\/Alcaloide\">alcaloide<\/a>.&#8221; Iboga TA \u00e8 un estratto contenente tutti gli alcaloidi presenti nella corteccia di radice di iboga. Gli alcaloidi possono essere estratti dalla corteccia della radice in modo relativamente semplice tramite un&#8217;estrazione acido\/base.<\/p>\n<p>Anche gli acidi deboli come l&#8217;acido acetico sono abbastanza forti da convertire gli alcaloidi dell&#8217;iboga in sali. L&#8217;aceto (qualsiasi aceto va bene, anche se l&#8217;aceto bianco trasparente rende facile vedere cosa sta succedendo nella soluzione) contenente il 5% di acido acetico \u00e8 sufficiente. Iboga TA, Ibogaine Suppliers Online<\/p>\n<ol>\n<li>In primo luogo, assicurati che la corteccia della radice sia finemente polverizzata.<\/li>\n<li>Aggiungi la polvere a un contenitore, ad esempio un barattolo di vetro, una ciotola di ceramica , un secchio di plastica, ecc.<\/li>\n<li>Quindi aggiungi abbastanza aceto da coprire completamente la polvere. \u00c8 preferibile aggiungere pi\u00f9 che abbastanza aceto che non abbastanza. Gli alcaloidi a base libera sono completamente insolubili in acqua, quindi precipitano completamente fuori dalla soluzione. Acquista Iboga TA online<\/li>\n<li>Mescola accuratamente per garantire che tutti gli alcaloidi vengano convertiti nella loro forma salina (se si utilizza l&#8217;aceto, verranno convertiti nei loro sali di acetato).<\/li>\n<li>Come misura aggiuntiva , puoi lasciare riposare la miscela per una notte.<\/li>\n<li>Filtra la materia vegetale solida utilizzando un filtro per il caff\u00e8, un panno, una maglietta, ecc. e raccogli il liquido in un secondo contenitore (in questo caso un barattolo di vetro potrebbe essere preferibile in quanto ti consente di vedere la soluzione). Acquista Iboga TA online<\/li>\n<li>Ora aggiungi una base. Qualsiasi base andr\u00e0 bene, l&#8217;idrossido di ammonio \u00e8 l&#8217;ideale in quanto pu\u00f2 essere facilmente evaporato in seguito. Se hai difficolt\u00e0 a trovare idrossido di ammonio per uso alimentare, il carbonato di sodio \u00e8 una buona alternativa. Il carbonato di sodio pu\u00f2 essere preparato dal bicarbonato di sodio riscaldando il bicarbonato a 50\u00b0C. Acquista Iboga TA online<\/li>\n<li>Questo pu\u00f2 essere fatto in una pentola di metallo o pu\u00f2 essere fatto in una soluzione. Con l&#8217;aggiunta di carbonato di sodio si osserver\u00e0 l&#8217;effervescenza (gorgogliamento). Ci\u00f2 significa che \u00e8 presente dell&#8217;acido nella soluzione, quindi continua ad aggiungere carbonato di sodio fino a quando non si verifica pi\u00f9 effervescenza (il che significa che tutto l&#8217;acido \u00e8 stato neutralizzato). Quando l&#8217;effervescenza cessa, gli alcaloidi dovrebbero iniziare a precipitare. Aggiungere abbastanza carbonato fino a quando tutti gli alcaloidi non sono precipitati. Gli alcaloidi precipitati possono apparire come fiocchi neri o polvere marrone. Iboga TA in vendita.<\/li>\n<\/ol>\n<p>Il nostro prodotto di qualit\u00e0 \u00e8 il migliore che puoi trovare in giro e vendiamo in piccole\/grandi quantit\u00e0 con consegna discreta garantita.<\/p>\n<p>La nostra massima qualit\u00e0 , Tabernanthe Iboga Rootbark ad alto contenuto di alcaloide si presenta anche sotto forma di trucioli, polvere grossolana, polvere fine o preconfezionata in capsule e in forma cristallina pura e sono della massima purezza disponibile. Forniamo altri prodotti su richiesta del cliente e vendiamo a prezzi moderati.<\/p>\n<p>La nostra polvere di corteccia di iboga di alta qualit\u00e0 proviene direttamente dalla fonte delle trib\u00f9 locali e viene sostanzialmente raccolta da oltre 10 alberi di iboga di un anno.<\/p>\n<p>L&#8217;estratto di Iboga TA (alcaloide totale) \u00e8 gi\u00e0 stato estratto dalla corteccia della radice, rendendone molto pi\u00f9 facile il consumo, poich\u00e9 la corteccia della radice \u00e8 in definitiva di legno e pu\u00f2 mettere a dura prova un sistema delle persone quando consumano 20-50 g di legno, motivo per cui Iboga TA \u00e8 un prodotto popolare sia per motivi ricreativi che terapeutici. Ibogaina\u00a0Fornitori Online<\/p>\n","protected":false},"excerpt":{"rendered":"<p>TA sta per &#8220;alcaloide totale&#8221;. Iboga TA \u00e8 un estratto contenente tutti gli alcaloidi presenti nella corteccia della radice di iboga. Gli alcaloidi possono essere estratti dalla corteccia della radice in modo relativamente semplice tramite un&#8217;estrazione acido\/base.<\/p>\n","protected":false},"featured_media":2004,"comment_status":"open","ping_status":"closed","template":"","meta":[],"product_cat":[247],"product_tag":[],"class_list":{"0":"post-1725","1":"product","2":"type-product","3":"status-publish","4":"has-post-thumbnail","6":"product_cat-ibogaina","8":"first","9":"instock","10":"featured","11":"shipping-taxable","12":"purchasable","13":"product-type-variable"},"_links":{"self":[{"href":"https:\/\/www.medsconsulting.com\/it\/wp-json\/wp\/v2\/product\/1725","targetHints":{"allow":["GET"]}}],"collection":[{"href":"https:\/\/www.medsconsulting.com\/it\/wp-json\/wp\/v2\/product"}],"about":[{"href":"https:\/\/www.medsconsulting.com\/it\/wp-json\/wp\/v2\/types\/product"}],"replies":[{"embeddable":true,"href":"https:\/\/www.medsconsulting.com\/it\/wp-json\/wp\/v2\/comments?post=1725"}],"wp:featuredmedia":[{"embeddable":true,"href":"https:\/\/www.medsconsulting.com\/it\/wp-json\/wp\/v2\/media\/2004"}],"wp:attachment":[{"href":"https:\/\/www.medsconsulting.com\/it\/wp-json\/wp\/v2\/media?parent=1725"}],"wp:term":[{"taxonomy":"product_cat","embeddable":true,"href":"https:\/\/www.medsconsulting.com\/it\/wp-json\/wp\/v2\/product_cat?post=1725"},{"taxonomy":"product_tag","embeddable":true,"href":"https:\/\/www.medsconsulting.com\/it\/wp-json\/wp\/v2\/product_tag?post=1725"}],"curies":[{"name":"wp","href":"https:\/\/api.w.org\/{rel}","templated":true}]}}