{"id":1701,"date":"2020-10-25T12:24:45","date_gmt":"2020-10-25T12:24:45","guid":{"rendered":"https:\/\/www.medsconsulting.com\/it\/?post_type=product&#038;p=1701"},"modified":"2022-04-14T09:28:08","modified_gmt":"2022-04-14T09:28:08","slug":"paracetamolo","status":"publish","type":"product","link":"https:\/\/www.medsconsulting.com\/it\/product\/sollievo-dal-dolore\/paracetamolo\/","title":{"rendered":"Paracetamolo"},"content":{"rendered":"<p>Il paracetamolo \u00e8 un comune medicinale antidolorifico usato per trattare un&#8217;ampia variet\u00e0 di condizioni, tra cui:<\/p>\n<ul>\n<li>Febbre<\/li>\n<li>Mal di testa<\/li>\n<li>Dolore articolare <\/li>\n<li>Dolore muscolare<\/li>\n<li>Dolore mestruale<\/li>\n<li>Mal di denti<\/li>\n<\/ul>\n<p>Per dolori e febbre da lievi a moderati, il paracetamolo pu\u00f2 fornire un sollievo efficace e ti aiutano ad andare avanti con le tue attivit\u00e0 quotidiane.<\/p>\n<p>Il paracetamolo pu\u00f2 essere assunto insieme ad altri analgesici tra cui l&#8217;aspirina, l&#8217;ibuprofene e la codeina. Potresti trovare alcuni trattamenti combinati che combinano paracetamolo e ibuprofene, come Nuromol, e paracetamolo con codeina, come co-codamolo.<\/p>\n<p>I trattamenti contro il raffreddore e l&#8217;influenza contengono anche paracetamolo, tra gli altri ingredienti, per fornire sollievo in modo efficace dai sintomi tipici. Il paracetamolo \u00e8 efficace nel ridurre la febbre attribuita a coronavirus come l&#8217;influenza, il Covid-19 e il comune raffreddore.<\/p>\n<p>Puoi acquistare il paracetamolo nel Regno Unito da banco e online da farmacie registrate. Il paracetamolo si trova spesso nei farmaci contro il raffreddore e l&#8217;influenza a causa dei suoi effetti antipiretici (che riducono la febbre) e analgesici (alleviano il dolore).<\/p>\n<p>Se hai difficolt\u00e0 a prendere le compresse, il paracetamolo \u00e8 disponibile in compresse effervescenti che vengono sciolte in acqua .<\/p>\n<p>Per ordinare il paracetamolo online dalla farmacia registrata di Prescription Doctor nel Regno Unito, seleziona semplicemente la formulazione che preferisci e seleziona &#8220;inizia ordine&#8221;.<\/p>\n<hr \/>\n<h2 id=\"desc-content-1 \" class=\"arrow-right-xs arrow-down-xs\"><a id=\"come funziona il paracetamolo\" name=\"come funziona il paracetamolo\"><\/a>Come funziona il paracetamolo?<\/h2>\n<p>Sebbene il meccanismo del paracetamolo come antidolorifico non sia ancora completamente compreso, si teorizza spesso che il paracetamolo impedisca al corpo di produrre sostanze chimiche che causano dolore chiamate prostaglandine.<\/p>\n<p>Il paracetamolo riduce la febbre favorendo la sudorazione e la dilatazione del sangue vasi sanguigni pi\u00f9 vicini alla pelle.<\/p>\n<p>Insieme, i due meccanismi aiutano a ridurre il dolore e la febbre.<\/p>\n<hr \/>\n<h2 id=\"desc-content-2\" class=\"ar row-right-xs arrow-down-xs\"><a id=\"come prendere il paracetamolo\" name=\"come prendere il paracetamolo\"><\/a>Come prendo il paracetamolo?<\/h2>\n<p>Prendi uno o due compresse di paracetamolo ogni 4-6 ore secondo necessit\u00e0. Non assumere pi\u00f9 di 8 compresse o capsule di paracetamolo in un periodo di 24 ore.<\/p>\n<p>Ingerire capsule e compresse con un bicchiere d&#8217;acqua.<\/p>\n<p>Il paracetamolo pu\u00f2 essere assunto con o senza cibo.<\/p>\n<p>Segui sempre le istruzioni di un medico o di un farmacista.<\/p>\n<hr \/>\n<h2 id=\"desc-content-3\" class=\"arrow-right-xs arrow-down-xs\"> <a id=\"effetti collaterali e precauzioni\" name=\"effetti collaterali e precauzioni\"><\/a>Paracetamolo Effetti collaterali e precauzioni<\/h2>\n<p>Tutti i medicinali, compresi quelli acquistati da banco, comportano il rischio di effetti collaterali. Anche se potresti non riscontrarne nessuno, \u00e8 importante rimanere consapevoli e vigili sugli effetti collaterali per garantire la sicurezza.<\/p>\n<p>Se assunto correttamente, il paracetamolo raramente provoca effetti collaterali.<\/p>\n<p>Per ulteriori informazioni sulla sicurezza del paracetamolo, si consiglia di leggere il foglio illustrativo per il paziente che viene fornito in dotazione. Puoi anche visualizzare il foglio illustrativo online\u00a0qui.<\/p>\n<h3>Allergie<\/h3>\n<p><strong>Non<\/strong>\u00a0assumere Paracetamolo se sei allergico, o se hai gi\u00e0 avuto una reazione allergica, al Paracetamolo , qualsiasi prodotto che contenga paracetamolo o qualsiasi altro eccipiente elencato nel foglio illustrativo per il paziente allegato al medicinale.<\/p>\n<p><strong>I segni di una reazione allergica includono<\/strong><\/p>\n<ul>\n<li>Difficolt\u00e0 di respirazione o deglutizione<\/li>\n<li>Eruzione cutanea rossa, pruriginosa e in rilievo (orticaria)<\/li>\n<li>Gonfiore delle labbra, del viso, della lingua e della gola<\/li>\n<\/ul>\n<h3> Gravidanza e allattamento<\/h3>\n<p>L&#8217;assunzione di paracetamolo durante la gravidanza e l&#8217;allattamento al seno \u00e8 generalmente considerata sicura.<\/p>\n<p>Se sei incinta o pensi di poterlo essere, parla con il tuo medico o un farmacista per ulteriori informazioni per quanto riguarda la sicurezza dell&#8217;assunzione di paracetamolo durante la gravidanza.<\/p>\n<h3>Altre informazioni sulla sicurezza<\/h3>\n<p><strong>Non<\/strong>\u00a0prenda il paracetamolo con altri prodotti contenenti paracetamolo.<\/p>\n<p> Prendendo compresse di paracetamolo con medicinali contro il raffreddore e l&#8217;influenza (che possono anche contenere paracetamolo) possono aumentare il rischio di effetti collaterali o tossicit\u00e0 da paracetamolo, che possono danneggiare gravemente il fegato.<\/p>\n<p><strong>Non<\/strong>\u00a0assumere Paracetamolo oltre la data di scadenza stampata sulla confezione.<\/p>\n<p><strong>Non<\/strong>\u00a0gettare i medicinali scaduti o indesiderati nei rifiuti domestici o nell&#8217;acqua. Porta questi medicinali nella tua farmacia locale e chiedi loro di smaltirli in modo sicuro per tuo conto.<\/p>\n<p>Tenere sempre il medicinale lontano dalla vista e dalla portata di bambini e animali domestici.<\/p>\n<p><strong>Fai non<\/strong>\u00a0condividere la tua medicina con nessun altro, anche se sta manifestando i tuoi stessi sintomi.<\/p>\n<hr \/>\n<h2 id=\"desc-content-4\" class=\"arrow-right-xs arrow-down-xs\"><a id=\"domande frequenti\" name=\"domande frequenti\"><\/a>Domande frequenti<\/h2>\n<h3>Cosa devo fare se dimentico di prendere il paracetamolo?<\/h3>\n<p>Il paracetamolo viene assunto quando e quando ne hai bisogno. Se dimentica di prenderlo quando dovrebbe, lo prenda non appena se ne ricorda e continui ad assumere la dose normale come di consueto.<\/p>\n<p>Non prenda mai pi\u00f9 paracetamolo per compensare la dose dimenticata.<\/p>\n<h3>Cosa devo fare se prendo accidentalmente pi\u00f9 paracetamolo di quanto dovresti?<\/h3>\n<p>Se prendi pi\u00f9 della quantit\u00e0 giornaliera raccomandata di paracetamolo, vai direttamente al pronto soccorso dell&#8217;ospedale pi\u00f9 vicino. <\/p>\n<p>Prendere troppo paracetamolo pu\u00f2 danneggiare gravemente il fegato.<\/p>\n<h3>Posso bere alcolici mentre prendo paracetamolo?<\/h3>\n<p><strong>Non<\/strong>\u00a0bere alcolici durante l&#8217;assunzione di paracetamolo.<\/p>\n<h3>Il paracetamolo influir\u00e0 sulla mia capacit\u00e0 di guidare o di usare macchinari?<\/h3>\n<p>Il paracetamolo non dovrebbe influire sulla sua capacit\u00e0 di guidare o di usare macchinari.<\/p>\n<hr \/>\n<h2 id=\"desc-content-5\" class=\"arrow-right-xs arrow-down-xs\"><a id=\"farmacia di fiducia\" name=\"farmacia di fiducia\"><\/a>Acquista paracetamolo online da Medsconsulting. com<\/h2>\n<p>Quando acquisti Paracetamolo online da Prescri ption Dottore, puoi stare certo che il tuo trattamento viene spedito da una farmacia registrata nel Regno Unito da un team di farmacisti qualificati.<\/p>\n<p>Se hai domande sulla tua condizione o sul trattamento, abbiamo medici qualificati online che pu\u00f2 aiutarti con qualsiasi domanda tu possa avere.<\/p>\n<p>Offriamo una consegna discreta veloce e sicura il giorno successivo direttamente a casa tua.<\/p>\n","protected":false},"excerpt":{"rendered":"<p>Le compresse \/ compresse di paracetamolo sono antidolorifici affidabili e sicuri che possono essere utilizzati per trattare vari dolori e dolori. Ideale per chi cerca di alleviare i disturbi quotidiani come mal di testa, dolori mestruali e mal di denti.<\/p>\n","protected":false},"featured_media":1900,"comment_status":"open","ping_status":"closed","template":"","meta":[],"product_cat":[242],"product_tag":[],"class_list":{"0":"post-1701","1":"product","2":"type-product","3":"status-publish","4":"has-post-thumbnail","6":"product_brand-pain-relief","7":"product_cat-sollievo-dal-dolore","9":"first","10":"instock","11":"shipping-taxable","12":"purchasable","13":"product-type-variable","14":"has-default-attributes"},"_links":{"self":[{"href":"https:\/\/www.medsconsulting.com\/it\/wp-json\/wp\/v2\/product\/1701","targetHints":{"allow":["GET"]}}],"collection":[{"href":"https:\/\/www.medsconsulting.com\/it\/wp-json\/wp\/v2\/product"}],"about":[{"href":"https:\/\/www.medsconsulting.com\/it\/wp-json\/wp\/v2\/types\/product"}],"replies":[{"embeddable":true,"href":"https:\/\/www.medsconsulting.com\/it\/wp-json\/wp\/v2\/comments?post=1701"}],"wp:featuredmedia":[{"embeddable":true,"href":"https:\/\/www.medsconsulting.com\/it\/wp-json\/wp\/v2\/media\/1900"}],"wp:attachment":[{"href":"https:\/\/www.medsconsulting.com\/it\/wp-json\/wp\/v2\/media?parent=1701"}],"wp:term":[{"taxonomy":"product_cat","embeddable":true,"href":"https:\/\/www.medsconsulting.com\/it\/wp-json\/wp\/v2\/product_cat?post=1701"},{"taxonomy":"product_tag","embeddable":true,"href":"https:\/\/www.medsconsulting.com\/it\/wp-json\/wp\/v2\/product_tag?post=1701"}],"curies":[{"name":"wp","href":"https:\/\/api.w.org\/{rel}","templated":true}]}}