{"id":1644,"date":"2020-10-24T22:11:36","date_gmt":"2020-10-24T22:11:36","guid":{"rendered":"https:\/\/www.medsconsulting.com\/it\/?post_type=product&#038;p=1644"},"modified":"2022-04-14T09:33:42","modified_gmt":"2022-04-14T09:33:42","slug":"comprare-pillole-di-fentanil-online","status":"publish","type":"product","link":"https:\/\/www.medsconsulting.com\/it\/product\/sollievo-dal-dolore\/comprare-pillole-di-fentanil-online\/","title":{"rendered":"Acquista online le pillole di fentanil"},"content":{"rendered":"<h1>Acquista le pillole di fentanil online<\/h1>\n<p>Acquista le pillole di fentanil online, senza prescrizione medica e sicurezza al 100% e spedizione discreta. Dove acquistare pillole di fentanil online, acquistare compresse di fentanil, pillole di fentanil in vendita, fentanil per antidolorifici. Fentanyl Pills (noto anche come fentanil) \u00e8 un potente farmaco antidolorifico oppioide sintetico con una rapida insorgenza e una breve durata d&#8217;azione. \u00c8 un forte agonista dei recettori \u03bc-oppioidi. <b>Fentanil<\/b>, anche scritto\u00a0<b>fentanil<\/b>, \u00e8 un\u00a0<a title=\"Opioid\" href=\"https:\/\/en.wikipedia.org\/wiki\/Opioid\" target=\"_blank\" rel=\"noopener\">oppioide<\/a>\u00a0usato come\u00a0<a title=\"Analgesic\" href=\"https:\/\/en.wikipedia.org\/wiki\/Analgesic\" target=\"_blank\" rel=\"noopener\">farmaco antidolorifico<\/a>\u00a0e insieme ad altri farmaci per\u00a0<a title=\"Anesthesia\" href=\"https:\/\/en.wikipedia.org\/wiki\/Anesthesia\" target=\"_blank\" rel=\"noopener\">anestesia<\/a>.<sup id=\"cite_ref-AHFS2017_3-3\" class=\"reference\"><\/sup>\u00a0Il fentanil viene utilizzato anche come <a title=\"Uso di droghe ricreative\" href=\"https:\/\/en.wikipedia.org\/wiki\/Recreational_drug_use\" target=\"_blank\" rel=\"noopener\">droga ricreativa<\/a>, spesso mescolato con\u00a0<a title=\"Heroin\" href=\"https:\/ \/en.wikipedia.org\/wiki\/Heroin\">eroina<\/a>\u00a0o\u00a0<a title=\"Cocaine\" href=\"https:\/\/en.wikipedia.org\/wiki\/Cocaine\" target=\"_blank\" rel=\"noopener\">cocaina<\/a>.<sup id=\"cite_ref-5\" class=\"reference\"><\/sup>\u00a0Ha un inizio rapido e i suoi effetti durano generalmente meno di due ore. Acquista pillole di fentanil, acquista compresse di fentanil<\/p>\n<p>Tuttavia, la sua potenza estrema richiede misurazioni attente di fentanil altamente diluito in soluzione; tentare di misurare con precisione una dose di polvere di fentanil puro non \u00e8 pratico senza un&#8217;attrezzatura scientifica avanzata poich\u00e9 una dose efficace e una dose letale di polvere di fentanil posizionata una accanto all&#8217;altra sarebbe difficile o impossibile da differenziare ad occhio nudo. Acquista le pillole di fentanil, dove acquistare le pillole di fentanil online.<\/p>\n<h2>Come prendere le compresse di fentanil orale (Come acquistare le compresse di fentanil online)<\/h2>\n<p>Le compresse di fentanil sono poste sopra un dente molare posteriore, tra la guancia e la gengiva (buccale). Pu\u00f2 anche essere posizionato sotto la lingua. Quando la compressa si dissolver\u00e0, si avvertir\u00e0 una leggera sensazione di gorgogliamento. Il farmaco non deve essere rotto o masticato. Potrebbero essere necessari dai 15 ai 25 minuti prima che la pillola si dissolva completamente.<\/p>\n<p>Se rimane qualche compressa dopo 30 minuti, pu\u00f2 essere deglutita con un bicchiere d&#8217;acqua. Non mangiare o bere nulla fino a quando la compressa non si \u00e8 completamente dissolta. Acquista pillole di fentanil, pillole di fentanil in vendita<\/p>\n<h3>Possibili effetti collaterali di compresse\/pillole di fentanil<\/h3>\n<p>Questi sono alcuni degli effetti collaterali pi\u00f9 comuni o importanti:<\/p>\n<h4>Rallentato Respirazione o pressione sanguigna bassa<\/h4>\n<p>Potresti avvertire pressione sanguigna bassa o respiro rallentato durante l&#8217;assunzione di antidolorifici oppioidi. Questo di solito si verifica solo quando la dose di farmaco \u00e8 troppo alta o viene aumentata troppo rapidamente. Questo accade raramente a pazienti che assumono farmaci oppioidi da molto tempo. Acquista le pillole di fentanil<\/p>\n<p>Questi effetti collaterali possono anche derivare da un sovradosaggio di oppioidi. Se ti senti estremamente stanco, stordito, stordito, sudato, nauseato o senza fiato, devi cercare assistenza immediatamente. A volte i pazienti che hanno assunto troppi farmaci oppioidi saranno cos\u00ec assonnati da non poter essere svegliati o eccitati. Acquista le pillole di fentanil<\/p>\n<h3>Sonnolenza (sonnolenza)<\/h3>\n<p>La sensazione di sonnolenza, sonnolenza o stordimento pu\u00f2 accompagnare l&#8217;uso di farmaci antidolorifici oppioidi. Alcune persone semplicemente non &#8220;si sentono se stesse&#8221; con questi farmaci. Evita di guidare o qualsiasi altra attivit\u00e0 potenzialmente pericolosa che richieda concentrazione e lucidit\u00e0 fino a quando non ti sentirai di nuovo normale. Evita l&#8217;alcol o altri sedativi durante l&#8217;utilizzo di questi farmaci a meno che non siano specificamente prescritti dal tuo team di assistenza. La maggior parte delle persone inizier\u00e0 a sentirsi se stessa dopo alcuni giorni di terapia. Acquista le pillole di fentanil<\/p>\n<h3>Nausea e\/o vomito<\/h3>\n<p>La nausea, con o senza vomito, pu\u00f2 essere un effetto collaterale dei farmaci antidolorifici oppioidi. Per alcuni pazienti, dura solo pochi giorni o settimane dopo l&#8217;inizio del farmaco, ma per alcuni \u00e8 un effetto collaterale a lungo termine. Nausea e vomito possono interferire con la gestione del dolore se nausea e\/o vomito colpiscono il paziente capacit\u00e0 di assumere il farmaco. Potresti scoprire che mangiare o non mangiare durante l&#8217;assunzione di questo farmaco pu\u00f2 essere utile per te. Acquista le pillole di fentanil<\/p>\n<h3>Costipazione causata da farmaci antidolorifici<\/h3>\n<p>La stitichezza \u00e8 un effetto collaterale molto comune dei farmaci antidolorifici che persiste finch\u00e9 si assumono i farmaci. Questo effetto collaterale pu\u00f2 spesso essere gestito bene con le seguenti misure preventive:<\/p>\n<p>-Bere 8-10 bicchieri d&#8217;acqua al giorno. I liquidi caldi o caldi possono essere utili.<br \/> -Aumentare l&#8217;attivit\u00e0 fisica quando possibile.<br \/> -Tentare un movimento intestinale alla stessa ora ogni giorno.<br \/> -Mangiare molta frutta e verdura.<br \/> -Quattro once di succo di prugna o 3-4 prugne\/prugne essiccate possono aiutare a promuovere i movimenti intestinali.<\/p>\n<p>Tuttavia, cibi ricchi di fibre (es. fiocchi di crusca, cereali ricchi di fibre) e integratori di fibre (come Metamucil ) pu\u00f2 effettivamente peggiorare la stitichezza da farmaci antidolorifici e dovrebbe essere evitato. Acquista compresse di fentanil<\/p>\n<p>&nbsp;<\/p>\n","protected":false},"excerpt":{"rendered":"<div class=\"woocommerce-product-details__short-description\">\n<p>Pillole di fentanil A met\u00e0 degli anni &#8217;90, il fentanil \u00e8 stato introdotto per uso palliativo con il cerotto di fentanil, seguito nel decennio successivo dall&#8217;introduzione del lecca-lecca di fentanil, che si dissolve compresse e spray sublinguale che viene riassorbito attraverso la pelle all&#8217;interno della bocca.<\/p>\n<\/p><\/div>\n","protected":false},"featured_media":1661,"comment_status":"open","ping_status":"closed","template":"","meta":[],"product_cat":[242],"product_tag":[251],"class_list":{"0":"post-1644","1":"product","2":"type-product","3":"status-publish","4":"has-post-thumbnail","6":"product_brand-pain-relief","7":"product_cat-sollievo-dal-dolore","8":"product_tag-fentanil","10":"first","11":"instock","12":"sale","13":"featured","14":"shipping-taxable","15":"purchasable","16":"product-type-variable","17":"has-default-attributes"},"_links":{"self":[{"href":"https:\/\/www.medsconsulting.com\/it\/wp-json\/wp\/v2\/product\/1644","targetHints":{"allow":["GET"]}}],"collection":[{"href":"https:\/\/www.medsconsulting.com\/it\/wp-json\/wp\/v2\/product"}],"about":[{"href":"https:\/\/www.medsconsulting.com\/it\/wp-json\/wp\/v2\/types\/product"}],"replies":[{"embeddable":true,"href":"https:\/\/www.medsconsulting.com\/it\/wp-json\/wp\/v2\/comments?post=1644"}],"wp:featuredmedia":[{"embeddable":true,"href":"https:\/\/www.medsconsulting.com\/it\/wp-json\/wp\/v2\/media\/1661"}],"wp:attachment":[{"href":"https:\/\/www.medsconsulting.com\/it\/wp-json\/wp\/v2\/media?parent=1644"}],"wp:term":[{"taxonomy":"product_cat","embeddable":true,"href":"https:\/\/www.medsconsulting.com\/it\/wp-json\/wp\/v2\/product_cat?post=1644"},{"taxonomy":"product_tag","embeddable":true,"href":"https:\/\/www.medsconsulting.com\/it\/wp-json\/wp\/v2\/product_tag?post=1644"}],"curies":[{"name":"wp","href":"https:\/\/api.w.org\/{rel}","templated":true}]}}