{"id":1634,"date":"2020-10-24T21:53:19","date_gmt":"2020-10-24T21:53:19","guid":{"rendered":"https:\/\/www.medsconsulting.com\/it\/?post_type=product&#038;p=1634"},"modified":"2022-04-14T09:34:00","modified_gmt":"2022-04-14T09:34:00","slug":"compra-fentanil-lecca-lecca","status":"publish","type":"product","link":"https:\/\/www.medsconsulting.com\/it\/product\/sollievo-dal-dolore\/compra-fentanil-lecca-lecca\/","title":{"rendered":"Acquista lecca-lecca di Fentanyl"},"content":{"rendered":"<h3>Acquista Fentanyl Lollipop<\/h3>\n<p>Il\u00a0<strong>Actiq fentanyl lecca-lecca.<\/strong> Prodotto da Cephalon e, come con altre forme del farmaco fentanil, \u00e8 circa 81 volte pi\u00f9 forte della morfina. Acquista Fentanil online. Vendo lecca lecca di fentanil. Acquista Fentanil senza prescrizione medica. Actiq (fentanil) lecca lecca. Acquista Fentanyl Lollipop.<\/p>\n<p><b>Fentanyl<\/b>, anche scritto\u00a0<b>fentanil<\/b>, \u00e8 un\u00a0<a title=\"Opioid\" href=\"https:\/\/en.wikipedia .org\/wiki\/Opioid\">oppioide<\/a>\u00a0usato come\u00a0<a title=\"Analgesic\" href=\"https:\/\/en.wikipedia.org\/wiki\/Analgesic\" target=\"_blank\" rel=\"noopener\">farmaco antidolorifico<\/a>\u00a0e insieme a altri farmaci per\u00a0<a title=\"Anesthesia\" href=\"https:\/\/en.wikipedia.org\/wiki\/Anesthesia\" target=\"_blank\" rel=\"noopener\">anestesia<\/a>.<sup id=\"cite_ref-AHFS2017_3-3\" class=\"reference\"><\/sup>\u00a0Il fentanil \u00e8 anche usato come\u00a0<a title=\"Uso di droghe ricreative\" href=\"https:\/\/en.wikipedia.org\/wiki\/Recreational_drug_use\" target=\"_blank\" rel=\"noopener\">droga ricreativa<\/a>, spesso mescolato con\u00a0<a title=\"Heroin\" href=\"https:\/\/en.wikipedia.org\/wiki\/Heroin\" target=\"_blank\" rel=\"noopener\">heroin<\/a>\u00a0o\u00a0<a title=\"Cocaine\" href=\"https:\/\/en.wikipedia.org\/wiki \/Cocaine\" target=\"_blank\" rel=\"noopener\">cocaina<\/a>.<\/p>\n<p>Inoltre, grazie alla sua potenza e all&#8217;alto potenziale di dipendenza,\u00a0<a href=\"https:\/\/www.medsconsulting.com\/it\/nl\/product\/ ibogaine\/ibogaine-hcl\/\">Fentanyl Lollipops<\/a>\u00a0sono classificati come farmaci &#8220;Schedule II&#8221; dalla Food and Drug Administration. Acquista Fentanyl Lollipop.<\/p>\n<h3>Nella maggior parte dei casi, Fentanyl Lollipop viene prescritto a:<\/h3>\n<ul type=\"disc\">\n<li>Fentanyl Lollipop \u00e8 per i pazienti con tolleranza agli oppioidi o ad altri farmaci antidolorifici ( i pazienti tipici assumeranno gi\u00e0 almeno 60 mg di morfina al giorno e\/o 50 g\/h di fentanil)<\/li>\n<li>Trattamento usato per il dolore episodico intenso da cancro<\/li>\n<li>Infine, tratta altri non maligni , forte dolore cronico (che pu\u00f2 essere associato a lesioni ossee, forti emicranie, ecc.). Acquista Fentanyl online.<\/li>\n<\/ul>\n<h3>Dose di lecca-lecca di Fentanyl<\/h3>\n<p>In primo luogo, i lecca-lecca di fentanil Actiq sono disponibili in sei dosi, ognuna delle quali \u00e8 differenziata da una scatola di colore unico e da un manico in plastica. Acquista online il lecca-lecca al fentanil (200-1600 mcg). Acquista Fentanyl Lollipop.<\/p>\n<p>Il dosaggio di Fentanyl lollipop\u00a0include:<\/p>\n<ul type=\"disc\">\n<li>200 microgrammi (mcg) in grigio<\/li>\n<li>400 mcg in blu<\/li>\n<li>600 mcg in arancione<\/li>\n<li>800 mcg in viola<\/li>\n<li>1200 mcg in verde<\/li>\n<li>1600 mcg in bordeaux<\/li>\n<\/ul>\n<p>Inoltre, prescriveremo il dosaggio appropriato di fentanil lecca-lecca in base a:<\/p>\n<ul type=\"disc\">\n<li>In primo luogo le condizioni del paziente<\/li>\n<li>Inoltre, la gravit\u00e0 della condizione <\/li>\n<li>E la storia medica di un paziente<\/li>\n<li>Infine, la sua nota tolleranza agli antidolorifici<\/li>\n<\/ul>\n<div id=\"body_content_body\" class=\"article\">\n<h3>Abuso di Fentanyl Lollipop<\/h3>\n<\/p><\/div>\n<p>Per cominciare, come con altre forme di questo farmaco,\u00a0<strong>i lecca-lecca di fentanil creano una forte dipendenza<\/strong>\u00a0e segnalati per avere effetti simili all&#8217;eroina. Inoltre, prima di ordinare Fentanyl Lollipop online \u00e8 bene notare che il suo abuso \u00e8 pericoloso, poich\u00e9 le overdose possono essere mortali. Acquista Fentanyl Lollipop.<\/p>\n<p>Inoltre, i sintomi di un sovradosaggio di fentanyl lollipop includono pelle fredda e umida, vertigini, affaticamento estremo, svenimento, respiro lento, pupille piccole (appuntite).<\/p>\n<p>Ancora una volta, chiunque i dipendenti da fentanil, cos\u00ec come coloro che subiscono un sovradosaggio da fentanil, dovrebbero rivolgersi a un medico di emergenza per salvarsi la vita. Acquista lecca-lecca di Fentanyl. Fentanyl Lollipop in vendita.<\/p>\n<h3>Effetti collaterali del Fentanyl Lollipop<\/h3>\n<p>In primo luogo, \u00e8 noto che i lecca-lecca al fentanyl Actiq causano una serie di effetti collaterali da lievi a gravi. Inoltre, gli effetti collaterali lievi e pi\u00f9 frequenti includono nausea e costipazione, reazioni pi\u00f9 gravi e potenzialmente pericolose per la vita del lecca-lecca al fentanil possono includere:<\/p>\n<ul type=\"disc\">\n<li>Per cominciare, la dipendenza (Una storia di droghe o la dipendenza da alcol pu\u00f2 indurre le persone a tentare di sballarsi con il cerotto antidolorifico al fentanil, poich\u00e9 questo farmaco ha effetti simili all&#8217;eroina.).<\/li>\n<li>Inoltre, danni al fegato.<\/li>\n<li>Ancora una volta, le vie respiratorie depressione (non inalando ossigeno a sufficienza).<\/li>\n<li>Ulteriore, grave reazione allergica.<\/li>\n<li>Infine, la morte.<\/li>\n<\/ul>\n<p>Inoltre, il seguente i sintomi possono indicare che i pazienti stanno sviluppando gravi effetti collaterali del fentanil:<\/p>\n<ul type=\"disc\">\n<li>dolore addominale<\/li>\n<li>difficolt\u00e0 respiratorie<\/li>\n<li>dipendenza dal fentanil<\/li>\n<p> li&gt; <\/p>\n<li>facili lividi<\/li>\n<li>gonfiore facciale o linguale (lingua)<\/li>\n<li>stanchezza<\/li>\n<li>orticaria e\/o eruzione cutanea<\/li>\n<li>ittero <\/li>\n<li>perdita di appetito.<\/li>\n<\/ul>\n<p>Pertanto, i pazienti dovrebbero cercare assistenza medica di emergenza se iniziano a sviluppare uno qualsiasi dei suddetti sintomi di reazioni al lecca-lecca di fentanil. Acquista lecca-lecca di Fentanyl. Actiq (fentanil) lecca lecca. Acquista Fentanil senza prescrizione medica. Acquista Fentanil online.<\/p>\n<h3>Cause legali sul fentanil<\/h3>\n<p>In primo luogo, chiunque sia ferito dopo aver usato il farmaco fentanil lecca-lecca, cos\u00ec come le famiglie di pazienti deceduti con fentanil, dovrebbero incontrare un avvocato esperto di lesioni personali per valutare la loro richiesta, anche per saperne di pi\u00f9 sul processo per vincere una causa sul fentanil. Ancora una volta, per decidere se vogliono archiviare un caso individuale o partecipare a un&#8217;azione collettiva. Vendo lecca lecca di fentanil. Acquista Fentanyl online.<\/p>\n<p>Infine, per incoraggiare i potenziali querelanti a saperne di pi\u00f9 sui loro diritti legali, gli avvocati di fentanyl offrono queste consulenze gratuitamente. Actiq (fentanil) lecca lecca. Acquista Fentanil senza prescrizione medica. Vendo lecca lecca di fentanil. Acquista Fentanil online.<\/p>\n","protected":false},"excerpt":{"rendered":"<p>Noto con il marchio Actiq, il fentanil lecca-lecca \u00e8 un farmaco oppioide che combina fentanil e citrato per fornire un potente sollievo dal dolore attraverso le mucose della bocca.<\/p>\n","protected":false},"featured_media":2017,"comment_status":"open","ping_status":"closed","template":"","meta":[],"product_cat":[242],"product_tag":[828,811,879,825,824,814,822,815,817,820,823,821,818,816,819,813,812,876,848,846,845,847,856,872,869,892,901,886,902,836,873,895,832,831,827,881,893,883,889,850,866,891,887,853,898,871,894,830,867,861,899,864,838,833,834,860,849,862,854,859,251,868,837,852,855,870,890,874,897,844,839,851,826,865,857,842,877,858,863,840,885,835,882,888,841,880,875,843,878,829,884,900,896],"class_list":{"0":"post-1634","1":"product","2":"type-product","3":"status-publish","4":"has-post-thumbnail","6":"product_brand-actiq","7":"product_brand-pain-relief","8":"product_cat-sollievo-dal-dolore","9":"product_tag-a-cosa-serve-il-fentanil","10":"product_tag-acquistare-cerotti-sollievo-dolore-fentanil-online-a-prezzo-economico","11":"product_tag-acquista-abbordabile-fentanil","12":"product_tag-compra-fentanil-lecca-lecca-economico-online","13":"product_tag-compra-fentanil-lecca-lecca-australia","14":"product_tag-comprare-fentanil-lecca-lecca-canada","15":"product_tag-buy-fentanyl-lollipop-danimarca","16":"product_tag-compra-fentanil-lecca-lecca-francia","17":"product_tag-compra-fentanil-lecca-lecca-germania","18":"product_tag-compra-fentanil-lecca-lecca-italia","19":"product_tag-compra-fentanil-lecca-lecca-uk","20":"product_tag-compra-fentanil-lecca-lecca-norvegia","21":"product_tag-buy-fentanyl-lollipop-paesi-bassi","22":"product_tag-compra-fentanil-lecca-lecca-spagna","23":"product_tag-compra-fentanil-lecca-lecca-svezia","24":"product_tag-compra-fentanil-lecca-lecca-usa","25":"product_tag-compra-fentanil-lecca-lecca-online","26":"product_tag-acquista-on-line-cerotti-di-fentanil-di-alta-qualit","27":"product_tag-comprare-fentanil-polvere-online","28":"product_tag-acquistare-fentanil-cerotti-online","29":"product_tag-comprare-fentanil-online","30":"product_tag-comprare-fentanil-ampoules-online","31":"product_tag-comprare-pillole-di-fentanil-a-buon-mercato-online","32":"product_tag-fentanil-antidolorifici","33":"product_tag-antidolorifico-fentanil","34":"product_tag-available-doses-of-fentanyl-patch","35":"product_tag-brands-of-fentanyl-patches","36":"product_tag-buy-fentanyl-for-pain-relief-online","37":"product_tag-dosaggi-dolorifici-fentanil","38":"product_tag-cerotti-al-fentanil","39":"product_tag-cerotti-fentanil-in-vendita-online","40":"product_tag-cerotto-ad-alto-contenuto-di-fentanil","41":"product_tag-fentanil-cerotto","42":"product_tag-fentanil-cerotto-12-mcg","43":"product_tag-fentanil-cerotto-25-mcg","44":"product_tag-fentanil-cerotto-50-mcg","45":"product_tag-fentanil-cerotto-75-mcg","46":"product_tag-fentanil-cerotto-25-mcg-valore-stradale","47":"product_tag-fentanil-cerotto-farmacia-online","48":"product_tag-come-acquistare-fentanil-on-line","49":"product_tag-come-applicare-i-cerotti-al-fentanil","50":"product_tag-come-funzionano-i-cerotti-al-fentanil","51":"product_tag-come-ottenere-cerotti-fentanil-acquistare-fentanil-lecca-lecca-online","52":"product_tag-comprare-fentanil","53":"product_tag-comprare-fentanil-polvere","54":"product_tag-comprare-acetilfentanil","55":"product_tag-cos-fentanil","56":"product_tag-cos-un-cerotto-al-fentanil","57":"product_tag-cosa-sono-cerotti-fentanil","58":"product_tag-fentanil-cerotto-costo","59":"product_tag-cerotti-di-diversi-tipi-di-fentanil","60":"product_tag-dosages-of-fentanyl-patches","61":"product_tag-cerotti-dosatori-di-fentanil","62":"product_tag-dosaggio-di-fentanil","63":"product_tag-dosi-di-fentanil-cerotti","64":"product_tag-dove--il-posto-migliore-per-mettere-un-cerotto-fentanil","65":"product_tag-dove-acquistare-fentanil-online","66":"product_tag-dove-applicare-il-cerotto-al-fentanil","67":"product_tag-dove-acquistare-fentanil","68":"product_tag-fentanil-farmaci","69":"product_tag-fentanil","70":"product_tag-fentanil-antidolorifico","71":"product_tag-fentanil-citrato","72":"product_tag-fentanil-in-vendita","73":"product_tag-fentanil-in-vendita-online","74":"product_tag-orale-fentanil","75":"product_tag-fentanil-per-corrispondenza","76":"product_tag-fentanyl-citrate-for-sale-online","77":"product_tag-fentanyl-inhaler","78":"product_tag-fentanyl-medications","79":"product_tag-fentanyl-nasal-spray","80":"product_tag-fentanyl-online","81":"product_tag-fentanyl-restores-the-street-value","82":"product_tag-fentanyl-tablets","83":"product_tag-fentanyl-transdermal-patch","84":"product_tag-fentanyl-transdermal-system","85":"product_tag-fentanil-fiale-in-vendita-online","86":"product_tag-furanil-fentanil","87":"product_tag-fentanil-restaura-forza","88":"product_tag-iniezione-di-fentanil","89":"product_tag-iniezione-di-fentanil-citrato","90":"product_tag-fentanil-lecca-lecca","91":"product_tag-liquid-fentanyl","92":"product_tag-ordine-fentanil-polvere","93":"product_tag-pillole-di-fentanil","94":"product_tag-pillole-di-fentanil-in-vendita-on-line","95":"product_tag-fentanil-pillole-in-vendita-online","96":"product_tag-fentanil-in-polvere","97":"product_tag-polvere-di-fentanil-di-alta-qualit-in-vendita-online","98":"product_tag-posizionamento-dei-cerotti-al-fentanil","99":"product_tag-quanto--fort-fentanil","100":"product_tag-sandoz-fentanil","101":"product_tag-fentanyl-lecca-lecca-in-vendita","103":"first","104":"instock","105":"sale","106":"featured","107":"shipping-taxable","108":"purchasable","109":"product-type-variable","110":"has-default-attributes"},"_links":{"self":[{"href":"https:\/\/www.medsconsulting.com\/it\/wp-json\/wp\/v2\/product\/1634","targetHints":{"allow":["GET"]}}],"collection":[{"href":"https:\/\/www.medsconsulting.com\/it\/wp-json\/wp\/v2\/product"}],"about":[{"href":"https:\/\/www.medsconsulting.com\/it\/wp-json\/wp\/v2\/types\/product"}],"replies":[{"embeddable":true,"href":"https:\/\/www.medsconsulting.com\/it\/wp-json\/wp\/v2\/comments?post=1634"}],"wp:featuredmedia":[{"embeddable":true,"href":"https:\/\/www.medsconsulting.com\/it\/wp-json\/wp\/v2\/media\/2017"}],"wp:attachment":[{"href":"https:\/\/www.medsconsulting.com\/it\/wp-json\/wp\/v2\/media?parent=1634"}],"wp:term":[{"taxonomy":"product_cat","embeddable":true,"href":"https:\/\/www.medsconsulting.com\/it\/wp-json\/wp\/v2\/product_cat?post=1634"},{"taxonomy":"product_tag","embeddable":true,"href":"https:\/\/www.medsconsulting.com\/it\/wp-json\/wp\/v2\/product_tag?post=1634"}],"curies":[{"name":"wp","href":"https:\/\/api.w.org\/{rel}","templated":true}]}}