{"id":1484,"date":"2020-10-23T00:53:41","date_gmt":"2020-10-23T00:53:41","guid":{"rendered":"https:\/\/www.medsconsulting.com\/it\/?post_type=product&#038;p=1484"},"modified":"2024-01-21T18:00:09","modified_gmt":"2024-01-21T18:00:09","slug":"compra-mdma-online","status":"publish","type":"product","link":"https:\/\/www.medsconsulting.com\/it\/product\/altri\/compra-mdma-online\/","title":{"rendered":"Acquista MDMA online (ecstasy\/molly)"},"content":{"rendered":"<h1>Acquista MDMA online<\/h1>\n<p>Compra MDMA online \u00e8 in vendita nel nostro negozio online di ecstasy. L&#8217;MDMA \u00e8 la forma pi\u00f9 pura di Ecs<a href=\"https:\/\/www.medsconsulting.com\/it\/product\/others\/mdma-crystal\/\">tasy<\/a> che \u00e8 molto forte con un effetto completo che dura fino a 6 ore. Acquista MDMA legale senza prescrizione medica nel nostro negozio. Cos&#8217;\u00e8 l&#8217;MDMA (ecstasy)? \u00c8 pericoloso? Usi medici di Ecstasy E<a href=\"https:\/\/www.euthanasiagroup.com\/es\/product\/comprar-nembutal-en-linea\/comprar-nembutal-pentobarbital-sodico\/\" target=\"_blank\" rel=\"noopener\">cstasy<\/a> o MDMA , \u00e8 una sostanza chimica che agisce sia come stimolante che psichedelico. Produce un effetto energizzante, apparente euforia, elevati sentimenti di empatia e amore e distorsioni nella percezione del tempo. L&#8217;MDMA produce questi effetti aumentando l&#8217;attivit\u00e0 di tre neurotrasmettitori<\/p>\n<p>&nbsp;<\/p>\n<h2>Cos&#8217;\u00e8 l&#8217;ecstasy?<\/h2>\n<p>Nomi comuni o delle strade: MDMA, E, Adam, Beans , Candy, E-bomb, Thizz, XTC, Clarity, Essence, Hug Drug, Love Drug, Molly, Rolls, Skittles, Sweets, Vitamin E o X.<\/p>\n<p>L&#8217;MDMA \u00e8 una droga illegale che agisce come entrambi uno stimolante e psichedelico, che produce un effetto energizzante, nonch\u00e9 distorsioni nel tempo e nella percezione e un maggiore godimento dalle esperienze tattili.<\/p>\n<p>\u00c8 comunemente noto come Ecstasy e Molly.<\/p>\n<p>L&#8217;MDMA era sintetizzato per la prima volta da un&#8217;azienda tedesca nel 1912, forse per essere usato come soppressore dell&#8217;appetito. \u00c8 disponibile come droga da strada dagli anni &#8217;80 e l&#8217;uso \u00e8 aumentato negli anni &#8217;90 tra studenti universitari e giovani adulti. Quindi, veniva distribuito pi\u00f9 spesso a feste notturne chiamate &#8220;rave&#8221;, discoteche e concerti rock.<\/p>\n<p>&nbsp;<\/p>\n<h3>Come acquistare MDMA online<\/h3>\n<p>Con l&#8217;espansione della scena dei rave e dei club nelle aree metropolitane e suburbane di tutto il paese, anche l&#8217;uso e la distribuzione dell&#8217;MDMA sono aumentati. L&#8217;MDMA \u00e8 spesso usato in combinazione con altri farmaci. Oggi, il farmaco \u00e8 ancora utilizzato da un gruppo pi\u00f9 ampio di persone che pi\u00f9 comunemente lo chiamano Ecstasy o Molly. La purezza dell&#8217;ecstasy non \u00e8 assicurata dalla fabbricazione di compresse. Tuttavia, la maggior parte delle pillole contiene livelli di purezza superiori al 90% di MDMA.<\/p>\n<p>&nbsp;<\/p>\n<p>&nbsp;<\/p>\n","protected":false},"excerpt":{"rendered":"<p>L&#8217;MDMA (3-4 metilendiossimetamfetamina) \u00e8 un farmaco psicoattivo sintetico con una struttura chimica simile alla metanfetamina stimolante e all&#8217;allucinogeno mescalina.<\/p>\n","protected":false},"featured_media":1489,"comment_status":"open","ping_status":"closed","template":"","meta":[],"product_cat":[15],"product_tag":[1124,1127,1169,1173,1171,1176,1174,1170,1175,1166,1157,1125,1158,1168,1167,1128,1151,1144,1160,1122,1172,1159,1130,1156,1123,1126,1164,1154,1165,1161,1137,1155,1140,1135,1178,1177,1163,1134,1146,1133,1143,1142,1149,1129,1145,1139,1136,1132,1152,1147,1138,1162,1141,1148,1150,220,219,1153,1131],"class_list":{"0":"post-1484","1":"product","2":"type-product","3":"status-publish","4":"has-post-thumbnail","6":"product_brand-others","7":"product_cat-altri","8":"product_tag-compra-compra-ecstasy-spagna","9":"product_tag-comprare-ecstasy-economico-online","10":"product_tag-buy-ecstasy-online-danimarca","11":"product_tag-comprare-ecstasy-online-huwaii","12":"product_tag-buy-ecstasy-online-stati-uniti","13":"product_tag-buy-ecstasy-online-polonia","14":"product_tag-buy-ecstasy-online-portogallo","15":"product_tag-comprare-ecstasy-online-russia","16":"product_tag-comprare-ecstasy-online-ceco","17":"product_tag-comprare-ecstasy-online-india","18":"product_tag-buy-tesla-ecstasy-online-germania","19":"product_tag-compra-mdma-online","20":"product_tag-compra-pillola-di-ecstasy-tesla-economica-online","21":"product_tag-comprare-mdma-pillole-online-norvegia","22":"product_tag-buy-mdma-pillole-online-paesi-bassi","23":"product_tag-comprare-legit-ecstasy-online","24":"product_tag-buy-ecstasy-pillole-uk","25":"product_tag-buy-mdma-pillole-online-spagna","26":"product_tag-buy-cheap-tesla-pills-online-france","27":"product_tag-buy-ecstasy-online","28":"product_tag-buy-ecstasy-online-californa","29":"product_tag-buy-tesla-ecstasy-pills-online-spain","30":"product_tag-come-acquistare-ecstasy-online","31":"product_tag-come-acquistare-pillole-di-ecstasy-tesla-online","32":"product_tag-compra-compra-estasi","33":"product_tag-buy-ecstasy-austria","34":"product_tag-comprare-ecstasy-per-uso-di-fabbrica","35":"product_tag-compra-pillola-di-ecstasy-blu-delfini","36":"product_tag-dove-comprare-ecstasy-per-uso-personale-madrid","37":"product_tag-dove-acquistare-a-costo-tesla-ecstasy-online-portogallo","38":"product_tag-dove-acquistare-pillole-mdma","39":"product_tag-dove-acquistare-tesla-mdma-pillole-online-usa","40":"product_tag-dove-compro-pillole-mdma","41":"product_tag-qualit-ecstasy-in-vendita","42":"product_tag-ecstasy-for-sale-portogallo","43":"product_tag-estasi-in-vendita-spagna","44":"product_tag-ecstasy-online-buy-sweden","45":"product_tag-ecstasy-pills-for-sale","46":"product_tag-ecstasy-online","47":"product_tag-ecstasy-in-vendita","48":"product_tag-fornitori-di-ecstasy","49":"product_tag-il-miglior-posto-per-comprare-lecstasy-online","50":"product_tag-mdma-to-buy-online","51":"product_tag-legit-mdma-in-vendita-online","52":"product_tag-pure-mdma-online","53":"product_tag-mdma-sale","54":"product_tag-mdma-tablet-online-buy","55":"product_tag-mdma-tablets-for-sale","56":"product_tag-mdma-to-buy","57":"product_tag-mdma-negozio-online","58":"product_tag-ordine-ecstasy-online","59":"product_tag-blu-delfino-ecstasy-pillole-in-vendita-online-canada","60":"product_tag-pillole-di-ecstasy-dove-acquistare","61":"product_tag-pillole-di-mdma","62":"product_tag-mdma-pillole-allingrosso","63":"product_tag-psichedelico","64":"product_tag-stimolante","65":"product_tag-blue-dolphine-ecstasy-in-vendita","66":"product_tag-mdma-pillole-in-vendita","68":"first","69":"instock","70":"featured","71":"shipping-taxable","72":"purchasable","73":"product-type-variable","74":"has-default-attributes"},"_links":{"self":[{"href":"https:\/\/www.medsconsulting.com\/it\/wp-json\/wp\/v2\/product\/1484","targetHints":{"allow":["GET"]}}],"collection":[{"href":"https:\/\/www.medsconsulting.com\/it\/wp-json\/wp\/v2\/product"}],"about":[{"href":"https:\/\/www.medsconsulting.com\/it\/wp-json\/wp\/v2\/types\/product"}],"replies":[{"embeddable":true,"href":"https:\/\/www.medsconsulting.com\/it\/wp-json\/wp\/v2\/comments?post=1484"}],"wp:featuredmedia":[{"embeddable":true,"href":"https:\/\/www.medsconsulting.com\/it\/wp-json\/wp\/v2\/media\/1489"}],"wp:attachment":[{"href":"https:\/\/www.medsconsulting.com\/it\/wp-json\/wp\/v2\/media?parent=1484"}],"wp:term":[{"taxonomy":"product_cat","embeddable":true,"href":"https:\/\/www.medsconsulting.com\/it\/wp-json\/wp\/v2\/product_cat?post=1484"},{"taxonomy":"product_tag","embeddable":true,"href":"https:\/\/www.medsconsulting.com\/it\/wp-json\/wp\/v2\/product_tag?post=1484"}],"curies":[{"name":"wp","href":"https:\/\/api.w.org\/{rel}","templated":true}]}}