{"id":1463,"date":"2020-10-23T00:07:22","date_gmt":"2020-10-23T00:07:22","guid":{"rendered":"https:\/\/www.medsconsulting.com\/it\/?post_type=product&#038;p=1463"},"modified":"2023-10-11T07:13:24","modified_gmt":"2023-10-11T07:13:24","slug":"compra-adderall","status":"publish","type":"product","link":"https:\/\/www.medsconsulting.com\/it\/product\/stimolanti\/adh\/compra-adderall\/","title":{"rendered":"Acquista Adderall"},"content":{"rendered":"<h2>Acquista Adderall online<\/h2>\n<p>Acquista Adderall contro la narcolessia o il disturbo da deficit di attenzione e iperattivit\u00e0 (ADHD), potresti aver familiarit\u00e0 con il farmaco &#8220;Adderall&#8221;. Di solito viene utilizzato per controllare i livelli di sostanze chimiche presenti nel nostro cervello; cio\u00e8 noradrenalina e dopamina. Tuttavia, il nostro corpo produce dopamina in modo naturale, ma alcuni farmaci come Adde<a href=\"https:\/\/www.medsconsulting.com\/it\/nl\/product\/andere\/mefedron-online\/\">ra<\/a> aumenteranno il suo livello producendolo in modo innaturale, rendendo infine il paziente felice e meno impulsivo. Inoltre, Adderall 30 mg tratta anche la narcolessia dei disturbi del sonno che pu\u00f2 aiutare a mantenere il paziente sveglio durante il giorno e l&#8217;ADHD (Disturbo da deficit di attenzione e iperattivit\u00e0 come componente di un piano di trattamento completo insieme ad altri trattamenti sociali e psicologici.<\/p>\n<p>&nbsp;<\/p>\n<h2>Utilizzo di Adderall 30 mg<\/h2>\n<p>Prendere Adderall per via orale (per bocca) proprio come prescritto dal medico. Di solito, viene assunto 1-3 volte al giorno. La prima dose \u00e8 per la mattina quando il paziente si sveglia. Se il medico le ha prescritto pi\u00f9 di tre dosi, si assicuri di attenersi alle istruzioni del medico e di fare un intervallo di circa 4-6 ore tra ogni dose. Se sta assumendo il farmaco a met\u00e0 giornata, pu\u00f2 causare disturbi del sonno o insonnia. Il dosaggio varia in base alle condizioni mediche del paziente e alla risposta dell&#8217;organismo al trattamento e al dosaggio.<\/p>\n<p>&nbsp;<\/p>\n<h2>Effetti collaterali<\/h2>\n<p>Non tardare a ricevere assistenza medica se il tuo corpo mostra segni di al lergy contro Add<a href=\"https:\/\/www.euthanasiagroup.com\/product\/buy-nembutal-online\/buy-nembutal-powder\/\" target=\"_blank\" rel=\"noopener\">er<\/a>tutto 30 mg. Come gonfiore del viso, orticaria, problemi di respirazione e gonfiore alla gola, alle labbra o alla lingua. Consulta il tuo medico in primo luogo se mostri segni di dolore toracico, pressione alta o qualsiasi problema cardiaco. Dovresti anche essere molto attento ai segni della psicosi, comprese allucinazioni, aggressivit\u00e0, ostilit\u00e0 e cos\u00ec via. Molti pazienti hanno anche mostrato segni di problemi di circolazione, come intorpidimento, sensazione di freddo e cambiamenti nel colore della pelle delle dita delle mani e dei piedi. Potresti anche avvertire contrazioni muscolari e cambiamenti nelle visioni.<\/p>\n","protected":false},"excerpt":{"rendered":"<p>Se soffri di narcolessia o disturbo da deficit di attenzione e iperattivit\u00e0 (ADHD), potresti aver familiarit\u00e0 con il farmaco &#8220;Adderall&#8221;. Di solito viene utilizzato per controllare i livelli di sostanze chimiche presenti nel nostro cervello; cio\u00e8 noradrenalina e dopamina.<\/p>\n","protected":false},"featured_media":1464,"comment_status":"open","ping_status":"closed","template":"","meta":[],"product_cat":[213],"product_tag":[1536,1539,1577,1574,1576,1578,1571,1581,1579,1575,1540,1558,1569,1559,1509,1535,1592,1483,1501,1618,1604,1481,1485,1538,1521,1580,1518,1562,1522,1515,1520,1573,1516,1525,1523,1519,1622,1513,1341,1557,1563,1617,1611,1507,1564,1565,1502,1584,1583,1588,1585,1596,1606,1492,1547,1533,1534,1530,1531,1526,1623,1640,1556,1503,1528,1644,1589,1590,1586,1587,1527,1532,1582,1529,1486,1500,1568,1512,1594,1488,1511,1497,1608,1621,1490,1489,1601,1602,1638,1637,1639,1636,1613,1643,1641,1642,217,215,1479,1480,1484,1482,1524,1506,1517,1508,1550,1487,1543,1505,1179,1552,1567,214,1612,1510,1549,1496,1560,1504,1570,1566,1498,1554,1593,1597,1598,1553,216,1494,1250,1555,1499,1603,1491,1495,1544,1545,1493,1514,1615,1599,1620,1624,1605,1614],"class_list":{"0":"post-1463","1":"product","2":"type-product","3":"status-publish","4":"has-post-thumbnail","6":"product_brand-others","7":"product_cat-adh","8":"product_tag-acheter-adderall-30mg","9":"product_tag-acheter-adderall-autriche","10":"product_tag-acheter-adderall-en-ligne-californie","11":"product_tag-acheter-adderall-en-ligne-danemark","12":"product_tag-acheter-adderall-en-ligne-etats-unis","13":"product_tag-acheter-adderall-en-ligne-huwaii","14":"product_tag-acheter-adderall-en-ligne-inde","15":"product_tag-acheter-adderall-en-ligne-pologne","16":"product_tag-acheter-adderall-en-ligne-portugal","17":"product_tag-acheter-adderall-en-ligne-russie","18":"product_tag-acheter-adderall-pas-cher-en-ligne","19":"product_tag-acheter-adderall-pills-uk","20":"product_tag-acheter-adderall-pour-usage-usine","21":"product_tag-acheter-dexedrine","22":"product_tag-buy-cheap-adderall-online-emirati-arabi-uniti","23":"product_tag-compra-adderall","24":"product_tag-acquista-adderall-30mg","25":"product_tag-buy-adderall-austria","26":"product_tag-comprare-adderall-compresse","27":"product_tag-comprare-addderall-pillole-online-spagna","28":"product_tag-compra-adderall-compresso-online","29":"product_tag-compra-generico-adderall","30":"product_tag-buy-legal-adderall-online","31":"product_tag-compra-adderall-online","32":"product_tag-buy-adderall-online-california","33":"product_tag-buy-adderall-online-ceco","34":"product_tag-buy-adderall-online-danimarca","35":"product_tag-buy-adderall-online-germania","36":"product_tag-buy-adderall-online-huwaii","37":"product_tag-buy-adderall-online-india","38":"product_tag-buy-adderall-online-stati-uniti","39":"product_tag-buy-adderall-online-norvegia","40":"product_tag-buy-adderall-online-the-paesi-bassi","41":"product_tag-buy-adderall-online-polonia","42":"product_tag-buy-adderall-online-portogallo","43":"product_tag-buy-adderall-online-russia","44":"product_tag-adderall-buy-online-svezia","45":"product_tag-buy-adderall-for-use-factory","46":"product_tag-compra-lexoamfetamina-online-ovunque","47":"product_tag-buy-adderall-pillole","48":"product_tag-compra-pillole-adderall-on-line","49":"product_tag-acquistare-pillole-adderall-on-line-a-buon-mercato","50":"product_tag-comprare-addderall-pillole-uk","51":"product_tag-acquista-a-a-a-basso-compresse-on-line","52":"product_tag-buy-adderall-pillole-online-spagna","53":"product_tag-comprare-pillole-adderall-online-emirati-arabi-uniti","54":"product_tag-buy-adderall-pillole-uk","55":"product_tag-adderall-a-vendre-belgique","56":"product_tag-adderall-a-vendre-portugal","57":"product_tag-adderall-a-vendre-roumanie","58":"product_tag-adderall-a-vendre-suede","59":"product_tag-compra-adderall-cheap-online","60":"product_tag-adderall-bestellen","61":"product_tag-adderall-compresso-online-to-buy","62":"product_tag-adderall-de-qualite-a-vendre","63":"product_tag-adderall-for-sale-ireland","64":"product_tag-adderall-for-sale-isreal","65":"product_tag-adderall-for-sale-italy","66":"product_tag-adderall-for-sale-poland","67":"product_tag-adderall-for-sale-spain","68":"product_tag-adderall-fur-den-gebrauch-kaufen-fabrik","69":"product_tag-adderall-fur-verkauf-italien","70":"product_tag-adderall-in-linea","71":"product_tag-adderall-in-vendita","72":"product_tag-adderall-in-vendita-belgio","73":"product_tag-adderall-in-vendita-isreal","74":"product_tag-adderall-in-vendita-irlanda","75":"product_tag-adderall-a-vendre-isreal","76":"product_tag-adderall-vendita-italia","77":"product_tag-adderall-in-vendita-polonia","78":"product_tag-adderall-in-vendita-portogallo","79":"product_tag-adderall-in-vendita-romania","80":"product_tag-adderall-in-vendita-spagna","81":"product_tag-adderall-in-vendita-svezia","82":"product_tag-legale-adderall-in-vendita-online","83":"product_tag-adderall-online","84":"product_tag-adderall-acquisto-online-svezia","85":"product_tag-adderall-online-buy-sweden","86":"product_tag-adderall-online-kaufen","87":"product_tag-adderall-tablets-for-sale","88":"product_tag-adderall-tablets-for-sale-online-canada","89":"product_tag-adderall-tablets-to-buy","90":"product_tag-adderall-tabletten-kaufen","91":"product_tag-adderall-tabletten-zum-verkauf-online-kanada","92":"product_tag-adderall-to-sell","93":"product_tag-adderall-sell","94":"product_tag-adderall-verkaufen","95":"product_tag-adderall-zu-verkaufen","96":"product_tag-adderall-zu-verkaufen-belgien","97":"product_tag-adderall-zu-verkaufen-portugal","98":"product_tag-adderall-zu-verkaufen-schweden","99":"product_tag-adderall-zu-verkaufen-spanien","100":"product_tag-adderall-zum-verkauf","101":"product_tag-adderall-zum-verkauf-irland","102":"product_tag-adderall-zum-verkauf-polen","103":"product_tag-adderall-zum-verkauf-rumanien","104":"product_tag-adh","105":"product_tag-anfetamina","106":"product_tag-buy-adderall","107":"product_tag-buy-adderall-30mg","108":"product_tag-buy-adderall-cheap-online","109":"product_tag-buy-adderall-online","110":"product_tag-buy-adderall-online-czech","111":"product_tag-buy-adderall-online-germany","112":"product_tag-buy-adderall-online-norway","113":"product_tag-buy-adderall-pills-online-spain","114":"product_tag-comandante-adderall","115":"product_tag-come-acquistare-a-adderall","116":"product_tag-come-acquistare-adderall-economico","117":"product_tag-come-acquistare-adderall-tablet-on-line","118":"product_tag-compra-dexedrina","119":"product_tag-adderall-compresse-da-acquistare","120":"product_tag-adderall-compresse-in-vendita-online-canada","121":"product_tag-destroanfetamina","122":"product_tag-dexedrine-kaufen","123":"product_tag-dove-comprare-adderall-tablets-online-france","124":"product_tag-dove-acquistare-adderall","125":"product_tag-dove-acquistare-adderall-compresso","126":"product_tag-dove-compra-adderall-online-usa","127":"product_tag-dove-acquistare-adderall-online-usa","128":"product_tag-dove-acquistare-adderall-per-uso-personale-italia","129":"product_tag-dove-comprare-adderall-pillole-online-france","130":"product_tag-adderall-fornitori","131":"product_tag-fournisseurs-adderall","132":"product_tag-generisches-adderall-kaufen","133":"product_tag-legal-adderall-online-kaufen","134":"product_tag-legal-adderall-online-zum-verkauf","135":"product_tag-nimporte-ou-pour-acheter-de-la-lexoamphetamine-en-ligne","136":"product_tag-narcolessia","137":"product_tag-ordine-adderall","138":"product_tag-ovunque-per-acquistare-lexoamfetamina-online","139":"product_tag-pure-adderall-en-ligne","140":"product_tag-pure-adderall-online","141":"product_tag-qualit-adderallzu-verkaufen","142":"product_tag-qualit-adderallto-sell","143":"product_tag-vendere-adderall","144":"product_tag-compresse-adderall-in-vendita","145":"product_tag-vendre-adderall","146":"product_tag-where-to-buy-adderall","147":"product_tag-where-to-buy-adderall-for-personal-use-italy","148":"product_tag-wie-man-adderall-tablet-online-kauft","149":"product_tag-wie-man-billig-adderall-kauft","150":"product_tag-wo-gunstig-adderall-tabletten-online-kaufen-frankreich","151":"product_tag-wo-man-adderall-fur-den-personlichen-gebrauch-kaufen-kann-italien","152":"product_tag-wo-man-adderall-kaufen-kann","153":"product_tag-wo-man-adderall-online-kaufen-kann-usa","155":"first","156":"instock","157":"featured","158":"shipping-taxable","159":"purchasable","160":"product-type-variable","161":"has-default-attributes"},"_links":{"self":[{"href":"https:\/\/www.medsconsulting.com\/it\/wp-json\/wp\/v2\/product\/1463","targetHints":{"allow":["GET"]}}],"collection":[{"href":"https:\/\/www.medsconsulting.com\/it\/wp-json\/wp\/v2\/product"}],"about":[{"href":"https:\/\/www.medsconsulting.com\/it\/wp-json\/wp\/v2\/types\/product"}],"replies":[{"embeddable":true,"href":"https:\/\/www.medsconsulting.com\/it\/wp-json\/wp\/v2\/comments?post=1463"}],"wp:featuredmedia":[{"embeddable":true,"href":"https:\/\/www.medsconsulting.com\/it\/wp-json\/wp\/v2\/media\/1464"}],"wp:attachment":[{"href":"https:\/\/www.medsconsulting.com\/it\/wp-json\/wp\/v2\/media?parent=1463"}],"wp:term":[{"taxonomy":"product_cat","embeddable":true,"href":"https:\/\/www.medsconsulting.com\/it\/wp-json\/wp\/v2\/product_cat?post=1463"},{"taxonomy":"product_tag","embeddable":true,"href":"https:\/\/www.medsconsulting.com\/it\/wp-json\/wp\/v2\/product_tag?post=1463"}],"curies":[{"name":"wp","href":"https:\/\/api.w.org\/{rel}","templated":true}]}}