{"id":1437,"date":"2020-10-22T22:55:38","date_gmt":"2020-10-22T22:55:38","guid":{"rendered":"https:\/\/www.medsconsulting.com\/it\/?post_type=product&#038;p=1437"},"modified":"2022-04-14T09:36:10","modified_gmt":"2022-04-14T09:36:10","slug":"generico-clomid","status":"publish","type":"product","link":"https:\/\/www.medsconsulting.com\/it\/product\/la-salute-delle-donne\/generico-clomid\/","title":{"rendered":"Clomid generico"},"content":{"rendered":"<h2>Usi di Clomid<\/h2>\n<p>Clomid \u00e8 un prodotto anti-estrogeno selettivo usato per trattare molte malattie legate all&#8217;eccessiva secrezione di estrogeni negli uomini e nelle donne. Le indicazioni per l&#8217;uso di Clomid includono anche infertilit\u00e0, amenorrea, insufficienza androgenica, galattorrea e oligospermia.<\/p>\n<p>Clomid ha Clomifene citrato. L&#8217;ingrediente agisce sui recettori degli estrogeni nella ghiandola basale e nelle ovaie. In altre parole, il clomifene lega i recettori degli estrogeni nella ghiandola basale, in modo da ripristinare la produzione degli ormoni gonadotropici di LH e FSH. Questi ormoni stimolano gli ovuli e ripristinano l&#8217;ovulazione.<\/p>\n<p>Circa il 68% delle donne restituisce la capacit\u00e0 di rimanere incinta in 1-2 cicli di utilizzo di Clomid.<\/p>\n<h2>Dosaggio di Clomid<\/h2>\n<p>Clomid viene assunto per cicli, durante 5 o 10 giorni a seconda della performance clinica.<br \/> -1 ciclo: 1 pillola di Clomid 50 mg viene assunta per 5 giorni, dal 5\u00b0 giorno del ciclo mestruale.<br \/> \u00c8 necessario seguire una dose e una durata del trattamento. Se una donna non ha avuto l&#8217;ovulazione alla fine del mese, viene prescritto il secondo ciclo:<br \/> -2 cicli: 1 pillola di Clomid da 50 mg viene assunta per 10 giorni a partire dal 5\u00b0 giorno del ciclo mestruale.<\/p>\n<p>L&#8217;ovulazione viene solitamente ripristinata entro 15-18 giorni dopo il secondo ciclo. Ma se ci\u00f2 non accade, il trattamento pu\u00f2 essere continuato entro 5-6 mesi secondo questo schema.<\/p>\n<p>Gli uomini possono anche acquistare Clomid online ma lo schema del trattamento sar\u00e0 diverso. Gli uomini dovrebbero assumere 1 pillola di Clomid 50 mg durante 8-10 settimane con una diagnostica regolare dello sperma e del livello degli ormoni riproduttivi.<\/p>\n<h2>Precauzioni<\/h2>\n<p>-Se si \u00e8 verificata una gravidanza, Clomid non dovrebbe essere assunto.<br \/> -Se cisti ovariche, tumori maligni, ipofunzione della ghiandola basale, l&#8217;uso di Clomid \u00e8 controindicato.<br \/> -Se sono iniziati sanguinamenti uterini sconosciuti a seguito del trattamento, il trattamento deve essere terminato.<\/p>\n","protected":false},"excerpt":{"rendered":"<p><strong>CLOMIFENE<\/strong><br \/> Una delle principali cause di infertilit\u00e0 femminile \u00e8 la completa assenza di ovulazione. \u00c8 spesso correlato a disturbi ormonali, un alto livello di estrogeni. Clomid viene assunto per ripristinare l&#8217;ovulazione grazie alla ridotta concentrazione di estrogeni nei tessuti.<\/p>\n","protected":false},"featured_media":1438,"comment_status":"open","ping_status":"closed","template":"","meta":[],"product_cat":[147],"product_tag":[205,204],"class_list":{"0":"post-1437","1":"product","2":"type-product","3":"status-publish","4":"has-post-thumbnail","6":"product_brand-clomiphene","7":"product_cat-la-salute-delle-donne","8":"product_tag-donne","9":"product_tag-la-salute-delle-donne","11":"first","12":"instock","13":"shipping-taxable","14":"purchasable","15":"product-type-variable","16":"has-default-attributes"},"_links":{"self":[{"href":"https:\/\/www.medsconsulting.com\/it\/wp-json\/wp\/v2\/product\/1437","targetHints":{"allow":["GET"]}}],"collection":[{"href":"https:\/\/www.medsconsulting.com\/it\/wp-json\/wp\/v2\/product"}],"about":[{"href":"https:\/\/www.medsconsulting.com\/it\/wp-json\/wp\/v2\/types\/product"}],"replies":[{"embeddable":true,"href":"https:\/\/www.medsconsulting.com\/it\/wp-json\/wp\/v2\/comments?post=1437"}],"wp:featuredmedia":[{"embeddable":true,"href":"https:\/\/www.medsconsulting.com\/it\/wp-json\/wp\/v2\/media\/1438"}],"wp:attachment":[{"href":"https:\/\/www.medsconsulting.com\/it\/wp-json\/wp\/v2\/media?parent=1437"}],"wp:term":[{"taxonomy":"product_cat","embeddable":true,"href":"https:\/\/www.medsconsulting.com\/it\/wp-json\/wp\/v2\/product_cat?post=1437"},{"taxonomy":"product_tag","embeddable":true,"href":"https:\/\/www.medsconsulting.com\/it\/wp-json\/wp\/v2\/product_tag?post=1437"}],"curies":[{"name":"wp","href":"https:\/\/api.w.org\/{rel}","templated":true}]}}