{"id":1424,"date":"2020-10-22T21:56:56","date_gmt":"2020-10-22T21:56:56","guid":{"rendered":"https:\/\/www.medsconsulting.com\/it\/?post_type=product&#038;p=1424"},"modified":"2022-04-14T09:36:23","modified_gmt":"2022-04-14T09:36:23","slug":"generico-femmina-viagra","status":"publish","type":"product","link":"https:\/\/www.medsconsulting.com\/it\/product\/la-salute-delle-donne\/generico-femmina-viagra\/","title":{"rendered":"Viagra femminile generico"},"content":{"rendered":"<h2>Descrizione<\/h2>\n<h3>Viagra femminile generico in vendita<\/h3>\n<p>Non c&#8217;era nulla per l&#8217;aumento del desiderio sessuale femminile sul mercato farmaceutico 10 anni fa. Ci sono molte ricerche scientifiche che confermano che anche le donne soffrono di disturbi sessuali. Ma questo problema \u00e8 stato preso in considerazione solo negli ultimi anni.<\/p>\n<p>Nel 2015, il Viagra femminile \u00e8 apparso sul mercato. \u00c8 stato sviluppato dai migliori farmacisti indiani che hanno migliorato la formula del Sildenafil e l&#8217;hanno adattata per le donne. Questo farmaco \u00e8 stato approvato dalla FDA al terzo tentativo. I tentativi di introdurre il Viagra femminile sul mercato sono stati nel 2010, ma il farmaco ha avuto molti effetti collaterali, quindi la FDA non ha consentito di vendere il farmaco all&#8217;interno del territorio degli Stati Uniti. Migliorando la formula e aumentando il livello di sicurezza farmacologica, i produttori di Female Viagra hanno ottenuto un permesso e hanno reso felici tutte le donne del mondo.<\/p>\n<p>Ogni donna pu\u00f2 acquistare Female Viagra su prescrizione nelle farmacie cittadine. Ogni farmacia ha questo farmaco proprio come il Viagra maschile. Ma c&#8217;\u00e8 un problema: non tutte le donne vogliono visitare un medico e discutere dei loro problemi sessuali. Tuttavia, c&#8217;\u00e8 una via d&#8217;uscita.<\/p>\n<h3>Viagra femminile da banco online<\/h3>\n<p>Nessuna prescrizione non \u00e8 un problema. Oggi c&#8217;\u00e8 l&#8217;opportunit\u00e0 di acquistare il Viagra femminile online senza andare da un medico. Non stare in fila, non perdere tempo. Tutto quello che devi fare per andare sul sito web e ordinare il Viagra Femminile Generico.<br \/> Nota bene! Pi\u00f9 pillole di Viagra femminile acquisti online, pi\u00f9 soldi risparmierai. Una formula semplice funziona bene. Il pacco con Female Viagra da banco verr\u00e0 consegnato direttamente a casa tua, la consegna richieder\u00e0 diversi giorni. Vale la pena aspettare.<\/p>\n<h3>Alcune informazioni sul Viagra femminile<\/h3>\n<p>Il Viagra femminile \u00e8 stato sviluppato per il trattamento del disturbo ipoattivo del desiderio sessuale. Alle donne con un basso desiderio sessuale e una completa assenza di interesse per il sesso viene diagnosticato questo disturbo. Le donne che hanno uno squilibrio chimico nel cervello hanno spesso questa diagnosi.<\/p>\n<p>Il Viagra femminile \u00e8 in grado di rimuovere questo squilibrio e restituire un forte impulso sessuale. Non confondere Viagra femminile e Viagra maschile. Questi farmaci sono completamente diversi.<\/p>\n<p>Il Viagra femminile \u00e8 un forte stimolatore sessuale la cui azione \u00e8 focalizzata sul recupero del desiderio sessuale. I processi fisiologici di una donna sono leggermente modificati nell&#8217;impostazione dell&#8217;attivazione dei centri cerebrali responsabili della pulsione sessuale.<\/p>\n<p>Solo una pillola di Female Viagra aiuta una donna ad eccitarsi, la circolazione sanguigna \u00e8 migliorata nei genitali aumenta la produzione di lubrificante e si riducono le sensazioni dolorose. Inoltre, tutti i recettori diventano sensibili nei genitali. Anche se hai dimenticato cos&#8217;\u00e8 l&#8217;orgasmo, lo avrai dopo l&#8217;uso della pillola.<\/p>\n<p>Ogni donna che ha provato il Viagra femminile ha avuto tutto il potere!Prendete il Viagra femminile ogni volta che vorrai avere un rapporto sessuale intensivo, e ne avrai sicuramente l&#8217;effetto massimo.<\/p>\n<h3>Consigli per l&#8217;uso<\/h3>\n<p>In caso di disturbo ipoattivo intensivo della pulsione sessuale , si consiglia di assumere Female Viagra ogni giorno entro diversi mesi. Questo schema di trattamento aiuta a ripristinare pi\u00f9 velocemente la pulsione sessuale e ridurre il bisogno di pillole.<br \/> Se una donna vuole solo aumentare le sensazioni durante il rapporto sessuale, \u00e8 necessario prendere il Viagra femminile prima del rapporto sessuale. <br \/> &#8211; Le pillole del Viagra femminile vengono assunte un&#8217;ora prima di fare sesso<br \/> &#8211; Il modo migliore per assumere il Viagra femminile \u00e8 a stomaco vuoto con abbastanza acqua<br \/> &#8211; Una pillola contiene la dose massima dei principi attivi \u2013 100 mg<br \/> &#8211; Una pillola di Viagra femminile da 100 mg \u00e8 sufficiente per garantire l&#8217;energia e il desiderio sessuale per 4-6 ore.<\/p>\n<p>Il Viagra femminile pu\u00f2 essere assunto tutti i giorni. Questo farmaco non ha effetti collaterali sul corpo e non provoca dipendenza. Ma \u00e8 molto importante seguire il dosaggio e prendere una pillola al giorno. Se prendi pi\u00f9 pillole, il lato si verificheranno effetti.<\/p>\n<p><strong>Disfunzione sessuale femminile<\/strong><\/p>\n<p>La disfunzione sessuale femminile \u00e8 una condizione patologica molto comune che appartiene alla variet\u00e0 dei disturbi della libido (pulsione sessuale) , e anche disturbi dell&#8217;eccitazione, dell&#8217;orgasmo, del dolore legati all&#8217;attivit\u00e0 sessuale, ecc. di conseguenza si sviluppa il sesso.<br \/> La disfunzione sessuale femminile, a differenza di quella di marca, pu\u00f2 essere completamente priva di sintomi per il partner sessuale e solo la donna sentir\u00e0 dolore durante il sesso, nessuna eccitazione sessuale e bassa libido. Sfortunatamente, il problema della disfunzione sessuale femminile \u00e8 raramente considerato nella medicina per questo motivo.<br \/> Se la disfunzione erettile degli uomini non consente di avere rapporti sessuali, la disfunzione sessuale femminile non impedisce l&#8217;attivit\u00e0 sessuale ma provoca un grande disagio e anche dolore.<\/p>\n<p><strong>Motivi<\/strong><br \/> Grandi ricerche mediche hanno dimostrato che la disfunzione sessuale femminile ha una forma psicogena nell&#8217;80% dei casi.<br \/> Il disturbo dell&#8217;orgasmo e la bassa libido sono legati alla soppressione emotiva della donna. Le cause della bassa eccitazione possono essere malattie mentali, patologia endocrina, squilibrio sessuale dei partner, abuso di alcol e droghe, affaticamento, stress, depressione, tanto che il sistema nervoso centrale ne risente.<br \/> Raramente, circa il 20% dei i casi di disfunzione sessuale femminile comprendono i disturbi ormonali e diverse malattie croniche\/acute: disturbi neurologici ed endocrini, disturbi dei vasi, tumori della corteccia surrenale, delle ovaie e del cervello.<\/p>\n<p><strong>Trattamento:<\/p>\n<p><strong> strong&gt;<br \/> Nel caso della ragione ormonale\/fisica delle disfunzioni sessuali femminili il trattamento si riduce all&#8217;uso di farmaci per ripristinare il livello di estrogeni\/testosterone e ridurre i sintomi della malattia. In questo caso, il trattamento consente di ripristinare completamente la salute sessuale della donna e migliorare l&#8217;intimit\u00e0.<br \/> Ma spesso le donne necessitano di cure pi\u00f9 complesse perch\u00e9 le ragioni della disfunzione sessuale sono i disturbi psicologici. \u00c8 necessaria la terapia farmacologica e l&#8217;aiuto del sessuologo\/psicologo.<br \/> \u00c8 necessario scoprire perch\u00e9 la donna ha antipatia per l&#8217;intimit\u00e0, cosa le impedisce di rilassarsi\/eccitarsi. Il piacere personale gioca un ruolo importante nella terapia delle disfunzioni sessuali femminili, un metodo per capire se \u00e8 possibile raggiungere l&#8217;orgasmo e il rilassamento.<br \/> Per migliorare la libido e aumentare l&#8217;eccitazione sessuale, i medici possono anche prescrivere il Viagra femminile. Con l&#8217;aiuto di questo farmaco la donna pu\u00f2 sentire la dinamica positiva dei sintomi della disfunzione sessuale e trarre piacere dall&#8217;intimit\u00e0. Dopo l&#8217;uso prolungato del Viagra Femminile la sensibilit\u00e0 del corpo femminile alla stimolazione sessuale viene curata e viene curata la disfunzione sessuale.<\/p>\n<p>&nbsp;<\/p>\n","protected":false},"excerpt":{"rendered":"<p><strong>SILDENAFIL CITRATE<\/strong><\/p>\n<p><img loading=\"lazy\" decoding=\"async\" class=\"alignnone size-full wp-image-1433\" src=\"https:\/\/www.medsconsulting.com\/it\/wp -content\/uploads\/sites\/5\/2020\/10\/female-viagra.gif\" alt=\"Generic Female Viagra\" width=\"80\" height=\"65\" \/><\/p>\n<p>Un milione di donne dappertutto il mondo soffre di sofferenza sessuale a causa del basso desiderio sessuale. La causa principale \u00e8 la mancanza di fiducia in se stessi e la circolazione sanguigna limitata nei genitali. Ma c&#8217;\u00e8 una soluzione. Il Viagra femminile \u00e8 stato sviluppato appositamente per le donne con un basso desiderio sessuale al fine di ripristinare lo squilibrio nel corpo e raggiungere il picco dell&#8217;eccitazione sessuale.<br \/> Il Viagra femminile \u00e8 disponibile su Internet. Acquistandolo sul sito di consulenza medica avrai uno sconto fino al 50%.<\/p>\n","protected":false},"featured_media":1434,"comment_status":"open","ping_status":"closed","template":"","meta":[],"product_cat":[147],"product_tag":[205,207,204,206],"class_list":{"0":"post-1424","1":"product","2":"type-product","3":"status-publish","4":"has-post-thumbnail","6":"product_brand-sildenafil-citrate","7":"product_cat-la-salute-delle-donne","8":"product_tag-donne","9":"product_tag-femmina","10":"product_tag-la-salute-delle-donne","11":"product_tag-viagra","13":"first","14":"instock","15":"shipping-taxable","16":"purchasable","17":"product-type-variable","18":"has-default-attributes"},"_links":{"self":[{"href":"https:\/\/www.medsconsulting.com\/it\/wp-json\/wp\/v2\/product\/1424","targetHints":{"allow":["GET"]}}],"collection":[{"href":"https:\/\/www.medsconsulting.com\/it\/wp-json\/wp\/v2\/product"}],"about":[{"href":"https:\/\/www.medsconsulting.com\/it\/wp-json\/wp\/v2\/types\/product"}],"replies":[{"embeddable":true,"href":"https:\/\/www.medsconsulting.com\/it\/wp-json\/wp\/v2\/comments?post=1424"}],"wp:featuredmedia":[{"embeddable":true,"href":"https:\/\/www.medsconsulting.com\/it\/wp-json\/wp\/v2\/media\/1434"}],"wp:attachment":[{"href":"https:\/\/www.medsconsulting.com\/it\/wp-json\/wp\/v2\/media?parent=1424"}],"wp:term":[{"taxonomy":"product_cat","embeddable":true,"href":"https:\/\/www.medsconsulting.com\/it\/wp-json\/wp\/v2\/product_cat?post=1424"},{"taxonomy":"product_tag","embeddable":true,"href":"https:\/\/www.medsconsulting.com\/it\/wp-json\/wp\/v2\/product_tag?post=1424"}],"curies":[{"name":"wp","href":"https:\/\/api.w.org\/{rel}","templated":true}]}}