{"id":1388,"date":"2020-10-22T14:57:53","date_gmt":"2020-10-22T14:57:53","guid":{"rendered":"https:\/\/www.medsconsulting.com\/it\/?post_type=product&#038;p=1388"},"modified":"2022-04-14T09:36:46","modified_gmt":"2022-04-14T09:36:46","slug":"generico-proscar","status":"publish","type":"product","link":"https:\/\/www.medsconsulting.com\/it\/product\/salute-delluomo\/generico-proscar\/","title":{"rendered":"Proscar generico"},"content":{"rendered":"<h2>Descrizione<\/h2>\n<h3>Uso di Proscar<\/h3>\n<p>&#8211; Proscar \u00e8 rilasciato nelle compresse per uso orale<br \/> &#8211; La dose iniziale \u00e8 di 5 mg una volta al giorno<br \/> &#8211; Se non si ottengono risultati significativi, la dose pu\u00f2 essere aumentata sotto il controllo del medico specialista per un breve periodo di tempo.<br \/> &#8211; \u00c8 possibile assumere le compresse in qualsiasi momento della giornata indipendentemente dal consumo di cibo<br \/> &#8211; Gli uomini anziani e\/o gravi malattie renali non richiedono l&#8217;adeguamento della dose giornaliera.<br \/> &#8211; Il trattamento deve durare fino al completo miglioramento del sintomo della malattia.<\/p>\n<h3>Proscar &#8211; meccanismo d&#8217;azione<\/h3>\n<p>Proscar fornisce un&#8217;azione antitumorale. Penetrando nel sangue dell&#8217;uomo provoca l&#8217;aumento del livello di testosterone e allo stesso tempo blocca gli enzimi che trasformano il testosterone in diidrotestosterone.<\/p>\n<p>Proscar riduce la concentrazione di diidrotestosterone nel sangue e nei tessuti della prostata ghiandola entro 24 ore dall&#8217;uso della compressa. L&#8217;azione antitumorale \u00e8 condizionata dall&#8217;inibizione della funzione stimolante del testosterone sul tessuto tumorale. Di conseguenza, la riduzione del livello di diidrotestosterone e la prevenzione dello sviluppo del tumore provoca l&#8217;abbassamento del volume della ghiandola prostatica, un aumento della velocit\u00e0 massima di deflusso delle urine e la riduzione dei sintomi della prostata.<\/p>\n<p>Il notevole effetto terapeutico appare in 3 mesi dall&#8217;uso regolare delle compresse. In 3 mesi il volume della ghiandola si riduce e il deflusso di urina viene accelerato. Di solito, il massimo effetto terapeutico pu\u00f2 essere visto in 7-8 mesi di trattamento.<\/p>\n<h3>Contradizioni ed effetti collaterali di Proscar<\/h3>\n<p>Proscar \u00e8 controindicato nei seguenti casi:<\/p>\n<p>&#8211; tumori maligni della ghiandola prostatica<br \/> &#8211; uropatia ostruttiva<br \/> &#8211; insufficienza epatica<br \/> &#8211; intolleranza ai principi attivi aggiunti a Proscar<\/p>\n<p>L&#8217;aumento del livello di testosterone pu\u00f2 causare lievi e brevi effetti collaterali. Utilizzando Proscar gli uomini hanno registrato l&#8217;abbassamento della potenza\/libido, la riduzione del volume dell&#8217;eiaculato, sensazioni dolorose del seno. Gli effetti collaterali scompaiono entro diverse settimane dal trattamento.<\/p>\n<h3>Acquisto di Proscar online<\/h3>\n<p>Nella nostra farmacia, potrai acquistare Proscar senza uscire di casa o dal posto di lavoro. Tutto ci\u00f2 che serve \u00e8 compilare il modulo d&#8217;ordine, scegliere la modalit\u00e0 di spedizione del farmaco e pagare il farmaco. Quindi verrai contattato dagli specialisti della farmacia per confermare la volont\u00e0 di acquistare Proscar.<\/p>\n","protected":false},"excerpt":{"rendered":"<p><strong>FINASTERIDE<\/strong><\/p>\n","protected":false},"featured_media":1395,"comment_status":"open","ping_status":"closed","template":"","meta":[],"product_cat":[146],"product_tag":[158,157,156,155,160],"class_list":{"0":"post-1388","1":"product","2":"type-product","3":"status-publish","4":"has-post-thumbnail","6":"product_brand-finasteride","7":"product_brand-propecia","8":"product_brand-proscar","9":"product_cat-salute-delluomo","10":"product_tag-capelli","11":"product_tag-capelli-sani","12":"product_tag-finasteride","13":"product_tag-salute-delluomo","14":"product_tag-uomini","16":"first","17":"instock","18":"shipping-taxable","19":"purchasable","20":"product-type-variable","21":"has-default-attributes"},"_links":{"self":[{"href":"https:\/\/www.medsconsulting.com\/it\/wp-json\/wp\/v2\/product\/1388","targetHints":{"allow":["GET"]}}],"collection":[{"href":"https:\/\/www.medsconsulting.com\/it\/wp-json\/wp\/v2\/product"}],"about":[{"href":"https:\/\/www.medsconsulting.com\/it\/wp-json\/wp\/v2\/types\/product"}],"replies":[{"embeddable":true,"href":"https:\/\/www.medsconsulting.com\/it\/wp-json\/wp\/v2\/comments?post=1388"}],"wp:featuredmedia":[{"embeddable":true,"href":"https:\/\/www.medsconsulting.com\/it\/wp-json\/wp\/v2\/media\/1395"}],"wp:attachment":[{"href":"https:\/\/www.medsconsulting.com\/it\/wp-json\/wp\/v2\/media?parent=1388"}],"wp:term":[{"taxonomy":"product_cat","embeddable":true,"href":"https:\/\/www.medsconsulting.com\/it\/wp-json\/wp\/v2\/product_cat?post=1388"},{"taxonomy":"product_tag","embeddable":true,"href":"https:\/\/www.medsconsulting.com\/it\/wp-json\/wp\/v2\/product_tag?post=1388"}],"curies":[{"name":"wp","href":"https:\/\/api.w.org\/{rel}","templated":true}]}}