{"id":224,"date":"2016-04-07T03:34:19","date_gmt":"2016-04-07T03:34:19","guid":{"rendered":"https:\/\/demo.wpthemego.com\/themes\/sw_himarket\/?page_id=224"},"modified":"2022-04-14T09:34:22","modified_gmt":"2022-04-14T09:34:22","slug":"chi-siamo","status":"publish","type":"page","link":"https:\/\/www.medsconsulting.com\/it\/chi-siamo\/","title":{"rendered":"Chi siamo"},"content":{"rendered":"<div class=\"wpb-content-wrapper\"><p>[vc_section][vc_row][vc_column][vc_row_inner][vc_column_inner][vc_custom_heading text=&#8221;CHI SIAMO&#8221; font_container=&#8221;tag:h2|text_align:left|color:%23000000&#8243; use_theme_fonts=&#8221;yes&#8221;][vc_empty_space][\/vc_column_inner][\/vc_row_inner][vc_row_inner][vc_column_inner][vc_column_text]MedsConsulting \u00e8 completamente impegnata a fornire qualit\u00e0 quando si tratta di farmaci da prescrizione. I nostri pazienti sono alla ricerca di una farmacia online affidabile, che si impegni a ridurre i prezzi RX per tutte le persone.[\/vc_column_text][vc_column_text]MedsConsulting \u00e8 un fornitore ufficiale dei prodotti medici. Collaboriamo con le aziende farmaceutiche internazionali che forniscono farmaci autorizzati in tutto il mondo. Abbiamo raggiunto i prezzi all&#8217;ingrosso dei farmaci grazie alla collaborazione diretta con i produttori e questo ha aiutato i nostri clienti a risparmiare (oltre il 100% dal costo iniziale dei farmaci).<\/p>\n<p>Il nostro team giovane ma ambizioso ha una grande esperienza in un&#8217;industria farmaceutica. Abbiamo solo farmacisti qualificati che sanno come aiutare le persone e quali farmaci consigliare.<\/p>\n<p>La nostra missione \u00e8 fornire a tutte le persone farmaci economici per tutte le malattie.<\/p>\n<p>Il nostro obiettivo \u00e8 trovare fornitori sicuri che producano farmaci comprovati. Crediamo che tutti abbiano diritto a un trattamento tempestivo e qualificato. Sfortunatamente, non \u00e8 sempre possibile nella vita reale. Ma il nostro piccolo team cerca di rendere un mercato farmaceutico pi\u00f9 chiaro e pi\u00f9 accessibile per ogni persona, indipendentemente dal livello di reddito, dallo stato sociale e dalla residenza.[\/vc_column_text][\/vc_column_inner][\/vc_row_inner][\/vc_column][\/vc_row][\/vc_section]<\/p>\n<\/div>","protected":false},"excerpt":{"rendered":"<p>[vc_section][vc_row][vc_column][vc_row_inner][vc_column_inner][vc_custom_heading text=&#8221;CHI SIAMO&#8221; font_container=&#8221;tag:h2|text_align:left|color:%23000000&#8243; use_theme_fonts=&#8221;yes&#8221;][vc_empty_space][\/vc_column_inner][\/vc_row_inner][vc_row_inner][vc_column_inner][vc_column_text]MedsConsulting \u00e8 completamente impegnata a fornire qualit\u00e0 quando si tratta di farmaci da prescrizione. I nostri pazienti sono alla ricerca di una farmacia online affidabile, che si impegni a ridurre i prezzi RX per tutte le &hellip; <a href=\"https:\/\/www.medsconsulting.com\/it\/chi-siamo\/\">Readmore<\/a><\/p>\n","protected":false},"author":1,"featured_media":0,"parent":0,"menu_order":0,"comment_status":"closed","ping_status":"closed","template":"","meta":{"footnotes":""},"class_list":["post-224","page","type-page","status-publish","hentry"],"_links":{"self":[{"href":"https:\/\/www.medsconsulting.com\/it\/wp-json\/wp\/v2\/pages\/224","targetHints":{"allow":["GET"]}}],"collection":[{"href":"https:\/\/www.medsconsulting.com\/it\/wp-json\/wp\/v2\/pages"}],"about":[{"href":"https:\/\/www.medsconsulting.com\/it\/wp-json\/wp\/v2\/types\/page"}],"author":[{"embeddable":true,"href":"https:\/\/www.medsconsulting.com\/it\/wp-json\/wp\/v2\/users\/1"}],"replies":[{"embeddable":true,"href":"https:\/\/www.medsconsulting.com\/it\/wp-json\/wp\/v2\/comments?post=224"}],"version-history":[{"count":5,"href":"https:\/\/www.medsconsulting.com\/it\/wp-json\/wp\/v2\/pages\/224\/revisions"}],"predecessor-version":[{"id":10186,"href":"https:\/\/www.medsconsulting.com\/it\/wp-json\/wp\/v2\/pages\/224\/revisions\/10186"}],"wp:attachment":[{"href":"https:\/\/www.medsconsulting.com\/it\/wp-json\/wp\/v2\/media?parent=224"}],"curies":[{"name":"wp","href":"https:\/\/api.w.org\/{rel}","templated":true}]}}