{"id":2086,"date":"2020-10-26T04:00:42","date_gmt":"2020-10-26T04:00:42","guid":{"rendered":"https:\/\/www.medsconsulting.com\/es\/?post_type=product&#038;p=2086"},"modified":"2024-11-16T19:58:24","modified_gmt":"2024-11-16T19:58:24","slug":"comprar-axert","status":"publish","type":"product","link":"https:\/\/www.medsconsulting.com\/es\/product\/otros\/comprar-axert\/","title":{"rendered":"Comprar Axert (maleato de almotriptan)"},"content":{"rendered":"<section>\n<h2>Comprar Axert en l\u00ednea<\/h2>\n<p>Comprar Axert. Un medicamento para el dolor de cabeza que estrecha los vasos sangu\u00edneos alrededor del cerebro. Este medicamento tambi\u00e9n reduce las sustancias en el cuerpo que pueden desencadenar dolores de cabeza, n\u00e1useas, sensibilidad a la luz y al sonido y otros s\u00edntomas de migra\u00f1a.<\/p>\n<h2>C\u00f3mo act\u00faa Axert (Comprar Axert Online)<\/h2>\n<p>Compre Axe<a href=\"https:\/\/www.medsconsulting.com\/nl\/product\/ibogaine\/ibogaine-hcl\/\">rt<\/a> en l\u00ednea funciona al unirse a los receptores de serotonina en su cerebro para hacer que sus vasos sangu\u00edneos se contraigan para evitar que ciertos nervios env\u00eden mensajes de dolor a su cerebro. Con un flujo sangu\u00edneo m\u00e1s controlado, su migra\u00f1a se aliviar\u00e1 para que pueda continuar con su d\u00eda.<\/p>\n<p>El maleato de almotript\u00e1n, el ingrediente activo de Axert, no es eficaz para prevenir la aparici\u00f3n de una migra\u00f1a, pero debe tomarse para detener una que ya ha comenzado. Si tiene migra\u00f1as con aura, tendr\u00e1 una indicaci\u00f3n de que est\u00e1 a punto de tener un ataque y puede estar preparado para tomar Axert seg\u00fan lo recomendado por su m\u00e9dico. <a href=\"https:\/\/www.euthanasiagroup.com\/ja\/product\/%e3%82%aa%e3%83%b3%e3%83%a9%e3%82%a4%e3%83%b3%e3%81%a7%e3%83%8d%e3%83%b3%e3%83%96%e3%82%bf%e3%83%bc%e3%83%ab%e3%82%92%e8%b3%bc%e5%85%a5%e3%81%99%e3%82%8b\/%e3%83%9a%e3%83%b3%e3%83%88%e3%83%90%e3%83%ab%e3%83%93%e3%82%bf%e3%83%bc%e3%83%ab%e3%82%92%e8%b3%bc%e5%85%a5%e3%81%99%e3%82%8b-2\/\" target=\"_blank\" rel=\"noopener\">Axe<\/a>rt no evitar\u00e1 ni tratar\u00e1 los dolores de cabeza en racimo.<\/p>\n<h2>\u00bfQu\u00e9 es un aura?<\/h2>\n<p>Una migra\u00f1a sin aura es la m\u00e1s com\u00fan de estas ocurrencias neurol\u00f3gicas, lo que significa que hay pocos indicios, si es que hay alguno, de que uno est\u00e9 por comenzar. Las l\u00edneas de luz onduladas o en zigzag, la visi\u00f3n borrosa y las alucinaciones auditivas pueden indicar que se va a producir una migra\u00f1a con aura. Al tomar Axert al primer signo de un ataque, puede limitar la gravedad y la resistencia de su migra\u00f1a.<\/p>\n<h2>Antes de tomar Axert<\/h2>\n<p>Preg\u00fantele a su m\u00e9dico si es seguro tomar Axert si est\u00e1 embarazada, tratando de concebir o est\u00e1 amamantando. Enumere todos los medicamentos recetados y de venta libre que est\u00e1 tomando, incluidos los remedios herbales y los suplementos diet\u00e9ticos o vitam\u00ednicos, para asegurarse de que Axert sea el medicamento adecuado para usted. La combinaci\u00f3n de medicamentos puede causar un efecto secundario no deseado o cambiar la forma en que Axert funcionar\u00e1 para usted.<\/p>\n<h2>Precauciones para Comprar Axert<\/h2>\n<p>Axert puede causarle mareos o somnolencia. No debe conducir ni realizar ninguna tarea que requiera que est\u00e9 mentalmente alerta hasta que sepa c\u00f3mo le afecta Axert. Informe a su m\u00e9dico si tiene antecedentes de enfermedad de las arterias coronarias u otros problemas card\u00edacos, enfermedad de los vasos sangu\u00edneos o presi\u00f3n arterial alta antes de tomar Axert. Mantenga Axert fuera del alcance de los ni\u00f1os y no comparta ning\u00fan medicamento con otras personas.<\/p>\n<h3>Posibles efectos secundarios de Axert<\/h3>\n<p>-.Mareo<br \/>\n-Boca seca<br \/>\n-N\u00e1useas o v\u00f3mitos<\/p>\n<h3>Medicamentos similares a Axert<\/h3>\n<p>-Imitrex<br \/>\n-Amerge<br \/>\n-Maxalt<\/p>\n<\/section>\n","protected":false},"excerpt":{"rendered":"<h2>Comprar Axert en l\u00ednea<\/h2>\n<p>Axert es un medicamento para el dolor de cabeza que estrecha los vasos sangu\u00edneos alrededor del cerebro. Este medicamento tambi\u00e9n reduce las sustancias en el cuerpo que pueden desencadenar dolor de cabeza, n\u00e1useas, sensibilidad a la luz y al sonido y otros s\u00edntomas de migra\u00f1a.<\/p>\n","protected":false},"featured_media":0,"comment_status":"open","ping_status":"closed","template":"","meta":[],"product_cat":[15],"product_tag":[],"class_list":{"0":"post-2086","1":"product","2":"type-product","3":"status-publish","5":"product_cat-otros","7":"first","8":"instock","9":"featured","10":"shipping-taxable","11":"purchasable","12":"product-type-variable","13":"has-default-attributes"},"_links":{"self":[{"href":"https:\/\/www.medsconsulting.com\/es\/wp-json\/wp\/v2\/product\/2086","targetHints":{"allow":["GET"]}}],"collection":[{"href":"https:\/\/www.medsconsulting.com\/es\/wp-json\/wp\/v2\/product"}],"about":[{"href":"https:\/\/www.medsconsulting.com\/es\/wp-json\/wp\/v2\/types\/product"}],"replies":[{"embeddable":true,"href":"https:\/\/www.medsconsulting.com\/es\/wp-json\/wp\/v2\/comments?post=2086"}],"wp:attachment":[{"href":"https:\/\/www.medsconsulting.com\/es\/wp-json\/wp\/v2\/media?parent=2086"}],"wp:term":[{"taxonomy":"product_cat","embeddable":true,"href":"https:\/\/www.medsconsulting.com\/es\/wp-json\/wp\/v2\/product_cat?post=2086"},{"taxonomy":"product_tag","embeddable":true,"href":"https:\/\/www.medsconsulting.com\/es\/wp-json\/wp\/v2\/product_tag?post=2086"}],"curies":[{"name":"wp","href":"https:\/\/api.w.org\/{rel}","templated":true}]}}