{"id":2074,"date":"2020-10-26T03:23:25","date_gmt":"2020-10-26T03:23:25","guid":{"rendered":"https:\/\/www.medsconsulting.com\/es\/?post_type=product&#038;p=2074"},"modified":"2023-07-30T07:58:17","modified_gmt":"2023-07-30T07:58:17","slug":"comprar-rivotril","status":"publish","type":"product","link":"https:\/\/www.medsconsulting.com\/es\/product\/ansiedad\/comprar-rivotril\/","title":{"rendered":"Comprar Rivotril (Comprar Clonazepam)"},"content":{"rendered":"<h1>Comprar Rivotril 2 mg, compre clonazepam en l\u00ednea \/ compre clonazepam sin receta.<\/h1>\n<p>Comprar Rivotril (Clonazepam) en l\u00ednea sin receta m\u00e9dica de Meds Consulting Vendemos medicamentos recetados a precios bajos con calidad garantizada. Lea las respuestas a las preguntas frecuentes a continuaci\u00f3n para confirmar el procedimiento de c\u00f3mo sucede todo esto. comprar rivotril Espana<\/p>\n<p>Un gen\u00e9rico contiene ingredientes activos constantes porque todas las <a href=\"https:\/\/www.euthanasiagroup.com\/es\/\" target=\"_blank\" rel=\"noopener\">p\u00edldoras<\/a> y es conocido por su nombre qu\u00edmico en lugar de su marca.<br \/>\nGen\u00e9ricos medidos al cuadrado pensados \u200b\u200ben bioequivalentes a la contraparte de la marca con referencia a las propiedades farmacocin\u00e9ticas y farmacodin\u00e1micas.<br \/>\nPor lo tanto, los gen\u00e9ricos miden al cuadrado las p\u00edldoras completas en dosis, concentraci\u00f3n, v\u00eda de administraci\u00f3n, seguridad, eficacia y uso previsto.<\/p>\n<p>&nbsp;<\/p>\n<p><strong>P: \u00bfPor qu\u00e9 la forma y \/ o el color de la p\u00edldora gen\u00e9rica difieren de la de marca? \u00bfY por qu\u00e9 el nombre impreso en la p\u00edldora difiere del de marca?<\/strong><br \/>\n<strong>R: El contenido de las p\u00edldoras gen\u00e9ricas y los medicamentos con nombre mide exactamente lo mismo.<\/strong><\/p>\n<p>La \u00fanica diferencia es el nombre.<br \/>\nEl nombre escrito en la p\u00edldora es el ingrediente activo que se usa all\u00ed.<br \/>\nEsto se debe a que los fabricantes de medicamentos gen\u00e9ricos no pueden usar nombres completos en sus medicamentos recetados gracias a las restricciones de derechos de autor.<\/p>\n<p>Somos un fabricante confiable, exportadores, remitentes y proveedores de una amplia gama de especialidades en formulaci\u00f3n farmac\u00e9utica en analg\u00e9sicos, ansiol\u00edticos, p\u00e9rdida de peso, esteroides, HGH, ADHD y medicamentos para la disfunci\u00f3n er\u00e9ctil.<br \/>\nEstas unidades de \u00e1rea provienen de proveedores confiables que garantizan que nuestra variedad de productos sea original segura.<\/p>\n<p>Somos una empresa de diez a\u00f1os que hace negocios farmac\u00e9uticos dentro de los numerosos aspectos de la cadena de suministro y podemos entregarle productos de manera discreta y puntual. Ofrecemos m\u00e1s de cien productos gen\u00e9ricos de marca y m\u00e1s de 1100 que incluyen disfunci\u00f3n er\u00e9ctil, anti-ansiedad, p\u00e9rdida de peso, pastillas para el dolor. Conjuntamente suministramos numerosos medicamentos contra el c\u00e1ncer, la ansiedad y el dolor y que est\u00e1n en el mercado a precios inmejorables. Somos uno de los principales transportistas directos de medicamentos en todo el mundo desde 2009.<\/p>\n<h3>\u00bfPor qu\u00e9 farmacia en l\u00ednea legal para comprar clonazepam en l\u00ednea? (Comprar Rivotril online)<\/h3>\n<p>Nuestra farmacia en l\u00ednea es el buen recurso para que la gente pueda inducir su medicamento sin problemas ni incomodidad.<br \/>\nTrabajamos sin esfuerzo para crear una econom\u00eda positiva cuando busca con la naci\u00f3n de Am\u00e9rica del Norte.<br \/>\nEn nuestra tienda en l\u00ednea, paga menos y adquiere m\u00e1s.<br \/>\nPara ser positivos, tendemos a seguir d\u00e1ndote excelentes valores, tendemos a verificar con frecuencia los costos de nuestros productos m\u00e1s vendidos en las cadenas de farmacias. comprar rivotril medsconsulting.<\/p>\n<pre>Condiciones de pago f\u00e1ciles y seguras:<\/pre>\n<p>Le facilitamos demasiado el pago de su solicitud.<br \/>\nEn la actualidad, podr\u00e1 pagar con el cr\u00e9dito de cuenta de cargo \/ tarjeta mastercard m\u00e1s confiable (mercado de valores Visa y Master).<\/p>\n<p>El m\u00e9todo de pago m\u00e1s sencillo y seguro para los compradores.<br \/>\nAhora podr\u00e1s decidirlo como una farmacia en l\u00ednea completa.<br \/>\nToleramos numerosos tipos de tarjetas de cr\u00e9dito \/ cheques.<\/p>\n<p>Disponibilidad de tiempo de entrega y n\u00famero de seguimiento:<br \/>\nEnviamos pedidos a trav\u00e9s de servicios de mensajer\u00eda, lo que demora un m\u00e1ximo de 2 d\u00edas dentro de EE. UU. Y demora de 3 a 5 d\u00edas en todo el mundo. Dependiendo de su pa\u00eds y la entrega se realiza en su puerta.<\/p>\n<p>comprar rivotril sin receta,<\/p>\n<p>comprar rivotril,<\/p>\n<p>&nbsp;<\/p>\n<h2>\u00bfC\u00f3mo comprar clonazepam en l\u00ednea?<\/h2>\n<p>No provocamos una cantidad excesiva de datos personal<a href=\"https:\/\/www.medsconsulting.com\/es\/product\/otros\/comprar-mdma-en-linea\/\">e<\/a>s de nuestro cliente para solicitar lorazepam en l\u00edn<a href=\"https:\/\/www.medsconsulting.com\/es\/product\/otros\/comprar-mefedrona-4mmc-en-linea\/\">e<\/a>a.<br \/>\nSi est\u00e1 buscando un sistema de compra sencillo y r\u00e1pido, solo debe completar el formulario que tenemos una tendencia a necesitar de usted para ordenar aqu\u00ed.<br \/>\nTambi\u00e9n le gustar\u00eda asegurarse de que no ha hojeado ninguna secci\u00f3n incompleta, por lo que es amable. Puede obtener los medicamentos r\u00e1pidamente en nuestra farmacia y podr\u00e1 obtener lorazepam con mastercard, tarjeta de d\u00e9bito, Bitcoins. comprar rivotril.<br \/>\nUna vez que se complete su m\u00e9todo de pago y se complete su negociaci\u00f3n, su producto se enviar\u00e1 a la direcci\u00f3n mencionada.<\/p>\n","protected":false},"excerpt":{"rendered":"<p>El clonazepam es un medicamento del que probablemente haya o\u00eddo hablar, pero con un nombre diferente. Se vende comercialmente en Estados Unidos como Klonopin y como Rivotril en la mayor parte de Europa. El clonazepam es un medicamento que se usa para tratar varios problemas graves. Se usa con mucha frecuencia para tratar a las personas que sufren convulsiones, especialmente las epil\u00e9pticas. El clonazepam tambi\u00e9n se usa con mucha frecuencia para tratar los trastornos de p\u00e1nico y tambi\u00e9n una gran cantidad de trastornos de ansiedad.<\/p>\n","protected":false},"featured_media":0,"comment_status":"open","ping_status":"closed","template":"","meta":[],"product_cat":[211],"product_tag":[1727,1717,1722,1716,1725,1723,1728,1720,1731,1732,2227,1724,1735,1740,1734,1743,1714,1715,1713,1746,1733,1741,1749,1738,1739,1721,1750,1742,1719,1737,1729,1747,1726,1744,1745,1730,1748,1718,1736],"class_list":{"0":"post-2074","1":"product","2":"type-product","3":"status-publish","5":"product_cat-ansiedad","6":"product_tag-clavulanato-de-rivotril","7":"product_tag-comprar-rivotril","8":"product_tag-comprar-rivotril-alemania","9":"product_tag-comprar-rivotril-amsterdam","10":"product_tag-comprar-rivotril-california","11":"product_tag-comprar-rivotril-en-linea-italia","12":"product_tag-comprar-rivotril-holanda","13":"product_tag-comprar-rivotril-online-espana","14":"product_tag-comprar-rivotril-online-madrid","15":"product_tag-comprar-rivotril-portugal","16":"product_tag-comprar-rivotril-sin-receta","17":"product_tag-comprar-rivotril-usa","18":"product_tag-compre-rivotril","19":"product_tag-compre-rivotril-alemanha","20":"product_tag-compre-rivotril-amsterdam","21":"product_tag-compre-rivotril-california","22":"product_tag-compre-rivotril-canada","23":"product_tag-compre-rivotril-cvs","24":"product_tag-compre-rivotril-en-linea","25":"product_tag-compre-rivotril-holanda","26":"product_tag-compre-rivotril-online","27":"product_tag-compre-rivotril-online-italia","28":"product_tag-compre-rivotril-online-madrid","29":"product_tag-compre-rivotril-online-na-espanha","30":"product_tag-compre-rivotril-online-no-reino-unido","31":"product_tag-compre-rivotril-online-reino-unido","32":"product_tag-compre-rivotril-portugal","33":"product_tag-compre-rivotril-usa","34":"product_tag-donde-comprar-rivotril-en-linea","35":"product_tag-onde-comprar-rivotril-online","36":"product_tag-precio-de-rivotril","37":"product_tag-preco-do-rivotril","38":"product_tag-rivotril-500-mg","39":"product_tag-rivotril-500mg","40":"product_tag-rivotril-clavulanato","41":"product_tag-rivotril-online-espana","42":"product_tag-rivotril-online-espanha","43":"product_tag-rivotril-para-la-venta","44":"product_tag-rivotril-para-venda","46":"first","47":"instock","48":"featured","49":"shipping-taxable","50":"purchasable","51":"product-type-variable","52":"has-default-attributes"},"_links":{"self":[{"href":"https:\/\/www.medsconsulting.com\/es\/wp-json\/wp\/v2\/product\/2074","targetHints":{"allow":["GET"]}}],"collection":[{"href":"https:\/\/www.medsconsulting.com\/es\/wp-json\/wp\/v2\/product"}],"about":[{"href":"https:\/\/www.medsconsulting.com\/es\/wp-json\/wp\/v2\/types\/product"}],"replies":[{"embeddable":true,"href":"https:\/\/www.medsconsulting.com\/es\/wp-json\/wp\/v2\/comments?post=2074"}],"wp:attachment":[{"href":"https:\/\/www.medsconsulting.com\/es\/wp-json\/wp\/v2\/media?parent=2074"}],"wp:term":[{"taxonomy":"product_cat","embeddable":true,"href":"https:\/\/www.medsconsulting.com\/es\/wp-json\/wp\/v2\/product_cat?post=2074"},{"taxonomy":"product_tag","embeddable":true,"href":"https:\/\/www.medsconsulting.com\/es\/wp-json\/wp\/v2\/product_tag?post=2074"}],"curies":[{"name":"wp","href":"https:\/\/api.w.org\/{rel}","templated":true}]}}