{"id":2049,"date":"2020-10-26T01:50:51","date_gmt":"2020-10-26T01:50:51","guid":{"rendered":"https:\/\/www.medsconsulting.com\/es\/?post_type=product&#038;p=2049"},"modified":"2020-10-30T07:46:56","modified_gmt":"2020-10-30T07:46:56","slug":"cytotec","status":"publish","type":"product","link":"https:\/\/www.medsconsulting.com\/es\/product\/pildoras-de-aborto\/cytotec\/","title":{"rendered":"Cytotec (Misoprostol)"},"content":{"rendered":"<p>Las tabletas orales de Cytotec contienen 100 mcg o 200 mcg de misoprostol, un an\u00e1logo sint\u00e9tico de prostaglandina E1.<\/p>\n<p>El misoprostol contiene cantidades aproximadamente iguales de los dos diastereois\u00f3meros que se presentan a continuaci\u00f3n con sus enanti\u00f3meros indicados por (\u00b1):<\/p>\n<p>&nbsp;<\/p>\n<p>&nbsp;<\/p>\n<table class=\"blackpic\" width=\"450\" cellspacing=\"0\">\n<tbody>\n<tr>\n<td><img loading=\"lazy\" decoding=\"async\" src=\"https:\/\/images.rxlist.com\/images\/rxlist\/misopro1.gif\" alt=\"Cytotec\u00ae (misoprostol) - Structural Formula - Illustration\" width=\"450\" height=\"395\" \/><\/td>\n<\/tr>\n<\/tbody>\n<\/table>\n<p>&nbsp;<\/p>\n<h2>El misoprostol es un l\u00edquido viscoso soluble en agua.<\/h2>\n<p>Los ingredientes inactivos de las tabletas son aceite de ricino hidrogenado, hipromelosa, celulosa microcristalina y glicolato de almid\u00f3n de sodio.<\/p>\n<h2>INDICACIONES<\/h2>\n<p>Cytotec (misoprostol) est\u00e1 indicado para reducir el riesgo de \u00falceras g\u00e1stricas inducidas por AINE (medicamentos antiinflamatorios no esteroides, incluida la aspirina) en pacientes con alto riesgo de complicaciones por \u00falcera g\u00e1strica, por ejemplo, ancianos y pacientes con una enfermedad debilitante concomitante, como as\u00ed como pacientes con alto riesgo de desarrollar ulceraci\u00f3n g\u00e1strica, como pacientes con antecedentes de \u00falcera. No se ha demostrado que Cytotec reduzca el riesgo de \u00falceras duodenales en pacientes que toman AINE. Cytotec debe tomarse mientras dure la terapia con AINE. Se ha demostrado que Cytotec reduce el riesgo de \u00falceras g\u00e1stricas en estudios controlados de 3 meses de duraci\u00f3n. No tuvo ning\u00fan efecto, en comparaci\u00f3n con el placebo, sobre el dolor o el malestar gastrointestinal asociado con el uso de AINE.<\/p>\n<h2>DOSIFICACI\u00d3N Y ADMINISTRACI\u00d3N<\/h2>\n<p>La dosis oral recomendada para adultos de Cytotec para reducir el riesgo de \u00falceras g\u00e1stricas inducidas por AINE es de 200 mcg cuatro veces al d\u00eda con alimentos. Si no se puede tolerar esta dosis, se puede usar una dosis de 100 mcg. Cytotec debe tomarse durante la duraci\u00f3n de la terapia con AINE seg\u00fan lo prescrito por el m\u00e9dico. Cytotec debe tomarse con una comida y la \u00faltima dosis del d\u00eda debe ser antes de acostarse.<\/p>\n<h2>Insuficiencia renal<\/h2>\n<p>El ajuste de la pauta posol\u00f3gica en pacientes con insuficiencia renal no es necesario de forma rutinaria, pero la dosis se puede reducir si no se tolera la dosis de 200 mcg.<\/p>\n<h2>C\u00f3mo usarlo<\/h2>\n<p>\u00bfC\u00d3MO SE TOMA MEJOR ESTA DROGA? Use este medicamento seg\u00fan las indicaciones de su m\u00e9dico. Lea toda la informaci\u00f3n que se le proporcione. Siga todas las instrucciones de cerca. Tome este medicamento con las comidas y antes de acostarse o como le haya indicado su m\u00e9dico. No tome anti\u00e1cidos que contengan magnesio con este medicamento. \u00bfC\u00d3MO GUARDO Y \/ O DESECHO ESTE MEDICAMENTO? Almacenar a temperatura ambiente. Guardar en un lugar seco. No guardar en el ba\u00f1o. Guarde todos los medicamentos en un lugar seguro. Mantenga todos los medicamentos fuera del alcance de los ni\u00f1os y las mascotas. Deseche los medicamentos no utilizados o vencidos. No tire por el inodoro ni por el desag\u00fce a menos que se le indique. Consulte con su farmac\u00e9utico si tiene preguntas sobre la mejor manera de deshacerse de los medicamentos. Puede haber programas de devoluci\u00f3n de medicamentos en su \u00e1rea. \u00bfQU\u00c9 HAGO SI ME SALTO UNA DOSIS? Tome la dosis olvidada tan pronto como lo piense, con comida. Si est\u00e1 cerca de la hora de su pr\u00f3xima dosis, omita la dosis olvidada y vuelva a su horario habitual. No tome 2 dosis al mismo tiempo ni dosis adicionales.<\/p>\n<h2>Posible efecto secundario<\/h2>\n<p>Aunque puede ser raro, algunas personas pueden tener efectos secundarios muy graves y, a veces, mortales cuando toman un medicamento. Informe a su m\u00e9dico o busque ayuda m\u00e9dica de inmediato si tiene alguno de los siguientes signos o s\u00edntomas que pueden estar relacionados con un efecto secundario muy grave: Signos de una reacci\u00f3n al\u00e9rgica, como sarpullido; urticaria; picor; piel enrojecida, hinchada, con ampollas o descamada con o sin fiebre; sibilancias opresi\u00f3n en el pecho o la garganta; dificultad para respirar, tragar o hablar; ronquera inusual; o hinchaz\u00f3n de la boca, cara, labios, lengua o garganta. Muy fuerte dolor de vientre. Diarrea severa \u00bfCU\u00c1LES SON ALGUNOS OTROS EFECTOS SECUNDARIOS DE ESTE MEDICAMENTO? Todos los medicamentos pueden provocar efectos secundarios. Sin embargo, muchas personas no presentan efectos secundarios o solo tienen efectos secundarios menores. Llame a su m\u00e9dico o busque ayuda m\u00e9dica si alguno de estos efectos secundarios o cualquier otro efecto secundario le molesta o no desaparece: Diarrea. Dolor de vientre. Calambres en el est\u00f3mago. Malestar estomacal.<\/p>\n","protected":false},"excerpt":{"rendered":"<p>Usos comunes: Se usa para prevenir \u00falceras g\u00e1stricas asociadas a AINE en pacientes con antecedentes de \u00falceras.<\/p>\n","protected":false},"featured_media":0,"comment_status":"open","ping_status":"closed","template":"","meta":[],"product_cat":[152,151],"product_tag":[],"class_list":{"0":"post-2049","1":"product","2":"type-product","3":"status-publish","5":"product_brand-cytotec","6":"product_cat-pildoras-de-aborto","7":"product_cat-pildoras-sexuales","9":"first","10":"instock","11":"featured","12":"shipping-taxable","13":"purchasable","14":"product-type-variable","15":"has-default-attributes"},"_links":{"self":[{"href":"https:\/\/www.medsconsulting.com\/es\/wp-json\/wp\/v2\/product\/2049","targetHints":{"allow":["GET"]}}],"collection":[{"href":"https:\/\/www.medsconsulting.com\/es\/wp-json\/wp\/v2\/product"}],"about":[{"href":"https:\/\/www.medsconsulting.com\/es\/wp-json\/wp\/v2\/types\/product"}],"replies":[{"embeddable":true,"href":"https:\/\/www.medsconsulting.com\/es\/wp-json\/wp\/v2\/comments?post=2049"}],"wp:attachment":[{"href":"https:\/\/www.medsconsulting.com\/es\/wp-json\/wp\/v2\/media?parent=2049"}],"wp:term":[{"taxonomy":"product_cat","embeddable":true,"href":"https:\/\/www.medsconsulting.com\/es\/wp-json\/wp\/v2\/product_cat?post=2049"},{"taxonomy":"product_tag","embeddable":true,"href":"https:\/\/www.medsconsulting.com\/es\/wp-json\/wp\/v2\/product_tag?post=2049"}],"curies":[{"name":"wp","href":"https:\/\/api.w.org\/{rel}","templated":true}]}}