{"id":1963,"date":"2020-10-25T16:56:35","date_gmt":"2020-10-25T16:56:35","guid":{"rendered":"https:\/\/www.medsconsulting.com\/es\/?post_type=product&#038;p=1963"},"modified":"2023-07-01T00:55:42","modified_gmt":"2023-07-01T00:55:42","slug":"comprar-vagifem","status":"publish","type":"product","link":"https:\/\/www.medsconsulting.com\/es\/product\/salud-de-la-mujer\/comprar-vagifem\/","title":{"rendered":"Comprar Vagifem (Yuvafem \/ Estradiol)"},"content":{"rendered":"<h2>Comprar Vagifem en l\u00ednea (Yuvafem \/ Estradiol)<\/h2>\n<p>Comprar Vagifem en l\u00ednea.Yuvafem 10 mcg (insertos vaginales de estradiol) son insertos peque\u00f1os, blancos, recubiertos con pel\u00edcula que contienen 10.3 mcg de estradiol hemihidrato equivalente a 10 mcg de estradiol. Cada Yuvafem, 10 mcg contiene los siguientes excipientes: hipromelosa, lactosa monohidrato, almid\u00f3n de ma\u00edz y estearato de magnesio. El recubrimiento pelicular contiene hipromelosa y polietilenglicol.<\/p>\n<h2>Comprar Yuvafem\/Estradiol<\/h2>\n<p>Cada inserto de Yuvafem tiene 6 mm de di\u00e1metro y se coloca en un aplicador desechable. Cada aplicador lleno de inserto se empaqueta por separado en un blister. Yuvafem se usa por v\u00eda intravaginal. Cuando el inserto entra en contacto con la mucosa <a href=\"https:\/\/www.medsconsulting.com\/es\/product-category\/salud-de-la-mujer\/\">vaginal<\/a>, se libera estradiol en la vagina. La prueba de disoluci\u00f3n de la USP est\u00e1 pendiente.<\/p>\n<p>&nbsp;<\/p>\n<h3><strong>INDICACIONES<\/strong><br \/>\nTratamiento de la vaginitis atr\u00f3fica debida a la menopausia<\/h3>\n<h3>Comprar Vagifem\u00a0(DOSIFICACI\u00d3N Y ADMINISTRACI\u00d3N)<\/h3>\n<p>Por lo general, cuando se prescribe estr\u00f3geno a una mujer posmenop\u00e1usica con \u00fatero, tambi\u00e9n se debe considerar una progestina para reducir el riesgo de c\u00e1ncer de endometrio.<\/p>\n<p>Una mujer sin \u00fatero no necesita progestina. En algunos casos, sin embargo, las mujeres histerectomizadas con antecedentes de endometriosis pueden necesitar un progest\u00e1geno.<\/p>\n<p>&nbsp;<\/p>\n<h3>Tratamiento de la vaginitis atr\u00f3fica debida a la menopausia<\/h3>\n<p>El uso de estr\u00f3genos solos, o en combinaci\u00f3n con una progestina, debe ser con la dosis efectiva m\u00e1s baja y por la duraci\u00f3n m\u00e1s corta de acuerdo con los objetivos y riesgos del<a href=\"https:\/\/www.euthanasiagroup.com\/es\/\" target=\"_blank\" rel=\"noopener\"> tratamiento<\/a> para la mujer individual. Las mujeres posmenop\u00e1usicas deben ser reevaluadas peri\u00f3dicamente seg\u00fan sea cl\u00ednicamente apropiado para determinar si el tratamiento a\u00fan es necesario.<\/p>\n<p>&nbsp;<\/p>\n<h3>C\u00d3MO SUMINISTRADO<\/h3>\n<p>Yuvafem debe administrarse por v\u00eda intravaginal con el aplicador suministrado: 1 inserto al d\u00eda durante 2 semanas, seguido de 1 inserto dos veces por semana (por ejemplo, martes y viernes). Generalmente, las mujeres deben comenzar con la dosis de 10 mcg. Comprar Vagifem.<\/p>\n<p>&nbsp;<\/p>\n<h4>Formas de dosificaci\u00f3n y concentraciones<\/h4>\n<p>Yuvafem es un inserto vaginal peque\u00f1o, blanco, redondo, recubierto con pel\u00edcula y biconvexo que contiene 10 mcg de estradiol. Cada inserto vaginal tiene 6 mm de di\u00e1metro y se administra en un aplicador desechable. Comprar Vagifem.<\/p>\n<p>&nbsp;<\/p>\n<pre>El hemihidrato de estradiol es un s\u00f3lido cristalino blanco, casi blanco o incoloro, \r\nqu\u00edmicamente descrito como estra-1,3,5 (10) -trieno-3,17\u03b2-diol<\/pre>\n<p>&nbsp;<\/p>\n<p>Vagifem (Yuvafem \/ Estradiol) es un inserto vaginal de precio moderado que se usa para tratar a las mujeres que experimentan relaciones sexuales dolorosas, un s\u00edntoma de la menopausia que se produce debido a cambios dentro y alrededor de la vagina. Es m\u00e1s popular que los medicamentos comparables.<\/p>\n","protected":false},"excerpt":{"rendered":"<p>Vagifem (Yuvafem \/ Estradiol) es un inserto vaginal de precio moderado que se usa para tratar a las mujeres que experimentan relaciones sexuales dolorosas, un s\u00edntoma de la menopausia que se produce debido a cambios dentro y alrededor de la vagina. Es m\u00e1s popular que los medicamentos comparables.<\/p>\n","protected":false},"featured_media":10386,"comment_status":"open","ping_status":"closed","template":"","meta":[],"product_cat":[147],"product_tag":[2213,2215,1943,1939,1941,1944,1945,1940,1942,2216,2223,2220,2221,2226,2217,2218,2222,2219,2224,2214,2225],"class_list":{"0":"post-1963","1":"product","2":"type-product","3":"status-publish","4":"has-post-thumbnail","6":"product_cat-salud-de-la-mujer","7":"product_tag-alternatives-to-vagifem","8":"product_tag-buy-vagifem-tablets-online","9":"product_tag-comprar-vagifem","10":"product_tag-comprar-vagifem-en-linea","11":"product_tag-comprar-vagifem-en-linea-espana","12":"product_tag-comprar-vagifem-espana","13":"product_tag-compre-vagifem-easpana","14":"product_tag-compre-vagifem-en-linea","15":"product_tag-compre-vagifem-en-linea-espana","16":"product_tag-get-generic-vagifem-tablets","17":"product_tag-how-long-does-it-take-for-vagifem-to-dissolve","18":"product_tag-producto-de-prescripcion-medica","19":"product_tag-superdrug-online-doctor-buy-vagifem","20":"product_tag-vagifem-coupon","21":"product_tag-vagifem-mcg-vaginal-tablets","22":"product_tag-vagifem-online-prescription","23":"product_tag-vagifem-or-estriol-cream","24":"product_tag-vagifem-prescription-online","25":"product_tag-vagifem-reviews","26":"product_tag-vagifem-vaginal-tablets","27":"product_tag-what-is-vagifem-used-for","29":"first","30":"instock","31":"featured","32":"shipping-taxable","33":"purchasable","34":"product-type-variable","35":"has-default-attributes"},"_links":{"self":[{"href":"https:\/\/www.medsconsulting.com\/es\/wp-json\/wp\/v2\/product\/1963","targetHints":{"allow":["GET"]}}],"collection":[{"href":"https:\/\/www.medsconsulting.com\/es\/wp-json\/wp\/v2\/product"}],"about":[{"href":"https:\/\/www.medsconsulting.com\/es\/wp-json\/wp\/v2\/types\/product"}],"replies":[{"embeddable":true,"href":"https:\/\/www.medsconsulting.com\/es\/wp-json\/wp\/v2\/comments?post=1963"}],"wp:featuredmedia":[{"embeddable":true,"href":"https:\/\/www.medsconsulting.com\/es\/wp-json\/wp\/v2\/media\/10386"}],"wp:attachment":[{"href":"https:\/\/www.medsconsulting.com\/es\/wp-json\/wp\/v2\/media?parent=1963"}],"wp:term":[{"taxonomy":"product_cat","embeddable":true,"href":"https:\/\/www.medsconsulting.com\/es\/wp-json\/wp\/v2\/product_cat?post=1963"},{"taxonomy":"product_tag","embeddable":true,"href":"https:\/\/www.medsconsulting.com\/es\/wp-json\/wp\/v2\/product_tag?post=1963"}],"curies":[{"name":"wp","href":"https:\/\/api.w.org\/{rel}","templated":true}]}}