{"id":1954,"date":"2020-10-25T23:25:40","date_gmt":"2020-10-25T23:25:40","guid":{"rendered":"https:\/\/www.medsconsulting.com\/es\/?post_type=product&#038;p=1954"},"modified":"2020-10-30T07:50:22","modified_gmt":"2020-10-30T07:50:22","slug":"gabapentina-generico-neurontina","status":"publish","type":"product","link":"https:\/\/www.medsconsulting.com\/es\/product\/salud-de-la-mujer\/gabapentina-generico-neurontina\/","title":{"rendered":"Gabapentin Gen\u00e9rico Neurontin"},"content":{"rendered":"<div class=\"title-bg\">\n<h2>Usos<\/h2>\n<p>La gabapentina se usa con otros medicamentos para prevenir y controlar las convulsiones. Tambi\u00e9n se usa para aliviar el dolor de los nervios despu\u00e9s de la culebrilla (una erupci\u00f3n dolorosa debido a una infecci\u00f3n por herpes z\u00f3ster) en adultos. La gabapentina se conoce como f\u00e1rmaco anticonvulsivo o antiepil\u00e9ptico.<\/p>\n<h2>C\u00f3mo usar Neurontin oral<\/h2>\n<p>Tome este medicamento por v\u00eda oral con o sin alimentos, seg\u00fan las indicaciones de su m\u00e9dico. La dosificaci\u00f3n depende de su afecci\u00f3n m\u00e9dica y respuesta al tratamiento. Para los ni\u00f1os, la dosis tambi\u00e9n se basa en el peso.<\/p>\n<p>Si est\u00e1 tomando las tabletas y su m\u00e9dico le indica que divida la tableta por la mitad, tome la otra mitad de la tableta a la siguiente dosis programada. Deseche las medias tabletas si no las usa dentro de varios d\u00edas despu\u00e9s de partirlas. Si est\u00e1 tomando las c\u00e1psulas, tr\u00e1guelas enteras con abundante agua.<\/p>\n<p>Es muy importante seguir exactamente las instrucciones de dosificaci\u00f3n de su m\u00e9dico. Durante los primeros d\u00edas de tratamiento, su m\u00e9dico puede aumentar gradualmente su dosis para que su cuerpo pueda adaptarse al medicamento. Para minimizar los efectos secundarios, tome la primera dosis antes de acostarse.<\/p>\n<p>&nbsp;<\/p>\n<p>Tome este medicamento con regularidad para beneficiarse al m\u00e1ximo. Este medicamento funciona mejor cuando la cantidad de medicamento en su cuerpo se mantiene constante. Por lo tanto, tome gabapentina a intervalos regulares a la misma hora todos los d\u00edas. Si est\u00e1 tomando este medicamento 3 veces al d\u00eda para controlar las convulsiones, no deje que pasen m\u00e1s de 12 horas entre dosis porque las convulsiones pueden aumentar.<\/p>\n<p>No tome este medicamento con m\u00e1s frecuencia ni aumente su dosis sin consultar a su m\u00e9dico. Su afecci\u00f3n no mejorar\u00e1 m\u00e1s r\u00e1pidamente y puede aumentar el riesgo de efectos secundarios graves.<\/p>\n<p>No deje de tomar este medicamento sin consultar a su m\u00e9dico. Algunas afecciones pueden empeorar cuando se suspende repentinamente el medicamento. Es posible que deba reducir su dosis gradualmente.<\/p>\n<p>Los anti\u00e1cidos que contienen aluminio o magnesio pueden interferir con la absorci\u00f3n de este medicamento. Por lo tanto, si tambi\u00e9n est\u00e1 tomando un anti\u00e1cido, es mejor tomar gabapentina al menos 2 horas despu\u00e9s de tomar el anti\u00e1cido.<\/p>\n<p>Las diferentes formas de gabapentina (como liberaci\u00f3n inmediata, liberaci\u00f3n sostenida, enacarbil liberaci\u00f3n sostenida) se absorben en el cuerpo de manera diferente. No cambie de una forma a otra sin consultar a su m\u00e9dico.<\/p>\n<\/div>\n","protected":false},"excerpt":{"rendered":"<p>Usos La gabapentina se usa con otros medicamentos para prevenir y controlar las convulsiones. Tambi\u00e9n se usa para aliviar el dolor de los nervios despu\u00e9s de la culebrilla (una erupci\u00f3n dolorosa debido a una infecci\u00f3n por herpes z\u00f3ster) en adultos. &hellip; <a href=\"https:\/\/www.medsconsulting.com\/es\/product\/salud-de-la-mujer\/gabapentina-generico-neurontina\/\">Readmore<\/a><\/p>\n","protected":false},"featured_media":0,"comment_status":"open","ping_status":"closed","template":"","meta":[],"product_cat":[147],"product_tag":[],"class_list":{"0":"post-1954","1":"product","2":"type-product","3":"status-publish","5":"product_cat-salud-de-la-mujer","7":"first","8":"instock","9":"featured","10":"shipping-taxable","11":"purchasable","12":"product-type-variable","13":"has-default-attributes"},"_links":{"self":[{"href":"https:\/\/www.medsconsulting.com\/es\/wp-json\/wp\/v2\/product\/1954","targetHints":{"allow":["GET"]}}],"collection":[{"href":"https:\/\/www.medsconsulting.com\/es\/wp-json\/wp\/v2\/product"}],"about":[{"href":"https:\/\/www.medsconsulting.com\/es\/wp-json\/wp\/v2\/types\/product"}],"replies":[{"embeddable":true,"href":"https:\/\/www.medsconsulting.com\/es\/wp-json\/wp\/v2\/comments?post=1954"}],"wp:attachment":[{"href":"https:\/\/www.medsconsulting.com\/es\/wp-json\/wp\/v2\/media?parent=1954"}],"wp:term":[{"taxonomy":"product_cat","embeddable":true,"href":"https:\/\/www.medsconsulting.com\/es\/wp-json\/wp\/v2\/product_cat?post=1954"},{"taxonomy":"product_tag","embeddable":true,"href":"https:\/\/www.medsconsulting.com\/es\/wp-json\/wp\/v2\/product_tag?post=1954"}],"curies":[{"name":"wp","href":"https:\/\/api.w.org\/{rel}","templated":true}]}}