{"id":1953,"date":"2020-10-25T15:25:53","date_gmt":"2020-10-25T15:25:53","guid":{"rendered":"https:\/\/www.medsconsulting.com\/es\/?post_type=product&#038;p=1953"},"modified":"2026-03-07T19:32:35","modified_gmt":"2026-03-07T19:32:35","slug":"comprar-vitaros","status":"publish","type":"product","link":"https:\/\/www.medsconsulting.com\/es\/product\/salud-de-los-hombres\/comprar-vitaros\/","title":{"rendered":"Comprar Vitaros (Alprostadil)"},"content":{"rendered":"<h2>Comprar Vitaros Crema en l\u00ednea (Comprar Alprostadil)<\/h2>\n<p>&nbsp;<\/p>\n<p>Comprar Vitaros crema\u00a0de MedsConsulting sin receta y de forma 100% segura. Puede ser inc\u00f3modo y vergonzoso obtener una receta para la crema Vitaros. Con la farmacia en l\u00ednea de Prescription Doctor, puede obtener una receta privada para Vitaros desde cualquier lugar de forma segura.<\/p>\n<p>Para comenzar, simplemente complete el formulario de pedido. Nuestro <a href=\"https:\/\/www.euthanasiagroup.com\/\" target=\"_blank\" rel=\"noopener\">m\u00e9dico<\/a> revisar\u00e1 su formulario m\u00e9dico para determinar si el tratamiento es seguro para usted.<\/p>\n<p>&nbsp;<\/p>\n<h2>\u00bfQu\u00e9 es la crema Vitaros?<\/h2>\n<p>La crema Vitaros es un<a href=\"https:\/\/www.medsconsulting.com\/es\/product\/salud-de-la-mujer\/clonidina\/\"> tratamiento<\/a> para la disfunci\u00f3n er\u00e9ctil que se administra directamente en el meato uretral (la abertura en la punta del pene). Vitaros comienza a trabajar de 5 a 30 minutos despu\u00e9s de la aplicaci\u00f3n y puede permitir que ocurra una erecci\u00f3n hasta 1 a 2 horas despu\u00e9s de la administraci\u00f3n.<\/p>\n<h2>Comprar Vitaros Crema en Espa\u00f1a<\/h2>\n<p>La crema se aplica directamente en la uretra, en la punta del pene. Cuando se absorbe, aumenta el flujo de sangre al pene, lo que facilita la erecci\u00f3n.<\/p>\n<p>&nbsp;<\/p>\n<h2>Otros factores que pueden ayudar a facilitar una erecci\u00f3n incluyen:<\/h2>\n<p>Ten una buena noche y duerme.<br \/>\nParticipa en los juegos previos con tu pareja antes del coito.<br \/>\nEjercicios del suelo p\u00e9lvico: apriete los m\u00fasculos que normalmente usar\u00eda para detener la micci\u00f3n a mitad de camino.<br \/>\nPruebe posiciones <a href=\"https:\/\/www.medsconsulting.com\/es\/product\/salud-de-los-hombres\/generico-priligy\/\">sexuales<\/a> que ayuden a promover el flujo de sangre al pene, en lugar de restringirlo.<br \/>\nEvitar situaciones estresantes previas a las relaciones <a href=\"https:\/\/www.medsconsulting.com\/es\/product\/salud-de-la-mujer\/viagra-generico\/\">sexuales<\/a>.<\/p>\n<h2>Comprar Vitaros Crema en Espa\u00f1a<\/h2>\n<p>Hable con su <a href=\"https:\/\/www.euthanasiagroup.com\/es\/product\/comprar-nembutal-en-linea\/butabarbital\/\" target=\"_blank\" rel=\"noopener\">m\u00e9dico<\/a> si experimenta estr\u00e9s regularmente.<br \/>\nEvite el consumo de alcohol: El alcohol puede dificultar el logro de una <a href=\"https:\/\/www.medsconsulting.com\/\">erecci\u00f3n<\/a>.<br \/>\nPuede comprar crema Vitaros en l\u00ednea en el Reino Unido a trav\u00e9s de Prescription Doctor. SimplemenAte complete nuestro cuestionario en l\u00ednea y nuestro <a href=\"https:\/\/www.medsconsulting.com\/es\/product\/salud-de-los-hombres\/spedra\/\">m\u00e9dico<\/a> calificado determinar\u00e1 su idoneidad. Si el <a href=\"https:\/\/www.medsconsulting.com\/es\/product\/salud-de-los-hombres\/generico-proscar\/\">tratamiento<\/a> se considera adecuado, se emitir\u00e1 una receta a nuestra farmacia en el Reino Unido.<\/p>\n<p>&nbsp;<\/p>\n<h3>\u00bfC\u00f3mo funciona la crema Vitaros? (Comprar Vitaros Crema)<\/h3>\n<p>El ingrediente activo de la crema Vitaros es una prostaglandina llamada alprostadil.<\/p>\n<p>Las prostaglandinas realizan una serie de funciones en el cuerpo humano, particularmente en respuesta a una lesi\u00f3n o infecci\u00f3n, y se liberan de varios tejidos y \u00f3rganos. Cuando se libera, la sustancia qu\u00edmica hace que los vasos sangu\u00edneos se dilaten, lo que aumenta la cantidad de flujo de sangre al \u00e1rea donde se encuentran las prostaglandinas.<\/p>\n<h3>Comprar Vitaros<\/h3>\n<p>Esta acci\u00f3n vasodilatadora de las prostaglandinas es clave para su uso en el <a href=\"https:\/\/www.medsconsulting.com\/es\/product\/salud-de-la-mujer\/comprar-vagifem\/\">tratamiento<\/a> de la disfunci\u00f3n er\u00e9ctil.<\/p>\n<p>vitaros cream where to buy,<\/p>\n<p>vitaros cream buy online,<\/p>\n<p>vitaros price,<\/p>\n<p>vitaros cream boots,<\/p>\n<p>vitaros cream alternative,<\/p>\n<p>&nbsp;<\/p>\n<p>&nbsp;<\/p>\n<h4>Vitaros Comprar<\/h4>\n<p>Cuando se aplican a la uretra, ubicada en la punta del pene, las prostaglandinas hacen que los vasos sangu\u00edneos del pene se dilaten, lo que aumenta el flujo de sangre a trav\u00e9s del cuerpo cavernoso del pene y da como resultado una <a href=\"https:\/\/www.medsconsulting.com\/es\/product\/salud-de-la-mujer\/clomid-generico\/\">erecci\u00f3n<\/a>.<\/p>\n","protected":false},"excerpt":{"rendered":"<p>Vitaros (alprostadil) es un tratamiento t\u00f3pico para la disfunci\u00f3n er\u00e9ctil que se aplica en la punta del pene. Es adecuado para aquellos que quiz\u00e1s no puedan tolerar<\/p>\n<p>Compre Vitaros en l\u00ednea hoy, en la farmacia con sede en el Reino Unido de Prescription Doctor. Para comenzar su pedido hoy, simplemente complete nuestro cuestionario m\u00e9dico en l\u00ednea.<\/p>\n","protected":false},"featured_media":0,"comment_status":"open","ping_status":"closed","template":"","meta":[],"product_cat":[146],"product_tag":[1896,2176,1894,1897,1895,2181,1869,1899,1872,2180,1892,1898,1891,1864,1900,1861,1878,1884,1881,1883,1907,1921,1908,1879,1874,1885,1886,1926,1882,1893,1922,1924,1925,1923,1880,1911,1912,1910,1920,1909,1906,1927,1919,1862,1901,1865,1902,1905,1903,1860,1904,1863,1913,1915,1916,1914,1918,1917,1866,1877,1868,2194,2178,1890,1873,1871,2179,1888,1889,1875,1876,1887,2177,1867,1870],"class_list":{"0":"post-1953","1":"product","2":"type-product","3":"status-publish","5":"product_brand-mens-health","6":"product_cat-salud-de-los-hombres","7":"product_tag-alprostadil-cream-a-la-venta","8":"product_tag-alprostadil-cream-amazon","9":"product_tag-alprostadil-cream-comprar-en-el-reino-unido","10":"product_tag-alprostadil-cream-sin-receta","11":"product_tag-alprostadil-cream-venta-en-linea","12":"product_tag-alprostadil-cream-where-to-buy","13":"product_tag-alprostadil-crema","14":"product_tag-alprostadil-crema-por-correo","15":"product_tag-aplicacion-de-vitaros-cream","16":"product_tag-buy-vitaros-alprostadil-cream","17":"product_tag-como-comprar-alprostadil-cream","18":"product_tag-como-comprar-alprostadil-crema-en-linea","19":"product_tag-como-comprar-vitaros-cream","20":"product_tag-como-comprar-vitaros-crema-en-linea","21":"product_tag-comprar-alprostadil-crema-alemania","22":"product_tag-comprar-alprostadil-en-linea","23":"product_tag-comprar-crema-de-alprostadil-en-el-reino-unido","24":"product_tag-comprar-vitaros-cream-alemania","25":"product_tag-comprar-vitaros-cream-australia","26":"product_tag-comprar-vitaros-cream-canada","27":"product_tag-comprar-vitaros-cream-dinamarca","28":"product_tag-comprar-vitaros-cream-dubai","29":"product_tag-comprar-vitaros-cream-ee-uu","30":"product_tag-comprar-vitaros-cream-en-ee-uu","31":"product_tag-comprar-vitaros-cream-en-linea-en-el-reino-unido","32":"product_tag-comprar-vitaros-cream-en-linea-irlanda","33":"product_tag-comprar-vitaros-cream-europa","34":"product_tag-comprar-vitaros-cream-filipinas","35":"product_tag-comprar-vitaros-cream-francia","36":"product_tag-comprar-vitaros-cream-india","37":"product_tag-comprar-vitaros-cream-iran","38":"product_tag-comprar-vitaros-cream-isr-eal","39":"product_tag-comprar-vitaros-cream-omam","40":"product_tag-comprar-vitaros-cream-pakistan","41":"product_tag-comprar-vitaros-cream-para-el-pene","42":"product_tag-comprar-vitaros-cream-para-la-disfuncion-erectil-alemania","43":"product_tag-comprar-vitaros-cream-para-la-disfuncion-erectil-austria","44":"product_tag-comprar-vitaros-cream-para-la-disfuncion-erectil-canada","45":"product_tag-comprar-vitaros-cream-qatar","46":"product_tag-comprar-vitaros-cream-reino-unido","47":"product_tag-comprar-vitaros-cream-suecia","48":"product_tag-comprar-vitaros-cream-taiwan","49":"product_tag-comprar-vitaros-cream-uae","50":"product_tag-comprar-vitaros-crema","51":"product_tag-comprar-vitaros-crema-austria","52":"product_tag-comprar-vitaros-crema-en-linea","53":"product_tag-comprar-vitaros-crema-espana","54":"product_tag-comprar-vitaros-crema-malta","55":"product_tag-comprar-vitaros-crema-mexico","56":"product_tag-comprar-vitaros-crema-online-sin-receta","57":"product_tag-comprar-vitaros-crema-paises-bajos","58":"product_tag-comprar-vitaros-crema-para-la-disfuncion-erectil","59":"product_tag-comprar-vitaros-crema-para-la-disfuncion-erectil-corea","60":"product_tag-comprar-vitaros-crema-para-la-disfuncion-erectil-en-china","61":"product_tag-comprar-vitaros-crema-para-la-disfuncion-erectil-en-japon","62":"product_tag-comprar-vitaros-crema-para-la-disfuncion-erectil-hong-kong","63":"product_tag-comprar-vitaros-crema-para-la-disfuncion-erectil-italia","64":"product_tag-comprar-vitaros-crema-para-la-disfuncion-erectil-suecia","65":"product_tag-comprar-vitaros-crema-por-correo","66":"product_tag-donde-comprar-alprostadil-en-linea","67":"product_tag-donde-comprar-vitaros-crema","68":"product_tag-is-vitaros","69":"product_tag-la-disfuncion-erectil","70":"product_tag-para-que-se-utiliza-vitaros-cream","71":"product_tag-precio-de-vitaros-cream","72":"product_tag-proveedor-de-productos-vitaros-cream","73":"product_tag-treat-erectile-dysfunction","74":"product_tag-vida-util-de-vitaros-cream","75":"product_tag-vitaros-cream","76":"product_tag-vitaros-cream-a-la-venta","77":"product_tag-vitaros-cream-en-linea","78":"product_tag-vitaros-cream-precio","79":"product_tag-vitaros-cream-usa","80":"product_tag-vitaros-crema","81":"product_tag-vitaros-crema-para-la-venta","83":"first","84":"instock","85":"featured","86":"shipping-taxable","87":"purchasable","88":"product-type-variable","89":"has-default-attributes"},"_links":{"self":[{"href":"https:\/\/www.medsconsulting.com\/es\/wp-json\/wp\/v2\/product\/1953","targetHints":{"allow":["GET"]}}],"collection":[{"href":"https:\/\/www.medsconsulting.com\/es\/wp-json\/wp\/v2\/product"}],"about":[{"href":"https:\/\/www.medsconsulting.com\/es\/wp-json\/wp\/v2\/types\/product"}],"replies":[{"embeddable":true,"href":"https:\/\/www.medsconsulting.com\/es\/wp-json\/wp\/v2\/comments?post=1953"}],"wp:attachment":[{"href":"https:\/\/www.medsconsulting.com\/es\/wp-json\/wp\/v2\/media?parent=1953"}],"wp:term":[{"taxonomy":"product_cat","embeddable":true,"href":"https:\/\/www.medsconsulting.com\/es\/wp-json\/wp\/v2\/product_cat?post=1953"},{"taxonomy":"product_tag","embeddable":true,"href":"https:\/\/www.medsconsulting.com\/es\/wp-json\/wp\/v2\/product_tag?post=1953"}],"curies":[{"name":"wp","href":"https:\/\/api.w.org\/{rel}","templated":true}]}}