{"id":1926,"date":"2020-10-25T15:03:02","date_gmt":"2020-10-25T15:03:02","guid":{"rendered":"https:\/\/www.medsconsulting.com\/es\/?post_type=product&#038;p=1926"},"modified":"2020-10-30T08:31:03","modified_gmt":"2020-10-30T08:31:03","slug":"spedra","status":"publish","type":"product","link":"https:\/\/www.medsconsulting.com\/es\/product\/salud-de-los-hombres\/spedra\/","title":{"rendered":"Spedra"},"content":{"rendered":"<p>La disfunci\u00f3n er\u00e9ctil es un t\u00e9rmino gen\u00e9rico para cuando un hombre tiene dificultades para lograr o mantener una erecci\u00f3n. Si bien es com\u00fan que los hombres ocasionalmente tengan problemas er\u00e9ctiles menores, los problemas frecuentes con las erecciones podr\u00edan indicar una condici\u00f3n de salud subyacente.<\/p>\n<p>Los hombres mayores de 40 a\u00f1os son m\u00e1s susceptibles a la disfunci\u00f3n er\u00e9ctil y se cree que el 50% de los hombres entre las edades de 40 y 70 sufren de disfunci\u00f3n er\u00e9ctil, pero la afecci\u00f3n puede afectar a los hombres en cualquier momento de sus vidas.<\/p>\n<p>La disfunci\u00f3n er\u00e9ctil puede ser causada por una condici\u00f3n fisiol\u00f3gica o psicol\u00f3gica. Incluso si la condici\u00f3n no es causada por una condici\u00f3n psicol\u00f3gica, puede causar angustia mental a un hombre.<\/p>\n<p><strong>Las causas comunes de problemas de erecci\u00f3n pueden incluir:<\/strong><\/p>\n<ul>\n<li>Estr\u00e9s<\/li>\n<li>Depresi\u00f3n<\/li>\n<li>Peso excesivo<\/li>\n<li>Efectos secundarios de la medicina<\/li>\n<li>Smoking<\/li>\n<\/ul>\n<hr \/>\n<h2 class=\"arrow-right-xs arrow-down-xs\"><a id=\"How it works\" name=\"How it works\"><\/a><\/h2>\n<h2>\u00bfC\u00f3mo act\u00faa Spedra?<\/h2>\n<p>El ingrediente activo de Spedra, avanafilo, es un inhibidor de la fosfodiesterasa tipo 5 (PDE5).<\/p>\n<p>Durante la excitaci\u00f3n sexual, los tejidos dentro del pene liberan una sustancia qu\u00edmica llamada guanosina monofosfato c\u00edclico (cGMP) que causa vasodilataci\u00f3n (dilataci\u00f3n de los vasos sangu\u00edneos), aumentando el flujo sangu\u00edneo a los cuerpos cavernosos, un par de c\u00e1maras cil\u00edndricas que se llenan de sangre y producen una erecci\u00f3n.<\/p>\n<p>Los inhibidores de la PDE5, como Spedra, evitan que la enzima (fosfodiesterasa) descomponga el cGMP. Esto da como resultado que los vasos sangu\u00edneos se dilaten por m\u00e1s tiempo, lo que resulta en una erecci\u00f3n m\u00e1s duradera.<\/p>\n<p>Spedra no es afrodis\u00edaco y no aumenta su deseo sexual. Para que Spedra funcione, ya debe estar excitado sexualmente.<\/p>\n<p>Est\u00e1 cl\u00ednicamente probado que Spedra comienza a actuar en menos de 20 minutos, lo que lo convierte en un tratamiento de acci\u00f3n m\u00e1s r\u00e1pida para la disfunci\u00f3n er\u00e9ctil que Viagra o Levitra. Esto permite una mayor espontaneidad con su pareja. De manera similar a Viagra, los efectos de Spedra pueden durar hasta 4 horas.<\/p>\n<h2>\u00bfC\u00f3mo tomo Spedra?<\/h2>\n<p>Lo mejor es tomar Spedra con un vaso lleno de agua sin alimentos, 30 minutos antes del coito. No tome m\u00e1s de UNA tableta en 24 horas.<\/p>\n<p>La ingesta con alimentos puede retrasar la aparici\u00f3n y reducir la eficacia del medicamento.<\/p>\n<h2>Mantenerse seguro con Prescription Doctor<\/h2>\n<p>Como con todos los medicamentos, Spedra puede ser da\u00f1ino si tiene ciertas condiciones predisponentes o si est\u00e1 tomando ciertos medicamentos.<\/p>\n<p>Consulte a su m\u00e9dico antes de tomar Spedra si tiene:<\/p>\n<ul>\n<li>Problemas de coraz\u00f3n, sangre o circulaci\u00f3n.<\/li>\n<li>Presi\u00f3n arterial alta \/ baja<\/li>\n<li>Tiene trastornos hemorr\u00e1gicos<\/li>\n<li>Disfunci\u00f3n de \u00f3rganos<\/li>\n<li>Defectos visuales<\/li>\n<li>Deformaci\u00f3n del pene, como la enfermedad de Peyronie\n<p>&nbsp;<\/p>\n<p>No es seguro tomar este medicamento si est\u00e1 tomando lo siguiente:<\/p>\n<p>&nbsp;<\/li>\n<li>Medicamentos para la presi\u00f3n arterial como Diltiazem, Verapamil o bloqueadores alfa<\/li>\n<li>Medicamentos de nitrato como GTN, productos a base de isosorbida.<\/li>\n<li>Nicorandil<br \/>\nCon otros medicamentos para la disfunci\u00f3n er\u00e9ctil<\/p>\n<p>Consulte a su m\u00e9dico de cabecera que le ayudar\u00e1 a encontrar el tratamiento m\u00e1s adecuado.<\/li>\n<\/ul>\n<hr \/>\n<h2 class=\"arrow-right-xs arrow-down-xs\"><a id=\"Side effects\" name=\"Side effects\"><\/a><\/h2>\n<h2>Efectos secundarios<\/h2>\n<p>Aunque los efectos secundarios son particularmente raros, es posible que experimente algunos efectos negativos al tomar Spedra. \u00c9stas incluyen:<\/p>\n<ul>\n<li>Dolores de cabeza<\/li>\n<li>Enrojecimiento de la cara<\/li>\n<li>Congesti\u00f3n nasal<\/li>\n<li>Mareos y confusi\u00f3n<\/li>\n<li>Posible visi\u00f3n borrosa<\/li>\n<\/ul>\n<p>Evite el alcohol: m\u00e1s de dos unidades de alcohol pueden aumentar el riesgo de efectos secundarios y disminuir la aparici\u00f3n y el efecto de Spedra.<\/p>\n<p>Evite beber jugo de toronja hasta 24 horas antes de tomar Spedra.<\/p>\n<p>Spedra puede hacer que se sienta mareado o afectar su visi\u00f3n. Si nota un cambio en su estado de alerta, evite conducir, andar en bicicleta o manejar maquinaria.<\/p>\n<p>No se ha demostrado que el uso a corto y largo plazo de avanafilo afecte la calidad, motilidad, estructura o recuento de su esperma.<\/p>\n<p>Consulte tambi\u00e9n el Folleto de informaci\u00f3n para el paciente para obtener m\u00e1s informaci\u00f3n y asegurarse de que comprende el medicamento que est\u00e1 tomando.<\/p>\n<hr \/>\n<h2 class=\"arrow-right-xs arrow-down-xs\"><a id=\"FAQ\" name=\"FAQ\"><\/a><\/h2>\n<h2>Preguntas frecuentes<br \/>\n\u00bfExiste alg\u00fan tratamiento a base de hierbas para la disfunci\u00f3n er\u00e9ctil?<\/h2>\n<p>Es posible que se encuentre con un producto que dice ser \u00abViagra natural\u00bb o \u00abViagra herbal\u00bb. El hecho lamentable es que ese tratamiento simplemente no existe.<\/p>\n<p>Nunca se ha demostrado que una formulaci\u00f3n a base de hierbas sea un tratamiento eficaz para la disfunci\u00f3n er\u00e9ctil. Adem\u00e1s, estos productos no est\u00e1n aprobados ni regulados.<\/p>\n<p>Es m\u00e1s probable que el \u00abViagra herbal\u00bb sea, en el mejor de los casos, una pastilla de az\u00facar (placebo) o, en el peor de los casos, una mezcla peligrosa de hierbas que podr\u00edan interactuar de manera adversa con otros medicamentos.<\/p>\n<h2>\u00bfQu\u00e9 tratamientos no medicinales para la disfunci\u00f3n er\u00e9ctil existen?<\/h2>\n<p>Hay una serie de tratamientos para la disfunci\u00f3n er\u00e9ctil que no requieren tomar comprimidos. Debe hablar con su m\u00e9dico sobre estas opciones para determinar si los beneficios de dicho tratamiento superar\u00edan los posibles riesgos.<\/p>\n<ul>\n<li>Bomba aspiradora<\/li>\n<li>Tratamientos psicologicos<\/li>\n<li>Implantes de pene<\/li>\n<li>Ejercicios de los m\u00fasculos del suelo p\u00e9lvico<\/li>\n<\/ul>\n<p>\u00bfEs seguro tomar medicamentos para la disfunci\u00f3n er\u00e9ctil durante mucho tiempo?<\/p>\n<p>Se ha demostrado que el ingrediente activo de Spedra, avanafilo, es seguro cuando se toma a largo plazo.<\/p>\n<p>En un estudio realizado por VIVUS, se demostr\u00f3 que avanafilo es un tratamiento seguro y eficaz para los hombres con disfunci\u00f3n er\u00e9ctil. Los efectos secundarios se observaron en menos del 5% en promedio del n\u00famero bruto de participantes en el transcurso de 52 semanas.<\/p>\n<p>\u00bfPuedo mejorar mi disfunci\u00f3n er\u00e9ctil mediante cambios en el estilo de vida?<\/p>\n<p>Se ha demostrado que tener un estilo de vida saludable y equilibrado tiene un efecto positivo sobre la disfunci\u00f3n er\u00e9ctil. Hable con su m\u00e9dico si cree que alguno de los siguientes cambios podr\u00eda ayudar con su disfunci\u00f3n er\u00e9ctil:<\/p>\n<ul>\n<li>Perder el exceso de peso<\/li>\n<li>Comer una dieta balanceada<\/li>\n<li>Reducir el consumo de alcohol<\/li>\n<li>Detener el esmoquin<\/li>\n<li>Reducir los niveles de estr\u00e9s<\/li>\n<li>Hacer ejercicio regularmente<\/li>\n<li>Mejorando los patrones de sue\u00f1o\n<p>&nbsp;<\/p>\n<p>Antes de realizar cambios dr\u00e1sticos en su estilo de vida, siempre hable con un m\u00e9dico.<\/li>\n<\/ul>\n<hr \/>\n<h2 class=\"arrow-right-xs arrow-down-xs\"><a id=\"Buying Spedra\" name=\"Buying Spedra\"><\/a><\/h2>\n<p>Compre Spedra en l\u00ednea de Prescription Doctor<\/p>\n<p>Al igual que con cualquier medicamento de Prescription Doctor, todo lo que necesita hacer es completar un breve cuestionario m\u00e9dico. Nuestros prescriptores registrados se asegurar\u00e1n de que su elecci\u00f3n de medicamento sea la adecuada para usted.<br \/>\nA continuaci\u00f3n, nuestra farmacia registrada en el Reino Unido dispensar\u00e1 su medicamento. Si su pedido se aprueba antes de las 15:00 h, garantizamos la entrega por mensajer\u00eda al d\u00eda siguiente de su medicamento en un paquete discreto para garantizar su total privacidad.<\/p>\n","protected":false},"excerpt":{"rendered":"<p>Spedra es un medicamento de acci\u00f3n r\u00e1pida para la disfunci\u00f3n er\u00e9ctil, que comienza a actuar en 20 minutos.<\/p>\n<p>Compre Spedra en l\u00ednea de Prescription Doctor hoy. Nuestros prescriptores est\u00e1n en l\u00ednea para verificar su idoneidad, siguiendo un breve cuestionario m\u00e9dico.<\/p>\n","protected":false},"featured_media":0,"comment_status":"open","ping_status":"closed","template":"","meta":[],"product_cat":[146],"product_tag":[],"class_list":{"0":"post-1926","1":"product","2":"type-product","3":"status-publish","5":"product_brand-mens-health","6":"product_cat-salud-de-los-hombres","8":"first","9":"instock","10":"featured","11":"shipping-taxable","12":"purchasable","13":"product-type-variable","14":"has-default-attributes"},"_links":{"self":[{"href":"https:\/\/www.medsconsulting.com\/es\/wp-json\/wp\/v2\/product\/1926","targetHints":{"allow":["GET"]}}],"collection":[{"href":"https:\/\/www.medsconsulting.com\/es\/wp-json\/wp\/v2\/product"}],"about":[{"href":"https:\/\/www.medsconsulting.com\/es\/wp-json\/wp\/v2\/types\/product"}],"replies":[{"embeddable":true,"href":"https:\/\/www.medsconsulting.com\/es\/wp-json\/wp\/v2\/comments?post=1926"}],"wp:attachment":[{"href":"https:\/\/www.medsconsulting.com\/es\/wp-json\/wp\/v2\/media?parent=1926"}],"wp:term":[{"taxonomy":"product_cat","embeddable":true,"href":"https:\/\/www.medsconsulting.com\/es\/wp-json\/wp\/v2\/product_cat?post=1926"},{"taxonomy":"product_tag","embeddable":true,"href":"https:\/\/www.medsconsulting.com\/es\/wp-json\/wp\/v2\/product_tag?post=1926"}],"curies":[{"name":"wp","href":"https:\/\/api.w.org\/{rel}","templated":true}]}}