{"id":1912,"date":"2020-10-25T14:22:51","date_gmt":"2020-10-25T14:22:51","guid":{"rendered":"https:\/\/www.medsconsulting.com\/es\/?post_type=product&#038;p=1912"},"modified":"2022-05-07T08:45:18","modified_gmt":"2022-05-07T08:45:18","slug":"cialis-tadalafil","status":"publish","type":"product","link":"https:\/\/www.medsconsulting.com\/es\/product\/salud-de-los-hombres\/cialis-tadalafil\/","title":{"rendered":"Cialis (Tadalafil)"},"content":{"rendered":"<p>Puede comprar Cialis (Tadalafil) en l\u00ednea de Prescription Doctor despu\u00e9s de una consulta en l\u00ednea. Ofrecemos una versi\u00f3n gen\u00e9rica m\u00e1s asequible que contiene el mismo ingrediente activo que Cialis. Ofrecemos un servicio de entrega discreto para garantizar su privacidad al comprar tratamiento para la disfunci\u00f3n er\u00e9ctil en l\u00ednea en una farmacia registrada en el Reino Unido. Si su pedido es aprobado por nuestro m\u00e9dico antes de las 3:00 p. M., De lunes a viernes, nuestro equipo de farmacia despachar\u00e1 su art\u00edculo y lo enviar\u00e1 el mismo d\u00eda para su entrega al d\u00eda siguiente.<\/p>\n<p>Cialis es un tratamiento para la disfunci\u00f3n er\u00e9ctil que contiene un inhibidor de la fosfodiesterasa tipo 5 (PDE5) conocido como Tadalafil.<\/p>\n<h2>Cialis gen\u00e9rico (Tadalafil)<\/h2>\n<p>Nuestra farmacia en l\u00ednea ofrece Cialis, de la marca Lilly, y Cialis gen\u00e9rico en forma de tabletas de Tadalafil. Tanto Cialis como Tadalafil gen\u00e9rico est\u00e1n disponibles en tabletas de 10 mg o 20 mg.<\/p>\n<p>Los medicamentos gen\u00e9ricos son opciones m\u00e1s asequibles que sus hom\u00f3logos de marca, mientras que contienen el mismo ingrediente activo y funcionan de manera similar.<\/p>\n<p>Si bien el ingrediente activo puede ser el mismo, puede haber ingredientes a los que sea al\u00e9rgico en las tabletas de Cialis o tadalafil gen\u00e9rico. Si no est\u00e1 seguro, lea la lista de ingredientes que se encuentra en el folleto de informaci\u00f3n para el paciente que se proporciona con su tratamiento.<\/p>\n<p>Puede comprar Cialis gen\u00e9rico, tambi\u00e9n conocido como Tadalafil, en el Reino Unido con entrega al d\u00eda siguiente en la conveniente farmacia en l\u00ednea de Prescription Doctor. Simplemente complete nuestro cuestionario en l\u00ednea para que nuestro m\u00e9dico lo revise. Si su pedido se aprueba antes de las 3 p.m. de un d\u00eda laborable, su pedido se enviar\u00e1 el mismo d\u00eda desde nuestra farmacia registrada en GPhC.<\/p>\n<h2>\u00bfQu\u00e9 es la disfunci\u00f3n er\u00e9ctil?<\/h2>\n<p>La disfunci\u00f3n er\u00e9ctil es cuando un hombre lucha por lograr o mantener una erecci\u00f3n. Si bien la condici\u00f3n puede ser embarazosa, es relativamente com\u00fan que los hombres experimenten disfunci\u00f3n er\u00e9ctil de vez en cuando. Sin embargo, si experimenta disfunci\u00f3n er\u00e9ctil con regularidad, es importante hablar con su m\u00e9dico al respecto.<\/p>\n<p>Las causas de la disfunci\u00f3n er\u00e9ctil var\u00edan entre hombres. Para algunos, su condici\u00f3n podr\u00eda ser causada por una condici\u00f3n de salud subyacente, un medicamento espec\u00edfico que se est\u00e1 usando o problemas psicol\u00f3gicos como estr\u00e9s, ansiedad o depresi\u00f3n. Por lo tanto, es muy importante que hable con su m\u00e9dico o si est\u00e1 experimentando disfunci\u00f3n er\u00e9ctil, ya que podr\u00eda ser el signo de una afecci\u00f3n no diagnosticada que puede requerir tratamiento.<\/p>\n<p>Si encuentra que la disfunci\u00f3n er\u00e9ctil aparece como efectos secundarios en el prospecto de informaci\u00f3n para el paciente de otro medicamento recetado por su m\u00e9dico, no debe dejar de tomar el medicamento. En su lugar, informe a su m\u00e9dico del efecto secundario. Su m\u00e9dico podr\u00e1 brindarle los consejos adecuados sobre c\u00f3mo manejar sus efectos secundarios o puede revisar su medicamento si le est\u00e1 causando una angustia particular.<\/p>\n<p>La estimulaci\u00f3n sexual hace que los tejidos del pene liberen una sustancia qu\u00edmica llamada guanosina monofosfato c\u00edclico (cGMP), que hace que los vasos sangu\u00edneos se dilaten. Esto aumenta el flujo sangu\u00edneo a las dos c\u00e1maras cil\u00edndricas del pene, llamadas cuerpos cavernosos, lo que resulta en una erecci\u00f3n.<\/p>\n<p>Seg\u00fan un estudio, el 43% de los hombres de entre 18 y 60 a\u00f1os han experimentado alguna forma de disfunci\u00f3n er\u00e9ctil. Esto no significa que sufran la afecci\u00f3n. Aquellos que necesitan tratamiento para la disfunci\u00f3n er\u00e9ctil a menudo han intentado otras soluciones como la p\u00e9rdida de peso, la terapia o los cambios en el estilo de vida sin \u00e9xito.<\/p>\n<p>Si ha intentado eliminar el alcohol, cambiar medicamentos y mejorar su estado f\u00edsico, mientras disminuye sus niveles de estr\u00e9s pero a\u00fan tiene disfunci\u00f3n er\u00e9ctil, puede beneficiarse de Cialis.<\/p>\n<p>Los inhibidores de la PDE5, como Cialis, impiden que una enzima destruya cGMP. Como resultado, los vasos sangu\u00edneos permanecen dilatados durante m\u00e1s tiempo, lo que resulta en una erecci\u00f3n m\u00e1s duradera y firme debido al aumento del flujo sangu\u00edneo.<\/p>\n<p>Antes de comprar un tratamiento para la disfunci\u00f3n er\u00e9ctil en l\u00ednea, es importante hablar con su m\u00e9dico de cabecera sobre su disfunci\u00f3n er\u00e9ctil. Su m\u00e9dico puede determinar la causa de su disfunci\u00f3n er\u00e9ctil y brindarle los consejos adecuados sobre c\u00f3mo tratarla.<\/p>\n<h2>\u00bfCialis te hace durar m\u00e1s en la cama?<\/h2>\n<p>Si bien Cialis puede ayudarlo a lograr y mantener una erecci\u00f3n por m\u00e1s tiempo, no aumenta su tiempo de eyaculaci\u00f3n ni lo ayuda a durar m\u00e1s tiempo en la cama. Si sufre de eyaculaci\u00f3n precoz, hable con su m\u00e9dico.<\/p>\n<p>Advertencia: nunca debe tomar tratamientos para la disfunci\u00f3n er\u00e9ctil y tratamientos para la eyaculaci\u00f3n precoz juntos.<\/p>\n<h2>\u00bfCialis mejorar\u00eda mi libido (deseo sexual)?<\/h2>\n<p>Cialis no es afrodis\u00edaco y no aumenta el deseo sexual. Para que Cialis funcione correctamente, se requiere estimulaci\u00f3n sexual.<\/p>\n<p>Si ha notado un cambio en su deseo sexual (libido), hable con su m\u00e9dico.<\/p>\n<hr \/>\n<h2 id=\"desc-content-1\" class=\"arrow-right-xs arrow-down-xs\"><a id=\"Cialis dosage and quantity\" name=\"Cialis dosage and quantity\"><\/a>Cialis dosage and quantity<\/h2>\n<p>There are different forms of Cialis available. Cialis is available in blister packs containing 14, 28 or 84 tablets, in dosages of 2.5\u00a0mg, 5\u00a0mg, 10\u00a0mg and 20\u00a0mg.<\/p>\n<p>When you buy Cialis online from Prescription Doctor, our doctor will discuss the most suitable dosage for you to take.<\/p>\n<hr \/>\n<h2 class=\"arrow-right-xs arrow-down-xs\"><a id=\"how to take cialis\" name=\"how to take cialis\"><\/a><\/h2>\n<h2>\u00bfC\u00f3mo tomar Cialis (Tadalafil)?<\/h2>\n<p>Debe tomar 1 tableta de Cialis 30 minutos antes de anticipar las relaciones sexuales para obtener el mejor resultado.<\/p>\n<p>Los efectos de Cialis (Tadalafil) pueden durar hasta 36 horas, lo que permite que se produzcan erecciones durante aproximadamente 1 d\u00eda y medio.<\/p>\n<p>Cialis se puede tomar con o sin alimentos. Para obtener el mejor resultado, debe evitar comer comidas abundantes o alimentos con alto contenido de grasas saturadas antes de tomar Cialis.<\/p>\n<p>Las tabletas de Cialis deben tragarse enteras con un vaso de agua.<\/p>\n<p>No beba jugo de toronja mientras toma Cialis. Esto se debe a que el jugo de toronja puede aumentar su riesgo de sufrir efectos secundarios con Cialis.<\/p>\n<p>No triture, mastique ni disuelva la tableta en agua. Si tiene dificultad para tragar las tabletas, hable con su m\u00e9dico sobre tratamientos alternativos para la disfunci\u00f3n er\u00e9ctil.<\/p>\n<p>No tome m\u00e1s de 1 tableta de Cialis en un per\u00edodo de 24 horas. Si accidentalmente toma m\u00e1s Cialis del que debiera, informe a su m\u00e9dico de inmediato.<\/p>\n<p>Si no est\u00e1 seguro de c\u00f3mo tomar Cialis, hable con su m\u00e9dico o preg\u00fantele a un farmac\u00e9utico. Siempre debe tomar Cialis seg\u00fan lo prescrito por su m\u00e9dico.<\/p>\n<h2>Efectos secundarios y precauciones de Cialis<\/h2>\n<p>Antes de comprar Cialis en l\u00ednea, es importante conocer los riesgos asociados con su medicamento. Si no est\u00e1 seguro acerca de los riesgos asociados con su tratamiento, hable con su m\u00e9dico o pida consejo a un farmac\u00e9utico.<\/p>\n<p>Puede conocer los efectos secundarios leyendo el folleto de informaci\u00f3n para el paciente que acompa\u00f1a al medicamento recetado.<\/p>\n<p>Alternativamente, puede descargar el folleto de informaci\u00f3n para el paciente aqu\u00ed.<\/p>\n<h2>\u00bfQui\u00e9n no debe tomar Cialis (Tadalafil)?<\/h2>\n<p>Cialis (Tadalafil) no es adecuado para todos los hombres. Si no est\u00e1 seguro de si Cialis es seguro para usted, hable con su m\u00e9dico.<\/p>\n<p><strong>No tome<\/strong> Cialis si:<\/p>\n<ul>\n<li>es al\u00e9rgico al tadalafilo oa cualquiera de los dem\u00e1s componentes incluidos en el prospecto de informaci\u00f3n para el paciente<\/li>\n<li>est\u00e1 tomando nitratos como nitrato de amilo<\/li>\n<li>tiene una enfermedad card\u00edaca grave o ha tenido un ataque card\u00edaco recientemente en los \u00faltimos 90 d\u00edas<\/li>\n<li>ha tenido un accidente cerebrovascular recientemente en los \u00faltimos 6 meses<\/li>\n<li>tiene presi\u00f3n arterial baja o alta no controlada<\/li>\n<li>ha experimentado alguna vez una p\u00e9rdida de la visi\u00f3n debido a una neuropat\u00eda \u00f3ptica isqu\u00e9mica anterior no<\/li>\n<li>arter\u00edtica (NAION), a veces denominada \u00abaccidente cerebrovascular del ojo\u00bb<\/li>\n<li>est\u00e1n tomando riociguat<\/li>\n<\/ul>\n<p>Durante su consulta en l\u00ednea con el m\u00e9dico con receta, es importante informar a nuestro m\u00e9dico de todos los medicamentos que est\u00e1 tomando actualmente, incluidos los recetados por su m\u00e9dico o comprados sin receta en su farmacia local, incluidos los suplementos de hierbas y de salud.<\/p>\n<h2>Efectos secundarios de Cialis (Tadalafil)<\/h2>\n<p>Todos los medicamentos conllevan el riesgo de efectos secundarios, aunque no todo el mundo los experimenta. Comprender los riesgos asociados con su medicamento es una parte importante de su tratamiento para la disfunci\u00f3n er\u00e9ctil.<\/p>\n<h2>Los efectos secundarios de Cialis (Tadalafil) pueden incluir:<\/h2>\n<ul>\n<li>Dolor de espalda o de pecho<\/li>\n<li>Problemas de digesti\u00f3n<\/li>\n<li>Mareo<\/li>\n<li>Dolor de cabeza<\/li>\n<li>Aumento de los latidos del coraz\u00f3n<\/li>\n<li>Problemas de la piel<\/li>\n<li>Problemas de la vista<\/li>\n<\/ul>\n<p>Esta no es una lista exhaustiva de efectos secundarios. Para obtener m\u00e1s informaci\u00f3n sobre la seguridad de este medicamento, le recomendamos que lea el folleto de informaci\u00f3n para el paciente incluido en el paquete.<\/p>\n<p>Si experimenta alg\u00fan efecto secundario, ya sea que est\u00e9 en la lista anterior o en el prospecto de informaci\u00f3n para el paciente, hable con su m\u00e9dico o llame al 111 para que le aconseje.<\/p>\n<p>Si experimenta una erecci\u00f3n que persiste durante m\u00e1s de 4 horas, busque atenci\u00f3n m\u00e9dica de emergencia yendo directamente al departamento de A&amp;E m\u00e1s cercano. Las erecciones prolongadas (tambi\u00e9n conocidas como priapismo) pueden causar da\u00f1os graves al tejido del pene.<\/p>\n<p>Previniendo su riesgo de efectos secundarios con Cialis<\/p>\n<p>Algunos efectos secundarios, como mareos y dolores de cabeza, son causados \u200b\u200bpor una ca\u00edda de la presi\u00f3n arterial y pueden ocurrir al levantarse r\u00e1pidamente de una posici\u00f3n sentada o acostada. Levantarse lentamente puede prevenir sensaciones de mareos y dolores de cabeza.<\/p>\n<p>Tomar Cialis con alimentos puede reducir los problemas digestivos.<\/p>\n<p>Alergias<\/p>\n<p>No tome Cialis si es al\u00e9rgico al tadalafil oa cualquiera de los dem\u00e1s ingredientes que figuran en el prospecto de informaci\u00f3n para el paciente adjunto a su medicamento.<\/p>\n<p>Cialis contiene lactosa. Si le han informado que es sensible a algunos az\u00facares, hable con su m\u00e9dico antes de tomar Cialis.<\/p>\n<p>Si experimenta los signos y s\u00edntomas de una reacci\u00f3n al\u00e9rgica, deje de tomar Cialis y busque atenci\u00f3n m\u00e9dica de emergencia yendo directamente al departamento de emergencias y accidentes m\u00e1s cercano. Recuerde llevar el envase y cualquier medicamento restante para que los m\u00e9dicos sepan exactamente lo que ha tomado.<\/p>\n<h2>Los signos de una reacci\u00f3n al\u00e9rgica incluyen:<\/h2>\n<ul>\n<li>Estiramiento de pecho<\/li>\n<li>Piel seca, enrojecida y agrietada<\/li>\n<li>Ojos rojos y llorosos que pican<\/li>\n<li>Sarpullido rojo, con picaz\u00f3n y elevado (urticaria)<\/li>\n<li>Hinchaz\u00f3n de labios, lengua, ojos o cara.<\/li>\n<li>Dolor de est\u00f3mago, n\u00e1useas, v\u00f3mitos o diarrea<\/li>\n<li>Sibilancias<\/li>\n<\/ul>\n<h2>Embarazo y lactancia<\/h2>\n<h2>Cialis no est\u00e1 destinado a mujeres.<\/h2>\n<p>Otra informaci\u00f3n de seguridad<\/p>\n<p>Siempre busque el consejo de su m\u00e9dico antes de comprar Cialis en l\u00ednea de Prescription Doctor.<\/p>\n<p>No tome Cialis despu\u00e9s de la fecha de caducidad impresa en el envase. La fecha se refiere al \u00faltimo d\u00eda del mes especificado.<\/p>\n<p>Nunca deseche los medicamentos por la basura o el agua. Lleve cualquier medicamento no deseado o vencido a su farmacia local y p\u00eddale que lo deseche de manera segura en su nombre.<\/p>\n<p>Guarde siempre los medicamentos fuera de la vista y del alcance de los ni\u00f1os y las mascotas.<\/p>\n<p>Nunca comparta su medicamento con nadie m\u00e1s, incluso si experimenta los mismos s\u00edntomas que usted o si le han diagnosticado la misma afecci\u00f3n que usted.<\/p>\n<hr \/>\n<h2 class=\"arrow-right-xs arrow-down-xs\"><a id=\"faq\" name=\"faq\"><\/a><\/h2>\n<h2>Preguntas frecuentes<br \/>\n\u00bfQu\u00e9 debo hacer si tomo m\u00e1s Cialis del que debo?<\/h2>\n<p>Si accidentalmente toma m\u00e1s Cialis del que debiera, informe a su m\u00e9dico. Tomar m\u00e1s Cialis del que debiera puede aumentar el riesgo de sufrir efectos secundarios.<\/p>\n<h2>\u00bfCialis afectar\u00e1 mi capacidad para conducir u operar maquinaria?<\/h2>\n<p>Cialis puede causar mareos, aturdimiento o alteraciones visuales. Si experimenta cualquiera de estos eventos adversos, abst\u00e9ngase de conducir u operar maquinaria hasta que sea seguro para usted hacerlo.<\/p>\n<h2>\u00bfPuedo beber alcohol mientras tomo Cialis?<\/h2>\n<p>Debe evitar o limitar su consumo de alcohol antes de tomar Cialis. El alcohol puede afectar su capacidad para lograr una erecci\u00f3n y disminuir temporalmente su presi\u00f3n arterial, aumentando su riesgo de ciertos efectos secundarios.<\/p>\n<h2>\u00bfLa toronja interfiere con Cialis?<\/h2>\n<p>La toronja interfiere con Cialis. Debe abstenerse de beber jugo de toronja mientras toma Cialis. Hable con su m\u00e9dico para obtener m\u00e1s consejos.<\/p>\n<h2>\u00bfCialis afectar\u00e1 mi fertilidad?<\/h2>\n<p>Si bien ha habido informes de una reducci\u00f3n de los espermatozoides en algunos hombres que tomaron Cialis, es poco probable que cause infertilidad. Si tiene alguna inquietud sobre la fertilidad, hable con su m\u00e9dico.<\/p>\n<h2>\u00bfCu\u00e1l es la diferencia entre Cialis y Tadalafil?<\/h2>\n<p>Cialis es el nombre comercial de Tadalafil. Ambos tratamientos contienen el mismo ingrediente activo y funcionan de la misma manera.<\/p>\n<p>Sin embargo, Tadalafil (Cialis gen\u00e9rico) es m\u00e1s asequible que Cialis.<\/p>\n<h2>\u00bfCu\u00e1nto tiempo tarda Cialis en actuar?<\/h2>\n<p>Cialis (Tadalafil) suele tardar entre 30 minutos y una hora en empezar a actuar.<\/p>\n<p>Es importante tener en cuenta que Cialis puede tardar m\u00e1s en funcionar si lo toma despu\u00e9s de una comida copiosa.<\/p>\n<p>Recuerde: Cialis no provoca una erecci\u00f3n inmediata, solo facilita que se produzca una erecci\u00f3n cuando se estimula.<\/p>\n<h2>\u00bfCu\u00e1nto dura Cialis?<\/h2>\n<p>Los efectos de Cialis pueden durar hasta 36 horas despu\u00e9s de tomar la tableta.<\/p>\n<p>Cialis solo facilita la erecci\u00f3n y no la provoca espont\u00e1neamente. Seguir\u00e1 siendo necesaria la estimulaci\u00f3n sexual.<\/p>\n<p>Adem\u00e1s, mientras que Cialis le permitir\u00e1 lograr una erecci\u00f3n hasta 36 horas despu\u00e9s de tomarlo, Cialis no provoca una erecci\u00f3n que dure 38 horas.<\/p>\n<p>Si experimenta una erecci\u00f3n que dura m\u00e1s de 4 horas, busque atenci\u00f3n m\u00e9dica inmediata.<\/p>\n<h2>\u00bfCialis funciona para hombres con niveles bajos de testosterona?<\/h2>\n<p>Si tiene niveles bajos de testosterona y padece disfunci\u00f3n er\u00e9ctil, es mejor hablar con su m\u00e9dico en persona para asegurarse de que Cialis sea seguro durante un ciclo simult\u00e1neo de gel o inyecciones de testosterona.<\/p>\n<h2>\u00bfPuedo comprar Cialis sin receta?<\/h2>\n<p>Cialis solo est\u00e1 disponible con receta y no se puede comprar sin receta. Para comprar Cialis en l\u00ednea, deber\u00e1 realizar una consulta con un m\u00e9dico en l\u00ednea. Despu\u00e9s de completar una consulta en l\u00ednea, nuestro m\u00e9dico puede emitir una receta para Cialis en l\u00ednea.<\/p>\n<h2>\u00bfQu\u00e9 debo hacer si Cialis no me funciona?<\/h2>\n<p>Si encuentra que Cialis no es eficaz para usted, hable con su m\u00e9dico. Si Cialis no funciona tan bien como antes, puede ser una se\u00f1al de que una condici\u00f3n de salud subyacente est\u00e1 empeorando. Hable con su m\u00e9dico si nota alg\u00fan cambio en la respuesta de su cuerpo a Cialis.<\/p>\n<h2>\u00bfSe pueden tomar Viagra y Cialis juntos?<\/h2>\n<p>No debe tomar Viagra y Cialis juntos. La combinaci\u00f3n de dos disfunciones er\u00e9ctiles puede causar complicaciones graves y potencialmente mortales, como una ca\u00edda peligrosa de la presi\u00f3n arterial y erecciones dolorosas de larga duraci\u00f3n (priapismo). Si no est\u00e1 seguro de qu\u00e9 tratamiento es el m\u00e1s adecuado para usted, hable con su m\u00e9dico o pida consejo a un farmac\u00e9utico.<\/p>\n<h2>\u00bfCu\u00e1ntos Cialis puedo tomar al d\u00eda?<\/h2>\n<p>No debe tomar m\u00e1s de 1 tableta de Cialis en un per\u00edodo de 24 horas. Si no est\u00e1 seguro de cu\u00e1ntas tabletas de Cialis debe tomar, consulte a su m\u00e9dico.<\/p>\n<p>Debido a que los efectos de Cialis pueden durar hasta 36 horas, debe evitar tomar Cialis durante 2 d\u00edas consecutivos. Por ejemplo, si toma Cialis el viernes, no tome otra dosis el s\u00e1bado.<\/p>\n<h2>\u00bfQu\u00e9 es mejor: Viagra, Levitra o Cialis?<\/h2>\n<p>Viagra, Levitra y Cialis son todos tratamientos para la disfunci\u00f3n er\u00e9ctil que contienen un inhibidor de la PDE-5. Lo que podr\u00eda funcionar para la disfunci\u00f3n er\u00e9ctil de un hombre puede no funcionar para la de otro. Debe hablar con su m\u00e9dico sobre su afecci\u00f3n antes de comprar un tratamiento para la disfunci\u00f3n er\u00e9ctil. Su m\u00e9dico podr\u00e1 evaluar su estado y prescribirle el tratamiento m\u00e1s adecuado en funci\u00f3n de su historial m\u00e9dico.<\/p>\n<p>Si un tratamiento no funciona para usted, informe a su m\u00e9dico. Es posible que puedan recetarle un tratamiento alternativo para la disfunci\u00f3n er\u00e9ctil que podr\u00eda funcionar para usted. Nunca debe tomar m\u00e1s de ning\u00fan medicamento para intentar que funcione.<\/p>\n<h2>\u00bfD\u00f3nde puedo comprar Cialis online en el Reino Unido?<\/h2>\n<p>Puede comprar Cialis en l\u00ednea en Prescription Doctor. Nuestro servicio privado de recetas en l\u00ednea hace que sea r\u00e1pido y conveniente que reciba el medicamento adecuado para la disfunci\u00f3n er\u00e9ctil directamente en su puerta. Simplemente complete nuestra consulta en l\u00ednea para que nuestro m\u00e9dico la revise y, si el tratamiento es adecuado, se puede emitir una receta.<\/p>\n<p><strong>Todos los art\u00edculos pedidos a trav\u00e9s de nuestro servicio en l\u00ednea est\u00e1n disponibles<\/strong><\/p>\n<p>parcheado desde una farmacia registrada en el Reino Unido a trav\u00e9s de un servicio de entrega discreto al d\u00eda siguiente. Ponemos especial cuidado en asegurarnos de que sus art\u00edculos se entreguen en un empaque discreto y a prueba de manipulaciones para mantener su confidencialidad.<\/p>\n","protected":false},"excerpt":{"rendered":"<p>Cialis es un tratamiento eficaz para la disfunci\u00f3n er\u00e9ctil donde se puede obtener una erecci\u00f3n pero es dif\u00edcil de mantener. Prescription Doctor ofrece Cialis (tadalafil) gen\u00e9rico y de marca en l\u00ednea en tabletas de 10 mg y 20 mg.<\/p>\n<p>Puede comprar Cialis en l\u00ednea de Prescription Doctor despu\u00e9s de una consulta m\u00e9dica r\u00e1pida en l\u00ednea. Si lo considera adecuado, nuestro m\u00e9dico puede emitir una receta para que nuestra farmacia la complete. Podemos enviar Cialis a su puerta a trav\u00e9s de un discreto servicio de entrega al d\u00eda siguiente.<\/p>\n","protected":false},"featured_media":0,"comment_status":"open","ping_status":"closed","template":"","meta":[],"product_cat":[146],"product_tag":[],"class_list":{"0":"post-1912","1":"product","2":"type-product","3":"status-publish","5":"product_brand-mens-health","6":"product_cat-salud-de-los-hombres","8":"first","9":"instock","10":"shipping-taxable","11":"purchasable","12":"product-type-variable","13":"has-default-attributes"},"_links":{"self":[{"href":"https:\/\/www.medsconsulting.com\/es\/wp-json\/wp\/v2\/product\/1912","targetHints":{"allow":["GET"]}}],"collection":[{"href":"https:\/\/www.medsconsulting.com\/es\/wp-json\/wp\/v2\/product"}],"about":[{"href":"https:\/\/www.medsconsulting.com\/es\/wp-json\/wp\/v2\/types\/product"}],"replies":[{"embeddable":true,"href":"https:\/\/www.medsconsulting.com\/es\/wp-json\/wp\/v2\/comments?post=1912"}],"wp:attachment":[{"href":"https:\/\/www.medsconsulting.com\/es\/wp-json\/wp\/v2\/media?parent=1912"}],"wp:term":[{"taxonomy":"product_cat","embeddable":true,"href":"https:\/\/www.medsconsulting.com\/es\/wp-json\/wp\/v2\/product_cat?post=1912"},{"taxonomy":"product_tag","embeddable":true,"href":"https:\/\/www.medsconsulting.com\/es\/wp-json\/wp\/v2\/product_tag?post=1912"}],"curies":[{"name":"wp","href":"https:\/\/api.w.org\/{rel}","templated":true}]}}