{"id":1903,"date":"2020-10-25T13:29:33","date_gmt":"2020-10-25T13:29:33","guid":{"rendered":"https:\/\/www.medsconsulting.com\/es\/?post_type=product&#038;p=1903"},"modified":"2020-10-30T08:55:40","modified_gmt":"2020-10-30T08:55:40","slug":"sildenafil","status":"publish","type":"product","link":"https:\/\/www.medsconsulting.com\/es\/product\/salud-de-los-hombres\/sildenafil\/","title":{"rendered":"Sildenafil"},"content":{"rendered":"<h2>Sildenafil en l\u00ednea<\/h2>\n<p>Puede solicitar comprar tabletas de Sildenafil en l\u00ednea en el Reino Unido sin receta, en nuestra farmacia en l\u00ednea registrada y servicio m\u00e9dico. Como este medicamento requiere receta m\u00e9dica, deber\u00e1 completar una evaluaci\u00f3n en l\u00ednea. Una vez que haya completado su pedido, nuestros m\u00e9dicos de cabecera registrados y capacitados en el Reino Unido revisar\u00e1n su evaluaci\u00f3n. Si se aprueba, se emitir\u00e1 una receta que se enviar\u00e1 a nuestra farmacia en l\u00ednea registrada en el Reino Unido. El equipo de farmacia dispensar\u00e1 su pedido y enviar\u00e1 el medicamento a la direcci\u00f3n de entrega elegida.<\/p>\n<h2>\u00bfQu\u00e9 es el Sildenafil?<\/h2>\n<p>El sildenafil es un medicamento que se usa para la disfunci\u00f3n er\u00e9ctil en los hombres. Es la forma gen\u00e9rica del conocido medicamento Viagra. La patente de Viagra expir\u00f3 en 2013, lo que permiti\u00f3 a otros fabricantes adem\u00e1s de Pfizer fabricar el medicamento. Esto, a su vez, redujo el precio de la forma gen\u00e9rica de Viagra. El sildenafil es una opci\u00f3n popular de tratamiento para la disfunci\u00f3n er\u00e9ctil, ya que m\u00e9dicamente no hay diferencia entre el sildenafil y su alternativa de marca, sin embargo, el sildenafil es una opci\u00f3n mucho m\u00e1s asequible.<\/p>\n<h2>C\u00f3mo pedir comprimidos de sildenafil<\/h2>\n<p>Para realizar un pedido de Sildenafil, debe completar los tres pasos que se detallan a continuaci\u00f3n.<\/p>\n<p>1 Seleccionar tratamiento<br \/>\n2 Evaluaci\u00f3n completa<br \/>\n3 Revisa<\/p>\n<h3>Sobre el Sildenafil<\/h3>\n<table>\n<tbody>\n<tr>\n<td>\n<h5>C\u00f3mo tomar Sildenafilo<\/h5>\n<\/td>\n<td>Tome una tableta de sildenafil aproximadamente una hora antes de tener relaciones sexuales. Para un rendimiento \u00f3ptimo, t\u00f3melo con el est\u00f3mago vac\u00edo. Los efectos del sildenafil pueden durar entre 4 y 6 horas.<\/p>\n<p>Nunca tome m\u00e1s de una tableta de 100 mg en 24 horas.<\/p>\n<p>El sildenafil no debe tomarse con m\u00e1s de una o dos unidades de alcohol, ya que puede no ser efectivo.<\/td>\n<\/tr>\n<tr>\n<td>\n<h5>\u00bfC\u00f3mo act\u00faa el sildenafilo?<\/h5>\n<\/td>\n<td>El sildenafil act\u00faa aumentando el flujo sangu\u00edneo hacia el tejido er\u00e9ctil del pene. El sildenafil no tiene ning\u00fan impacto sobre la libido, solo su capacidad para lograr y mantener una erecci\u00f3n cuando se excita sexualmente.<\/td>\n<\/tr>\n<tr>\n<td>\n<h5>\u00bfQu\u00e9 tan efectivo es el sildenafil?<\/h5>\n<\/td>\n<td>La mayor\u00eda de los hombres notar\u00e1n una erecci\u00f3n m\u00e1s firme y duradera. Si el tratamiento no funciona, pregunte a nuestros m\u00e9dicos si ser\u00eda apropiado aumentar la dosis. Alternativamente, pueden recomendar otro tratamiento.<\/p>\n<p>Si el sildenafil no le funciona la primera vez, podr\u00eda ser m\u00e1s eficaz la pr\u00f3xima vez. Los m\u00e9dicos a menudo recomiendan probar todos los medicamentos para la disfunci\u00f3n er\u00e9ctil ocho veces antes de darse por vencido.<\/td>\n<\/tr>\n<tr>\n<td>\n<h5>Efectos secundarios<\/h5>\n<\/td>\n<td>Si bien los efectos secundarios son poco comunes, pueden incluir n\u00e1useas, v\u00f3mitos y diarrea. El sildenafil tambi\u00e9n puede causar congesti\u00f3n nasal, dolores de cabeza, enrojecimiento facial, v\u00e9rtigo leve, latidos card\u00edacos fuertes y visi\u00f3n borrosa.<\/td>\n<\/tr>\n<tr>\n<td>\n<h5>Nitratos y Sildenafil<\/h5>\n<\/td>\n<td>Nuestro m\u00e9dico no puede recetarle sildenafil si est\u00e1 tomando nicorandil o medicamentos a base de nitrato, como el aerosol GTN o las tabletas de mononitrato de isosorbida para la angina de pecho.<\/td>\n<\/tr>\n<tr>\n<td>\n<h5>Alfabloqueantes y Sildenafil<\/h5>\n<\/td>\n<td>Si est\u00e1 tomando medicamentos alfabloqueantes, como tamsulosina o trazodona, se le recomienda que deje al menos seis horas entre la toma de su alfabloqueante y el sildenafilo.<\/td>\n<\/tr>\n<tr>\n<td>\n<h5>Precio<\/h5>\n<\/td>\n<td>Sildenafil es una alternativa barata a Viagra, con precios a partir de \u00a3 7.95. Los costos de Viagra de marca son significativamente m\u00e1s altos.<\/td>\n<\/tr>\n<\/tbody>\n<\/table>\n<h2>Sildenafil en l\u00ednea<\/h2>\n<p>Puede solicitar comprar tabletas de Sildenafil en l\u00ednea en el Reino Unido sin receta, en nuestra farmacia en l\u00ednea registrada y servicio m\u00e9dico. Como este medicamento requiere receta m\u00e9dica, deber\u00e1 completar una evaluaci\u00f3n en l\u00ednea. Una vez que haya completado su pedido, nuestros m\u00e9dicos de cabecera registrados y capacitados en el Reino Unido revisar\u00e1n su evaluaci\u00f3n. Si se aprueba, se emitir\u00e1 una receta que se enviar\u00e1 a nuestra farmacia en l\u00ednea registrada en el Reino Unido. El equipo de farmacia dispensar\u00e1 su pedido y enviar\u00e1 el medicamento a la direcci\u00f3n de entrega elegida.<\/p>\n<h2>\u00bfQu\u00e9 es el Sildenafil?<\/h2>\n<p>El sildenafil es un medicamento que se usa para la disfunci\u00f3n er\u00e9ctil en los hombres. Es la forma gen\u00e9rica del conocido medicamento Viagra. La patente de Viagra expir\u00f3 en 2013, lo que permiti\u00f3 a otros fabricantes adem\u00e1s de Pfizer fabricar el medicamento. Esto, a su vez, redujo el precio de la forma gen\u00e9rica de Viagra. El sildenafil es una opci\u00f3n popular de tratamiento para la disfunci\u00f3n er\u00e9ctil, ya que m\u00e9dicamente no hay diferencia entre el sildenafil y su alternativa de marca, sin embargo, el sildenafil es una opci\u00f3n mucho m\u00e1s asequible&#8230;.<\/p>\n","protected":false},"excerpt":{"rendered":"<h3>Medication features<\/h3>\n<ul>\n<li>Funciona en 30-60 minutos<\/li>\n<li>Versi\u00f3n gen\u00e9rica de Viagra<\/li>\n<li>El tratamiento m\u00e1s econ\u00f3mico para la disfunci\u00f3n er\u00e9ctil<\/li>\n<li>No m\u00e1s de UNA tableta en 24 horas<\/li>\n<\/ul>\n","protected":false},"featured_media":0,"comment_status":"open","ping_status":"closed","template":"","meta":[],"product_cat":[146],"product_tag":[],"class_list":{"0":"post-1903","1":"product","2":"type-product","3":"status-publish","5":"product_cat-salud-de-los-hombres","7":"first","8":"instock","9":"shipping-taxable","10":"purchasable","11":"product-type-variable","12":"has-default-attributes"},"_links":{"self":[{"href":"https:\/\/www.medsconsulting.com\/es\/wp-json\/wp\/v2\/product\/1903","targetHints":{"allow":["GET"]}}],"collection":[{"href":"https:\/\/www.medsconsulting.com\/es\/wp-json\/wp\/v2\/product"}],"about":[{"href":"https:\/\/www.medsconsulting.com\/es\/wp-json\/wp\/v2\/types\/product"}],"replies":[{"embeddable":true,"href":"https:\/\/www.medsconsulting.com\/es\/wp-json\/wp\/v2\/comments?post=1903"}],"wp:attachment":[{"href":"https:\/\/www.medsconsulting.com\/es\/wp-json\/wp\/v2\/media?parent=1903"}],"wp:term":[{"taxonomy":"product_cat","embeddable":true,"href":"https:\/\/www.medsconsulting.com\/es\/wp-json\/wp\/v2\/product_cat?post=1903"},{"taxonomy":"product_tag","embeddable":true,"href":"https:\/\/www.medsconsulting.com\/es\/wp-json\/wp\/v2\/product_tag?post=1903"}],"curies":[{"name":"wp","href":"https:\/\/api.w.org\/{rel}","templated":true}]}}