{"id":1857,"date":"2020-10-25T11:41:56","date_gmt":"2020-10-25T11:41:56","guid":{"rendered":"https:\/\/www.medsconsulting.com\/es\/?post_type=product&#038;p=1857"},"modified":"2023-06-19T06:02:58","modified_gmt":"2023-06-19T06:02:58","slug":"comprar-anfetamina-speed","status":"publish","type":"product","link":"https:\/\/www.medsconsulting.com\/es\/product\/otros\/comprar-anfetamina-speed\/","title":{"rendered":"Comprar Anfetamina Speed (Pasta R\u00e1pida )"},"content":{"rendered":"<h2>Comprar Anfetamina Speed<\/h2>\n<p>Comprar Anfetamina Speed, Comprar Anfetamina Pasta R\u00e1pida (Speed), pasta r\u00e1pida de alta calidad es el nombre de la calle para el sulfato de anfetamina, aunque a veces se usa para referirse a otras anfetaminas. Suele ser un polvo blanquecino o rosado y, a veces, puede parecer un cristal. Tambi\u00e9n est\u00e1 disponible en forma de pasta, que suele ser de color blanco \/ gris o marr\u00f3n, y puede ser h\u00fameda y arenosa.<\/p>\n<h2>Comprar Anfetamina Speed en l\u00ednea<\/h2>\n<p>Comprar Anfetamina Speed de sulfate en l\u00ednea en Meds Consulting. Pasta r\u00e1pida es un nombre que generalmente se le da al sulfato de d, l-anfetamina o sulfato de d-anfetamina, aunque en algunas \u00e1reas puede ser d, l-metanfetamina (sulfato o hcl), generalmente es una pasta porque cosas como la glucosa y el agua son se le agrega como un agente cortante, ya que todav\u00eda se disuelve en agua, pero generalmente no es \u201cfumable\u201d como lo ser\u00eda su cl\u00e1sica metanfetamina hcl. Pasta r\u00e1pida de alta calidad.<\/p>\n<h2>Comprar Anfetamina Pasta R\u00e1pida (Speed)<\/h2>\n<p>Las agencias de drogas est\u00e1n cada vez m\u00e1s preocupadas por la creciente popularidad del estimulante. Conocido por el nombre de la calle de \u00ab<a href=\"https:\/\/www.youtube.com\/watch?v=NpZ86L4TmOI\" rel=\"nofollow noopener\" target=\"_blank\">pasta<\/a>\u00ab, es hasta 20 veces m\u00e1s fuerte que otras formas de anfetaminas. El lodo de color gris, que huele a disolventes, se produce a partir de productos qu\u00edmicos industriales en los laboratorios de<a href=\"https:\/\/www.medsconsulting.com\/es\/product\/estimulantes\/comprar-cocaina\/\"> cocinas<\/a> y cobertizos de jard\u00edn.<\/p>\n<h3>D\u00f3nde Comprar Anfetamina Speed<\/h3>\n<p>Debido a que la pasta es tan fuerte, los usuarios desarrollan r\u00e1pidamente un nivel de resistencia, lo que significa que deben tomarla con una frecuencia asombrosa. Los consumidores de anfetaminas le dijeron a The Independent el domingo que se hab\u00edan inyectado la droga hasta 16 veces al d\u00eda.<\/p>\n<h3><strong>Capacidad de suministro<\/strong><\/h3>\n<p>Podemos suministrarle todo lo que est\u00e9 listo para ordenar porque es uno de nuestros<a href=\"https:\/\/www.medsconsulting.com\/es\/tienda\/\"> productos<\/a> m\u00e1s disponibles. Realizamos env\u00edos a todas partes del mundo excepto \u00c1frica. Todos los paquetes se env\u00edan discretamente porque sabemos que cualquier pa\u00eds tiene su propia ley en lo que respecta a la investigaci\u00f3n de productos qu\u00edmicos. Pasta r\u00e1pida. Pasta r\u00e1pida de alta calidad.<\/p>\n<h3>C\u00f3mo comprar pasta de velocidad de anfetamina<\/h3>\n<p>Tambi\u00e9n se le llama \u00abbase\u00bb porque, y nuevamente, estas son algunas de las razones, ya sea su base de d, l-anfetamina (como en, no la forma de sulfato \u00e1cido), que la base de<a href=\"https:\/\/www.medsconsulting.com\/es\/product\/estimulantes\/comprar-anfetamina\/\"> anfetamina<\/a> es un aceite a temperatura ambiente, entonces la glucosa es agregado para hacerlo m\u00e1s s\u00f3lido, transportable \/ f\u00e1cil de dosificar.<\/p>\n<h3>\u00bfPuedo comprar pasta de velocidad de anfetamina?<\/h3>\n<p>Nuestros productos son 100% puros y somos muy baratos y confiables. Nuestros servicios de entrega son muy r\u00e1pidos y discretos. Servimos a nuestros clientes con gusto y lealtad.<\/p>\n<h3>Comprar Anfetamina Speed<\/h3>\n<p>&nbsp;<\/p>\n<p>Ahora ha encontrado el mejor sitio web en l\u00ednea donde puede comprar sus productos de fentanilo en l\u00ednea sin problemas de env\u00edo y prescripci\u00f3n. Tenemos toda la evidencia para facilitarle hacer negocios con nosotros.<\/p>\n<p>&nbsp;<\/p>\n<h6>Nuestros servicios<\/h6>\n<p>Nuestro servicio y producto es excelente.<\/p>\n<p>&nbsp;<\/p>\n<h6>Nuestros productos<\/h6>\n<p>Nuestros productos son 100% puros y somos muy baratos y confiables. Nuestros servicios de entrega son muy r\u00e1pidos y discretos. Servimos a nuestros clientes con gusto y lealtad. Ahora ha encontrado el mejor sitio web en l\u00ednea donde puede comprar sus productos de <a href=\"https:\/\/www.medsconsulting.com\/es\/?s=fentanyl\">fentanilo<\/a> en l\u00ednea sin problemas de env\u00edo y prescripci\u00f3n. Tenemos toda la evidencia para facilitarle hacer negocios con nosotros. Nuestro servicio y producto es excelente. Comprar Anfetamina Speed<\/p>\n","protected":false},"excerpt":{"rendered":"<p>Speed Paste es el nombre de la calle para el sulfato de anfetamina, aunque a veces se usa para referirse a otras anfetaminas. Suele ser un polvo blanquecino o rosado y, a veces, puede parecer un cristal. Tambi\u00e9n est\u00e1 disponible en forma de pasta, que suele ser de color blanco \/ gris o marr\u00f3n, y puede ser h\u00fameda y arenosa.<\/p>\n","protected":false},"featured_media":0,"comment_status":"open","ping_status":"closed","template":"","meta":[],"product_cat":[15],"product_tag":[566,557,604,600,581,576,574,555,599,607,597,598,606,565,577,586,562,573,575,605,587,590,588,589,591,558,567,579,593,584,561,601,578,560,569,582,580,556,585,572,602,571,559,583,603,563,592,596,594,595,568,570,564],"class_list":{"0":"post-1857","1":"product","2":"type-product","3":"status-publish","5":"product_cat-otros","6":"product_tag-donde-puedo-comprar-pasta-rapida-de-anfetaminas-pasta-rapida-de-anfetaminas-donde-comprar","7":"product_tag-como-comprar-pasta-rapida-de-anfetamina-barata-en-linea","8":"product_tag-como-hacer-pasta-rapida-de-anfetaminas","9":"product_tag-comprar-pasta-rapida-de-anfetamina-2021","10":"product_tag-comprar-pasta-rapida-de-anfetamina-a-granel","11":"product_tag-comprar-pasta-rapida-de-anfetamina-a-granel-en-linea","12":"product_tag-comprar-pasta-rapida-de-anfetamina-barata","13":"product_tag-comprar-pasta-rapida-de-anfetamina-en-linea","14":"product_tag-comprar-pasta-rapida-de-anfetamina-en-linea-con-entrega-al-dia-siguiente","15":"product_tag-comprar-pasta-rapida-de-anfetamina-en-linea-portugal","16":"product_tag-comprar-pasta-rapida-de-anfetamina-legal","17":"product_tag-comprar-pasta-rapida-de-anfetamina-legal-en-linea","18":"product_tag-comprar-pasta-rapida-de-anfetamina-online-espana","19":"product_tag-comprar-pasta-rapida-de-anfetaminas","20":"product_tag-comprar-pasta-rapida-de-anfetaminas-para-uso-personal","21":"product_tag-cristales-de-pasta-rapida-de-anfetamina-para-la-venta","22":"product_tag-donde-comprar-pasta-rapida-de-anfetaminas","23":"product_tag-donde-comprar-pasta-rapida-de-anfetaminas-para-uso-personal","24":"product_tag-donde-conseguir-pasta-rapida-de-anfetamina-en-linea-para-la-venta","25":"product_tag-donde-puedo-comprar-pasta-rapida-de-anfetamina-ee-uu","26":"product_tag-dosificacion-de-erowid-de-pasta-rapida-de-anfetamina","27":"product_tag-dosificacion-de-pasta-rapida-de-anfetamina","28":"product_tag-dosificacion-de-pasta-rapida-de-anfetamina-por-primera-vez","29":"product_tag-dosificacion-de-pasta-rapida-de-anfetamina-pura","30":"product_tag-dosificacion-de-taponamiento-de-pasta-rapida-de-anfetamina","31":"product_tag-droga-de-pasta-rapida-de-anfetamina-para-la-venta","32":"product_tag-el-mejor-lugar-para-comprar-pasta-rapida-de-anfetaminas-en-linea","33":"product_tag-empaquetado-discreto-de-pasta-rapida-de-anfetaminas","34":"product_tag-lista-de-precios-de-pasta-rapida-de-anfetaminas","35":"product_tag-pasta-en-polvo-de-anfetamina-para-la-venta","36":"product_tag-pasta-rapida-de-anfetamina-comprar-en-linea","37":"product_tag-pasta-rapida-de-anfetamina-comprar-en-linea-espana","38":"product_tag-pasta-rapida-de-anfetamina-de-calidad-a-la-venta-en-linea","39":"product_tag-pasta-rapida-de-anfetamina-de-calidad-para-la-venta","40":"product_tag-pasta-rapida-de-anfetamina-pura","41":"product_tag-pasta-rapida-de-anfetaminas-a-la-venta-con-entrega-el-sabado","42":"product_tag-pasta-rapida-de-anfetaminas-a-la-venta-con-entrega-los-sabados","43":"product_tag-pasta-rapida-de-anfetaminas-a-la-venta-en-linea","44":"product_tag-pasta-rapida-de-anfetaminas-a-la-venta-en-londres","45":"product_tag-pasta-rapida-de-anfetaminas-al-por-mayor","46":"product_tag-pasta-rapida-de-anfetaminas-comprar-en-linea-india","47":"product_tag-pasta-rapida-de-anfetaminas-para-comprar-online","48":"product_tag-pasta-rapida-de-anfetaminas-para-la-venta","49":"product_tag-pasta-rapida-de-anfetaminas-para-la-venta-de-otros-productos-quimicos-de-investigacion","50":"product_tag-pasta-rapida-de-anfetaminas-reddit","51":"product_tag-pedir-pasta-rapida-de-anfetaminas","52":"product_tag-precio-de-kilo-de-pasta-rapida-de-anfetamina","53":"product_tag-precio-de-la-droga-de-pasta-rapida-de-anfetamina","54":"product_tag-precio-de-pasta-rapida-de-anfetaminas-por-gramo","55":"product_tag-precio-de-venta-al-publico-de-pasta-rapida-de-anfetaminas","56":"product_tag-proveedores-de-pasta-rapida-de-anfetaminas","57":"product_tag-tienda-de-pasta-rapida-de-anfetaminas","58":"product_tag-venta-de-pasta-rapida-de-anfetaminas","60":"first","61":"instock","62":"shipping-taxable","63":"purchasable","64":"product-type-variable","65":"has-default-attributes"},"_links":{"self":[{"href":"https:\/\/www.medsconsulting.com\/es\/wp-json\/wp\/v2\/product\/1857","targetHints":{"allow":["GET"]}}],"collection":[{"href":"https:\/\/www.medsconsulting.com\/es\/wp-json\/wp\/v2\/product"}],"about":[{"href":"https:\/\/www.medsconsulting.com\/es\/wp-json\/wp\/v2\/types\/product"}],"replies":[{"embeddable":true,"href":"https:\/\/www.medsconsulting.com\/es\/wp-json\/wp\/v2\/comments?post=1857"}],"wp:attachment":[{"href":"https:\/\/www.medsconsulting.com\/es\/wp-json\/wp\/v2\/media?parent=1857"}],"wp:term":[{"taxonomy":"product_cat","embeddable":true,"href":"https:\/\/www.medsconsulting.com\/es\/wp-json\/wp\/v2\/product_cat?post=1857"},{"taxonomy":"product_tag","embeddable":true,"href":"https:\/\/www.medsconsulting.com\/es\/wp-json\/wp\/v2\/product_tag?post=1857"}],"curies":[{"name":"wp","href":"https:\/\/api.w.org\/{rel}","templated":true}]}}