{"id":1853,"date":"2020-10-25T11:30:57","date_gmt":"2020-10-25T11:30:57","guid":{"rendered":"https:\/\/www.medsconsulting.com\/es\/?post_type=product&#038;p=1853"},"modified":"2023-05-27T10:13:52","modified_gmt":"2023-05-27T10:13:52","slug":"comprar-pentobarbital","status":"publish","type":"product","link":"https:\/\/www.medsconsulting.com\/es\/product\/pildoras-suicidas\/comprar-pentobarbital\/","title":{"rendered":"Comprar Pentobarbital"},"content":{"rendered":"<h1>Comprar pentobarbital s\u00f3dico en l\u00ednea<\/h1>\n<p>Comprar Pentobarbital. El pentobarbital pertenece a un grupo de medicamentos llamados barbit\u00faricos (<a href=\"https:\/\/www.euthanasiagroup.com\/es\/products\/\" target=\"_blank\" rel=\"noopener\">bar-BIT-chur-ates<\/a>) . Sus funciones son sedante, hipn\u00f3tica a corto plazo, preanest\u00e9sica y control de convulsiones en emergencias. Tambi\u00e9n se utiliza como agente anest\u00e9sico veterinario. Este medicamento tambi\u00e9n tiene una aplicaci\u00f3n en la reducci\u00f3n de la presi\u00f3n intracraneal en el s\u00edndrome de Reye, lesi\u00f3n cerebral traum\u00e1tica e inducci\u00f3n de coma en pacientes con isquemia cerebral. Pentobarbital s\u00f3dico barato en l\u00ednea \u2013 d\u00f3nde pentobarbital s\u00f3dico para perros \u2013 d\u00f3nde puedo comprar pentobarbital s\u00f3dico \u2013 comprar pastillas suicidas.<\/p>\n<h2>Comprar Pentobarbital(Usos del pentobarbital s\u00f3dico):<\/h2>\n<p>Adem\u00e1s, el <a href=\"https:\/\/www.medsconsulting.com\/es\/product\/pildoras-suicidas\/comprar-amobarbital-sodico\/\">pentobarbital<\/a> se usa como tratamiento de emergencia para las convulsiones y para hacer que los pacientes se duerman antes de la cirug\u00eda. Tambi\u00e9n se utiliza como agente anest\u00e9sico veterinario. Tambi\u00e9n se usa como p\u00edldora suicida.<\/p>\n<p>Nuevamente, no debe usar este medicamento si es al\u00e9rgico al <a href=\"https:\/\/www.euthanasiagroup.com\/es\/product\/comprar-nembutal-en-linea\/comprar-sodio-seconal\/\" target=\"_blank\" rel=\"noopener\">pentobarbital<\/a> o si tiene porfiria (un trastorno enzim\u00e1tico gen\u00e9tico que causa s\u00edntomas que afectan la piel o el sistema nervioso).<\/p>\n<p>Adem\u00e1s, antes de usar pentobarbital, informe a su m\u00e9dico si tiene enfermedad hep\u00e1tica o renal, dolor cr\u00f3nico, asma grave o no controlada o EPOC, antecedentes de\u00a0enfermedad mental\u00a0o intento de suicidio, o antecedentes de adicci\u00f3n a las drogas o al alcohol.<br \/>\nEl pentobarbital puede crear h\u00e1bito y debe ser usado solo por la persona a la que se le recet\u00f3. El pentobarbital nunca debe compartirse con otra persona, especialmente con alguien que tenga antecedentes de abuso o adicci\u00f3n a las drogas. Guarde el medicamento en un lugar seguro donde otros no puedan alcanzarlo.<\/p>\n<p>&nbsp;<\/p>\n<h3>\u00bfC\u00f3mo puedo comprar este producto en l\u00ednea?<\/h3>\n<p>puede comprar pentobarbital con nosotros y podemos enviarlo a su direcci\u00f3n dentro de 5 a 7 d\u00edas.<\/p>\n","protected":false},"excerpt":{"rendered":"<p>Comprar pentobarbital s\u00f3dico en l\u00ednea Comprar Pentobarbital. El pentobarbital pertenece a un grupo de medicamentos llamados barbit\u00faricos (bar-BIT-chur-ates) . Sus funciones son sedante, hipn\u00f3tica a corto plazo, preanest\u00e9sica y control de convulsiones en emergencias. Tambi\u00e9n se utiliza como agente anest\u00e9sico &hellip; <a href=\"https:\/\/www.medsconsulting.com\/es\/product\/pildoras-suicidas\/comprar-pentobarbital\/\">Readmore<\/a><\/p>\n","protected":false},"featured_media":10388,"comment_status":"open","ping_status":"closed","template":"","meta":[],"product_cat":[258],"product_tag":[1966,1960,1948,1962,1967,1958,1953,1946,1955,1963,1971,1970,1957,1952,1951,1950,1956,1959,1969,1961,1965,1968,1964,1949,1947,1954],"class_list":{"0":"post-1853","1":"product","2":"type-product","3":"status-publish","4":"has-post-thumbnail","6":"product_brand-suicide-pills","7":"product_cat-pildoras-suicidas","8":"product_tag-donde-se-puede-comprar-nembutal","9":"product_tag-a-la-venta-en-nembuta","10":"product_tag-capsulas-de-nembutal","11":"product_tag-como-comprar-nembutal-en-linea","12":"product_tag-como-conseguir-nembutal-comprar-edicion-nacional-internacional","13":"product_tag-como-conseguir-pentobarbital","14":"product_tag-comprar-capsulas-baratas","15":"product_tag-comprar-nembutal","16":"product_tag-comprar-nembutal-en-linea","17":"product_tag-comprar-nembutal-online-espana","18":"product_tag-comprar-pentbarbital-espana-nembutal-en-linea","19":"product_tag-comprar-pentobarbital","20":"product_tag-comprar-pentobarbital-de-sodio-en-linea","21":"product_tag-donde-comprar-nembutal-en-linea","22":"product_tag-nembutal-en-linea","23":"product_tag-nembutal-para-la-venta-en-linea","24":"product_tag-nembutal-pentobarbital-sodico","25":"product_tag-nembutal-por-pedido-por-correo","26":"product_tag-obtenga-nembutal-en-linea","27":"product_tag-polvo-para-la-venta-en-linea","28":"product_tag-proveedores-de-productos-de-polvo-de-nembutal","29":"product_tag-puede-comprar-nembutal-en-linea","30":"product_tag-tabletas-de-nembutal-espana","31":"product_tag-venta-de-nembutal","32":"product_tag-venta-de-pentobarbital-nembutal","33":"product_tag-venta-de-tabletas-de-nembutal","35":"first","36":"instock","37":"shipping-taxable","38":"purchasable","39":"product-type-variable","40":"has-default-attributes"},"_links":{"self":[{"href":"https:\/\/www.medsconsulting.com\/es\/wp-json\/wp\/v2\/product\/1853","targetHints":{"allow":["GET"]}}],"collection":[{"href":"https:\/\/www.medsconsulting.com\/es\/wp-json\/wp\/v2\/product"}],"about":[{"href":"https:\/\/www.medsconsulting.com\/es\/wp-json\/wp\/v2\/types\/product"}],"replies":[{"embeddable":true,"href":"https:\/\/www.medsconsulting.com\/es\/wp-json\/wp\/v2\/comments?post=1853"}],"wp:featuredmedia":[{"embeddable":true,"href":"https:\/\/www.medsconsulting.com\/es\/wp-json\/wp\/v2\/media\/10388"}],"wp:attachment":[{"href":"https:\/\/www.medsconsulting.com\/es\/wp-json\/wp\/v2\/media?parent=1853"}],"wp:term":[{"taxonomy":"product_cat","embeddable":true,"href":"https:\/\/www.medsconsulting.com\/es\/wp-json\/wp\/v2\/product_cat?post=1853"},{"taxonomy":"product_tag","embeddable":true,"href":"https:\/\/www.medsconsulting.com\/es\/wp-json\/wp\/v2\/product_tag?post=1853"}],"curies":[{"name":"wp","href":"https:\/\/api.w.org\/{rel}","templated":true}]}}