{"id":1843,"date":"2020-10-25T11:17:32","date_gmt":"2020-10-25T11:17:32","guid":{"rendered":"https:\/\/www.medsconsulting.com\/es\/?post_type=product&#038;p=1843"},"modified":"2023-08-07T07:35:24","modified_gmt":"2023-08-07T07:35:24","slug":"comprar-capsulas-ibogaina","status":"publish","type":"product","link":"https:\/\/www.medsconsulting.com\/es\/product\/ibogaine\/comprar-capsulas-ibogaina\/","title":{"rendered":"Comprar C\u00e1psulas iboga\u00edna (iboga)"},"content":{"rendered":"<h2>Comprar C\u00e1psulas iboga\u00edna\/iboga 5g \/ 50 c\u00e1psulas por paquete<\/h2>\n<p>Comprar C\u00e1psulas \u00a0iboga\u00edna\/iboga. Una dosis completa de iboga\u00edna pura (m\u00e1s de 200 mg) es muy potente e interact\u00faa con varios receptores cerebrales para regular las emociones y el pensamiento. Las ceremonias o retiros de iboga\u00edna suelen durar unos d\u00edas y varios informes anecd\u00f3ticos advierten contra el tratamiento de la iboga\u00edna como una droga casual. Un usuario recomend\u00f3 una experiencia con iboga\u00edna solo \u00absi quieres que tu cuerpo explote en mil pedazos y luego se reconstruya en algo hermoso\u00bb.<\/p>\n<p>Sin embargo, si est\u00e1 buscando algo menos intenso, no necesita comprometerse con una dosis completa o salir del pa\u00eds para asistir a una ceremonia. Es posible la microdosificaci\u00f3n de iboga\u00edna.<\/p>\n<h2>Iboga\u00edna contra la adicci\u00f3n<\/h2>\n<p>Medsconsulting vende una amplia gama de productos contra la adicci\u00f3n, incluidos los productos de iboga\u00edna, que se utilizan para tratar la adicci\u00f3n a las drogas o al alcohol.<br \/>\nNuestra empresa utiliza esta imagen en sus plataformas de redes sociales:<br \/>\n\u00abMotherboard\u00bb inform\u00f3 sobre la empresa en marzo de 2017 para<br \/>\nsu producci\u00f3n de una serie de medicamentos contra la adicci\u00f3n para ayudar a los pacientes. En el art\u00edculo, la periodista describe su experiencia tomando &#8216;la droga milagrosa&#8217; que ha convertido a los adictos a los opioides en ciudadanos limpios durante d\u00e9cadas, la iboga\u00edna, durante un per\u00edodo de dos semanas, antes de ir a rehabilitaci\u00f3n. En el informe ella dice: \u00abLa iboga\u00edna apag\u00f3 mi depresi\u00f3n. Apag\u00f3 mi antojo. Me quit\u00f3 la ansiedad.<\/p>\n<h3>Informaci\u00f3n sobre iboga\u00edna HCL e iboga\u00edna en polvo<\/h3>\n<p>Adem\u00e1s, La iboga\u00edna HCL (clorhidrato de iboga\u00edna) se considera la forma m\u00e1s pura y potente de iboga\u00edna. Es un alcaloide 8-hidroxi-indol, que es una sustancia natural derivada de las ra\u00edces de ciertas plantas en \u00c1frica central occidental y Am\u00e9rica del Sur. La iboga\u00edna HCL (clorhidrato de iboga\u00edna) es un alcaloide indol natural con propiedades psicod\u00e9licas y alucin\u00f3genas. La iboga\u00edna HCL (clorhidrato de iboga\u00edna) no se considera una sustancia ilegal y se puede comprar sin receta en algunos pa\u00edses como B\u00e9lgica, Dinamarca, Finlandia, Alemania, Israel, Pa\u00edses Bajos y EE. UU.<\/p>\n<p>&nbsp;<\/p>\n<p>Una dosis completa de iboga\u00edna pura (m\u00e1s de 200 mg) es muy potente e interact\u00faa con varios receptores cerebrales para regular las emociones y el pensamiento. Las ceremonias o retiros de iboga\u00edna suelen durar unos d\u00edas y varios informes anecd\u00f3ticos advierten contra el tratamiento de la iboga\u00edna como una droga casual.<\/p>\n","protected":false},"excerpt":{"rendered":"<p>Una dosis completa de iboga\u00edna pura (m\u00e1s de 200 mg) es muy potente e interact\u00faa con varios receptores cerebrales para regular las emociones y el pensamiento. Las ceremonias o retiros de iboga\u00edna suelen durar unos d\u00edas y varios informes anecd\u00f3ticos advierten contra el tratamiento de la iboga\u00edna como una droga casual.<\/p>\n","protected":false},"featured_media":0,"comment_status":"open","ping_status":"closed","template":"","meta":[],"product_cat":[247,218],"product_tag":[529,534,497,506,512,490,493,495,488,487,509,550,546,552,540,544,554,548,547,551,549,491,510,489,545,494,518,492,511,501,513,515,536,541,543,539,542,538,553,500,514,524,519,530,499,503,533,535,505,526,531,521,532,507,523,528,498,508,496,537,517,522,516,520,525,502,504,527],"class_list":{"0":"post-1843","1":"product","2":"type-product","3":"status-publish","5":"product_cat-ibogaine","6":"product_cat-estimulantes","7":"product_tag-donde-puedo-conseguirla-clorhidrato-de-ibogaina-para-la-venta","8":"product_tag-es-seguro-pedir-ibogaina-en-linea-como-pedir-ibogaina-en-linea","9":"product_tag-centro-de-tratamiento-de-ibogaina","10":"product_tag-como-obtener-ibogaina-en-linea","11":"product_tag-comprar-capsulas-de-ibogaina-en-linea","12":"product_tag-comprar-ibogaina-argentina","13":"product_tag-comprar-ibogaina-australia","14":"product_tag-comprar-ibogaina-austria","15":"product_tag-comprar-ibogaina-canada","16":"product_tag-comprar-ibogaina-chile","17":"product_tag-comprar-ibogaina-en-linea","18":"product_tag-comprar-ibogaina-en-linea-austria","19":"product_tag-comprar-ibogaina-en-linea-brasil","20":"product_tag-comprar-ibogaina-en-linea-eslovaquia","21":"product_tag-comprar-ibogaina-en-linea-francia","22":"product_tag-comprar-ibogaina-en-linea-italia","23":"product_tag-comprar-ibogaina-en-linea-paises-bajos","24":"product_tag-comprar-ibogaina-en-linea-polonia","25":"product_tag-comprar-ibogaina-en-linea-portugal","26":"product_tag-comprar-ibogaina-en-linea-rusia","27":"product_tag-comprar-ibogaina-en-linea-suiza","28":"product_tag-comprar-ibogaina-espana","29":"product_tag-comprar-ibogaina-hcl-en-linea","30":"product_tag-comprar-ibogaina-mexico","31":"product_tag-comprar-ibogaina-online-espana","32":"product_tag-comprar-ibogaina-paises-bajos","33":"product_tag-comprar-ibogaina-para-fumar","34":"product_tag-comprar-ibogaina-reino-unido","35":"product_tag-comprar-ibogaina-ta-en-linea","36":"product_tag-comprar-pastillas-de-ibogaina-en-linea","37":"product_tag-comprar-raiz-de-iboga-en-linea-nuevamente","38":"product_tag-comprar-semillas-de-iboga-en-linea","39":"product_tag-compre-capsulas-de-iboga-en-linea-sin-receta-donde-comprar-iboga-ta-en-linea","40":"product_tag-compre-ibogaina-en-linea-alemania","41":"product_tag-compre-ibogaina-en-linea-canada","42":"product_tag-compre-ibogaina-en-linea-en-ee-uu","43":"product_tag-compre-ibogaina-en-linea-en-el-reino-unido","44":"product_tag-compre-ibogaina-en-linea-sin-receta","45":"product_tag-compre-ibogaina-en-linea-suecia","46":"product_tag-compre-ibogaina-para-la-adiccion-en-linea","47":"product_tag-compre-virutas-de-raiz-de-iboga-en-linea","48":"product_tag-corteza-de-raiz-de-iboga-para-la-venta","49":"product_tag-corteza-de-raiz-de-ibogaina-para-la-venta-en-linea","50":"product_tag-costos-del-tratamiento-con-ibogaina","51":"product_tag-donde-comprar-ibogaina-en-linea-sin-receta","52":"product_tag-donde-comprar-ibogaina-hcl","53":"product_tag-donde-conseguir-ibogaina-en-linea","54":"product_tag-donde-pedir-ibogaina-hcl-en-linea","55":"product_tag-dosis-de-ibogaina-hcl","56":"product_tag-farmacia-en-linea-de-ibogaina","57":"product_tag-iboga-en-venta","58":"product_tag-iboga-hcl-en-venta","59":"product_tag-iboga-para-la-adiccion","60":"product_tag-iboga-para-la-venta-en-linea","61":"product_tag-iboga-ta-en-venta","62":"product_tag-ibogaina","63":"product_tag-ibogaina-hcl-para-la-venta-en-linea","64":"product_tag-ibogaina-para-la-venta","65":"product_tag-ibogaina-para-la-venta-en-linea","66":"product_tag-ibogaina-ta-para-la-venta-en-linea-sin-receta","67":"product_tag-pastillas-de-ibogaina-a-la-venta-en-linea","68":"product_tag-planta-de-iboga-en-venta","69":"product_tag-polvo-de-ibogaina-para-la-venta-en-linea","70":"product_tag-semillas-de-iboga-para-la-venta","71":"product_tag-semillas-de-ibogaina-para-la-venta","72":"product_tag-tienda-online-iboga","73":"product_tag-tratamiento-de-la-adiccion-a-la-ibogaina","74":"product_tag-uso-de-ibogaina","76":"first","77":"instock","78":"shipping-taxable","79":"purchasable","80":"product-type-variable","81":"has-default-attributes"},"_links":{"self":[{"href":"https:\/\/www.medsconsulting.com\/es\/wp-json\/wp\/v2\/product\/1843","targetHints":{"allow":["GET"]}}],"collection":[{"href":"https:\/\/www.medsconsulting.com\/es\/wp-json\/wp\/v2\/product"}],"about":[{"href":"https:\/\/www.medsconsulting.com\/es\/wp-json\/wp\/v2\/types\/product"}],"replies":[{"embeddable":true,"href":"https:\/\/www.medsconsulting.com\/es\/wp-json\/wp\/v2\/comments?post=1843"}],"wp:attachment":[{"href":"https:\/\/www.medsconsulting.com\/es\/wp-json\/wp\/v2\/media?parent=1843"}],"wp:term":[{"taxonomy":"product_cat","embeddable":true,"href":"https:\/\/www.medsconsulting.com\/es\/wp-json\/wp\/v2\/product_cat?post=1843"},{"taxonomy":"product_tag","embeddable":true,"href":"https:\/\/www.medsconsulting.com\/es\/wp-json\/wp\/v2\/product_tag?post=1843"}],"curies":[{"name":"wp","href":"https:\/\/api.w.org\/{rel}","templated":true}]}}