{"id":1793,"date":"2020-10-25T08:57:53","date_gmt":"2020-10-25T08:57:53","guid":{"rendered":"https:\/\/www.medsconsulting.com\/es\/?post_type=product&#038;p=1793"},"modified":"2023-05-27T10:34:58","modified_gmt":"2023-05-27T10:34:58","slug":"comprar-lyrica-pregabalina","status":"publish","type":"product","link":"https:\/\/www.medsconsulting.com\/es\/product\/ansiedad\/comprar-lyrica-pregabalina\/","title":{"rendered":"Comprar Lyrica Pregabalina"},"content":{"rendered":"<h1>Comprar Lyrica Pregabalina 75mg en l\u00ednea<\/h1>\n<p>Comprar Lyrica Pregabalina 75 mg en l\u00ednea. Este medicamento es un analg\u00e9sico <a href=\"https:\/\/www.euthanasiagroup.com\/es\/product\/comprar-nembutal-en-linea\/comprar-nembutal-pentobarbital-sodico\/\" target=\"_blank\" rel=\"noopener\">anticonvulsivo<\/a> y neurop\u00e1tico, recetado para convulsiones parciales; manejo de la\u00a0neuralgia posherp\u00e9tica\u00a0(dolor en los nervios causado por el virus de la varicela z\u00f3ster); manejo de la fibromialgia (una condici\u00f3n en la que el paciente tiene dolor muscular y del tejido conectivo).<\/p>\n<h2>\u00bfC\u00f3mo se debe usar Pregabalina?(Comprar Lyrica Pregabalina)<\/h2>\n<p>T\u00f3melo como le han dicho, incluso si se siente mejor. Tomar con o sin alimentos. Tome con comida si le produce malestar estomacal.<\/p>\n<p>&nbsp;<\/p>\n<p>Efectos secundarios comunes de la pregabalina: Sensaci\u00f3n de mareo, sue\u00f1o, visi\u00f3n borrosa o cambio en el pensamiento claro. Evite conducir y realizar otras tareas o acciones que requieran que est\u00e9 alerta o tenga una vista clara hasta que vea c\u00f3mo le afecta este medicamento. Sinti\u00e9ndose mareado. Lev\u00e1ntese lentamente durante unos minutos cuando est\u00e9 sentado o acostado.<\/p>\n<h3>\u00bfQu\u00e9 hago si me olvido de una dosis?<\/h3>\n<p>En primer lugar, tome una dosis olvidada tan pronto como lo piense. Si est\u00e1 cerca de la hora de su pr\u00f3xima dosis, omita la dosis olvidada y vuelva a su hora habitual. Tampoco tomar 2 dosis al mismo tiempo ni dosis extra. No cambie la dosis ni suspenda este medicamento. Hable con el m\u00e9dico. \u00bfQu\u00e9 precauciones debo tomar al tomar pregabalina? Informe a su m\u00e9dico si tiene enfermedad renal o card\u00edaca, presi\u00f3n arterial alta, diabetes o trastornos de la sangre.<\/p>\n<h4>\u00bfCu\u00e1ndo debo buscar ayuda m\u00e9dica?<\/h4>\n<p>Si cree que hubo una sobredosis, llame de inmediato al centro local de control de envenenamiento o a la sala de <a href=\"https:\/\/www.medsconsulting.com\/es\/\">emergencias<\/a>. Signos de una muy mala reacci\u00f3n a la droga. C\u00f3mo comprar Pregabalina 75 mg en l\u00ednea, c\u00f3mo pedir Pregabalina 75 mg en l\u00ednea legalmente, comprar Pregabalina 75 mg en l\u00ednea sin receta, Pregabalina 75 mg para la venta sin receta, Estos incluyen sibilancias; opresi\u00f3n en el pecho; fiebre; picor; tos fuerte; color de piel azul o gris; convulsiones; o hinchaz\u00f3n de la cara, los labios, la lengua o la garganta. \u00bfPuedo tomar Pregabalina con otros medicamentos?:<\/p>\n<h5>Categor\u00eda de embarazo<\/h5>\n<p>Categor\u00eda C: los estudios de reproducci\u00f3n en animales han mostrado un efecto adverso en el feto y no existen estudios adecuados y bien controlados en humanos. Comprar Pregabalina 75 mg en l\u00ednea Comprar Pregabalina 75 mg Pregabalina 75 mg en l\u00ednea , d\u00f3nde comprar Pregabalina 75 mg, pero los beneficios potenciales pueden justificar el uso del medicamento en mujeres embarazadas a pesar de los riesgos potenciales. Clasificaci\u00f3n Terap\u00e9utica. Anticonvulsivantes, Ansiol\u00edticos, F\u00e1rmacos para el Dolor Neurop\u00e1tico.<\/p>\n","protected":false},"excerpt":{"rendered":"<h1 class=\"product-title entry-title\">Lyrica Pregabalin 75 mg &#8211; 36 cajas<\/h1>\n","protected":false},"featured_media":0,"comment_status":"open","ping_status":"closed","template":"","meta":[],"product_cat":[211],"product_tag":[1977,1974,1975,1972,1973,1976],"class_list":{"0":"post-1793","1":"product","2":"type-product","3":"status-publish","5":"product_brand-anxiety","6":"product_cat-ansiedad","7":"product_tag-compr-lyrica-pregabalina-espana","8":"product_tag-comprar-lyrica","9":"product_tag-comprar-lyrica-espana","10":"product_tag-comprar-lyrica-pregabalina","11":"product_tag-comprar-lyrica-pregabalina-espana","12":"product_tag-compre-lyrica-pregabalina","14":"first","15":"instock","16":"featured","17":"shipping-taxable","18":"purchasable","19":"product-type-simple"},"_links":{"self":[{"href":"https:\/\/www.medsconsulting.com\/es\/wp-json\/wp\/v2\/product\/1793","targetHints":{"allow":["GET"]}}],"collection":[{"href":"https:\/\/www.medsconsulting.com\/es\/wp-json\/wp\/v2\/product"}],"about":[{"href":"https:\/\/www.medsconsulting.com\/es\/wp-json\/wp\/v2\/types\/product"}],"replies":[{"embeddable":true,"href":"https:\/\/www.medsconsulting.com\/es\/wp-json\/wp\/v2\/comments?post=1793"}],"wp:attachment":[{"href":"https:\/\/www.medsconsulting.com\/es\/wp-json\/wp\/v2\/media?parent=1793"}],"wp:term":[{"taxonomy":"product_cat","embeddable":true,"href":"https:\/\/www.medsconsulting.com\/es\/wp-json\/wp\/v2\/product_cat?post=1793"},{"taxonomy":"product_tag","embeddable":true,"href":"https:\/\/www.medsconsulting.com\/es\/wp-json\/wp\/v2\/product_tag?post=1793"}],"curies":[{"name":"wp","href":"https:\/\/api.w.org\/{rel}","templated":true}]}}