{"id":1781,"date":"2020-10-25T08:38:38","date_gmt":"2020-10-25T08:38:38","guid":{"rendered":"https:\/\/www.medsconsulting.com\/es\/?post_type=product&#038;p=1781"},"modified":"2023-06-18T20:39:56","modified_gmt":"2023-06-18T20:39:56","slug":"comprar-efedrina-hcl","status":"publish","type":"product","link":"https:\/\/www.medsconsulting.com\/es\/product\/otros\/comprar-efedrina-hcl\/","title":{"rendered":"Comprar Efedrina HCL"},"content":{"rendered":"<h2>Comprar Efedrina HCL<\/h2>\n<p>Comprar Efedrina HCL en l\u00ednea, compre efedrina HCL en polvo, ordene efedrina en l\u00ednea, efedrina en polvo Para la venta, efedrina quemagrasas es un medicamento y estimulante. En primer lugar, a menudo se usa para prevenir la presi\u00f3n arterial baja durante la<a href=\"https:\/\/www.medsconsulting.com\/es\/product\/ansiedad\/comprar-rivotril\/\"> anestesia<\/a> espinal. Tambi\u00e9n se usa para el asma, la narcolepsia y la obesidad, pero no es el <a href=\"https:\/\/www.medsconsulting.com\/es\/product\/ansiedad\/comprar-xanax\/\">tratamiento<\/a> preferido. Tiene un beneficio poco claro en la congesti\u00f3n nasal.<\/p>\n<h2>Comprar Efedrina HCL barata<\/h2>\n<p>Que tambi\u00e9n se puede tomar por v\u00eda oral o por inyecci\u00f3n en un m\u00fasculo, una vena o justo debajo de la piel. El inicio con el uso intravenoso es r\u00e1pido, mientras que la inyecci\u00f3n en un m\u00fasculo puede tardar 20 minutos y por v\u00eda oral puede tardar una hora en surtir efecto. Cuando se administra por inyecci\u00f3n, dura aproximadamente una hora y cuando se toma por v\u00eda oral puede durar hasta cuatro horas.<\/p>\n<h2>\u00bfC\u00f3mo Comprar Efedrina\u00a0en Polvo en l\u00ednea con nosotros?<\/h2>\n<p>Comprar efedrina en polvo. La calidad del polvo de efedrina que enviamos es simplemente inmejorable. Nuestra efedrina HCL se prueba y se determina su masa molecular. En pocas palabras, esta es la mejor y m\u00e1s pura efedrina HCL 99,9% que obtendr\u00e1 en el mercado. Adem\u00e1s, otros afirman tener efedrina pura, \u00a1pero esta es la OFERTA REAL! No vamos a decir nada malo sobre otros que venden un <a href=\"https:\/\/www.medsconsulting.com\/es\/product\/ansiedad\/diazepam\/\">producto<\/a> similar, pero este es el mejor <a href=\"https:\/\/www.medsconsulting.com\/es\/product\/dolor-y-alivio\/polvo-de-fentanilo\/\">producto<\/a> con mayor solidez qu\u00edmica que encontrar\u00e1, sin lugar a dudas.<\/p>\n<h2>D\u00f3nde Compre Efedrina en l\u00ednea.<\/h2>\n<p>Ordene efedrina en l\u00ednea. Estos t\u00e9rminos se utilizan para referirse a la misma sustancia derivada de la planta. La efedra es una planta parecida a un arbusto que se encuentra en las regiones des\u00e9rticas de Asia central y otras partes del mundo. Las verduras secas de la planta se utilizan con fines <a href=\"https:\/\/www.euthanasiagroup.com\/es\/product\/comprar-nembutal-en-linea\/brallobarbital-vesparax\/\" target=\"_blank\" rel=\"noopener\">medicinales<\/a>.<\/p>\n<p>&nbsp;<\/p>\n<h2>Ordene efedrina en l\u00ednea.<\/h2>\n<p>La efedra es un estimulante que contiene la forma herbal de efedrina, un<a href=\"https:\/\/www.euthanasiagroup.com\/es\/product\/comprar-nembutal-en-linea\/capsulas-nembutales\/\" target=\"_blank\" rel=\"noopener\"> medicamento<\/a> regulado por la FDA que se encuentra en los <a href=\"https:\/\/www.medsconsulting.com\/es\/product\/ansiedad\/comprar-rivotril\/\">medicamentos<\/a> para el asma de venta libre. Estos alcaloides son compuestos similares a las anfetaminas que se utilizan en <a href=\"https:\/\/www.medsconsulting.com\/es\/product\/ansiedad\/comprar-lexotan\/\">medicamentos<\/a> de venta libre y recetados con efectos estimulantes potencialmente letales sobre el sistema nervioso central y el coraz\u00f3n. Polvo de efedrina HCL, solicite efedrina en l\u00ednea.<\/p>\n<h2>CU\u00c1NDO NO UTILIZAR EFEDRINA EN POLVO:<\/h2>\n<p>Al\u00e9rgico a este <a href=\"https:\/\/www.medsconsulting.com\/es\/product\/otros\/comprar-mdma-en-linea\/\">medicamento<\/a>.<br \/>\nNo tener un diagn\u00f3stico de asma<br \/>\nTiene un diagn\u00f3stico de asma pero usa medicamentos recetados para el asma<br \/>\nHaber sido hospitalizado alguna vez por asma<br \/>\nest\u00e1 tomando un inhibidor de la monoaminooxidasa ahora o ha tomado alg\u00fan inhibidor en los \u00faltimos 14 d\u00edas. Si no sabe si su <a href=\"https:\/\/www.medsconsulting.com\/es\/product\/estimulantes\/adhd\/comprar-dexedrine-en-linea\/\">medicamento<\/a> recetado contiene alg\u00fan inhibidor, pregunte a sus proveedores de atenci\u00f3n m\u00e9dica antes de tomar este <a href=\"https:\/\/www.medsconsulting.com\/es\/product\/otros\/comprar-axert\/\">producto<\/a>.<\/p>\n<h3>Venta de efedrina en polvo.<\/h3>\n<p>Tener presi\u00f3n arterial alta, enfermedad card\u00edaca, latidos card\u00edacos irregulares, enfermedad de la tiroides, diabetes o dificultad para orinar debido al agrandamiento de la gl\u00e1ndula prost\u00e1tica u otros problemas card\u00edacos graves. Venta de efedrina en polvo.<\/p>\n<p>Comun\u00edquese con su m\u00e9dico o proveedor de atenci\u00f3n <a href=\"https:\/\/www.medsconsulting.com\/es\/product\/ansiedad\/comprar-lyrica-pregabalina\/\">m\u00e9dica<\/a> antes de usar efedrina en polvo si se encuentra en alguna de estas situaciones. Venta de efedrina en polvo.<\/p>\n<h3>ANTES DE USAR EFEDRINA:<\/h3>\n<p>Algunas condiciones <a href=\"https:\/\/www.medsconsulting.com\/es\/product\/salud-de-la-mujer\/gabapentina-generico-neurontina\/\">m\u00e9dicas<\/a> pueden interactuar con la efedrina. Por lo tanto, informe a su<a href=\"https:\/\/www.medsconsulting.com\/es\/product\/salud-de-la-mujer\/viagra-generico\/\"> m\u00e9dico<\/a> si padece alguna afecci\u00f3n m\u00e9dica, especialmente si se encuentra en alguna de las siguientes situaciones:<\/p>\n<p>Estar embarazada, planea quedar embarazada o est\u00e1 amamantando<br \/>\nTomar cualquier <a href=\"https:\/\/www.medsconsulting.com\/es\/product\/dolor-y-alivio\/aerosol-nasal-de-fentanilo\/\">medicamento<\/a> con o sin receta, preparado a base de hierbas o suplemento diet\u00e9tico.<br \/>\nTener alergias a <a href=\"https:\/\/www.medsconsulting.com\/es\/product\/dolor-y-alivio\/compre-parches-fentanilo\/\">medicamentos<\/a>, alimentos u otras sustancias. Quemadores de grasa con efedrina.<br \/>\nUn historial de problemas card\u00edacos, diabetes, glaucoma, agrandamiento de la pr\u00f3stata u otros problemas de la pr\u00f3stata, problemas de las gl\u00e1ndulas suprarrenales, presi\u00f3n arterial alta, convulsiones, derrames cerebrales, problemas de los vasos sangu\u00edneos, tiroides hiperactiva o asma grave.<\/p>\n<h3>Quemagrasas con Efedrina HCL.<\/h3>\n<p>Es posible que esta no sea una lista completa de todas las interacciones que pueden ocurrir. Pregunte a sus proveedores de atenci\u00f3n m\u00e9dica si la efedrina puede interactuar con otros medicamentos que toma. Consulte con su proveedor de atenci\u00f3n <a href=\"https:\/\/www.medsconsulting.com\/es\/product\/salud-de-la-mujer\/clonidina\/\">m\u00e9dica<\/a> antes de comenzar, suspender o cambiar la dosis de cualquier <a href=\"https:\/\/www.medsconsulting.com\/es\/product\/salud-de-los-hombres\/comprar-vitaros-crema\/\">medicamento<\/a>. Quemadores de grasa.<\/p>\n<h3>C\u00d3MO USAR EFEDRINA:<\/h3>\n<p>Use este medicamento seg\u00fan las instrucciones que le proporcion\u00f3. <a href=\"https:\/\/www.medsconsulting.com\/es\/product\/salud-de-los-hombres\/comprar-vitaros-crema\/\">Consulte<\/a> la etiqueta de la efedrina para conocer las instrucciones de dosificaci\u00f3n exactas. <a href=\"https:\/\/www.medsconsulting.com\/es\/\">Consulte<\/a> la etiqueta para conocer las instrucciones de dosificaci\u00f3n exactas. Polvo de efedrina HCL.<\/p>\n<h3>Compre Efedrina HCL<\/h3>\n<p>La efedrina se puede tomar con o sin alimentos. Si se produce un malestar estomacal, t\u00f3melo con alimentos para reducir la irritaci\u00f3n del est\u00f3mago.<br \/>\nSi olvid\u00f3 una dosis de efedrina en <a href=\"https:\/\/www.medsconsulting.com\/es\/product\/estimulantes\/comprar-anfetamina\/\">polvo<\/a> y la est\u00e1 tomando con regularidad, t\u00f3mela lo antes posible. Si es casi la hora de su pr\u00f3xima dosis, omita la dosis olvidada y vuelva a su horario regular de dosificaci\u00f3n. No tome 2 dosis a la vez.<\/p>\n<h3>INFORMACION DE SEGURIDAD IMPORTANTE:<\/h3>\n<p>En primer lugar, la efedrina puede provocar mareos. No conduzca, opere maquinaria ni haga nada que pueda ser peligroso hasta que sepa c\u00f3mo reacciona a la efedrina. El uso de efedrina sola, con ciertos otros <a href=\"https:\/\/www.medsconsulting.com\/es\/product\/estimulantes\/comprar-cocaina\/\">medicamentos<\/a> o con alcohol puede disminuir su capacidad para conducir o realizar otras tareas potencialmente peligrosas.<\/p>\n<p>&nbsp;<\/p>\n<h3>Comprar Efedrina HCL<\/h3>\n<p>Adem\u00e1s, consulte con su<a href=\"https:\/\/www.medsconsulting.com\/es\/product\/otros\/comprar-mefedrona-en-linea\/\"> m\u00e9dico<\/a> si sus s\u00edntomas no mejoran en 7 d\u00edas o si presenta fiebre alta.<br \/>\nM\u00e1s a\u00fan, si tiene problemas para dormir, pregunte a su <a href=\"https:\/\/www.medsconsulting.com\/es\/product\/otros\/comprar-ibuprofeno\/\">farmac\u00e9utico<\/a> o <a href=\"https:\/\/www.medsconsulting.com\/es\/product-tag\/comprar-acetilfentanilo\/\">m\u00e9dico<\/a> cu\u00e1l es el mejor momento para tomar este medicamento.<\/p>\n<p>&nbsp;<\/p>\n<h4>Como Comprar Efedrina Tabletas<\/h4>\n<p>Mientras est\u00e9 tomando efedrina en polvo, no vuelva a tomar <a href=\"https:\/\/www.medsconsulting.com\/es\/product\/otros\/compre-amoxicilina\/\">medicamentos<\/a> diet\u00e9ticos o para controlar el apetito.<\/p>\n<p>&nbsp;<\/p>\n<h5>Compre Efedrina<a href=\"https:\/\/www.medsconsulting.com\/es\/product\/estimulantes\/adhd\/comprar-adderall\/\"> Tabletas<\/a><\/h5>\n<p>Antes de comenzar a tomar cualquier <a href=\"https:\/\/www.medsconsulting.com\/es\/product\/otros\/comprar-axert\/\">medicamento<\/a> nuevo con o sin receta, lea los ingredientes<\/p>\n","protected":false},"excerpt":{"rendered":"<p>La efedrina promueve una modesta p\u00e9rdida de peso a corto plazo, espec\u00edficamente la p\u00e9rdida de grasa, pero se desconocen sus efectos a largo plazo. En los ratones, se sabe que la efedrina estimula la termog\u00e9nesis en el tejido adiposo marr\u00f3n, pero debido a que los seres humanos adultos solo tienen peque\u00f1as cantidades de grasa marr\u00f3n, se supone que la termog\u00e9nesis tiene lugar principalmente en el m\u00fasculo esquel\u00e9tico. La efedrina tambi\u00e9n disminuye el vaciamiento g\u00e1strico. Las metilxantinas como la cafe\u00edna y la teofilina tienen un efecto sin\u00e9rgico con la efedrina con respecto a la p\u00e9rdida de peso. Esto llev\u00f3 a la creaci\u00f3n y comercializaci\u00f3n de productos compuestos.<\/p>\n","protected":false},"featured_media":0,"comment_status":"open","ping_status":"closed","template":"","meta":[],"product_cat":[15],"product_tag":[967,996,994,485,1003,966,965,997,999,977,1000,998,983,989,991,995,486,974,1001,978,970,972,990,993,984,988,985,982,980,968,975,971,1002,979,981,992,973,987,969,986,976],"class_list":{"0":"post-1781","1":"product","2":"type-product","3":"status-publish","5":"product_cat-otros","6":"product_tag-como-comprar-efedrina-quemagrasas-barata-en-linea","7":"product_tag-como-comprar-tableta-de-efedrina-en-linea","8":"product_tag-comprar-clorhidrato-de-efedrina","9":"product_tag-comprar-efedrina-en-polvo-barata-para-uso-de-fabrica","10":"product_tag-comprar-efedrina-en-polvo-en-linea","11":"product_tag-comprar-efedrina-en-polvo-legitima-para-la-venta-en-linea","12":"product_tag-comprar-efedrina-hcl-legitima-en-linea","13":"product_tag-comprar-efedrina-po-wder-en-linea","14":"product_tag-comprar-pildoras-de-efedrina-en-linea","15":"product_tag-comprar-polvo-de-efedrina","16":"product_tag-comprar-polvo-de-efedrina-barata-en-linea","17":"product_tag-comprar-tabletas-de-efedrina-baratas-en-linea","18":"product_tag-compre-efedrina-en-linea","19":"product_tag-compre-efedrina-para-bajar-de-peso-en-linea","20":"product_tag-compre-pildoras-de-efedrina","21":"product_tag-donde-comprar-efedrina-en-linea-ne","22":"product_tag-donde-comprar-efedrina-hcl-para-uso-personal","23":"product_tag-donde-comprar-polvo-de-efedrina","24":"product_tag-donde-comprar-tabletas-de-efedrina-baratas-en-linea","25":"product_tag-donde-puedo-comprar-tabletas-de-efedrina","26":"product_tag-efedrina-a-la-venta","27":"product_tag-efedrina-de-calidad-a-la-venta","28":"product_tag-efedrina-en-polvo-al-por-mayor","29":"product_tag-efedrina-en-polvo-para-la-venta","30":"product_tag-efedrina-en-polvo-pura-en-linea","31":"product_tag-efedrina-hcl-para-comprar-en-linea","32":"product_tag-efedrina-quemagrasas-en-linea","33":"product_tag-efedrina-tabletas-para-bajar-de-peso","34":"product_tag-el-mejor-lugar-para-comprar-efedrina-en-linea","35":"product_tag-medicamento-de-efedrina-a-la-venta","36":"product_tag-ordenar-clorhidrato-de-efedrina","37":"product_tag-pildoras-de-efedrina-para-bajar-de-peso-a-la-venta","38":"product_tag-pildoras-de-efedrina-para-la-venta-en-linea","39":"product_tag-pildoras-de-perdida-de-peso-de-efedrina-donde-comprar","40":"product_tag-proveedores-de-clorhidrato-de-efedrina-de-nutricion-vegetal","41":"product_tag-quemagrasas-de-efedrina-tambien-comprar","42":"product_tag-tableta-de-efedrina-comprar-en-linea","43":"product_tag-tabletas-de-efedrina","44":"product_tag-tabletas-de-efedrina-a-la-venta","45":"product_tag-tienda-en-linea-de-efedrina","46":"product_tag-venta-de-clorhidrato-de-efedrina","48":"first","49":"instock","50":"featured","51":"shipping-taxable","52":"purchasable","53":"product-type-variable","54":"has-default-attributes"},"_links":{"self":[{"href":"https:\/\/www.medsconsulting.com\/es\/wp-json\/wp\/v2\/product\/1781","targetHints":{"allow":["GET"]}}],"collection":[{"href":"https:\/\/www.medsconsulting.com\/es\/wp-json\/wp\/v2\/product"}],"about":[{"href":"https:\/\/www.medsconsulting.com\/es\/wp-json\/wp\/v2\/types\/product"}],"replies":[{"embeddable":true,"href":"https:\/\/www.medsconsulting.com\/es\/wp-json\/wp\/v2\/comments?post=1781"}],"wp:attachment":[{"href":"https:\/\/www.medsconsulting.com\/es\/wp-json\/wp\/v2\/media?parent=1781"}],"wp:term":[{"taxonomy":"product_cat","embeddable":true,"href":"https:\/\/www.medsconsulting.com\/es\/wp-json\/wp\/v2\/product_cat?post=1781"},{"taxonomy":"product_tag","embeddable":true,"href":"https:\/\/www.medsconsulting.com\/es\/wp-json\/wp\/v2\/product_tag?post=1781"}],"curies":[{"name":"wp","href":"https:\/\/api.w.org\/{rel}","templated":true}]}}