{"id":1763,"date":"2020-10-25T08:21:25","date_gmt":"2020-10-25T08:21:25","guid":{"rendered":"https:\/\/www.medsconsulting.com\/es\/?post_type=product&#038;p=1763"},"modified":"2023-06-18T23:10:53","modified_gmt":"2023-06-18T23:10:53","slug":"comprar-cocaina","status":"publish","type":"product","link":"https:\/\/www.medsconsulting.com\/es\/product\/estimulantes\/comprar-cocaina\/","title":{"rendered":"Comprar Coca\u00edna"},"content":{"rendered":"<h2>Comprar Coca\u00edna en l\u00ednea<\/h2>\n<p>Comprar Coca\u00edna en l\u00ednea y reciba una entrega discreta en todo el mundo. Empaquetamos los paquetes con cuidado con papeles de tungsteno y carb\u00f3n para pasar por las m\u00e1quinas de rayos X aduaneros en los aeropuertos. Los paquetes est\u00e1n bellamente empaquetados con papeles de regalo del exterior.<\/p>\n<pre><strong>Sustancia qu\u00edmica de investigaci\u00f3n de reemplazo de coca\u00edna<\/strong><\/pre>\n<p>Siguiente informaci\u00f3n en el bolet\u00edn anual sobre estimulantes, como Coca-Cola.<\/p>\n<p>En 2020, se estim\u00f3 que el 1,6 por ciento de la poblaci\u00f3n holandesa de 18 a\u00f1os o m\u00e1s consum\u00eda coca\u00edna.<\/p>\n<p>Adem\u00e1s, comprar coca\u00edna en los Pa\u00edses Bajos conlleva muchos riesgos para la salud adem\u00e1s de incurrir en delitos.<\/p>\n<p>M\u00e1s a\u00fan, el consumo de coca\u00edna en todos los lugares de los Pa\u00edses Bajos.<\/p>\n<pre><strong>Temas sobre la coca\u00edna que se discutir\u00e1n:<\/strong><\/pre>\n<p>\u00bfQu\u00e9 es la coca\u00edna?<br \/>\n\u00bfPor qu\u00e9 la gente compra coca\u00edna?<br \/>\n\u00bfC\u00f3mo se consume la coca\u00edna y se compra la coca\u00edna en la vida nocturna?<br \/>\nLos problemas de la coca\u00edna<\/p>\n<pre><\/pre>\n<pre><strong>Acerca de la coca\u00edna y c\u00f3mo comprar coca\u00edna en l\u00ednea<\/strong><\/pre>\n<p>La coca\u00edna es una poderosa droga estimulante que se obtiene a partir de las hojas de la planta de coca originaria de Am\u00e9rica del Sur. Se puede tomar en varias formas, incluida la coca\u00edna en polvo (tambi\u00e9n conocida como soplo o simplemente coca\u00edna), coca\u00edna s\u00f3lida (coca\u00edna crack) y base libre (una forma de coca\u00edna fumable).<\/p>\n<p>Una forma de base libre se llama \u00abhielo\u00bb.<br \/>\nEl hielo se puede fumar en una pipa, calentar sobre papel de aluminio. El proceso vaporiza la droga, que luego se eleva al aire y es inhalada por el fumador.<br \/>\n\u00bfC\u00f3mo usar y comprar coca\u00edna en l\u00ednea?<\/p>\n<p>El mismo principio activo de la Coca-Cola es el Clorhidrato de Coca\u00edna, y estimula el sistema nervioso.<\/p>\n<p>Te dar\u00e1 prisa por comprar y usar Coca-Cola.<\/p>\n<p>&nbsp;<\/p>\n<pre><strong>Puede comprar Coca-Cola y consumir Coca\u00edna de las siguientes formas:<\/strong><\/pre>\n<p>Esnifar coca<br \/>\nRociar coque<br \/>\nFumar coca<br \/>\n\u00bfD\u00f3nde comprar coca\u00edna?<\/p>\n<p>La gente puede comprar coca cola en cualquier lugar de los Pa\u00edses Bajos.<\/p>\n<h3><strong>Adem\u00e1s, un traficante es alguien que siempre distribuye drogas como la coca\u00edna que puedes comprar por gramo.<\/strong><\/h3>\n<p>En general, los traficantes de coca\u00edna solo venden coca\u00edna.<\/p>\n<p>Porque esto es muy lucrativo por su naturaleza adictiva.<\/p>\n<p>Los usuarios suelen seguir comprando un gramo de coca\u00edna de forma habitual debido a su efecto adictivo.<\/p>\n<p>Por tanto, existen las razones por las que la coca\u00edna se vende de forma habitual.<\/p>\n<p>La coca\u00edna se empaqueta 9 de cada 10 veces en un peque\u00f1o sobre blanco discreto.<\/p>\n<p>El sobre tambi\u00e9n se denomina \u00abmedicamento\u00bb.<\/p>\n<p>Este sobre tambi\u00e9n se llama paquete de coque pony.<\/p>\n<p>Hay varios gramos de coca\u00edna.<\/p>\n<p>&nbsp;<\/p>\n<pre><strong>el precio del producto es como: por gramo<\/strong><\/pre>\n<p>Las hojas de coca se mezclan com\u00fanmente con una sustancia soluble (por ejemplo, lima) y se muerden en un taco que se mantiene en la boca entre la enc\u00eda y la mejilla (se muerde mucho equivalente a morder el tabaco) y se succiona su jugo. Los jugos son ingeridos gradualmente por la pel\u00edcula mucosa de la mejilla interna y por el tracto gastrointestinal cuando se tragan. Por otra parte, las hojas de coca pueden inyectarse en forma l\u00edquida y consumirse como t\u00e9. La ingesti\u00f3n de hojas de coca en su mayor parte es un m\u00e9todo in\u00fatil para dirigir la coca\u00edna.<\/p>\n<p>&nbsp;<\/p>\n","protected":false},"excerpt":{"rendered":"<h2>Coca\u00edna | Coca Cola | Benzoilmetilecgonina | Blow | Grieta<\/h2>\n<p><strong>Compre coca\u00edna en l\u00ednea y reciba una entrega discreta en todo el mundo<\/strong><\/p>\n<p>Compre coca\u00edna en polvo en l\u00ednea. Compre coca\u00edna, coca\u00edna, coca\u00edna crack. Polvo blanco puro sin cortar y cortado disponible en stock El embalaje y el env\u00edo son muy discretos y evitan toda costumbre o aplicaci\u00f3n de la ley. Comprar coca\u00edna en l\u00ednea, coca\u00edna para la venta, coca\u00edna legal, comprar coca\u00edna en l\u00ednea con una tarjeta de cr\u00e9dito, coca\u00edna en polvo para la venta. comprar coca\u00edna en polvo online<\/p>\n","protected":false},"featured_media":0,"comment_status":"open","ping_status":"closed","template":"","meta":[],"product_cat":[218],"product_tag":[619,264,265,625,690,655,613,624,612,609,622,610,684,614,626,630,627,632,618,634,653,676,608,688,687,686,635,654,677,646,679,647,638,689,640,639,678,629,649,656,658,659,662,636,642,683,645,681,680,637,664,675,660,665,628,631,615,650,641,633,652,685,669,666,670,668,611,268,691,620,682,643,270,269,266,672,341,616,648,651,267,663,673,674,671,621,667,623,661,617,644,657],"class_list":{"0":"post-1763","1":"product","2":"type-product","3":"status-publish","5":"product_cat-estimulantes","6":"product_tag-donde-puedo-comprar-cocaina-sales-de-bano-de-mefedrona-donde-comprar","7":"product_tag-agitacion","8":"product_tag-anestesico","9":"product_tag-cocaina-al-por-mayor","10":"product_tag-cocaina-anonima","11":"product_tag-cocaina-crack-de-calidad-para-la-venta","12":"product_tag-cocaina-de-calidad-para-la-venta","13":"product_tag-cocaina-donde-comprar-online","14":"product_tag-cocaina-para-la-venta","15":"product_tag-cocaina-para-la-venta-en-linea","16":"product_tag-cocaina-pura-tienda-de-cocaina","17":"product_tag-como-comprar-cocaina-barata-en-linea","18":"product_tag-como-hacer-crack-de-cocaina","19":"product_tag-compra-de-cocaina-en-linea","20":"product_tag-compra-online-de-cocaina","21":"product_tag-comprar-coca-cola-barata","22":"product_tag-comprar-coca-cola-barata-en-linea","23":"product_tag-comprar-coca-cola-en-linea","24":"product_tag-comprar-cocaina","25":"product_tag-comprar-cocaina-a-granel-en-linea","26":"product_tag-comprar-cocaina-crack-a-granel","27":"product_tag-comprar-cocaina-crack-legal","28":"product_tag-comprar-cocaina-en-linea","29":"product_tag-comprar-cocaina-en-linea-belgica","30":"product_tag-comprar-cocaina-en-linea-portugal","31":"product_tag-comprar-cocaina-online-espana","32":"product_tag-comprar-cocaina-para-uso-personal","33":"product_tag-comprar-crack-cocaina","34":"product_tag-comprar-crack-cocaina-legal-en-linea","35":"product_tag-comprar-crack-cocaina-para-uso-vegetal","36":"product_tag-comprar-crack-cocaine-2021","37":"product_tag-comprar-crack-cocaine-barato-en-linea","38":"product_tag-comprar-crack-cocaine-en-linea","39":"product_tag-comprar-crack-cocaine-en-linea-holanda","40":"product_tag-comprar-crack-cocaine-para-la-venta","41":"product_tag-comprar-crack-cocaine-para-uso-personal","42":"product_tag-compre-crack-cocaine-en-linea-con-entrega-al-dia-siguiente","43":"product_tag-coque-para-la-venta-en-linea","44":"product_tag-crack-cocaina-barata-en-linea","45":"product_tag-crack-cocaina-barata-para-la-venta","46":"product_tag-crack-cocaina-comprar","47":"product_tag-crack-cocaina-erowid","48":"product_tag-crack-cocaina-otros-productos-quimicos-de-investigacion-para-la-venta","49":"product_tag-crack-cocaina-para-la-venta","50":"product_tag-crack-cocaina-para-la-venta-en-linea","51":"product_tag-crack-cocaina-reddit","52":"product_tag-crack-cocaine-barato-para-la-venta-en-linea","53":"product_tag-crack-cocaine-comprar-en-linea-india","54":"product_tag-crack-cocaine-comprar-online-espana","55":"product_tag-crack-de-cocaina-de-calidad-para-la-venta-en-linea","56":"product_tag-crack-de-cocaina-en-venta-en-londres","57":"product_tag-crack-del-precio-de-la-droga-de-la-cocaina","58":"product_tag-cristal-de-cocaina-crack-para-la-venta","59":"product_tag-cristales-de-cocaina-crack-para-la-venta","60":"product_tag-donde-comprar-coca-cola-barata-en-linea","61":"product_tag-donde-comprar-coca-cola-para-uso-personal","62":"product_tag-donde-comprar-cocaina","63":"product_tag-donde-comprar-crack-cocaine-barato-en-linea","64":"product_tag-donde-comprar-crack-cocaine-en-linea","65":"product_tag-donde-conseguir-cocaina-cocaina-en-linea-para-la-venta","66":"product_tag-donde-conseguir-crack-cocaine-en-linea-para-la-venta","67":"product_tag-donde-puedo-comprar-crack-cocaine-usa","68":"product_tag-dosis-de-crack-cocaina","69":"product_tag-dosis-de-erowid-de-crack-de-cocaina","70":"product_tag-dosis-de-taponamiento-de-crack-de-cocaina","71":"product_tag-dosis-pura-de-crack-cocaina","72":"product_tag-droga-de-cocaina-para-la-venta","73":"product_tag-droga-recreativa","74":"product_tag-efectos-de-la-droga-cocaina","75":"product_tag-el-mejor-lugar-para-comprar-cocaina-en-linea","76":"product_tag-el-mejor-lugar-para-comprar-crack-cocaine","77":"product_tag-envase-discreto-crack-cocaine","78":"product_tag-estimulante","79":"product_tag-excitacion-sexual","80":"product_tag-intenso-sentimiento-de-felicidad","81":"product_tag-lista-de-precios-de-crack-de-cocaina","82":"product_tag-mefedrona-para-la-venta-en-linea","83":"product_tag-pedir-cocaina","84":"product_tag-pedir-crack-cocaine-en-linea","85":"product_tag-pedir-polvo-blanco-en-linea","86":"product_tag-perdida-de-contacto-con-la-realidad","87":"product_tag-polvo-de-cocaina-crack-para-la-venta","88":"product_tag-precio-de-crack-de-cocaina-por-gramo","89":"product_tag-precio-de-venta-de-crack-de-cocaina","90":"product_tag-precio-del-kilo-de-cocaina-crack","91":"product_tag-proveedores-de-cocaina","92":"product_tag-rompe-la-dosis-de-cocaina-por-primera-vez","93":"product_tag-tabletas-de-cocaina","94":"product_tag-venta-de-alimentos-para-plantas-de-cocaina-crack","95":"product_tag-venta-de-cocaina","96":"product_tag-venta-de-crack-de-cocaina-con-entrega-el-sabado","97":"product_tag-venta-de-pastillas-de-cocaina-crack","99":"first","100":"instock","101":"featured","102":"shipping-taxable","103":"purchasable","104":"product-type-variable","105":"has-default-attributes"},"_links":{"self":[{"href":"https:\/\/www.medsconsulting.com\/es\/wp-json\/wp\/v2\/product\/1763","targetHints":{"allow":["GET"]}}],"collection":[{"href":"https:\/\/www.medsconsulting.com\/es\/wp-json\/wp\/v2\/product"}],"about":[{"href":"https:\/\/www.medsconsulting.com\/es\/wp-json\/wp\/v2\/types\/product"}],"replies":[{"embeddable":true,"href":"https:\/\/www.medsconsulting.com\/es\/wp-json\/wp\/v2\/comments?post=1763"}],"wp:attachment":[{"href":"https:\/\/www.medsconsulting.com\/es\/wp-json\/wp\/v2\/media?parent=1763"}],"wp:term":[{"taxonomy":"product_cat","embeddable":true,"href":"https:\/\/www.medsconsulting.com\/es\/wp-json\/wp\/v2\/product_cat?post=1763"},{"taxonomy":"product_tag","embeddable":true,"href":"https:\/\/www.medsconsulting.com\/es\/wp-json\/wp\/v2\/product_tag?post=1763"}],"curies":[{"name":"wp","href":"https:\/\/api.w.org\/{rel}","templated":true}]}}