{"id":1762,"date":"2020-10-25T08:26:54","date_gmt":"2020-10-25T08:26:54","guid":{"rendered":"https:\/\/www.medsconsulting.com\/es\/?post_type=product&#038;p=1762"},"modified":"2022-07-22T12:05:59","modified_gmt":"2022-07-22T12:05:59","slug":"compre-suboxone-en-linea","status":"publish","type":"product","link":"https:\/\/www.medsconsulting.com\/es\/product\/dolor-y-alivio\/compre-suboxone-en-linea\/","title":{"rendered":"Compre Suboxone en l\u00ednea"},"content":{"rendered":"<h1>Compre Suboxone en l\u00ednea<\/h1>\n<p>Compre Suboxone en l\u00ednea con MedsConsulting. Suboxone contiene una combinaci\u00f3n de buprenorfina y naloxona. La buprenorfina es un medicamento opioide, a veces llamado narc\u00f3tico.<\/p>\n<p>La naloxona bloquea los efectos de los medicamentos opioides, incluido el alivio del dolor o la sensaci\u00f3n de bienestar que puede causar el abuso de opioides. Forma de dosificaci\u00f3n: tabletas sublinguales. La pel\u00edcula sublingual de Suboxone est\u00e1 indicada para el tratamiento de la dependencia de opi\u00e1ceos y debe utilizarse como parte de un ciclo completo de tratamiento.<\/p>\n<p>&nbsp;<\/p>\n<h2>Usos de suboxona:<\/h2>\n<p>Suboxone se usa para tratar la dependencia\/adicci\u00f3n a los opioides (narc\u00f3ticos). Comprar buprenorfina en l\u00ednea pertenece a una clase de medicamentos llamados agonistas-antagonistas opi<a href=\"https:\/\/www.medsconsulting.com\/product\/others\/buy-mdma-online\/\">oide<\/a>s mixtos.<\/p>\n<p>Ayuda a prevenir los s\u00edntomas de abstinencia causados \u200b\u200bpor dejar de tomar otros opioides.<\/p>\n<p>Se utiliza como parte de un programa integral de tratamiento del abuso de drogas (como supervisi\u00f3n del cumplimiento, asesoramiento, contrato de comportamiento, cambios en el estilo de vida). &#8211; comprar Suboxone<\/p>\n<p>&nbsp;<\/p>\n<h3>C\u00f3mo usar Suboxone Sublingual:<\/h3>\n<p>Lea la Gu\u00eda del medicamento que su farmac\u00e9utico le facilita antes de empezar a usar Suboxone sublingual y cada vez que renueve su receta. Si tiene alguna duda, consulte a su m\u00e9dico o farmac\u00e9utico.<br \/>\nUse este medicamento seg\u00fan las indicaciones de su m\u00e9dico, generalmente una vez al d\u00eda. Coloque el medica<a href=\"https:\/\/www.euthanasiagroup.com\/\" target=\"_blank\" rel=\"noopener\">me<\/a>nto debajo de la lengua durante 5 a 10 minutos y deje que se disuelva por completo. Adem\u00e1s, si le recetan m\u00e1s de una tableta por d\u00eda, puede colocar todas las tabletas debajo de la lengua a la vez o colocar dos tabletas debajo de la lengua a la vez. No trague ni mastique este medicamento. No funcionar\u00e1 tan bien.<br \/>\nSuboxone generalmente se usa solo durante los primeros 2 d\u00edas despu\u00e9s de suspender todos los dem\u00e1s opioides. Se administra en el consultorio de su m\u00e9dico. Luego, su m\u00e9dico lo cambiar\u00e1 al f\u00e1rmaco combinado de buprenorfina\/naloxona para el tratamiento de mantenimiento.<\/p>\n<p>&nbsp;<\/p>\n<h3>Compre Suboxone8mg 2mg en l\u00ednea &#8211; Compre buprenorfina en l\u00ednea &#8211; Suboxone8mg en venta &#8211; compre naloxona en l\u00ednea<\/h3>\n<p>Aqu\u00ed, puedes hacerlo de forma segura. Los productos son de la m\u00e1s alta calidad, 98,98% puros y aprobados por la FDA. El embalaje es seguro y el env\u00edo es 100% discreto y la entrega es muy r\u00e1pida. Enviamos con DHL, FedEx y UPS por ahora. Compre Suboxone 8 mg en l\u00ednea aqu\u00ed.<\/p>\n<p>NO necesita una receta para hacer un pedido con nosotros. Haga su pedido ahora y le enviaremos discretamente su paquete a su ubicaci\u00f3n en todo el mundo. Para obtener m\u00e1s informaci\u00f3n sobre el producto, haga clic en<\/p>\n","protected":false},"excerpt":{"rendered":"<p>Pel\u00edcula sublingual de Suboxone (2 mg-0,5 mg -8 mg)<\/p>\n<p>30 pel\u00edculas a $ 158<\/p>\n","protected":false},"featured_media":0,"comment_status":"open","ping_status":"closed","template":"","meta":[],"product_cat":[242],"product_tag":[1842,1843,1844,1846,1845,1847,1849,1851,1848,1850],"class_list":{"0":"post-1762","1":"product","2":"type-product","3":"status-publish","5":"product_brand-pain-relief","6":"product_cat-dolor-y-alivio","7":"product_tag-comprar-suboxone","8":"product_tag-comprar-suboxone-en-linea","9":"product_tag-comprar-suboxone-espana","10":"product_tag-comprar-suboxone-mexico","11":"product_tag-comprar-suboxone-portugal","12":"product_tag-compre-suboxone","13":"product_tag-compre-suboxone-espanha","14":"product_tag-compre-suboxone-mexico","15":"product_tag-compre-suboxone-online","16":"product_tag-compre-suboxone-portugal","18":"first","19":"instock","20":"featured","21":"shipping-taxable","22":"purchasable","23":"product-type-simple"},"_links":{"self":[{"href":"https:\/\/www.medsconsulting.com\/es\/wp-json\/wp\/v2\/product\/1762","targetHints":{"allow":["GET"]}}],"collection":[{"href":"https:\/\/www.medsconsulting.com\/es\/wp-json\/wp\/v2\/product"}],"about":[{"href":"https:\/\/www.medsconsulting.com\/es\/wp-json\/wp\/v2\/types\/product"}],"replies":[{"embeddable":true,"href":"https:\/\/www.medsconsulting.com\/es\/wp-json\/wp\/v2\/comments?post=1762"}],"wp:attachment":[{"href":"https:\/\/www.medsconsulting.com\/es\/wp-json\/wp\/v2\/media?parent=1762"}],"wp:term":[{"taxonomy":"product_cat","embeddable":true,"href":"https:\/\/www.medsconsulting.com\/es\/wp-json\/wp\/v2\/product_cat?post=1762"},{"taxonomy":"product_tag","embeddable":true,"href":"https:\/\/www.medsconsulting.com\/es\/wp-json\/wp\/v2\/product_tag?post=1762"}],"curies":[{"name":"wp","href":"https:\/\/api.w.org\/{rel}","templated":true}]}}