{"id":1752,"date":"2020-10-25T07:55:36","date_gmt":"2020-10-25T07:55:36","guid":{"rendered":"https:\/\/www.medsconsulting.com\/es\/?post_type=product&#038;p=1752"},"modified":"2023-06-19T14:47:06","modified_gmt":"2023-06-19T14:47:06","slug":"comprar-percocet","status":"publish","type":"product","link":"https:\/\/www.medsconsulting.com\/es\/product\/dolor-y-alivio\/comprar-percocet\/","title":{"rendered":"Comprar Percocet"},"content":{"rendered":"<h1>Comprar Percocet Online<\/h1>\n<p>Comprar Percocet en l\u00ednea sin receta en nuestra<a href=\"https:\/\/www.medsconsulting.com\/de\/product-category\/stimulanzien\/\"> farmacia<\/a> en l\u00ednea. Ofrecemos productos de la mejor calidad y el env\u00edo es discreto y seguro.Percocet ha ayudado a muchas personas a recuperar la vida del dolor cr\u00f3nico que amenaza con interferir en el d\u00eda y arruinar el estado de \u00e1nimo.\u00a0Es otro analg\u00e9sico en la familia de los narc\u00f3ticos, pero es m\u00e1s suave que la morfina y otras formas.<\/p>\n<h2>Percocet Compre\u00a0en Espa\u00f1a<\/h2>\n<p>Combina oxicodona, un grupo de narc\u00f3ticos, con una forma suave de analg\u00e9sico llamada acetaminof\u00e9n, que es bastante eficaz y puede intensificar los efectos del f\u00e1rmaco. Si bien Percocet es bastante seguro y eficaz,<\/p>\n<pre><strong>Comprar Percocet en Espa\u00f1a<\/strong><\/pre>\n<p>Nunca use este medicamento en cantidades mayores o por m\u00e1s tiempo de lo recetado. Una sobredosis puede da\u00f1ar su h\u00edgado o causar la muerte. \u00bfC\u00f3mo debo tomar Percocet?<br \/>\nSiga todas las instrucciones en la etiqueta de su prescripci\u00f3n. La oxicodona puede ralentizar o detener su respiraci\u00f3n, especialmente cuando comienza a usar este medicamento o cuando se cambia la dosis.<\/p>\n<p>Informe a su m\u00e9dico si el medicamento parece dejar de funcionar tan bien para aliviar su dolor.<\/p>\n<pre><strong>\u00bfQu\u00e9 sucede si me olvido de una dosis? (\u00bfC\u00f3mo comprar Percocet en l\u00ednea?)<\/strong><\/pre>\n<p>S\u00e1ltese la dosis olvidada si es casi la hora de la siguiente. No use m\u00e1s medicina para compensar la dosis olvidada.\u00a0Compre Percocet 5 mg comprimidos &#8211; Compre Percocet Reino Unido &#8211; Compre Percocet sin receta &#8211; Compre Percocet en l\u00ednea<\/p>\n<h3>\u00bfQu\u00e9 pasa si tomo una sobredosis?<\/h3>\n<p>Busque atenci\u00f3n m\u00e9dica de <a href=\"https:\/\/www.euthanasiagroup.com\/es\/\" target=\"_blank\" rel=\"noopener\">emergencia<\/a> o llame a la l\u00ednea de ayuda para intoxicaciones.\u00a0Una sobredosis puede ser fatal, especialmente en un ni\u00f1o u otra persona que use este medicamento sin receta.\u00a0Los primeros signos de una sobredosis incluyen p\u00e9rdida de apetito, n\u00e1useas, v\u00f3mitos, dolor de est\u00f3mago, sudoraci\u00f3n y confusi\u00f3n o debilidad.\u00a0Primeramente, los s\u00edntomas pueden incluir dolor en la parte superior del est\u00f3mago, orina oscura y coloraci\u00f3n amarillenta de la piel o el blanco de los ojos.<\/p>\n<pre><strong>Comprar Percocet Reino Unido<\/strong><\/pre>\n<p>Adem\u00e1s, los s\u00edntomas de sobredosis tambi\u00e9n pueden incluir frecuencia card\u00edaca y respiraci\u00f3n lentas, somnolencia intensa, debilidad muscular, piel h\u00fameda y desmayos.Es m\u00e1s, los s\u00edntomas pueden incluir dolor en la parte superior del est\u00f3mago, orina oscura y coloraci\u00f3n amarillenta de la piel o el blanco de los ojos. Comprar Percocet 30 mg en l\u00ednea.\u00a0Los s\u00edntomas de sobredosis tambi\u00e9n pueden incluir frecuencia card\u00edaca y respiraci\u00f3n lentas, debilidad muscular y desmayos.<\/p>\n<p>&nbsp;<\/p>\n<pre><strong>Efectos secundarios<\/strong><\/pre>\n<p>Puede causar n\u00e1useas, v\u00f3mitos, estre\u00f1imiento, mareos. Algunos de estos efectos secundarios pueden reducirse despu\u00e9s de haber estado usando este <a href=\"https:\/\/www.medsconsulting.com\/de\/product\/stimulanzien\/adhd\/kaufen-sie-dexedrin-online\/\">medicamento<\/a> por un tiempo. Si alguno de estos efectos persiste o empeora, informe a su m\u00e9dico o farmac\u00e9utico de inmediato.<\/p>\n<p>acetaminophen and oxycodone,<\/p>\n<p>acetaminophenoxycodone hydrochloride endocet,<\/p>\n<p>venta libre espa\u00f1a comprar <a href=\"https:\/\/www.medsconsulting.com\/de\/product\/schmerz-linderung\/oxycodonhydrochlorid-kaufen\/\">oxycodone<\/a>,<\/p>\n<p>hydrochloride acetaminophenoxycodone endocet,<\/p>\n<p>percocet venta libre espa\u00f1a comprar,<\/p>\n<p>espa\u00f1a comprar oxycodone mg mercado,<\/p>\n<p>cup\u00f3n para percocet,<\/p>\n<pre><strong>Comprar Percocet 10 mg comprimidos<\/strong><\/pre>\n<p>Para prevenir el estre\u00f1imiento, coma alimentos ricos en fibra, beba suficiente agua y haga ejercicio. Tambi\u00e9n es posible que deba tomar un laxante. Preg\u00fantele a su farmac\u00e9utico qu\u00e9 tipo de laxante es adecuado para usted.Para reducir el riesgo de mareos, lev\u00e1ntese lentamente al levantarse de una posici\u00f3n sentada o acostada. Comprar Percocet 30 mg en l\u00ednea.<\/p>\n<pre><strong>Comprar Percocet sin receta<\/strong><\/pre>\n<p>Recuerde que su m\u00e9dico le ha recetado este medicamento porque ha determinado que el beneficio para usted es mayor que el riesgo de sufrir efectos secundarios. Mucha gente que usa este medicamento no presenta efectos secundarios graves.\u00a0Informe a su m\u00e9dico de inmediato si tiene efectos secundarios graves, incluidos cambios de humor, dolor abdominal, dificultad para orinar, signos de que sus gl\u00e1ndulas suprarrenales no funcionan bien (como p\u00e9rdida de apetito, p\u00e9rdida de peso).<\/p>\n<p>Busque atenci\u00f3n <a href=\"https:\/\/www.medsconsulting.com\/es\/\">m\u00e9dica<\/a> de inmediato si presenta efectos secundarios muy graves, como desmayos y convulsiones.<\/p>\n","protected":false},"excerpt":{"rendered":"<p>Nombre: PERCOCET 5\/325 (acetaminof\u00e9n y oxicodona)<br \/>\nDosis: 5\/325<br \/>\nPie de imprenta: PERCOCET 5<br \/>\nColor: pastilla redonda azul<br \/>\nFabricante: Endo Pharmaceuticals<\/p>\n","protected":false},"featured_media":0,"comment_status":"open","ping_status":"closed","template":"","meta":[],"product_cat":[242],"product_tag":[2182,2183,918,944,948,946,939,942,932,945,960,963,957,959,961,954,956,955,964,962,958,952,947,910,911,914,915,913,912,916,2188,949,925,943,953,928,930,2187,2185,919,926,922,929,950,921,938,951,923,934,917,940,937,941,933,2186,931,924,936,920,935,927,2184],"class_list":{"0":"post-1752","1":"product","2":"type-product","3":"status-publish","5":"product_brand-pain-relief","6":"product_cat-dolor-y-alivio","7":"product_tag-acetaminophen-and-oxycodone","8":"product_tag-acetaminophenoxycodone-hydrochloride-endocet","9":"product_tag-como-comprar-percocet-barato-en-linea","10":"product_tag-como-comprar-percocet-tableta-en-linea","11":"product_tag-comprar-barato-percocet-en-linea-eau","12":"product_tag-comprar-barato-percocet-tableta-en-linea","13":"product_tag-comprar-pastillas-de-percocet-en-el-reino-unido","14":"product_tag-comprar-percocet","15":"product_tag-comprar-percocet-en-linea","16":"product_tag-comprar-percocet-en-linea-alemania","17":"product_tag-comprar-percocet-en-linea-californa","18":"product_tag-comprar-percocet-en-linea-checa","19":"product_tag-comprar-percocet-en-linea-dinamarca","20":"product_tag-comprar-percocet-en-linea-estados-unidos","21":"product_tag-comprar-percocet-en-linea-huwaii","22":"product_tag-comprar-percocet-en-linea-india","23":"product_tag-comprar-percocet-en-linea-noruega","24":"product_tag-comprar-percocet-en-linea-paises-bajos","25":"product_tag-comprar-percocet-en-linea-polonia","26":"product_tag-comprar-percocet-en-linea-portugal","27":"product_tag-comprar-percocet-en-linea-rusia","28":"product_tag-comprar-percocet-para-uso-de-fabrica","29":"product_tag-comprar-percocet-pildoras-en-linea-espana","30":"product_tag-compre-percocet","31":"product_tag-compre-percocet-30-mg","32":"product_tag-compre-percocet-austria","33":"product_tag-compre-percocet-barato-en-linea","34":"product_tag-compre-percocet-en-linea","35":"product_tag-compre-percocet-generico","36":"product_tag-compre-percocet-legitimo-en-linea","37":"product_tag-cupon-para-percocet","38":"product_tag-donde-comprar-barato-perco-cet-tableta-en-linea-francia","39":"product_tag-donde-comprar-percocet","40":"product_tag-donde-comprar-percocet-en-linea-ee-uu","41":"product_tag-donde-comprar-percocet-para-uso-personal-italia","42":"product_tag-donde-puedo-comprar-la-tableta-de-percocet","43":"product_tag-el-mejor-lugar-para-comprar-percocet-en-linea","44":"product_tag-espana-comprar-oxycodone-mg-mercado","45":"product_tag-hydrochloride-acetaminophenoxycodone-endocet","46":"product_tag-medicamento-percocet-a-la-venta","47":"product_tag-ordenar-percocet","48":"product_tag-pastillas-de-percocet-a-la-venta","49":"product_tag-pastillas-de-percocet-donde-comprar","50":"product_tag-pastillas-percocet-para-la-venta-en-linea-canada","51":"product_tag-percocet-a-la-venta","52":"product_tag-percocet-al-por-mayor","53":"product_tag-percocet-comprar-en-linea-suecia","54":"product_tag-percocet-de-calidad-a-la-venta","55":"product_tag-percocet-en-linea","56":"product_tag-percocet-legitimo-para-la-venta-en-linea","57":"product_tag-percocet-para-comprar","58":"product_tag-percocet-para-comprar-en-linea","59":"product_tag-percocet-para-la-venta","60":"product_tag-percocet-puro-en-linea","61":"product_tag-percocet-venta-libre-espana-comprar","62":"product_tag-proveedores-de-percocet","63":"product_tag-tableta-de-percocet-comprar-en-linea","64":"product_tag-tabletas-de-percocet","65":"product_tag-tabletas-de-percocet-para-venta","66":"product_tag-tienda-en-linea-de-percocet","67":"product_tag-venta-de-percocet","68":"product_tag-venta-libre-espana-comprar-oxycodone","70":"first","71":"instock","72":"featured","73":"shipping-taxable","74":"purchasable","75":"product-type-variable","76":"has-default-attributes"},"_links":{"self":[{"href":"https:\/\/www.medsconsulting.com\/es\/wp-json\/wp\/v2\/product\/1752","targetHints":{"allow":["GET"]}}],"collection":[{"href":"https:\/\/www.medsconsulting.com\/es\/wp-json\/wp\/v2\/product"}],"about":[{"href":"https:\/\/www.medsconsulting.com\/es\/wp-json\/wp\/v2\/types\/product"}],"replies":[{"embeddable":true,"href":"https:\/\/www.medsconsulting.com\/es\/wp-json\/wp\/v2\/comments?post=1752"}],"wp:attachment":[{"href":"https:\/\/www.medsconsulting.com\/es\/wp-json\/wp\/v2\/media?parent=1752"}],"wp:term":[{"taxonomy":"product_cat","embeddable":true,"href":"https:\/\/www.medsconsulting.com\/es\/wp-json\/wp\/v2\/product_cat?post=1752"},{"taxonomy":"product_tag","embeddable":true,"href":"https:\/\/www.medsconsulting.com\/es\/wp-json\/wp\/v2\/product_tag?post=1752"}],"curies":[{"name":"wp","href":"https:\/\/api.w.org\/{rel}","templated":true}]}}