{"id":1725,"date":"2020-10-25T07:28:09","date_gmt":"2020-10-25T07:28:09","guid":{"rendered":"https:\/\/www.medsconsulting.com\/es\/?post_type=product&#038;p=1725"},"modified":"2023-05-08T12:47:41","modified_gmt":"2023-05-08T12:47:41","slug":"iboga-ta","status":"publish","type":"product","link":"https:\/\/www.medsconsulting.com\/es\/product\/ibogaine\/iboga-ta\/","title":{"rendered":"Iboga TA"},"content":{"rendered":"<p>VialesComprar Iboga TA en l\u00ednea<\/p>\n<p>Iboga TA, Iboga TA en venta, Comprar Iboga TA en l\u00ednea, Proveedores de Iboga\u00edna en l\u00ednea, TA significa \u00abalcaloide total\u00bb. La Iboga TA es un extracto que contiene todos los alcaloides presentes en la corteza de la ra\u00edz de la iboga. Los alcaloides pueden ser extra\u00eddos de la corteza de la ra\u00edz con relativa facilidad a trav\u00e9s de una extracci\u00f3n de \u00e1cido\/base.<\/p>\n<p>Incluso los \u00e1cidos d\u00e9biles como el \u00e1cido ac\u00e9tico son lo suficientemente fuertes como para convertir los alcaloides de la iboga en sales. El vinagre (cualquier vinagre servir\u00e1, aunque el vinagre blanco claro hace f\u00e1cil ver lo que pasa en la soluci\u00f3n) que contiene un 5% de \u00e1cido ac\u00e9tico es suficiente. Iboga TA, Ibogaine Suppliers Online<\/p>\n<p>Primero, aseg\u00farate de que la corteza de la ra\u00edz est\u00e9 finamente pulverizada.<br \/>\nA\u00f1ada el polvo a un recipiente, por ejemplo, un frasco de vidrio, un cuenco de cer\u00e1mica, un cubo de pl\u00e1stico, etc.<br \/>\nLuego agregue suficiente vinagre para cubrir completamente el polvo. Es preferible a\u00f1adir m\u00e1s vinagre del necesario que no sea suficiente. Los alcaloides de base libre son completamente insolubles en agua, por lo que se precipitar\u00e1n completamente fuera de la soluci\u00f3n. Comprar Iboga TA en l\u00ednea<br \/>\nMezclar bien para asegurar que todos los alcaloides se conviertan en su forma de sal (si se usa vinagre, se convertir\u00e1n en sus sales de acetato).<br \/>\nComo medida adicional, puede dejar que la mezcla se asiente durante la noche.<br \/>\nFiltre la materia vegetal s\u00f3lida con un filtro de caf\u00e9, un pa\u00f1o, una camiseta, etc. y recoja el l\u00edquido en un segundo recipiente (en este caso puede ser preferible un frasco de vidrio ya que permite ver la soluci\u00f3n). Comprar Iboga TA en l\u00ednea<br \/>\nAhora a\u00f1ade una base. Cualquier base servir\u00e1, el hidr\u00f3xido de amonio es ideal ya que puede ser f\u00e1cilmente evaporado despu\u00e9s. Si uno tiene problemas para encontrar hidr\u00f3xido de amonio de grado alimenticio, entonces el carbonato de sodio es una buena alternativa. El carbonato de sodio puede prepararse a partir del bicarbonato de sodio calentando el bicarbonato a 50C. Comprar Iboga TA en l\u00ednea<br \/>\nEsto puede hacerse en una olla de metal o puede hacerse en una soluci\u00f3n. Al a\u00f1adir carbonato de sodio, se observar\u00e1 la efervescencia (burbujeo). Esto significa que hay \u00e1cido presente en la soluci\u00f3n, as\u00ed que siga a\u00f1adiendo carbonato de sodio hasta que no se produzca m\u00e1s efervescencia (lo que significa que todo el \u00e1cido ha sido neutralizado). En el momento en que cese la efervescencia, los alcaloides deber\u00edan empezar a precipitarse. A\u00f1ada suficiente carbonato hasta que todos los alcaloides se hayan precipitado. Los alcaloides precipitados pueden aparecer como escamas negras o polvo marr\u00f3n.\u00a0 Iboga TA a la venta.<\/p>\n<p>Nuestro producto de calidad es el mejor que se puede encontrar y vendemos en cantidades peque\u00f1as y grandes con entrega discreta garantizada.<\/p>\n<p>Nuestra corteza de ra\u00edz de Iboga Tabernanthe de alta calidad y alto alcaloide tambi\u00e9n viene en forma de virutas, polvo grueso, polvo fino o preenvasado en c\u00e1psulas y en forma de cristal puro y son de la m\u00e1s alta pureza disponible. Suministramos otros productos a petici\u00f3n del cliente y los vendemos a precios moderados.<\/p>\n<p>Nuestro polvo de corteza de ra\u00edz de Iboga de alta calidad se obtiene directamente de la fuente de las tribus locales y se cosecha sustancialmente de \u00e1rboles de Iboga de m\u00e1s de 10 a\u00f1os.<\/p>\n<p>El extracto de Iboga TA (alcaloide total) ya se ha extra\u00eddo de la corteza de la ra\u00edz, lo que facilita mucho su consumo, ya que la corteza de la ra\u00edz es, en \u00faltima instancia, madera y puede suponer una gran carga para el sistema de las personas cuando consumen 20-50g de madera, por lo que el Iboga TA es un producto popular tanto por razones recreativas como terap\u00e9uticas.\u00a0Proveedores de Iboga\u00edna en l\u00ednea<\/p>\n<p>&nbsp;<\/p>\n","protected":false},"excerpt":{"rendered":"<p>TA significa \u00abalcaloide total\u00bb. Iboga TA es un extracto que contiene todos los alcaloides presentes en la corteza de la ra\u00edz de iboga. Los alcaloides se pueden extraer de la corteza de la ra\u00edz con relativa facilidad mediante una extracci\u00f3n de \u00e1cido \/ base.<\/p>\n","protected":false},"featured_media":0,"comment_status":"open","ping_status":"closed","template":"","meta":[],"product_cat":[247],"product_tag":[],"class_list":{"0":"post-1725","1":"product","2":"type-product","3":"status-publish","5":"product_cat-ibogaine","7":"first","8":"instock","9":"shipping-taxable","10":"purchasable","11":"product-type-variable","12":"has-default-attributes"},"_links":{"self":[{"href":"https:\/\/www.medsconsulting.com\/es\/wp-json\/wp\/v2\/product\/1725","targetHints":{"allow":["GET"]}}],"collection":[{"href":"https:\/\/www.medsconsulting.com\/es\/wp-json\/wp\/v2\/product"}],"about":[{"href":"https:\/\/www.medsconsulting.com\/es\/wp-json\/wp\/v2\/types\/product"}],"replies":[{"embeddable":true,"href":"https:\/\/www.medsconsulting.com\/es\/wp-json\/wp\/v2\/comments?post=1725"}],"wp:attachment":[{"href":"https:\/\/www.medsconsulting.com\/es\/wp-json\/wp\/v2\/media?parent=1725"}],"wp:term":[{"taxonomy":"product_cat","embeddable":true,"href":"https:\/\/www.medsconsulting.com\/es\/wp-json\/wp\/v2\/product_cat?post=1725"},{"taxonomy":"product_tag","embeddable":true,"href":"https:\/\/www.medsconsulting.com\/es\/wp-json\/wp\/v2\/product_tag?post=1725"}],"curies":[{"name":"wp","href":"https:\/\/api.w.org\/{rel}","templated":true}]}}