{"id":1712,"date":"2020-10-25T07:22:11","date_gmt":"2020-10-25T07:22:11","guid":{"rendered":"https:\/\/www.medsconsulting.com\/es\/?post_type=product&#038;p=1712"},"modified":"2020-10-30T10:41:01","modified_gmt":"2020-10-30T10:41:01","slug":"hidrocloruro-de-oxicodona","status":"publish","type":"product","link":"https:\/\/www.medsconsulting.com\/es\/product\/dolor-y-alivio\/hidrocloruro-de-oxicodona\/","title":{"rendered":"Clorhidrato de oxicodona"},"content":{"rendered":"<p>El clorhidrato de oxicodona (tabletas de clorhidrato de oxicodona USP) es un analg\u00e9sico opioide.<\/p>\n<p>Cada comprimido para administraci\u00f3n oral contiene 5 mg, 15 mg o 30 mg de hidrocloruro de oxicodona USP.<\/p>\n<p>El clorhidrato de oxicodona es un polvo cristalino blanco e inodoro derivado del alcaloide del opio, la teba\u00edna. El clorhidrato de oxicodona se disuelve en agua (1 g en 6 a 7 ml) y se considera ligeramente soluble en alcohol (el coeficiente de reparto de agua en octanol es 0,7).<\/p>\n<p>Qu\u00edmicamente, el clorhidrato de oxicodona es clorhidrato de 4, 5\u03b1-epoxi-14-hidroxi-3-metoxi-17metilmorfinan-6-ona y tiene la siguiente f\u00f3rmula estructural:<\/p>\n<p>&nbsp;<\/p>\n<table class=\"blackpic\" width=\"281\" cellspacing=\"0\">\n<tbody>\n<tr>\n<td><img loading=\"lazy\" decoding=\"async\" src=\"https:\/\/i0.wp.com\/images.rxlist.com\/images\/rxlist\/oxyco1.gif?resize=281%2C193&amp;ssl=1\" alt=\"ROXICODONE (Oxycodone Hydrochloride) Structural Formula Illustration\" width=\"281\" height=\"193\" data-recalc-dims=\"1\" \/><\/td>\n<\/tr>\n<\/tbody>\n<\/table>\n<p>El comprimido de 5 mg de Roxicodona (hidrocloruro de oxicodona) contiene ingredientes inactivos: celulosa microcristalina y \u00e1cido este\u00e1rico. Los comprimidos de 15 y 30 mg contienen los siguientes ingredientes inactivos: celulosa microcristalina; glicolato de almid\u00f3n de sodio; maicena; lactosa; \u00e1cido este\u00e1rico; D&amp;C Yellow No. 10 (tableta de 15 mg); y FD&amp;C Blue No. 2 (tabletas de 15 mg y 30 mg).<\/p>\n<p>Los comprimidos de 5 mg, 15 mg y 30 mg contienen el equivalente a 4,6 mg, 13,5 mg y 27,0 mg, respectivamente, de oxicodona base libre.<\/p>\n","protected":false},"excerpt":{"rendered":"<p>Ingredientes: clorhidrato de oxicodona<\/p>\n<p>Fabricado por Zydus Pharmaceuticals<\/p>\n<p>Contenido: 100 pesta\u00f1as \/ cada pesta\u00f1a 20 mg<\/p>\n","protected":false},"featured_media":0,"comment_status":"open","ping_status":"closed","template":"","meta":[],"product_cat":[242],"product_tag":[],"class_list":{"0":"post-1712","1":"product","2":"type-product","3":"status-publish","5":"product_brand-pain-relief","6":"product_cat-dolor-y-alivio","8":"first","9":"instock","10":"shipping-taxable","11":"purchasable","12":"product-type-variable"},"_links":{"self":[{"href":"https:\/\/www.medsconsulting.com\/es\/wp-json\/wp\/v2\/product\/1712","targetHints":{"allow":["GET"]}}],"collection":[{"href":"https:\/\/www.medsconsulting.com\/es\/wp-json\/wp\/v2\/product"}],"about":[{"href":"https:\/\/www.medsconsulting.com\/es\/wp-json\/wp\/v2\/types\/product"}],"replies":[{"embeddable":true,"href":"https:\/\/www.medsconsulting.com\/es\/wp-json\/wp\/v2\/comments?post=1712"}],"wp:attachment":[{"href":"https:\/\/www.medsconsulting.com\/es\/wp-json\/wp\/v2\/media?parent=1712"}],"wp:term":[{"taxonomy":"product_cat","embeddable":true,"href":"https:\/\/www.medsconsulting.com\/es\/wp-json\/wp\/v2\/product_cat?post=1712"},{"taxonomy":"product_tag","embeddable":true,"href":"https:\/\/www.medsconsulting.com\/es\/wp-json\/wp\/v2\/product_tag?post=1712"}],"curies":[{"name":"wp","href":"https:\/\/api.w.org\/{rel}","templated":true}]}}